




{"id":13,"date":"2016-10-26T15:59:48","date_gmt":"2016-10-26T13:59:48","guid":{"rendered":"http:\/\/https:\/\/realheart.se\/?page_id=13"},"modified":"2021-12-20T10:26:17","modified_gmt":"2021-12-20T10:26:17","slug":"foretaget","status":"publish","type":"page","link":"https:\/\/realheart.se\/sv\/foretaget\/","title":{"rendered":"Om oss"},"content":{"rendered":"<p>Grunden till f\u00f6retagets lades av l\u00e4karen Azad Najar 1999 n\u00e4r han b\u00f6rjade skissa p\u00e5 ett artificiellt hj\u00e4rta som helt efterliknar det biologiska. 2007 grundade Azad ihop med tv\u00e5 partners Scandinavian Real Heart.<\/p>\n<p>Utvecklingen av produkten g\u00e5r sedan starten stadigt fram\u00e5t enligt tidsplanen. Idag sker forskningen i t\u00e4tt samarbete med v\u00e4rldsledande hj\u00e4rtkirurger, forskare och ingenj\u00f6rer, och intresset fr\u00e5n forskarv\u00e4rlden v\u00e4xer sig allt starkare.<\/p>\n<p>Verksamheten drivs av ett starkt, kompetens och engagerat team samt en kompetent och v\u00e4l sammansatt ledningsgrupp, under en stark styrelse.<\/p>\n","protected":false},"excerpt":{"rendered":"<p>Grunden till f\u00f6retagets lades av l\u00e4karen Azad Najar 1999 n\u00e4r han b\u00f6rjade skissa p\u00e5 ett artificiellt hj\u00e4rta som helt efterliknar det biologiska. 2007 grundade Azad ihop med tv\u00e5 partners Scandinavian Real Heart. Utvecklingen av produkten g\u00e5r sedan starten stadigt fram\u00e5t enligt tidsplanen. Idag sker forskningen i t\u00e4tt samarbete med v\u00e4rldsledande hj\u00e4rtkirurger, forskare och ingenj\u00f6rer, och&#8230;<\/p>\n","protected":false},"author":1,"featured_media":0,"parent":0,"menu_order":20,"comment_status":"closed","ping_status":"closed","template":"","meta":{"_acf_changed":false,"_monsterinsights_skip_tracking":false,"_monsterinsights_sitenote_active":false,"_monsterinsights_sitenote_note":"","_monsterinsights_sitenote_category":0,"footnotes":""},"class_list":["post-13","page","type-page","status-publish","hentry"],"acf":[],"aioseo_notices":[],"yoast_head":"<!-- This site is optimized with the Yoast SEO plugin v27.3 - https:\/\/yoast.com\/product\/yoast-seo-wordpress\/ -->\n<title>Om oss - Realheart<\/title>\n<meta name=\"description\" content=\"F\u00f6r att ingen ska beh\u00f6va d\u00f6 av hj\u00e4rtsvikt utvecklar Realheart ett konstgjort hj\u00e4rta. Forskning sker i t\u00e4tt samarbete med v\u00e4rldsledande hj\u00e4rtkirurger, forskare och ingenj\u00f6rer.\" \/>\n<meta name=\"robots\" content=\"index, follow, max-snippet:-1, max-image-preview:large, max-video-preview:-1\" \/>\n<link rel=\"canonical\" href=\"https:\/\/realheart.se\/sv\/foretaget\/\" \/>\n<meta property=\"og:locale\" content=\"sv_SE\" \/>\n<meta property=\"og:type\" content=\"article\" \/>\n<meta property=\"og:title\" content=\"Om oss - Realheart\" \/>\n<meta property=\"og:description\" content=\"F\u00f6r att ingen ska beh\u00f6va d\u00f6 av hj\u00e4rtsvikt utvecklar Realheart ett konstgjort hj\u00e4rta. Forskning sker i t\u00e4tt samarbete med v\u00e4rldsledande hj\u00e4rtkirurger, forskare och ingenj\u00f6rer.\" \/>\n<meta property=\"og:url\" content=\"https:\/\/realheart.se\/sv\/foretaget\/\" \/>\n<meta property=\"og:site_name\" content=\"Realheart\" \/>\n<meta property=\"article:modified_time\" content=\"2021-12-20T10:26:17+00:00\" \/>\n<meta name=\"twitter:card\" content=\"summary_large_image\" \/>\n<meta name=\"twitter:label1\" content=\"Ber\u00e4knad l\u00e4stid\" \/>\n\t<meta name=\"twitter:data1\" content=\"1 minut\" \/>\n<script type=\"application\/ld+json\" class=\"yoast-schema-graph\">{\"@context\":\"https:\\\/\\\/schema.org\",\"@graph\":[{\"@type\":\"WebPage\",\"@id\":\"https:\\\/\\\/realheart.se\\\/sv\\\/foretaget\\\/\",\"url\":\"https:\\\/\\\/realheart.se\\\/sv\\\/foretaget\\\/\",\"name\":\"Om oss - Realheart\",\"isPartOf\":{\"@id\":\"https:\\\/\\\/realheart.se\\\/#website\"},\"datePublished\":\"2016-10-26T13:59:48+00:00\",\"dateModified\":\"2021-12-20T10:26:17+00:00\",\"description\":\"F\u00f6r att ingen ska beh\u00f6va d\u00f6 av hj\u00e4rtsvikt utvecklar Realheart ett konstgjort hj\u00e4rta. Forskning sker i t\u00e4tt samarbete med v\u00e4rldsledande hj\u00e4rtkirurger, forskare och ingenj\u00f6rer.\",\"inLanguage\":\"sv-SE\",\"potentialAction\":[{\"@type\":\"ReadAction\",\"target\":[\"https:\\\/\\\/realheart.se\\\/sv\\\/foretaget\\\/\"]}]},{\"@type\":\"WebSite\",\"@id\":\"https:\\\/\\\/realheart.se\\\/#website\",\"url\":\"https:\\\/\\\/realheart.se\\\/\",\"name\":\"Realheart\",\"description\":\"\u00c4r ett medicintekniskt f\u00f6retag som utvecklar ett artificiellt hj\u00e4rta som ska r\u00e4dda liv p\u00e5 sv\u00e5rt hj\u00e4rtsjuka personer som st\u00e5r i transplantationsk\u00f6.\",\"potentialAction\":[{\"@type\":\"SearchAction\",\"target\":{\"@type\":\"EntryPoint\",\"urlTemplate\":\"https:\\\/\\\/realheart.se\\\/?s={search_term_string}\"},\"query-input\":{\"@type\":\"PropertyValueSpecification\",\"valueRequired\":true,\"valueName\":\"search_term_string\"}}],\"inLanguage\":\"sv-SE\"}]}<\/script>\n<!-- \/ Yoast SEO plugin. -->","yoast_head_json":{"title":"Om oss - Realheart","description":"F\u00f6r att ingen ska beh\u00f6va d\u00f6 av hj\u00e4rtsvikt utvecklar Realheart ett konstgjort hj\u00e4rta. Forskning sker i t\u00e4tt samarbete med v\u00e4rldsledande hj\u00e4rtkirurger, forskare och ingenj\u00f6rer.","robots":{"index":"index","follow":"follow","max-snippet":"max-snippet:-1","max-image-preview":"max-image-preview:large","max-video-preview":"max-video-preview:-1"},"canonical":"https:\/\/realheart.se\/sv\/foretaget\/","og_locale":"sv_SE","og_type":"article","og_title":"Om oss - Realheart","og_description":"F\u00f6r att ingen ska beh\u00f6va d\u00f6 av hj\u00e4rtsvikt utvecklar Realheart ett konstgjort hj\u00e4rta. Forskning sker i t\u00e4tt samarbete med v\u00e4rldsledande hj\u00e4rtkirurger, forskare och ingenj\u00f6rer.","og_url":"https:\/\/realheart.se\/sv\/foretaget\/","og_site_name":"Realheart","article_modified_time":"2021-12-20T10:26:17+00:00","twitter_card":"summary_large_image","twitter_misc":{"Ber\u00e4knad l\u00e4stid":"1 minut"},"schema":{"@context":"https:\/\/schema.org","@graph":[{"@type":"WebPage","@id":"https:\/\/realheart.se\/sv\/foretaget\/","url":"https:\/\/realheart.se\/sv\/foretaget\/","name":"Om oss - Realheart","isPartOf":{"@id":"https:\/\/realheart.se\/#website"},"datePublished":"2016-10-26T13:59:48+00:00","dateModified":"2021-12-20T10:26:17+00:00","description":"F\u00f6r att ingen ska beh\u00f6va d\u00f6 av hj\u00e4rtsvikt utvecklar Realheart ett konstgjort hj\u00e4rta. Forskning sker i t\u00e4tt samarbete med v\u00e4rldsledande hj\u00e4rtkirurger, forskare och ingenj\u00f6rer.","inLanguage":"sv-SE","potentialAction":[{"@type":"ReadAction","target":["https:\/\/realheart.se\/sv\/foretaget\/"]}]},{"@type":"WebSite","@id":"https:\/\/realheart.se\/#website","url":"https:\/\/realheart.se\/","name":"Realheart","description":"\u00c4r ett medicintekniskt f\u00f6retag som utvecklar ett artificiellt hj\u00e4rta som ska r\u00e4dda liv p\u00e5 sv\u00e5rt hj\u00e4rtsjuka personer som st\u00e5r i transplantationsk\u00f6.","potentialAction":[{"@type":"SearchAction","target":{"@type":"EntryPoint","urlTemplate":"https:\/\/realheart.se\/?s={search_term_string}"},"query-input":{"@type":"PropertyValueSpecification","valueRequired":true,"valueName":"search_term_string"}}],"inLanguage":"sv-SE"}]}},"_links":{"self":[{"href":"https:\/\/realheart.se\/sv\/wp-json\/wp\/v2\/pages\/13","targetHints":{"allow":["GET"]}}],"collection":[{"href":"https:\/\/realheart.se\/sv\/wp-json\/wp\/v2\/pages"}],"about":[{"href":"https:\/\/realheart.se\/sv\/wp-json\/wp\/v2\/types\/page"}],"author":[{"embeddable":true,"href":"https:\/\/realheart.se\/sv\/wp-json\/wp\/v2\/users\/1"}],"replies":[{"embeddable":true,"href":"https:\/\/realheart.se\/sv\/wp-json\/wp\/v2\/comments?post=13"}],"version-history":[{"count":12,"href":"https:\/\/realheart.se\/sv\/wp-json\/wp\/v2\/pages\/13\/revisions"}],"predecessor-version":[{"id":4972,"href":"https:\/\/realheart.se\/sv\/wp-json\/wp\/v2\/pages\/13\/revisions\/4972"}],"wp:attachment":[{"href":"https:\/\/realheart.se\/sv\/wp-json\/wp\/v2\/media?parent=13"}],"curies":[{"name":"wp","href":"https:\/\/api.w.org\/{rel}","templated":true}]}}