




{"id":1707,"date":"2017-02-07T13:50:40","date_gmt":"2017-02-07T13:50:40","guid":{"rendered":"https:\/\/realheart.se\/?page_id=1707\/"},"modified":"2019-04-03T10:28:59","modified_gmt":"2019-04-03T10:28:59","slug":"produktfilmer","status":"publish","type":"page","link":"https:\/\/realheart.se\/sv\/nyhetermedia\/produktfilmer\/","title":{"rendered":"Produktfilmer"},"content":{"rendered":"\n<figure class=\"wp-block-embed-youtube wp-block-embed is-type-video is-provider-youtube wp-embed-aspect-16-9 wp-has-aspect-ratio\"><div class=\"wp-block-embed__wrapper\">\n<div class=\"rve\" data-content-width=\"474\"><iframe loading=\"lazy\" title=\"A look inside Realheart TAH (swe)\" width=\"474\" height=\"267\" src=\"https:\/\/www.youtube.com\/embed\/Z7yplljX6-0?feature=oembed\" frameborder=\"0\" allow=\"accelerometer; autoplay; clipboard-write; encrypted-media; gyroscope; picture-in-picture; web-share\" referrerpolicy=\"strict-origin-when-cross-origin\" allowfullscreen><\/iframe><\/div><!-- Responsive Video Embeds plugin by www.kevinleary.net -->\n<\/div><\/figure>\n\n\n\n<figure class=\"wp-block-embed-youtube wp-block-embed is-type-video is-provider-youtube wp-embed-aspect-16-9 wp-has-aspect-ratio\"><div class=\"wp-block-embed__wrapper\">\n<div class=\"rve\" data-content-width=\"474\"><iframe loading=\"lazy\" title=\"Realheart In Depth (swe)\" width=\"474\" height=\"267\" src=\"https:\/\/www.youtube.com\/embed\/yWGoYvlezgM?feature=oembed\" frameborder=\"0\" allow=\"accelerometer; autoplay; clipboard-write; encrypted-media; gyroscope; picture-in-picture; web-share\" referrerpolicy=\"strict-origin-when-cross-origin\" allowfullscreen><\/iframe><\/div><!-- Responsive Video Embeds plugin by www.kevinleary.net -->\n<\/div><figcaption><br><\/figcaption><\/figure>\n","protected":false},"excerpt":{"rendered":"","protected":false},"author":1,"featured_media":0,"parent":60,"menu_order":10,"comment_status":"closed","ping_status":"closed","template":"","meta":{"_acf_changed":false,"_monsterinsights_skip_tracking":false,"_monsterinsights_sitenote_active":false,"_monsterinsights_sitenote_note":"","_monsterinsights_sitenote_category":0,"footnotes":""},"class_list":["post-1707","page","type-page","status-publish","hentry"],"acf":[],"aioseo_notices":[],"yoast_head":"<!-- This site is optimized with the Yoast SEO plugin v27.3 - https:\/\/yoast.com\/product\/yoast-seo-wordpress\/ -->\n<title>Produktfilmer - Realheart<\/title>\n<meta name=\"robots\" content=\"index, follow, max-snippet:-1, max-image-preview:large, max-video-preview:-1\" \/>\n<link rel=\"canonical\" href=\"https:\/\/realheart.se\/sv\/nyhetermedia\/produktfilmer\/\" \/>\n<meta property=\"og:locale\" content=\"sv_SE\" \/>\n<meta property=\"og:type\" content=\"article\" \/>\n<meta property=\"og:title\" content=\"Produktfilmer - Realheart\" \/>\n<meta property=\"og:url\" content=\"https:\/\/realheart.se\/sv\/nyhetermedia\/produktfilmer\/\" \/>\n<meta property=\"og:site_name\" content=\"Realheart\" \/>\n<meta property=\"article:modified_time\" content=\"2019-04-03T10:28:59+00:00\" \/>\n<meta name=\"twitter:card\" content=\"summary_large_image\" \/>\n<script type=\"application\/ld+json\" class=\"yoast-schema-graph\">{\"@context\":\"https:\\\/\\\/schema.org\",\"@graph\":[{\"@type\":\"WebPage\",\"@id\":\"https:\\\/\\\/realheart.se\\\/sv\\\/nyhetermedia\\\/produktfilmer\\\/\",\"url\":\"https:\\\/\\\/realheart.se\\\/sv\\\/nyhetermedia\\\/produktfilmer\\\/\",\"name\":\"Produktfilmer - Realheart\",\"isPartOf\":{\"@id\":\"https:\\\/\\\/realheart.se\\\/#website\"},\"datePublished\":\"2017-02-07T13:50:40+00:00\",\"dateModified\":\"2019-04-03T10:28:59+00:00\",\"breadcrumb\":{\"@id\":\"https:\\\/\\\/realheart.se\\\/sv\\\/nyhetermedia\\\/produktfilmer\\\/#breadcrumb\"},\"inLanguage\":\"sv-SE\",\"potentialAction\":[{\"@type\":\"ReadAction\",\"target\":[\"https:\\\/\\\/realheart.se\\\/sv\\\/nyhetermedia\\\/produktfilmer\\\/\"]}]},{\"@type\":\"BreadcrumbList\",\"@id\":\"https:\\\/\\\/realheart.se\\\/sv\\\/nyhetermedia\\\/produktfilmer\\\/#breadcrumb\",\"itemListElement\":[{\"@type\":\"ListItem\",\"position\":1,\"name\":\"Nyheter\\\/Media\",\"item\":\"https:\\\/\\\/realheart.se\\\/sv\\\/nyhetermedia\\\/\"},{\"@type\":\"ListItem\",\"position\":2,\"name\":\"Produktfilmer\"}]},{\"@type\":\"WebSite\",\"@id\":\"https:\\\/\\\/realheart.se\\\/#website\",\"url\":\"https:\\\/\\\/realheart.se\\\/\",\"name\":\"Realheart\",\"description\":\"\u00c4r ett medicintekniskt f\u00f6retag som utvecklar ett artificiellt hj\u00e4rta som ska r\u00e4dda liv p\u00e5 sv\u00e5rt hj\u00e4rtsjuka personer som st\u00e5r i transplantationsk\u00f6.\",\"potentialAction\":[{\"@type\":\"SearchAction\",\"target\":{\"@type\":\"EntryPoint\",\"urlTemplate\":\"https:\\\/\\\/realheart.se\\\/?s={search_term_string}\"},\"query-input\":{\"@type\":\"PropertyValueSpecification\",\"valueRequired\":true,\"valueName\":\"search_term_string\"}}],\"inLanguage\":\"sv-SE\"}]}<\/script>\n<!-- \/ Yoast SEO plugin. -->","yoast_head_json":{"title":"Produktfilmer - Realheart","robots":{"index":"index","follow":"follow","max-snippet":"max-snippet:-1","max-image-preview":"max-image-preview:large","max-video-preview":"max-video-preview:-1"},"canonical":"https:\/\/realheart.se\/sv\/nyhetermedia\/produktfilmer\/","og_locale":"sv_SE","og_type":"article","og_title":"Produktfilmer - Realheart","og_url":"https:\/\/realheart.se\/sv\/nyhetermedia\/produktfilmer\/","og_site_name":"Realheart","article_modified_time":"2019-04-03T10:28:59+00:00","twitter_card":"summary_large_image","schema":{"@context":"https:\/\/schema.org","@graph":[{"@type":"WebPage","@id":"https:\/\/realheart.se\/sv\/nyhetermedia\/produktfilmer\/","url":"https:\/\/realheart.se\/sv\/nyhetermedia\/produktfilmer\/","name":"Produktfilmer - Realheart","isPartOf":{"@id":"https:\/\/realheart.se\/#website"},"datePublished":"2017-02-07T13:50:40+00:00","dateModified":"2019-04-03T10:28:59+00:00","breadcrumb":{"@id":"https:\/\/realheart.se\/sv\/nyhetermedia\/produktfilmer\/#breadcrumb"},"inLanguage":"sv-SE","potentialAction":[{"@type":"ReadAction","target":["https:\/\/realheart.se\/sv\/nyhetermedia\/produktfilmer\/"]}]},{"@type":"BreadcrumbList","@id":"https:\/\/realheart.se\/sv\/nyhetermedia\/produktfilmer\/#breadcrumb","itemListElement":[{"@type":"ListItem","position":1,"name":"Nyheter\/Media","item":"https:\/\/realheart.se\/sv\/nyhetermedia\/"},{"@type":"ListItem","position":2,"name":"Produktfilmer"}]},{"@type":"WebSite","@id":"https:\/\/realheart.se\/#website","url":"https:\/\/realheart.se\/","name":"Realheart","description":"\u00c4r ett medicintekniskt f\u00f6retag som utvecklar ett artificiellt hj\u00e4rta som ska r\u00e4dda liv p\u00e5 sv\u00e5rt hj\u00e4rtsjuka personer som st\u00e5r i transplantationsk\u00f6.","potentialAction":[{"@type":"SearchAction","target":{"@type":"EntryPoint","urlTemplate":"https:\/\/realheart.se\/?s={search_term_string}"},"query-input":{"@type":"PropertyValueSpecification","valueRequired":true,"valueName":"search_term_string"}}],"inLanguage":"sv-SE"}]}},"_links":{"self":[{"href":"https:\/\/realheart.se\/sv\/wp-json\/wp\/v2\/pages\/1707","targetHints":{"allow":["GET"]}}],"collection":[{"href":"https:\/\/realheart.se\/sv\/wp-json\/wp\/v2\/pages"}],"about":[{"href":"https:\/\/realheart.se\/sv\/wp-json\/wp\/v2\/types\/page"}],"author":[{"embeddable":true,"href":"https:\/\/realheart.se\/sv\/wp-json\/wp\/v2\/users\/1"}],"replies":[{"embeddable":true,"href":"https:\/\/realheart.se\/sv\/wp-json\/wp\/v2\/comments?post=1707"}],"version-history":[{"count":10,"href":"https:\/\/realheart.se\/sv\/wp-json\/wp\/v2\/pages\/1707\/revisions"}],"predecessor-version":[{"id":3576,"href":"https:\/\/realheart.se\/sv\/wp-json\/wp\/v2\/pages\/1707\/revisions\/3576"}],"up":[{"embeddable":true,"href":"https:\/\/realheart.se\/sv\/wp-json\/wp\/v2\/pages\/60"}],"wp:attachment":[{"href":"https:\/\/realheart.se\/sv\/wp-json\/wp\/v2\/media?parent=1707"}],"curies":[{"name":"wp","href":"https:\/\/api.w.org\/{rel}","templated":true}]}}