




{"id":2502,"date":"2016-10-26T15:59:35","date_gmt":"2016-10-26T13:59:35","guid":{"rendered":"http:\/\/https:\/\/realheart.se\/?page_id=11"},"modified":"2025-05-09T12:22:59","modified_gmt":"2025-05-09T12:22:59","slug":"artificiella-hjartat-realheart-tah","status":"publish","type":"page","link":"https:\/\/realheart.se\/sv\/artificiella-hjartat-realheart-tah\/","title":{"rendered":"Artificiella hj\u00e4rtat"},"content":{"rendered":"\n<h2 class=\"wp-block-heading\">Konstruktion som efterliknar det m\u00e4nskliga hj\u00e4rtat<\/h2>\n\n\n\n<p>Realheart utvecklar Realheart\u00ae TAH; ett totalt artificiellt hj\u00e4rta f\u00f6r att erbjuda en l\u00f6sning f\u00f6r patienter med avancerad hj\u00e4rtsvikt. Konstruktionen h\u00e4rmar det m\u00e4nskliga hj\u00e4rtats blodfl\u00f6desm\u00f6nster och funktion. Syftet \u00e4r att minska risken f\u00f6r stroke, bl\u00f6dning och anemi vilket \u00e4r vanligt f\u00f6rekommande biverkningar vid behandling med dagens hj\u00e4rtpumpar.<\/p>\n\n\n\n<p>Realhearts system \u00e4r designat f\u00f6r att vara effektivt, tyst och l\u00e4tt s\u00e5 att patienten kan leva ett gott liv med h\u00f6g r\u00f6relsefrihet och bekv\u00e4mlighet. Systemet \u00e4r ocks\u00e5 designat med anv\u00e4ndaren i \u00e5tanke, f\u00f6r att g\u00f6ra den kirurgiska implantationen s\u00e5 enkel som m\u00f6jligt.<\/p>\n\n\n\n<p>Realheart\u00ae TAH kommer s\u00e4ljas i kombination med den utrustning som patienten beh\u00f6ver: styrenhet, batterib\u00e4lte, batterier, laddare och kablar. Samt utrustning till v\u00e5rdgivaren p\u00e5 sjukhuset s\u00e5som monitorer samt n\u00f6dv\u00e4ndiga tj\u00e4nster (24\/7-support, service av kringutrustning, samt utbildning av v\u00e5rdlag).<\/p>\n\n\n\n<figure class=\"wp-block-image size-large\"><a href=\"https:\/\/www.youtube.com\/watch?v=Z7yplljX6-0\" target=\"_blank\" rel=\"noopener\"><img loading=\"lazy\" decoding=\"async\" width=\"1024\" height=\"576\" src=\"https:\/\/realheart.se\/wp-content\/uploads\/2021\/08\/filmbild-5-2-1024x576.jpg\" alt=\"\" class=\"wp-image-4631\" srcset=\"https:\/\/realheart.se\/wp-content\/uploads\/2021\/08\/filmbild-5-2-1024x576.jpg 1024w, https:\/\/realheart.se\/wp-content\/uploads\/2021\/08\/filmbild-5-2-300x169.jpg 300w, https:\/\/realheart.se\/wp-content\/uploads\/2021\/08\/filmbild-5-2-768x432.jpg 768w, https:\/\/realheart.se\/wp-content\/uploads\/2021\/08\/filmbild-5-2-1536x864.jpg 1536w, https:\/\/realheart.se\/wp-content\/uploads\/2021\/08\/filmbild-5-2-720x405.jpg 720w, https:\/\/realheart.se\/wp-content\/uploads\/2021\/08\/filmbild-5-2-960x540.jpg 960w, https:\/\/realheart.se\/wp-content\/uploads\/2021\/08\/filmbild-5-2-1600x900.jpg 1600w, https:\/\/realheart.se\/wp-content\/uploads\/2021\/08\/filmbild-5-2-526x296.jpg 526w, https:\/\/realheart.se\/wp-content\/uploads\/2021\/08\/filmbild-5-2-1140x641.jpg 1140w, https:\/\/realheart.se\/wp-content\/uploads\/2021\/08\/filmbild-5-2.jpg 1800w\" sizes=\"auto, (max-width: 1024px) 100vw, 1024px\" \/><\/a><\/figure>\n","protected":false},"excerpt":{"rendered":"<p>Konstruktion som efterliknar det m\u00e4nskliga hj\u00e4rtat Realheart utvecklar Realheart\u00ae TAH; ett totalt artificiellt hj\u00e4rta f\u00f6r att erbjuda en l\u00f6sning f\u00f6r patienter med avancerad hj\u00e4rtsvikt. Konstruktionen h\u00e4rmar det m\u00e4nskliga hj\u00e4rtats blodfl\u00f6desm\u00f6nster och funktion. Syftet \u00e4r att minska risken f\u00f6r stroke, bl\u00f6dning och anemi vilket \u00e4r vanligt f\u00f6rekommande biverkningar vid behandling med dagens hj\u00e4rtpumpar. Realhearts system \u00e4r&#8230;<\/p>\n","protected":false},"author":1,"featured_media":0,"parent":0,"menu_order":10,"comment_status":"closed","ping_status":"closed","template":"page-templates\/page-animation.php","meta":{"_acf_changed":false,"_monsterinsights_skip_tracking":false,"_monsterinsights_sitenote_active":false,"_monsterinsights_sitenote_note":"","_monsterinsights_sitenote_category":0,"footnotes":""},"class_list":["post-2502","page","type-page","status-publish","hentry"],"acf":[],"aioseo_notices":[],"yoast_head":"<!-- This site is optimized with the Yoast SEO plugin v27.3 - https:\/\/yoast.com\/product\/yoast-seo-wordpress\/ -->\n<title>Artificiella hj\u00e4rtat - Realheart<\/title>\n<meta name=\"description\" content=\"Konstruktionen av Realheart TAH h\u00e4rmar det m\u00e4nskliga hj\u00e4rtats blodfl\u00f6desm\u00f6nster och funktion. Syftet \u00e4r att minska risken f\u00f6r vanliga biverkningar s\u00e5som stroke, bl\u00f6dning och anemi, vid behandling med dagens hj\u00e4rtpumpar.\" \/>\n<meta name=\"robots\" content=\"index, follow, max-snippet:-1, max-image-preview:large, max-video-preview:-1\" \/>\n<link rel=\"canonical\" href=\"https:\/\/realheart.se\/sv\/artificiella-hjartat-realheart-tah\/\" \/>\n<meta property=\"og:locale\" content=\"sv_SE\" \/>\n<meta property=\"og:type\" content=\"article\" \/>\n<meta property=\"og:title\" content=\"Artificiella hj\u00e4rtat - Realheart\" \/>\n<meta property=\"og:description\" content=\"Konstruktionen av Realheart TAH h\u00e4rmar det m\u00e4nskliga hj\u00e4rtats blodfl\u00f6desm\u00f6nster och funktion. Syftet \u00e4r att minska risken f\u00f6r vanliga biverkningar s\u00e5som stroke, bl\u00f6dning och anemi, vid behandling med dagens hj\u00e4rtpumpar.\" \/>\n<meta property=\"og:url\" content=\"https:\/\/realheart.se\/sv\/artificiella-hjartat-realheart-tah\/\" \/>\n<meta property=\"og:site_name\" content=\"Realheart\" \/>\n<meta property=\"article:modified_time\" content=\"2025-05-09T12:22:59+00:00\" \/>\n<meta property=\"og:image\" content=\"https:\/\/realheart.se\/wp-content\/uploads\/2021\/08\/filmbild-5-2.jpg\" \/>\n\t<meta property=\"og:image:width\" content=\"1800\" \/>\n\t<meta property=\"og:image:height\" content=\"1012\" \/>\n\t<meta property=\"og:image:type\" content=\"image\/jpeg\" \/>\n<meta name=\"twitter:card\" content=\"summary_large_image\" \/>\n<meta name=\"twitter:label1\" content=\"Ber\u00e4knad l\u00e4stid\" \/>\n\t<meta name=\"twitter:data1\" content=\"1 minut\" \/>\n<script type=\"application\/ld+json\" class=\"yoast-schema-graph\">{\"@context\":\"https:\\\/\\\/schema.org\",\"@graph\":[{\"@type\":\"WebPage\",\"@id\":\"https:\\\/\\\/realheart.se\\\/sv\\\/artificiella-hjartat-realheart-tah\\\/\",\"url\":\"https:\\\/\\\/realheart.se\\\/sv\\\/artificiella-hjartat-realheart-tah\\\/\",\"name\":\"Artificiella hj\u00e4rtat - Realheart\",\"isPartOf\":{\"@id\":\"https:\\\/\\\/realheart.se\\\/#website\"},\"primaryImageOfPage\":{\"@id\":\"https:\\\/\\\/realheart.se\\\/sv\\\/artificiella-hjartat-realheart-tah\\\/#primaryimage\"},\"image\":{\"@id\":\"https:\\\/\\\/realheart.se\\\/sv\\\/artificiella-hjartat-realheart-tah\\\/#primaryimage\"},\"thumbnailUrl\":\"https:\\\/\\\/realheart.se\\\/wp-content\\\/uploads\\\/2021\\\/08\\\/filmbild-5-2-1024x576.jpg\",\"datePublished\":\"2016-10-26T13:59:35+00:00\",\"dateModified\":\"2025-05-09T12:22:59+00:00\",\"description\":\"Konstruktionen av Realheart TAH h\u00e4rmar det m\u00e4nskliga hj\u00e4rtats blodfl\u00f6desm\u00f6nster och funktion. Syftet \u00e4r att minska risken f\u00f6r vanliga biverkningar s\u00e5som stroke, bl\u00f6dning och anemi, vid behandling med dagens hj\u00e4rtpumpar.\",\"inLanguage\":\"sv-SE\",\"potentialAction\":[{\"@type\":\"ReadAction\",\"target\":[\"https:\\\/\\\/realheart.se\\\/sv\\\/artificiella-hjartat-realheart-tah\\\/\"]}]},{\"@type\":\"ImageObject\",\"inLanguage\":\"sv-SE\",\"@id\":\"https:\\\/\\\/realheart.se\\\/sv\\\/artificiella-hjartat-realheart-tah\\\/#primaryimage\",\"url\":\"https:\\\/\\\/realheart.se\\\/wp-content\\\/uploads\\\/2021\\\/08\\\/filmbild-5-2-1024x576.jpg\",\"contentUrl\":\"https:\\\/\\\/realheart.se\\\/wp-content\\\/uploads\\\/2021\\\/08\\\/filmbild-5-2-1024x576.jpg\"},{\"@type\":\"WebSite\",\"@id\":\"https:\\\/\\\/realheart.se\\\/#website\",\"url\":\"https:\\\/\\\/realheart.se\\\/\",\"name\":\"Realheart\",\"description\":\"\u00c4r ett medicintekniskt f\u00f6retag som utvecklar ett artificiellt hj\u00e4rta som ska r\u00e4dda liv p\u00e5 sv\u00e5rt hj\u00e4rtsjuka personer som st\u00e5r i transplantationsk\u00f6.\",\"potentialAction\":[{\"@type\":\"SearchAction\",\"target\":{\"@type\":\"EntryPoint\",\"urlTemplate\":\"https:\\\/\\\/realheart.se\\\/?s={search_term_string}\"},\"query-input\":{\"@type\":\"PropertyValueSpecification\",\"valueRequired\":true,\"valueName\":\"search_term_string\"}}],\"inLanguage\":\"sv-SE\"}]}<\/script>\n<!-- \/ Yoast SEO plugin. -->","yoast_head_json":{"title":"Artificiella hj\u00e4rtat - Realheart","description":"Konstruktionen av Realheart TAH h\u00e4rmar det m\u00e4nskliga hj\u00e4rtats blodfl\u00f6desm\u00f6nster och funktion. Syftet \u00e4r att minska risken f\u00f6r vanliga biverkningar s\u00e5som stroke, bl\u00f6dning och anemi, vid behandling med dagens hj\u00e4rtpumpar.","robots":{"index":"index","follow":"follow","max-snippet":"max-snippet:-1","max-image-preview":"max-image-preview:large","max-video-preview":"max-video-preview:-1"},"canonical":"https:\/\/realheart.se\/sv\/artificiella-hjartat-realheart-tah\/","og_locale":"sv_SE","og_type":"article","og_title":"Artificiella hj\u00e4rtat - Realheart","og_description":"Konstruktionen av Realheart TAH h\u00e4rmar det m\u00e4nskliga hj\u00e4rtats blodfl\u00f6desm\u00f6nster och funktion. Syftet \u00e4r att minska risken f\u00f6r vanliga biverkningar s\u00e5som stroke, bl\u00f6dning och anemi, vid behandling med dagens hj\u00e4rtpumpar.","og_url":"https:\/\/realheart.se\/sv\/artificiella-hjartat-realheart-tah\/","og_site_name":"Realheart","article_modified_time":"2025-05-09T12:22:59+00:00","og_image":[{"width":1800,"height":1012,"url":"https:\/\/realheart.se\/wp-content\/uploads\/2021\/08\/filmbild-5-2.jpg","type":"image\/jpeg"}],"twitter_card":"summary_large_image","twitter_misc":{"Ber\u00e4knad l\u00e4stid":"1 minut"},"schema":{"@context":"https:\/\/schema.org","@graph":[{"@type":"WebPage","@id":"https:\/\/realheart.se\/sv\/artificiella-hjartat-realheart-tah\/","url":"https:\/\/realheart.se\/sv\/artificiella-hjartat-realheart-tah\/","name":"Artificiella hj\u00e4rtat - Realheart","isPartOf":{"@id":"https:\/\/realheart.se\/#website"},"primaryImageOfPage":{"@id":"https:\/\/realheart.se\/sv\/artificiella-hjartat-realheart-tah\/#primaryimage"},"image":{"@id":"https:\/\/realheart.se\/sv\/artificiella-hjartat-realheart-tah\/#primaryimage"},"thumbnailUrl":"https:\/\/realheart.se\/wp-content\/uploads\/2021\/08\/filmbild-5-2-1024x576.jpg","datePublished":"2016-10-26T13:59:35+00:00","dateModified":"2025-05-09T12:22:59+00:00","description":"Konstruktionen av Realheart TAH h\u00e4rmar det m\u00e4nskliga hj\u00e4rtats blodfl\u00f6desm\u00f6nster och funktion. Syftet \u00e4r att minska risken f\u00f6r vanliga biverkningar s\u00e5som stroke, bl\u00f6dning och anemi, vid behandling med dagens hj\u00e4rtpumpar.","inLanguage":"sv-SE","potentialAction":[{"@type":"ReadAction","target":["https:\/\/realheart.se\/sv\/artificiella-hjartat-realheart-tah\/"]}]},{"@type":"ImageObject","inLanguage":"sv-SE","@id":"https:\/\/realheart.se\/sv\/artificiella-hjartat-realheart-tah\/#primaryimage","url":"https:\/\/realheart.se\/wp-content\/uploads\/2021\/08\/filmbild-5-2-1024x576.jpg","contentUrl":"https:\/\/realheart.se\/wp-content\/uploads\/2021\/08\/filmbild-5-2-1024x576.jpg"},{"@type":"WebSite","@id":"https:\/\/realheart.se\/#website","url":"https:\/\/realheart.se\/","name":"Realheart","description":"\u00c4r ett medicintekniskt f\u00f6retag som utvecklar ett artificiellt hj\u00e4rta som ska r\u00e4dda liv p\u00e5 sv\u00e5rt hj\u00e4rtsjuka personer som st\u00e5r i transplantationsk\u00f6.","potentialAction":[{"@type":"SearchAction","target":{"@type":"EntryPoint","urlTemplate":"https:\/\/realheart.se\/?s={search_term_string}"},"query-input":{"@type":"PropertyValueSpecification","valueRequired":true,"valueName":"search_term_string"}}],"inLanguage":"sv-SE"}]}},"_links":{"self":[{"href":"https:\/\/realheart.se\/sv\/wp-json\/wp\/v2\/pages\/2502","targetHints":{"allow":["GET"]}}],"collection":[{"href":"https:\/\/realheart.se\/sv\/wp-json\/wp\/v2\/pages"}],"about":[{"href":"https:\/\/realheart.se\/sv\/wp-json\/wp\/v2\/types\/page"}],"author":[{"embeddable":true,"href":"https:\/\/realheart.se\/sv\/wp-json\/wp\/v2\/users\/1"}],"replies":[{"embeddable":true,"href":"https:\/\/realheart.se\/sv\/wp-json\/wp\/v2\/comments?post=2502"}],"version-history":[{"count":44,"href":"https:\/\/realheart.se\/sv\/wp-json\/wp\/v2\/pages\/2502\/revisions"}],"predecessor-version":[{"id":7445,"href":"https:\/\/realheart.se\/sv\/wp-json\/wp\/v2\/pages\/2502\/revisions\/7445"}],"wp:attachment":[{"href":"https:\/\/realheart.se\/sv\/wp-json\/wp\/v2\/media?parent=2502"}],"curies":[{"name":"wp","href":"https:\/\/api.w.org\/{rel}","templated":true}]}}