




{"id":2509,"date":"2016-10-26T16:05:42","date_gmt":"2016-10-26T16:05:42","guid":{"rendered":"http:\/\/https:\/\/realheart.se\/?page_id=28"},"modified":"2018-11-08T09:33:29","modified_gmt":"2018-11-08T09:33:29","slug":"behov","status":"publish","type":"page","link":"https:\/\/realheart.se\/sv\/artificiella-hjartat-realheart-tah\/behov\/","title":{"rendered":"Behov"},"content":{"rendered":"\n<p><strong>Kronisk hj\u00e4rtsvikt uppst\u00e5r n\u00e4r hj\u00e4rtat f\u00f6rlorar sin f\u00f6rm\u00e5ga att pumpa tillr\u00e4ckligt med blod till lungor och v\u00e4vnader. Hj\u00e4rtsvikt \u00e4r ett tillst\u00e5nd som kan orsakas av olika sjukdomar, s\u00e5som hj\u00e4rtmuskelinfarkt, h\u00f6gt blodtryck, klaffsjukdomar och hj\u00e4rtmuskelsjukdomar. De vanligaste symptomen p\u00e5 hj\u00e4rtsvikt \u00e4r andf\u00e5ddhet, kroppssvullnad och tr\u00f6tthet.<\/strong><\/p>\n\n\n\n<p>Hj\u00e4rtsvikt \u00e4r, enligt New York Heart Associations (NYHA) klassificering, indelad medicinskt och funktionellt i fyra klasser. Vid hj\u00e4rtsvikt klass 1 och 2 och i viss utstr\u00e4ckning \u00e4ven klass 3 kan symtomen behandlas med medicinering. F\u00f6r patienter med avancerad hj\u00e4rtsvikt klass 4 \u00e4r det enda realistiska alternativet operation med hj\u00e4rttransplantation.<\/p>\n\n\n\n<p>Patienter med avancerad hj\u00e4rtsvikt enligt klass 4, tolererar inte minsta fysiska anstr\u00e4ngning. De lider av andf\u00e5ddhet och sv\u00e5r tr\u00f6tthet \u00e4ven n\u00e4r de vilar. Om dessa patienter inte transplanteras avlider de vanligtvis inom ett \u00e5r.<\/p>\n\n\n\n<figure class=\"wp-block-image\"><img loading=\"lazy\" decoding=\"async\" width=\"4560\" height=\"3040\" src=\"https:\/\/realheart.se\/wp-content\/uploads\/2016\/10\/post-bild-1.jpg\" alt=\"\" class=\"wp-image-2580\" srcset=\"https:\/\/realheart.se\/wp-content\/uploads\/2016\/10\/post-bild-1.jpg 4560w, https:\/\/realheart.se\/wp-content\/uploads\/2016\/10\/post-bild-1-300x200.jpg 300w, https:\/\/realheart.se\/wp-content\/uploads\/2016\/10\/post-bild-1-768x512.jpg 768w, https:\/\/realheart.se\/wp-content\/uploads\/2016\/10\/post-bild-1-1024x683.jpg 1024w, https:\/\/realheart.se\/wp-content\/uploads\/2016\/10\/post-bild-1-526x351.jpg 526w, https:\/\/realheart.se\/wp-content\/uploads\/2016\/10\/post-bild-1-720x480.jpg 720w, https:\/\/realheart.se\/wp-content\/uploads\/2016\/10\/post-bild-1-960x640.jpg 960w, https:\/\/realheart.se\/wp-content\/uploads\/2016\/10\/post-bild-1-1140x760.jpg 1140w, https:\/\/realheart.se\/wp-content\/uploads\/2016\/10\/post-bild-1-1600x1067.jpg 1600w\" sizes=\"auto, (max-width: 4560px) 100vw, 4560px\" \/><\/figure>\n\n\n\n<p>Hj\u00e4rtsvikt \u00e4r ett obotligt tillst\u00e5nd som med tiden ofta utvecklas till klass 4. V\u00e4gen till transplantation eller d\u00f6d i hj\u00e4rtsvikt inneb\u00e4r stort lidande och dessa patienter beh\u00f6ver mycket sjukv\u00e5rd och omv\u00e5rdnad. Patienter med sv\u00e5r hj\u00e4rtsvikt m\u00e5ste i allm\u00e4nhet kontinuerligt v\u00e5rdas p\u00e5 sjukhus. Det \u00e4r ocks\u00e5 kostsamt att transplantera ett hj\u00e4rta. Det kr\u00e4ver omfattande logistik med flera kirurgteam och flygtransporter f\u00f6r att kunna genomf\u00f6ra transplantationen och efter transplantationen \u00e4r patienten ocks\u00e5 beroende av immunh\u00e4mmande medicinering f\u00f6r att minska risken f\u00f6r avst\u00f6tning av det transplanterade hj\u00e4rtat.<\/p>\n\n\n\n<p>Det st\u00f6rsta problemet \u00e4r dock att tillg\u00e5ngen p\u00e5 donerade hj\u00e4rtan \u00e4r mycket begr\u00e4nsad och endast cirka 5 000 transplanteras varje \u00e5r i hela v\u00e4rlden. \u00c5rligen ber\u00e4knas omkring 50 000 patienter lida av s\u00e5 avancerad hj\u00e4rtsvikt att de placeras p\u00e5 donationslistan. De flesta av dessa patienter avlider i v\u00e4ntan p\u00e5 ett donerat hj\u00e4rta.<\/p>\n\n\n\n<p>Antalet patienter med avancerad hj\u00e4rtsvikt och som \u00e4r i behov av hj\u00e4lp \u00e4r dock st\u00f6rre \u00e4n de som placeras i donationslistan, i vilken endast de mest beh\u00f6vande patienterna ing\u00e5r.<\/p>\n\n\n\n<p>I enbart USA uppskattas cirka 250 000 patienter med avancerad hj\u00e4rtsvikt avlida varje \u00e5r och cirka h\u00e4lften av dessa patienter d\u00f6r pl\u00f6tsligt i hj\u00e4rtattack utan att man har m\u00f6jlighet att hinna ers\u00e4tta hj\u00e4rtat med ett donerat hj\u00e4rta eller en hj\u00e4rtpump. \u00d6vriga patienter kan r\u00e4ddas genom en hj\u00e4rttransplantation, men det \u00e4r brist p\u00e5 donerade hj\u00e4rtan och endast 2 000 transplantationer genomf\u00f6rs varje \u00e5r i USA. F\u00f6r USA ber\u00e4knar AbioCor att det finnas ett behov av minst 100 000 hj\u00e4rtpumpar per \u00e5r.<\/p>\n\n\n\n<p>European Society of Cardiology har 47 medlemsl\u00e4nder med totalt cirka en miljard inv\u00e5nare och har uppskattat att omkring 10-30 miljoner (1-3 %) lider av hj\u00e4rtsvikt i olika stadier. Dessa patienter har efter 5 \u00e5r en d\u00f6dlighet p\u00e5 75 % d.v.s. minst 1 miljon avlider varje \u00e5r. Av dessa uppskattar styrelsen att minst 100 000 patienter \u00e4r kandidater f\u00f6r en hj\u00e4rtpump.<\/p>\n\n\n\n<p>Global statistik \u00f6ver antalet patienter med avancerad hj\u00e4rtsvikt \u00e4r inte tillg\u00e4nglig.<\/p>\n","protected":false},"excerpt":{"rendered":"<p>Kronisk hj\u00e4rtsvikt uppst\u00e5r n\u00e4r hj\u00e4rtat f\u00f6rlorar sin f\u00f6rm\u00e5ga att pumpa tillr\u00e4ckligt med blod till lungor och v\u00e4vnader. Hj\u00e4rtsvikt \u00e4r ett tillst\u00e5nd som kan orsakas av olika sjukdomar, s\u00e5som hj\u00e4rtmuskelinfarkt, h\u00f6gt blodtryck, klaffsjukdomar och hj\u00e4rtmuskelsjukdomar. De vanligaste symptomen p\u00e5 hj\u00e4rtsvikt \u00e4r andf\u00e5ddhet, kroppssvullnad och tr\u00f6tthet. Hj\u00e4rtsvikt \u00e4r, enligt New York Heart Associations (NYHA) klassificering, indelad medicinskt&#8230;<\/p>\n","protected":false},"author":1,"featured_media":0,"parent":2502,"menu_order":1,"comment_status":"closed","ping_status":"closed","template":"","meta":{"_acf_changed":false,"_monsterinsights_skip_tracking":false,"_monsterinsights_sitenote_active":false,"_monsterinsights_sitenote_note":"","_monsterinsights_sitenote_category":0,"footnotes":""},"class_list":["post-2509","page","type-page","status-publish","hentry"],"acf":[],"aioseo_notices":[],"yoast_head":"<!-- This site is optimized with the Yoast SEO plugin v27.5 - https:\/\/yoast.com\/product\/yoast-seo-wordpress\/ -->\n<title>Behov - Realheart<\/title>\n<meta name=\"robots\" content=\"index, follow, max-snippet:-1, max-image-preview:large, max-video-preview:-1\" \/>\n<link rel=\"canonical\" href=\"https:\/\/realheart.se\/sv\/artificiella-hjartat-realheart-tah\/behov\/\" \/>\n<meta property=\"og:locale\" content=\"sv_SE\" \/>\n<meta property=\"og:type\" content=\"article\" \/>\n<meta property=\"og:title\" content=\"Behov - Realheart\" \/>\n<meta property=\"og:description\" content=\"Kronisk hj\u00e4rtsvikt uppst\u00e5r n\u00e4r hj\u00e4rtat f\u00f6rlorar sin f\u00f6rm\u00e5ga att pumpa tillr\u00e4ckligt med blod till lungor och v\u00e4vnader. Hj\u00e4rtsvikt \u00e4r ett tillst\u00e5nd som kan orsakas av olika sjukdomar, s\u00e5som hj\u00e4rtmuskelinfarkt, h\u00f6gt blodtryck, klaffsjukdomar och hj\u00e4rtmuskelsjukdomar. De vanligaste symptomen p\u00e5 hj\u00e4rtsvikt \u00e4r andf\u00e5ddhet, kroppssvullnad och tr\u00f6tthet. Hj\u00e4rtsvikt \u00e4r, enligt New York Heart Associations (NYHA) klassificering, indelad medicinskt...\" \/>\n<meta property=\"og:url\" content=\"https:\/\/realheart.se\/sv\/artificiella-hjartat-realheart-tah\/behov\/\" \/>\n<meta property=\"og:site_name\" content=\"Realheart\" \/>\n<meta property=\"article:modified_time\" content=\"2018-11-08T09:33:29+00:00\" \/>\n<meta property=\"og:image\" content=\"https:\/\/realheart.se\/wp-content\/uploads\/2016\/10\/post-bild-1.jpg\" \/>\n<meta name=\"twitter:card\" content=\"summary_large_image\" \/>\n<meta name=\"twitter:label1\" content=\"Ber\u00e4knad l\u00e4stid\" \/>\n\t<meta name=\"twitter:data1\" content=\"3 minuter\" \/>\n<script type=\"application\/ld+json\" class=\"yoast-schema-graph\">{\"@context\":\"https:\\\/\\\/schema.org\",\"@graph\":[{\"@type\":\"WebPage\",\"@id\":\"https:\\\/\\\/realheart.se\\\/sv\\\/artificiella-hjartat-realheart-tah\\\/behov\\\/\",\"url\":\"https:\\\/\\\/realheart.se\\\/sv\\\/artificiella-hjartat-realheart-tah\\\/behov\\\/\",\"name\":\"Behov - Realheart\",\"isPartOf\":{\"@id\":\"https:\\\/\\\/realheart.se\\\/#website\"},\"primaryImageOfPage\":{\"@id\":\"https:\\\/\\\/realheart.se\\\/sv\\\/artificiella-hjartat-realheart-tah\\\/behov\\\/#primaryimage\"},\"image\":{\"@id\":\"https:\\\/\\\/realheart.se\\\/sv\\\/artificiella-hjartat-realheart-tah\\\/behov\\\/#primaryimage\"},\"thumbnailUrl\":\"https:\\\/\\\/realheart.se\\\/wp-content\\\/uploads\\\/2016\\\/10\\\/post-bild-1.jpg\",\"datePublished\":\"2016-10-26T16:05:42+00:00\",\"dateModified\":\"2018-11-08T09:33:29+00:00\",\"breadcrumb\":{\"@id\":\"https:\\\/\\\/realheart.se\\\/sv\\\/artificiella-hjartat-realheart-tah\\\/behov\\\/#breadcrumb\"},\"inLanguage\":\"sv-SE\",\"potentialAction\":[{\"@type\":\"ReadAction\",\"target\":[\"https:\\\/\\\/realheart.se\\\/sv\\\/artificiella-hjartat-realheart-tah\\\/behov\\\/\"]}]},{\"@type\":\"ImageObject\",\"inLanguage\":\"sv-SE\",\"@id\":\"https:\\\/\\\/realheart.se\\\/sv\\\/artificiella-hjartat-realheart-tah\\\/behov\\\/#primaryimage\",\"url\":\"https:\\\/\\\/realheart.se\\\/wp-content\\\/uploads\\\/2016\\\/10\\\/post-bild-1.jpg\",\"contentUrl\":\"https:\\\/\\\/realheart.se\\\/wp-content\\\/uploads\\\/2016\\\/10\\\/post-bild-1.jpg\"},{\"@type\":\"BreadcrumbList\",\"@id\":\"https:\\\/\\\/realheart.se\\\/sv\\\/artificiella-hjartat-realheart-tah\\\/behov\\\/#breadcrumb\",\"itemListElement\":[{\"@type\":\"ListItem\",\"position\":1,\"name\":\"Artificiella hj\u00e4rtat\",\"item\":\"https:\\\/\\\/realheart.se\\\/sv\\\/artificiella-hjartat-realheart-tah\\\/\"},{\"@type\":\"ListItem\",\"position\":2,\"name\":\"Behov\"}]},{\"@type\":\"WebSite\",\"@id\":\"https:\\\/\\\/realheart.se\\\/#website\",\"url\":\"https:\\\/\\\/realheart.se\\\/\",\"name\":\"Realheart\",\"description\":\"\u00c4r ett medicintekniskt f\u00f6retag som utvecklar ett artificiellt hj\u00e4rta som ska r\u00e4dda liv p\u00e5 sv\u00e5rt hj\u00e4rtsjuka personer som st\u00e5r i transplantationsk\u00f6.\",\"potentialAction\":[{\"@type\":\"SearchAction\",\"target\":{\"@type\":\"EntryPoint\",\"urlTemplate\":\"https:\\\/\\\/realheart.se\\\/?s={search_term_string}\"},\"query-input\":{\"@type\":\"PropertyValueSpecification\",\"valueRequired\":true,\"valueName\":\"search_term_string\"}}],\"inLanguage\":\"sv-SE\"}]}<\/script>\n<!-- \/ Yoast SEO plugin. -->","yoast_head_json":{"title":"Behov - Realheart","robots":{"index":"index","follow":"follow","max-snippet":"max-snippet:-1","max-image-preview":"max-image-preview:large","max-video-preview":"max-video-preview:-1"},"canonical":"https:\/\/realheart.se\/sv\/artificiella-hjartat-realheart-tah\/behov\/","og_locale":"sv_SE","og_type":"article","og_title":"Behov - Realheart","og_description":"Kronisk hj\u00e4rtsvikt uppst\u00e5r n\u00e4r hj\u00e4rtat f\u00f6rlorar sin f\u00f6rm\u00e5ga att pumpa tillr\u00e4ckligt med blod till lungor och v\u00e4vnader. Hj\u00e4rtsvikt \u00e4r ett tillst\u00e5nd som kan orsakas av olika sjukdomar, s\u00e5som hj\u00e4rtmuskelinfarkt, h\u00f6gt blodtryck, klaffsjukdomar och hj\u00e4rtmuskelsjukdomar. De vanligaste symptomen p\u00e5 hj\u00e4rtsvikt \u00e4r andf\u00e5ddhet, kroppssvullnad och tr\u00f6tthet. Hj\u00e4rtsvikt \u00e4r, enligt New York Heart Associations (NYHA) klassificering, indelad medicinskt...","og_url":"https:\/\/realheart.se\/sv\/artificiella-hjartat-realheart-tah\/behov\/","og_site_name":"Realheart","article_modified_time":"2018-11-08T09:33:29+00:00","og_image":[{"url":"https:\/\/realheart.se\/wp-content\/uploads\/2016\/10\/post-bild-1.jpg","type":"","width":"","height":""}],"twitter_card":"summary_large_image","twitter_misc":{"Ber\u00e4knad l\u00e4stid":"3 minuter"},"schema":{"@context":"https:\/\/schema.org","@graph":[{"@type":"WebPage","@id":"https:\/\/realheart.se\/sv\/artificiella-hjartat-realheart-tah\/behov\/","url":"https:\/\/realheart.se\/sv\/artificiella-hjartat-realheart-tah\/behov\/","name":"Behov - Realheart","isPartOf":{"@id":"https:\/\/realheart.se\/#website"},"primaryImageOfPage":{"@id":"https:\/\/realheart.se\/sv\/artificiella-hjartat-realheart-tah\/behov\/#primaryimage"},"image":{"@id":"https:\/\/realheart.se\/sv\/artificiella-hjartat-realheart-tah\/behov\/#primaryimage"},"thumbnailUrl":"https:\/\/realheart.se\/wp-content\/uploads\/2016\/10\/post-bild-1.jpg","datePublished":"2016-10-26T16:05:42+00:00","dateModified":"2018-11-08T09:33:29+00:00","breadcrumb":{"@id":"https:\/\/realheart.se\/sv\/artificiella-hjartat-realheart-tah\/behov\/#breadcrumb"},"inLanguage":"sv-SE","potentialAction":[{"@type":"ReadAction","target":["https:\/\/realheart.se\/sv\/artificiella-hjartat-realheart-tah\/behov\/"]}]},{"@type":"ImageObject","inLanguage":"sv-SE","@id":"https:\/\/realheart.se\/sv\/artificiella-hjartat-realheart-tah\/behov\/#primaryimage","url":"https:\/\/realheart.se\/wp-content\/uploads\/2016\/10\/post-bild-1.jpg","contentUrl":"https:\/\/realheart.se\/wp-content\/uploads\/2016\/10\/post-bild-1.jpg"},{"@type":"BreadcrumbList","@id":"https:\/\/realheart.se\/sv\/artificiella-hjartat-realheart-tah\/behov\/#breadcrumb","itemListElement":[{"@type":"ListItem","position":1,"name":"Artificiella hj\u00e4rtat","item":"https:\/\/realheart.se\/sv\/artificiella-hjartat-realheart-tah\/"},{"@type":"ListItem","position":2,"name":"Behov"}]},{"@type":"WebSite","@id":"https:\/\/realheart.se\/#website","url":"https:\/\/realheart.se\/","name":"Realheart","description":"\u00c4r ett medicintekniskt f\u00f6retag som utvecklar ett artificiellt hj\u00e4rta som ska r\u00e4dda liv p\u00e5 sv\u00e5rt hj\u00e4rtsjuka personer som st\u00e5r i transplantationsk\u00f6.","potentialAction":[{"@type":"SearchAction","target":{"@type":"EntryPoint","urlTemplate":"https:\/\/realheart.se\/?s={search_term_string}"},"query-input":{"@type":"PropertyValueSpecification","valueRequired":true,"valueName":"search_term_string"}}],"inLanguage":"sv-SE"}]}},"_links":{"self":[{"href":"https:\/\/realheart.se\/sv\/wp-json\/wp\/v2\/pages\/2509","targetHints":{"allow":["GET"]}}],"collection":[{"href":"https:\/\/realheart.se\/sv\/wp-json\/wp\/v2\/pages"}],"about":[{"href":"https:\/\/realheart.se\/sv\/wp-json\/wp\/v2\/types\/page"}],"author":[{"embeddable":true,"href":"https:\/\/realheart.se\/sv\/wp-json\/wp\/v2\/users\/1"}],"replies":[{"embeddable":true,"href":"https:\/\/realheart.se\/sv\/wp-json\/wp\/v2\/comments?post=2509"}],"version-history":[{"count":3,"href":"https:\/\/realheart.se\/sv\/wp-json\/wp\/v2\/pages\/2509\/revisions"}],"predecessor-version":[{"id":2753,"href":"https:\/\/realheart.se\/sv\/wp-json\/wp\/v2\/pages\/2509\/revisions\/2753"}],"up":[{"embeddable":true,"href":"https:\/\/realheart.se\/sv\/wp-json\/wp\/v2\/pages\/2502"}],"wp:attachment":[{"href":"https:\/\/realheart.se\/sv\/wp-json\/wp\/v2\/media?parent=2509"}],"curies":[{"name":"wp","href":"https:\/\/api.w.org\/{rel}","templated":true}]}}