




{"id":3029,"date":"2018-11-19T09:28:01","date_gmt":"2018-11-19T09:28:01","guid":{"rendered":"https:\/\/realheart.se\/?page_id=3029"},"modified":"2025-05-09T12:24:37","modified_gmt":"2025-05-09T12:24:37","slug":"mer-om-produkten","status":"publish","type":"page","link":"https:\/\/realheart.se\/sv\/artificiella-hjartat-realheart-tah\/mer-om-produkten\/","title":{"rendered":"Mer om produkten"},"content":{"rendered":"\n<p>Realheart\u00ae TAH i korthet<\/p>\n\n\n\n<ul class=\"wp-block-list\">\n<li>Levererar fysiologiskt blodtryck, syres\u00e4ttning och blodfl\u00f6de\u00a0<\/li>\n\n\n\n<li>Har tv\u00e5 f\u00f6rmak och tv\u00e5 kammare vilket ger ett naturligt blodfl\u00f6de<\/li>\n\n\n\n<li>Justerar automatiskt pumpad blodvolym baserat p\u00e5 f\u00f6rmakstrycken<\/li>\n\n\n\n<li>Pumpar med olika blodvolymer i h\u00f6ger och v\u00e4nster kammare, p\u00e5 samma s\u00e4tt som i det naturliga hj\u00e4rtat f\u00f6r att hantera h\u00f6ger\/v\u00e4nsterbalansen.<\/li>\n<\/ul>\n\n\n\n<h3 class=\"wp-block-heading\">Pumpprincip<\/h3>\n\n\n\n<p>Ett m\u00e4nskligt hj\u00e4rta best\u00e5r i princip av tv\u00e5 pumpar: en h\u00f6gerpump och en v\u00e4nsterpump. Hj\u00e4rtat pumpar blod genom b\u00e5da pumparna samtidigt och blodet fylls d\u00e4rmed p\u00e5 i f\u00f6rmaket. Detta skapar ett pulserande fl\u00f6de vilket \u00e4r vad Realheart\u00ae TAH efterliknar. Problemet med befintliga l\u00f6sningar \u00e4r de frekventa blod-relaterade biverkningar som drabbar patienterna. Realheart efterstr\u00e4var hela tiden ett s\u00e5 naturligt blodfl\u00f6de som m\u00f6jligt f\u00f6r att minimera riskerna f\u00f6r blodskada. Designen testas utf\u00f6rligt i flera led med hj\u00e4lp av datorsimuleringar, b\u00e4nktester och djurstudier.<\/p>\n\n\n\n<figure class=\"wp-block-image size-large\"><a href=\"https:\/\/www.youtube.com\/watch?v=yWGoYvlezgM\" target=\"_blank\" rel=\"noopener noreferrer\"><img loading=\"lazy\" decoding=\"async\" width=\"1024\" height=\"576\" src=\"https:\/\/realheart.se\/wp-content\/uploads\/2021\/08\/filmbild-4-2-1024x576.jpg\" alt=\"\" class=\"wp-image-4628\" srcset=\"https:\/\/realheart.se\/wp-content\/uploads\/2021\/08\/filmbild-4-2-1024x576.jpg 1024w, https:\/\/realheart.se\/wp-content\/uploads\/2021\/08\/filmbild-4-2-300x169.jpg 300w, https:\/\/realheart.se\/wp-content\/uploads\/2021\/08\/filmbild-4-2-768x432.jpg 768w, https:\/\/realheart.se\/wp-content\/uploads\/2021\/08\/filmbild-4-2-1536x864.jpg 1536w, https:\/\/realheart.se\/wp-content\/uploads\/2021\/08\/filmbild-4-2-720x405.jpg 720w, https:\/\/realheart.se\/wp-content\/uploads\/2021\/08\/filmbild-4-2-960x540.jpg 960w, https:\/\/realheart.se\/wp-content\/uploads\/2021\/08\/filmbild-4-2-1600x900.jpg 1600w, https:\/\/realheart.se\/wp-content\/uploads\/2021\/08\/filmbild-4-2-526x296.jpg 526w, https:\/\/realheart.se\/wp-content\/uploads\/2021\/08\/filmbild-4-2-1140x641.jpg 1140w, https:\/\/realheart.se\/wp-content\/uploads\/2021\/08\/filmbild-4-2.jpg 1800w\" sizes=\"auto, (max-width: 1024px) 100vw, 1024px\" \/><\/a><figcaption class=\"wp-element-caption\"><em><em>Se hur Realheart\u00ae TAHs unika pumpfunktion fungerar<\/em><\/em><\/figcaption><\/figure>\n\n\n\n<h3 class=\"wp-block-heading\">Designad f\u00f6r att minimera risk f\u00f6r infektioner och bl\u00f6dningar<\/h3>\n\n\n\n<p>Vid behandling med implanterade artificiella hj\u00e4rtan kan infektioner uppst\u00e5 d\u00e4r drivlinan passerar huden. Realheart planerar att anv\u00e4nda en tunn drivlina i biokompatibelt material f\u00f6r att minimera infektionsrisk f\u00f6r den f\u00f6rsta produkten som sl\u00e4pps, men kommer att utv\u00e4rdera m\u00f6jligheterna kring sladdl\u00f6sa versioner f\u00f6r framtida produkter.&nbsp;<\/p>\n\n\n\n<p>Bl\u00f6dningar \u00e4r ett multifaktoriellt problem d\u00e4r dels h\u00f6g mekanisk p\u00e5frestning &#8211; s\u00e5 kallad skjuvsp\u00e4nning &#8211; och dels brist p\u00e5 puls har uppm\u00e4rksammats som riskfaktorer, tv\u00e5 karakt\u00e4rsdrag hos dagens befintliga kontinuerliga fl\u00f6despumpar. H\u00f6g skjuvsp\u00e4nning kan leda till blodskada vilket i sin tur kan bidra till biverkningar. University of Bath, har utv\u00e4rderat Realhearts design och kommit fram till att leder till l\u00e5g skjuvsp\u00e4nning.<\/p>\n\n\n\n<h3 class=\"wp-block-heading\">F\u00f6rst i v\u00e4rlden med f\u00f6rmak<\/h3>\n\n\n\n<p>Realheart bed\u00f6mer att j\u00e4mf\u00f6rt med alla andra teknologier p\u00e5 marknaden och de under utveckling har Realheart\u00ae TAH st\u00f6rst chans att minska biverkningar tack vare det naturliga blodfl\u00f6det som den patenterade designen medger. Ingen annan teknologi som Realheart k\u00e4nner till kan uppn\u00e5 ett synkroniserat pumpande p\u00e5 h\u00f6ger och v\u00e4nster sida i kombination med h\u00f6ger\/v\u00e4nsterbalans, styrt av trycken i f\u00f6rmaken &#8211; eftersom ingen annan hj\u00e4rtpump har f\u00f6rmak.\u00a0<\/p>\n\n\n\n<p>\u00c4ven om produkten designas och testas f\u00f6r att minimera risken f\u00f6r biverkningar kan eventuella biverkningar f\u00f6rst m\u00e4tas i kliniska pr\u00f6vningar p\u00e5 patienter.<\/p>\n\n\n\n<p><\/p>\n\n\n\n<p><\/p>\n","protected":false},"excerpt":{"rendered":"<p>Realheart\u00ae TAH i korthet Pumpprincip Ett m\u00e4nskligt hj\u00e4rta best\u00e5r i princip av tv\u00e5 pumpar: en h\u00f6gerpump och en v\u00e4nsterpump. Hj\u00e4rtat pumpar blod genom b\u00e5da pumparna samtidigt och blodet fylls d\u00e4rmed p\u00e5 i f\u00f6rmaket. Detta skapar ett pulserande fl\u00f6de vilket \u00e4r vad Realheart\u00ae TAH efterliknar. Problemet med befintliga l\u00f6sningar \u00e4r de frekventa blod-relaterade biverkningar som drabbar&#8230;<\/p>\n","protected":false},"author":1,"featured_media":0,"parent":2502,"menu_order":0,"comment_status":"closed","ping_status":"closed","template":"","meta":{"_acf_changed":false,"_monsterinsights_skip_tracking":false,"_monsterinsights_sitenote_active":false,"_monsterinsights_sitenote_note":"","_monsterinsights_sitenote_category":0,"footnotes":""},"class_list":["post-3029","page","type-page","status-publish","hentry"],"acf":[],"aioseo_notices":[],"yoast_head":"<!-- This site is optimized with the Yoast SEO plugin v27.3 - https:\/\/yoast.com\/product\/yoast-seo-wordpress\/ -->\n<title>Mer om produkten - Realheart<\/title>\n<meta name=\"robots\" content=\"index, follow, max-snippet:-1, max-image-preview:large, max-video-preview:-1\" \/>\n<link rel=\"canonical\" href=\"https:\/\/realheart.se\/sv\/artificiella-hjartat-realheart-tah\/mer-om-produkten\/\" \/>\n<meta property=\"og:locale\" content=\"sv_SE\" \/>\n<meta property=\"og:type\" content=\"article\" \/>\n<meta property=\"og:title\" content=\"Mer om produkten - Realheart\" \/>\n<meta property=\"og:description\" content=\"Realheart\u00ae TAH i korthet Pumpprincip Ett m\u00e4nskligt hj\u00e4rta best\u00e5r i princip av tv\u00e5 pumpar: en h\u00f6gerpump och en v\u00e4nsterpump. Hj\u00e4rtat pumpar blod genom b\u00e5da pumparna samtidigt och blodet fylls d\u00e4rmed p\u00e5 i f\u00f6rmaket. Detta skapar ett pulserande fl\u00f6de vilket \u00e4r vad Realheart\u00ae TAH efterliknar. Problemet med befintliga l\u00f6sningar \u00e4r de frekventa blod-relaterade biverkningar som drabbar...\" \/>\n<meta property=\"og:url\" content=\"https:\/\/realheart.se\/sv\/artificiella-hjartat-realheart-tah\/mer-om-produkten\/\" \/>\n<meta property=\"og:site_name\" content=\"Realheart\" \/>\n<meta property=\"article:modified_time\" content=\"2025-05-09T12:24:37+00:00\" \/>\n<meta property=\"og:image\" content=\"https:\/\/realheart.se\/wp-content\/uploads\/2021\/08\/filmbild-4-2.jpg\" \/>\n\t<meta property=\"og:image:width\" content=\"1800\" \/>\n\t<meta property=\"og:image:height\" content=\"1012\" \/>\n\t<meta property=\"og:image:type\" content=\"image\/jpeg\" \/>\n<meta name=\"twitter:card\" content=\"summary_large_image\" \/>\n<meta name=\"twitter:label1\" content=\"Ber\u00e4knad l\u00e4stid\" \/>\n\t<meta name=\"twitter:data1\" content=\"2 minuter\" \/>\n<script type=\"application\/ld+json\" class=\"yoast-schema-graph\">{\"@context\":\"https:\\\/\\\/schema.org\",\"@graph\":[{\"@type\":\"WebPage\",\"@id\":\"https:\\\/\\\/realheart.se\\\/sv\\\/artificiella-hjartat-realheart-tah\\\/mer-om-produkten\\\/\",\"url\":\"https:\\\/\\\/realheart.se\\\/sv\\\/artificiella-hjartat-realheart-tah\\\/mer-om-produkten\\\/\",\"name\":\"Mer om produkten - Realheart\",\"isPartOf\":{\"@id\":\"https:\\\/\\\/realheart.se\\\/#website\"},\"primaryImageOfPage\":{\"@id\":\"https:\\\/\\\/realheart.se\\\/sv\\\/artificiella-hjartat-realheart-tah\\\/mer-om-produkten\\\/#primaryimage\"},\"image\":{\"@id\":\"https:\\\/\\\/realheart.se\\\/sv\\\/artificiella-hjartat-realheart-tah\\\/mer-om-produkten\\\/#primaryimage\"},\"thumbnailUrl\":\"https:\\\/\\\/realheart.se\\\/wp-content\\\/uploads\\\/2021\\\/08\\\/filmbild-4-2-1024x576.jpg\",\"datePublished\":\"2018-11-19T09:28:01+00:00\",\"dateModified\":\"2025-05-09T12:24:37+00:00\",\"breadcrumb\":{\"@id\":\"https:\\\/\\\/realheart.se\\\/sv\\\/artificiella-hjartat-realheart-tah\\\/mer-om-produkten\\\/#breadcrumb\"},\"inLanguage\":\"sv-SE\",\"potentialAction\":[{\"@type\":\"ReadAction\",\"target\":[\"https:\\\/\\\/realheart.se\\\/sv\\\/artificiella-hjartat-realheart-tah\\\/mer-om-produkten\\\/\"]}]},{\"@type\":\"ImageObject\",\"inLanguage\":\"sv-SE\",\"@id\":\"https:\\\/\\\/realheart.se\\\/sv\\\/artificiella-hjartat-realheart-tah\\\/mer-om-produkten\\\/#primaryimage\",\"url\":\"https:\\\/\\\/realheart.se\\\/wp-content\\\/uploads\\\/2021\\\/08\\\/filmbild-4-2-1024x576.jpg\",\"contentUrl\":\"https:\\\/\\\/realheart.se\\\/wp-content\\\/uploads\\\/2021\\\/08\\\/filmbild-4-2-1024x576.jpg\"},{\"@type\":\"BreadcrumbList\",\"@id\":\"https:\\\/\\\/realheart.se\\\/sv\\\/artificiella-hjartat-realheart-tah\\\/mer-om-produkten\\\/#breadcrumb\",\"itemListElement\":[{\"@type\":\"ListItem\",\"position\":1,\"name\":\"Artificiella hj\u00e4rtat\",\"item\":\"https:\\\/\\\/realheart.se\\\/sv\\\/artificiella-hjartat-realheart-tah\\\/\"},{\"@type\":\"ListItem\",\"position\":2,\"name\":\"Mer om produkten\"}]},{\"@type\":\"WebSite\",\"@id\":\"https:\\\/\\\/realheart.se\\\/#website\",\"url\":\"https:\\\/\\\/realheart.se\\\/\",\"name\":\"Realheart\",\"description\":\"\u00c4r ett medicintekniskt f\u00f6retag som utvecklar ett artificiellt hj\u00e4rta som ska r\u00e4dda liv p\u00e5 sv\u00e5rt hj\u00e4rtsjuka personer som st\u00e5r i transplantationsk\u00f6.\",\"potentialAction\":[{\"@type\":\"SearchAction\",\"target\":{\"@type\":\"EntryPoint\",\"urlTemplate\":\"https:\\\/\\\/realheart.se\\\/?s={search_term_string}\"},\"query-input\":{\"@type\":\"PropertyValueSpecification\",\"valueRequired\":true,\"valueName\":\"search_term_string\"}}],\"inLanguage\":\"sv-SE\"}]}<\/script>\n<!-- \/ Yoast SEO plugin. -->","yoast_head_json":{"title":"Mer om produkten - Realheart","robots":{"index":"index","follow":"follow","max-snippet":"max-snippet:-1","max-image-preview":"max-image-preview:large","max-video-preview":"max-video-preview:-1"},"canonical":"https:\/\/realheart.se\/sv\/artificiella-hjartat-realheart-tah\/mer-om-produkten\/","og_locale":"sv_SE","og_type":"article","og_title":"Mer om produkten - Realheart","og_description":"Realheart\u00ae TAH i korthet Pumpprincip Ett m\u00e4nskligt hj\u00e4rta best\u00e5r i princip av tv\u00e5 pumpar: en h\u00f6gerpump och en v\u00e4nsterpump. Hj\u00e4rtat pumpar blod genom b\u00e5da pumparna samtidigt och blodet fylls d\u00e4rmed p\u00e5 i f\u00f6rmaket. Detta skapar ett pulserande fl\u00f6de vilket \u00e4r vad Realheart\u00ae TAH efterliknar. Problemet med befintliga l\u00f6sningar \u00e4r de frekventa blod-relaterade biverkningar som drabbar...","og_url":"https:\/\/realheart.se\/sv\/artificiella-hjartat-realheart-tah\/mer-om-produkten\/","og_site_name":"Realheart","article_modified_time":"2025-05-09T12:24:37+00:00","og_image":[{"width":1800,"height":1012,"url":"https:\/\/realheart.se\/wp-content\/uploads\/2021\/08\/filmbild-4-2.jpg","type":"image\/jpeg"}],"twitter_card":"summary_large_image","twitter_misc":{"Ber\u00e4knad l\u00e4stid":"2 minuter"},"schema":{"@context":"https:\/\/schema.org","@graph":[{"@type":"WebPage","@id":"https:\/\/realheart.se\/sv\/artificiella-hjartat-realheart-tah\/mer-om-produkten\/","url":"https:\/\/realheart.se\/sv\/artificiella-hjartat-realheart-tah\/mer-om-produkten\/","name":"Mer om produkten - Realheart","isPartOf":{"@id":"https:\/\/realheart.se\/#website"},"primaryImageOfPage":{"@id":"https:\/\/realheart.se\/sv\/artificiella-hjartat-realheart-tah\/mer-om-produkten\/#primaryimage"},"image":{"@id":"https:\/\/realheart.se\/sv\/artificiella-hjartat-realheart-tah\/mer-om-produkten\/#primaryimage"},"thumbnailUrl":"https:\/\/realheart.se\/wp-content\/uploads\/2021\/08\/filmbild-4-2-1024x576.jpg","datePublished":"2018-11-19T09:28:01+00:00","dateModified":"2025-05-09T12:24:37+00:00","breadcrumb":{"@id":"https:\/\/realheart.se\/sv\/artificiella-hjartat-realheart-tah\/mer-om-produkten\/#breadcrumb"},"inLanguage":"sv-SE","potentialAction":[{"@type":"ReadAction","target":["https:\/\/realheart.se\/sv\/artificiella-hjartat-realheart-tah\/mer-om-produkten\/"]}]},{"@type":"ImageObject","inLanguage":"sv-SE","@id":"https:\/\/realheart.se\/sv\/artificiella-hjartat-realheart-tah\/mer-om-produkten\/#primaryimage","url":"https:\/\/realheart.se\/wp-content\/uploads\/2021\/08\/filmbild-4-2-1024x576.jpg","contentUrl":"https:\/\/realheart.se\/wp-content\/uploads\/2021\/08\/filmbild-4-2-1024x576.jpg"},{"@type":"BreadcrumbList","@id":"https:\/\/realheart.se\/sv\/artificiella-hjartat-realheart-tah\/mer-om-produkten\/#breadcrumb","itemListElement":[{"@type":"ListItem","position":1,"name":"Artificiella hj\u00e4rtat","item":"https:\/\/realheart.se\/sv\/artificiella-hjartat-realheart-tah\/"},{"@type":"ListItem","position":2,"name":"Mer om produkten"}]},{"@type":"WebSite","@id":"https:\/\/realheart.se\/#website","url":"https:\/\/realheart.se\/","name":"Realheart","description":"\u00c4r ett medicintekniskt f\u00f6retag som utvecklar ett artificiellt hj\u00e4rta som ska r\u00e4dda liv p\u00e5 sv\u00e5rt hj\u00e4rtsjuka personer som st\u00e5r i transplantationsk\u00f6.","potentialAction":[{"@type":"SearchAction","target":{"@type":"EntryPoint","urlTemplate":"https:\/\/realheart.se\/?s={search_term_string}"},"query-input":{"@type":"PropertyValueSpecification","valueRequired":true,"valueName":"search_term_string"}}],"inLanguage":"sv-SE"}]}},"_links":{"self":[{"href":"https:\/\/realheart.se\/sv\/wp-json\/wp\/v2\/pages\/3029","targetHints":{"allow":["GET"]}}],"collection":[{"href":"https:\/\/realheart.se\/sv\/wp-json\/wp\/v2\/pages"}],"about":[{"href":"https:\/\/realheart.se\/sv\/wp-json\/wp\/v2\/types\/page"}],"author":[{"embeddable":true,"href":"https:\/\/realheart.se\/sv\/wp-json\/wp\/v2\/users\/1"}],"replies":[{"embeddable":true,"href":"https:\/\/realheart.se\/sv\/wp-json\/wp\/v2\/comments?post=3029"}],"version-history":[{"count":17,"href":"https:\/\/realheart.se\/sv\/wp-json\/wp\/v2\/pages\/3029\/revisions"}],"predecessor-version":[{"id":7446,"href":"https:\/\/realheart.se\/sv\/wp-json\/wp\/v2\/pages\/3029\/revisions\/7446"}],"up":[{"embeddable":true,"href":"https:\/\/realheart.se\/sv\/wp-json\/wp\/v2\/pages\/2502"}],"wp:attachment":[{"href":"https:\/\/realheart.se\/sv\/wp-json\/wp\/v2\/media?parent=3029"}],"curies":[{"name":"wp","href":"https:\/\/api.w.org\/{rel}","templated":true}]}}