




{"id":3032,"date":"2018-11-19T09:30:18","date_gmt":"2018-11-19T09:30:18","guid":{"rendered":"https:\/\/realheart.se\/?page_id=3032"},"modified":"2025-05-09T12:25:44","modified_gmt":"2025-05-09T12:25:44","slug":"ovriga-produkter","status":"publish","type":"page","link":"https:\/\/realheart.se\/sv\/artificiella-hjartat-realheart-tah\/ovriga-produkter\/","title":{"rendered":"\u00d6vriga produkter"},"content":{"rendered":"\n<p>Realhearts patentportf\u00f6lj t\u00e4cker ytterligare framtida produkter:<\/p>\n\n\n\n<h4 class=\"wp-block-heading\">Sternalprotes \u2013 br\u00f6stbensprotes<\/h4>\n\n\n\n<p>Sternalprotesen \u00e4r en ny till\u00e4mpning av samma teknik som i till exempel h\u00f6ftproteser och kn\u00e4proteser och kan anv\u00e4ndas till att enkelt och stabilt fixera br\u00f6stbenet vid ett ingrepp i br\u00f6stkorgen. Idag n\u00e4r br\u00f6stbenet \u00f6ppnas upp och sedan f\u00e4sts ihop anv\u00e4nds en metalltr\u00e5d f\u00f6r att sammanfoga strukturen. Det \u00e4r viktigt att patienten efter operationen \u00e4r stilla och framf\u00f6rallt inte belastar armarna, vilket skulle kunna leda till r\u00f6relse av br\u00f6stbenskanterna och f\u00f6rsv\u00e5ra l\u00e4kningsprocessen. Konvalescens brukar ber\u00e4knas till sex till \u00e5tta veckor. Sternalprotesen stabiliserar hela br\u00f6stkorgen direkt, varvid patienten beh\u00f6ver s\u00e4ngl\u00e4ge i en betydligt kortare period. Att tidigt komma p\u00e5 f\u00f6tter och r\u00f6ra sig \u00e4r viktigt f\u00f6r l\u00e4kningsprocessen efter operationer, varf\u00f6r protesen f\u00f6rutom att korta ner konvalescensen, \u00e4ven kan antas minska vanliga postoperationella komplikationer som proppar och lunginflammation.<\/p>\n\n\n\n<h4 class=\"wp-block-heading\">PulsePump\u00ae \u2013 pulserande fl\u00f6de f\u00f6r hj\u00e4rt-lungmaskin<\/h4>\n\n\n\n<p>Hj\u00e4rtpumpen kan ocks\u00e5 utvecklas vidare som ett tillbeh\u00f6r till befintliga hj\u00e4rt-lungmaskiner f\u00f6r att \u00e5stadkomma ett pulserande fl\u00f6de, vilket kan minska den negativa inverkan ett kontinuerligt fl\u00f6de har p\u00e5 vitala organ s\u00e5som njurar och lever.<\/p>\n\n\n\n<h4 class=\"wp-block-heading\">PulseVAD\u00ae \u2013 pulserande v\u00e4nsterkammarassist<\/h4>\n\n\n\n<p>Realhearts hj\u00e4rtpumpsystem har prelimin\u00e4rt utv\u00e4rderats som en assistansl\u00f6sning till det biologiska hj\u00e4rtat utan att helt ers\u00e4tta detta.<\/p>\n","protected":false},"excerpt":{"rendered":"<p>Realhearts patentportf\u00f6lj t\u00e4cker ytterligare framtida produkter: Sternalprotes \u2013 br\u00f6stbensprotes Sternalprotesen \u00e4r en ny till\u00e4mpning av samma teknik som i till exempel h\u00f6ftproteser och kn\u00e4proteser och kan anv\u00e4ndas till att enkelt och stabilt fixera br\u00f6stbenet vid ett ingrepp i br\u00f6stkorgen. Idag n\u00e4r br\u00f6stbenet \u00f6ppnas upp och sedan f\u00e4sts ihop anv\u00e4nds en metalltr\u00e5d f\u00f6r att sammanfoga strukturen&#8230;.<\/p>\n","protected":false},"author":1,"featured_media":0,"parent":2502,"menu_order":0,"comment_status":"closed","ping_status":"closed","template":"","meta":{"_acf_changed":false,"_monsterinsights_skip_tracking":false,"_monsterinsights_sitenote_active":false,"_monsterinsights_sitenote_note":"","_monsterinsights_sitenote_category":0,"footnotes":""},"class_list":["post-3032","page","type-page","status-publish","hentry"],"acf":[],"aioseo_notices":[],"yoast_head":"<!-- This site is optimized with the Yoast SEO plugin v27.3 - https:\/\/yoast.com\/product\/yoast-seo-wordpress\/ -->\n<title>\u00d6vriga produkter - Realheart<\/title>\n<meta name=\"robots\" content=\"index, follow, max-snippet:-1, max-image-preview:large, max-video-preview:-1\" \/>\n<link rel=\"canonical\" href=\"https:\/\/realheart.se\/sv\/artificiella-hjartat-realheart-tah\/ovriga-produkter\/\" \/>\n<meta property=\"og:locale\" content=\"sv_SE\" \/>\n<meta property=\"og:type\" content=\"article\" \/>\n<meta property=\"og:title\" content=\"\u00d6vriga produkter - Realheart\" \/>\n<meta property=\"og:description\" content=\"Realhearts patentportf\u00f6lj t\u00e4cker ytterligare framtida produkter: Sternalprotes \u2013 br\u00f6stbensprotes Sternalprotesen \u00e4r en ny till\u00e4mpning av samma teknik som i till exempel h\u00f6ftproteser och kn\u00e4proteser och kan anv\u00e4ndas till att enkelt och stabilt fixera br\u00f6stbenet vid ett ingrepp i br\u00f6stkorgen. Idag n\u00e4r br\u00f6stbenet \u00f6ppnas upp och sedan f\u00e4sts ihop anv\u00e4nds en metalltr\u00e5d f\u00f6r att sammanfoga strukturen....\" \/>\n<meta property=\"og:url\" content=\"https:\/\/realheart.se\/sv\/artificiella-hjartat-realheart-tah\/ovriga-produkter\/\" \/>\n<meta property=\"og:site_name\" content=\"Realheart\" \/>\n<meta property=\"article:modified_time\" content=\"2025-05-09T12:25:44+00:00\" \/>\n<meta name=\"twitter:card\" content=\"summary_large_image\" \/>\n<meta name=\"twitter:label1\" content=\"Ber\u00e4knad l\u00e4stid\" \/>\n\t<meta name=\"twitter:data1\" content=\"1 minut\" \/>\n<script type=\"application\/ld+json\" class=\"yoast-schema-graph\">{\"@context\":\"https:\\\/\\\/schema.org\",\"@graph\":[{\"@type\":\"WebPage\",\"@id\":\"https:\\\/\\\/realheart.se\\\/sv\\\/artificiella-hjartat-realheart-tah\\\/ovriga-produkter\\\/\",\"url\":\"https:\\\/\\\/realheart.se\\\/sv\\\/artificiella-hjartat-realheart-tah\\\/ovriga-produkter\\\/\",\"name\":\"\u00d6vriga produkter - Realheart\",\"isPartOf\":{\"@id\":\"https:\\\/\\\/realheart.se\\\/#website\"},\"datePublished\":\"2018-11-19T09:30:18+00:00\",\"dateModified\":\"2025-05-09T12:25:44+00:00\",\"breadcrumb\":{\"@id\":\"https:\\\/\\\/realheart.se\\\/sv\\\/artificiella-hjartat-realheart-tah\\\/ovriga-produkter\\\/#breadcrumb\"},\"inLanguage\":\"sv-SE\",\"potentialAction\":[{\"@type\":\"ReadAction\",\"target\":[\"https:\\\/\\\/realheart.se\\\/sv\\\/artificiella-hjartat-realheart-tah\\\/ovriga-produkter\\\/\"]}]},{\"@type\":\"BreadcrumbList\",\"@id\":\"https:\\\/\\\/realheart.se\\\/sv\\\/artificiella-hjartat-realheart-tah\\\/ovriga-produkter\\\/#breadcrumb\",\"itemListElement\":[{\"@type\":\"ListItem\",\"position\":1,\"name\":\"Artificiella hj\u00e4rtat\",\"item\":\"https:\\\/\\\/realheart.se\\\/sv\\\/artificiella-hjartat-realheart-tah\\\/\"},{\"@type\":\"ListItem\",\"position\":2,\"name\":\"\u00d6vriga produkter\"}]},{\"@type\":\"WebSite\",\"@id\":\"https:\\\/\\\/realheart.se\\\/#website\",\"url\":\"https:\\\/\\\/realheart.se\\\/\",\"name\":\"Realheart\",\"description\":\"\u00c4r ett medicintekniskt f\u00f6retag som utvecklar ett artificiellt hj\u00e4rta som ska r\u00e4dda liv p\u00e5 sv\u00e5rt hj\u00e4rtsjuka personer som st\u00e5r i transplantationsk\u00f6.\",\"potentialAction\":[{\"@type\":\"SearchAction\",\"target\":{\"@type\":\"EntryPoint\",\"urlTemplate\":\"https:\\\/\\\/realheart.se\\\/?s={search_term_string}\"},\"query-input\":{\"@type\":\"PropertyValueSpecification\",\"valueRequired\":true,\"valueName\":\"search_term_string\"}}],\"inLanguage\":\"sv-SE\"}]}<\/script>\n<!-- \/ Yoast SEO plugin. -->","yoast_head_json":{"title":"\u00d6vriga produkter - Realheart","robots":{"index":"index","follow":"follow","max-snippet":"max-snippet:-1","max-image-preview":"max-image-preview:large","max-video-preview":"max-video-preview:-1"},"canonical":"https:\/\/realheart.se\/sv\/artificiella-hjartat-realheart-tah\/ovriga-produkter\/","og_locale":"sv_SE","og_type":"article","og_title":"\u00d6vriga produkter - Realheart","og_description":"Realhearts patentportf\u00f6lj t\u00e4cker ytterligare framtida produkter: Sternalprotes \u2013 br\u00f6stbensprotes Sternalprotesen \u00e4r en ny till\u00e4mpning av samma teknik som i till exempel h\u00f6ftproteser och kn\u00e4proteser och kan anv\u00e4ndas till att enkelt och stabilt fixera br\u00f6stbenet vid ett ingrepp i br\u00f6stkorgen. Idag n\u00e4r br\u00f6stbenet \u00f6ppnas upp och sedan f\u00e4sts ihop anv\u00e4nds en metalltr\u00e5d f\u00f6r att sammanfoga strukturen....","og_url":"https:\/\/realheart.se\/sv\/artificiella-hjartat-realheart-tah\/ovriga-produkter\/","og_site_name":"Realheart","article_modified_time":"2025-05-09T12:25:44+00:00","twitter_card":"summary_large_image","twitter_misc":{"Ber\u00e4knad l\u00e4stid":"1 minut"},"schema":{"@context":"https:\/\/schema.org","@graph":[{"@type":"WebPage","@id":"https:\/\/realheart.se\/sv\/artificiella-hjartat-realheart-tah\/ovriga-produkter\/","url":"https:\/\/realheart.se\/sv\/artificiella-hjartat-realheart-tah\/ovriga-produkter\/","name":"\u00d6vriga produkter - Realheart","isPartOf":{"@id":"https:\/\/realheart.se\/#website"},"datePublished":"2018-11-19T09:30:18+00:00","dateModified":"2025-05-09T12:25:44+00:00","breadcrumb":{"@id":"https:\/\/realheart.se\/sv\/artificiella-hjartat-realheart-tah\/ovriga-produkter\/#breadcrumb"},"inLanguage":"sv-SE","potentialAction":[{"@type":"ReadAction","target":["https:\/\/realheart.se\/sv\/artificiella-hjartat-realheart-tah\/ovriga-produkter\/"]}]},{"@type":"BreadcrumbList","@id":"https:\/\/realheart.se\/sv\/artificiella-hjartat-realheart-tah\/ovriga-produkter\/#breadcrumb","itemListElement":[{"@type":"ListItem","position":1,"name":"Artificiella hj\u00e4rtat","item":"https:\/\/realheart.se\/sv\/artificiella-hjartat-realheart-tah\/"},{"@type":"ListItem","position":2,"name":"\u00d6vriga produkter"}]},{"@type":"WebSite","@id":"https:\/\/realheart.se\/#website","url":"https:\/\/realheart.se\/","name":"Realheart","description":"\u00c4r ett medicintekniskt f\u00f6retag som utvecklar ett artificiellt hj\u00e4rta som ska r\u00e4dda liv p\u00e5 sv\u00e5rt hj\u00e4rtsjuka personer som st\u00e5r i transplantationsk\u00f6.","potentialAction":[{"@type":"SearchAction","target":{"@type":"EntryPoint","urlTemplate":"https:\/\/realheart.se\/?s={search_term_string}"},"query-input":{"@type":"PropertyValueSpecification","valueRequired":true,"valueName":"search_term_string"}}],"inLanguage":"sv-SE"}]}},"_links":{"self":[{"href":"https:\/\/realheart.se\/sv\/wp-json\/wp\/v2\/pages\/3032","targetHints":{"allow":["GET"]}}],"collection":[{"href":"https:\/\/realheart.se\/sv\/wp-json\/wp\/v2\/pages"}],"about":[{"href":"https:\/\/realheart.se\/sv\/wp-json\/wp\/v2\/types\/page"}],"author":[{"embeddable":true,"href":"https:\/\/realheart.se\/sv\/wp-json\/wp\/v2\/users\/1"}],"replies":[{"embeddable":true,"href":"https:\/\/realheart.se\/sv\/wp-json\/wp\/v2\/comments?post=3032"}],"version-history":[{"count":10,"href":"https:\/\/realheart.se\/sv\/wp-json\/wp\/v2\/pages\/3032\/revisions"}],"predecessor-version":[{"id":7447,"href":"https:\/\/realheart.se\/sv\/wp-json\/wp\/v2\/pages\/3032\/revisions\/7447"}],"up":[{"embeddable":true,"href":"https:\/\/realheart.se\/sv\/wp-json\/wp\/v2\/pages\/2502"}],"wp:attachment":[{"href":"https:\/\/realheart.se\/sv\/wp-json\/wp\/v2\/media?parent=3032"}],"curies":[{"name":"wp","href":"https:\/\/api.w.org\/{rel}","templated":true}]}}