




{"id":3046,"date":"2018-11-19T09:41:01","date_gmt":"2018-11-19T09:41:01","guid":{"rendered":"https:\/\/realheart.se\/?page_id=3046"},"modified":"2018-11-19T09:41:02","modified_gmt":"2018-11-19T09:41:02","slug":"mission","status":"publish","type":"page","link":"https:\/\/realheart.se\/sv\/foretaget\/mission\/","title":{"rendered":"Mission"},"content":{"rendered":"\n<p>Realhearts mission \u00e4r att med hj\u00e4lp av medicintekniska l\u00f6sningar r\u00e4dda s\u00e5 m\u00e5nga hj\u00e4rtsviktspatienter som m\u00f6jligt samt skapa de b\u00e4sta f\u00f6ruts\u00e4ttningarna f\u00f6r en livsbejakande forts\u00e4ttning p\u00e5 livet.<\/p>\n","protected":false},"excerpt":{"rendered":"<p>Realhearts mission \u00e4r att med hj\u00e4lp av medicintekniska l\u00f6sningar r\u00e4dda s\u00e5 m\u00e5nga hj\u00e4rtsviktspatienter som m\u00f6jligt samt skapa de b\u00e4sta f\u00f6ruts\u00e4ttningarna f\u00f6r en livsbejakande forts\u00e4ttning p\u00e5 livet.<\/p>\n","protected":false},"author":1,"featured_media":0,"parent":13,"menu_order":0,"comment_status":"closed","ping_status":"closed","template":"","meta":{"_acf_changed":false,"_monsterinsights_skip_tracking":false,"_monsterinsights_sitenote_active":false,"_monsterinsights_sitenote_note":"","_monsterinsights_sitenote_category":0,"footnotes":""},"class_list":["post-3046","page","type-page","status-publish","hentry"],"acf":[],"aioseo_notices":[],"yoast_head":"<!-- This site is optimized with the Yoast SEO plugin v27.3 - https:\/\/yoast.com\/product\/yoast-seo-wordpress\/ -->\n<title>Mission - Realheart<\/title>\n<meta name=\"robots\" content=\"index, follow, max-snippet:-1, max-image-preview:large, max-video-preview:-1\" \/>\n<link rel=\"canonical\" href=\"https:\/\/realheart.se\/sv\/foretaget\/mission\/\" \/>\n<meta property=\"og:locale\" content=\"sv_SE\" \/>\n<meta property=\"og:type\" content=\"article\" \/>\n<meta property=\"og:title\" content=\"Mission - Realheart\" \/>\n<meta property=\"og:description\" content=\"Realhearts mission \u00e4r att med hj\u00e4lp av medicintekniska l\u00f6sningar r\u00e4dda s\u00e5 m\u00e5nga hj\u00e4rtsviktspatienter som m\u00f6jligt samt skapa de b\u00e4sta f\u00f6ruts\u00e4ttningarna f\u00f6r en livsbejakande forts\u00e4ttning p\u00e5 livet.\" \/>\n<meta property=\"og:url\" content=\"https:\/\/realheart.se\/sv\/foretaget\/mission\/\" \/>\n<meta property=\"og:site_name\" content=\"Realheart\" \/>\n<meta property=\"article:modified_time\" content=\"2018-11-19T09:41:02+00:00\" \/>\n<meta name=\"twitter:card\" content=\"summary_large_image\" \/>\n<script type=\"application\/ld+json\" class=\"yoast-schema-graph\">{\"@context\":\"https:\\\/\\\/schema.org\",\"@graph\":[{\"@type\":\"WebPage\",\"@id\":\"https:\\\/\\\/realheart.se\\\/sv\\\/foretaget\\\/mission\\\/\",\"url\":\"https:\\\/\\\/realheart.se\\\/sv\\\/foretaget\\\/mission\\\/\",\"name\":\"Mission - Realheart\",\"isPartOf\":{\"@id\":\"https:\\\/\\\/realheart.se\\\/#website\"},\"datePublished\":\"2018-11-19T09:41:01+00:00\",\"dateModified\":\"2018-11-19T09:41:02+00:00\",\"breadcrumb\":{\"@id\":\"https:\\\/\\\/realheart.se\\\/sv\\\/foretaget\\\/mission\\\/#breadcrumb\"},\"inLanguage\":\"sv-SE\",\"potentialAction\":[{\"@type\":\"ReadAction\",\"target\":[\"https:\\\/\\\/realheart.se\\\/sv\\\/foretaget\\\/mission\\\/\"]}]},{\"@type\":\"BreadcrumbList\",\"@id\":\"https:\\\/\\\/realheart.se\\\/sv\\\/foretaget\\\/mission\\\/#breadcrumb\",\"itemListElement\":[{\"@type\":\"ListItem\",\"position\":1,\"name\":\"Om oss\",\"item\":\"https:\\\/\\\/realheart.se\\\/sv\\\/foretaget\\\/\"},{\"@type\":\"ListItem\",\"position\":2,\"name\":\"Mission\"}]},{\"@type\":\"WebSite\",\"@id\":\"https:\\\/\\\/realheart.se\\\/#website\",\"url\":\"https:\\\/\\\/realheart.se\\\/\",\"name\":\"Realheart\",\"description\":\"\u00c4r ett medicintekniskt f\u00f6retag som utvecklar ett artificiellt hj\u00e4rta som ska r\u00e4dda liv p\u00e5 sv\u00e5rt hj\u00e4rtsjuka personer som st\u00e5r i transplantationsk\u00f6.\",\"potentialAction\":[{\"@type\":\"SearchAction\",\"target\":{\"@type\":\"EntryPoint\",\"urlTemplate\":\"https:\\\/\\\/realheart.se\\\/?s={search_term_string}\"},\"query-input\":{\"@type\":\"PropertyValueSpecification\",\"valueRequired\":true,\"valueName\":\"search_term_string\"}}],\"inLanguage\":\"sv-SE\"}]}<\/script>\n<!-- \/ Yoast SEO plugin. -->","yoast_head_json":{"title":"Mission - Realheart","robots":{"index":"index","follow":"follow","max-snippet":"max-snippet:-1","max-image-preview":"max-image-preview:large","max-video-preview":"max-video-preview:-1"},"canonical":"https:\/\/realheart.se\/sv\/foretaget\/mission\/","og_locale":"sv_SE","og_type":"article","og_title":"Mission - Realheart","og_description":"Realhearts mission \u00e4r att med hj\u00e4lp av medicintekniska l\u00f6sningar r\u00e4dda s\u00e5 m\u00e5nga hj\u00e4rtsviktspatienter som m\u00f6jligt samt skapa de b\u00e4sta f\u00f6ruts\u00e4ttningarna f\u00f6r en livsbejakande forts\u00e4ttning p\u00e5 livet.","og_url":"https:\/\/realheart.se\/sv\/foretaget\/mission\/","og_site_name":"Realheart","article_modified_time":"2018-11-19T09:41:02+00:00","twitter_card":"summary_large_image","schema":{"@context":"https:\/\/schema.org","@graph":[{"@type":"WebPage","@id":"https:\/\/realheart.se\/sv\/foretaget\/mission\/","url":"https:\/\/realheart.se\/sv\/foretaget\/mission\/","name":"Mission - Realheart","isPartOf":{"@id":"https:\/\/realheart.se\/#website"},"datePublished":"2018-11-19T09:41:01+00:00","dateModified":"2018-11-19T09:41:02+00:00","breadcrumb":{"@id":"https:\/\/realheart.se\/sv\/foretaget\/mission\/#breadcrumb"},"inLanguage":"sv-SE","potentialAction":[{"@type":"ReadAction","target":["https:\/\/realheart.se\/sv\/foretaget\/mission\/"]}]},{"@type":"BreadcrumbList","@id":"https:\/\/realheart.se\/sv\/foretaget\/mission\/#breadcrumb","itemListElement":[{"@type":"ListItem","position":1,"name":"Om oss","item":"https:\/\/realheart.se\/sv\/foretaget\/"},{"@type":"ListItem","position":2,"name":"Mission"}]},{"@type":"WebSite","@id":"https:\/\/realheart.se\/#website","url":"https:\/\/realheart.se\/","name":"Realheart","description":"\u00c4r ett medicintekniskt f\u00f6retag som utvecklar ett artificiellt hj\u00e4rta som ska r\u00e4dda liv p\u00e5 sv\u00e5rt hj\u00e4rtsjuka personer som st\u00e5r i transplantationsk\u00f6.","potentialAction":[{"@type":"SearchAction","target":{"@type":"EntryPoint","urlTemplate":"https:\/\/realheart.se\/?s={search_term_string}"},"query-input":{"@type":"PropertyValueSpecification","valueRequired":true,"valueName":"search_term_string"}}],"inLanguage":"sv-SE"}]}},"_links":{"self":[{"href":"https:\/\/realheart.se\/sv\/wp-json\/wp\/v2\/pages\/3046","targetHints":{"allow":["GET"]}}],"collection":[{"href":"https:\/\/realheart.se\/sv\/wp-json\/wp\/v2\/pages"}],"about":[{"href":"https:\/\/realheart.se\/sv\/wp-json\/wp\/v2\/types\/page"}],"author":[{"embeddable":true,"href":"https:\/\/realheart.se\/sv\/wp-json\/wp\/v2\/users\/1"}],"replies":[{"embeddable":true,"href":"https:\/\/realheart.se\/sv\/wp-json\/wp\/v2\/comments?post=3046"}],"version-history":[{"count":1,"href":"https:\/\/realheart.se\/sv\/wp-json\/wp\/v2\/pages\/3046\/revisions"}],"predecessor-version":[{"id":3047,"href":"https:\/\/realheart.se\/sv\/wp-json\/wp\/v2\/pages\/3046\/revisions\/3047"}],"up":[{"embeddable":true,"href":"https:\/\/realheart.se\/sv\/wp-json\/wp\/v2\/pages\/13"}],"wp:attachment":[{"href":"https:\/\/realheart.se\/sv\/wp-json\/wp\/v2\/media?parent=3046"}],"curies":[{"name":"wp","href":"https:\/\/api.w.org\/{rel}","templated":true}]}}