




{"id":3536,"date":"2019-03-25T14:46:11","date_gmt":"2019-03-25T14:46:11","guid":{"rendered":"https:\/\/realheart.se\/?page_id=3536"},"modified":"2026-03-06T13:55:27","modified_gmt":"2026-03-06T13:55:27","slug":"patent","status":"publish","type":"page","link":"https:\/\/realheart.se\/sv\/artificiella-hjartat-realheart-tah\/patent\/","title":{"rendered":"Patent"},"content":{"rendered":"\n<p><\/p>\n\n\n\n<p><strong>Realheart innehar ett flertal patent som t\u00e4cker k\u00e4rnteknologin f\u00f6r Realheart\u00ae TAH.<\/strong><\/p>\n\n\n\n<ul class=\"wp-block-list\">\n<li><strong>Det f\u00f6rsta patentet<\/strong> har prioritet fr\u00e5n 2001 i USA, Sverige, Tyskland, \u00d6sterrike, Schweiz och Japan. Det var det f\u00f6rsta patentet som beskrev den helt implanterbara hj\u00e4rtprotesen avsedd att ers\u00e4tta det naturliga hj\u00e4rtats pumpaktivitet.<\/li>\n\n\n\n<li><strong>Det andra patentet <\/strong>ans\u00f6ktes om 2015 och syftar prim\u00e4rt till att t\u00e4cka pumpningsprincipen f\u00f6r enheten och dess struktur och funktioner. Patentskydd f\u00f6r den generella pumpprincipen \u00e4r beviljat i USA, Europa (Storbritannien, Sverige, Tyskland, Frankrike, Italien, Schweiz och Irland), Kina och Indien.<\/li>\n\n\n\n<li><strong>Det tredje patentet,<\/strong> ans\u00f6kt 2017, fokuserar fr\u00e4mst p\u00e5 h\u00f6ljet som omsluter och skyddar ett TAH med fyra kammare. Patentet beviljades i USA, Sverige, Storbritannien, Tyskland, Frankrike, Australien, Japan och Indien f\u00f6r att skydda den senaste versionen av Realheart TAH. Det \u00e4r ocks\u00e5 inskickat f\u00f6r Kanada och v\u00e4ntar p\u00e5 godk\u00e4nnande.<\/li>\n<\/ul>\n\n\n\n<p><strong>Realheart har patentskydd f\u00f6r den ursprungliga pumpkonstruktionen<\/strong> i USA, Storbritannien, Sverige och Tyskland. Patent har beviljats i Sverige, EU, USA och Kina f\u00f6r att skydda den senaste versionen av Realheart\u00ae TAH. <\/p>\n\n\n\n<p><strong>Ett patent f\u00f6r en trycksensor<\/strong> f\u00f6r artificiella hj\u00e4rtan och cirkulationsst\u00f6dsystem s\u00e5som Realheart\u00ae TAH har godk\u00e4nts i Japan, Kina och senast i Europa. Trycksensorpatenten kompletterar kontrollpositionen kring TAH och g\u00e4ller fram till 2041.<\/p>\n\n\n\n<p><strong>Ett patent som omfattar en styrmetod och systemkonfiguration<\/strong> f\u00f6r artificiella hj\u00e4rtprodukter, s\u00e5som Realheart\u00ae TAH, med integrerade \u00e5terkopplingsmekanismer f\u00f6r realtidsreglering av hj\u00e4rtminutvolym, har godk\u00e4nts i Indien. Godk\u00e4nnandet ger patentskydd fram till mars 2041.<\/p>\n\n\n\n<p><strong>Realheart har ocks\u00e5 beviljats patentgodk\u00e4nnande <\/strong>av United States Patent and Trademark Office (USPTO) och Europeiska patentverket (EPO) f\u00f6r k\u00e4rnteknologin i Realheart\u00ae TAH. Dessa patentgodk\u00e4nnanden ger marknadsskydd f\u00f6r enheten fram till 2037. V\u00e4rt att notera \u00e4r de godk\u00e4nda patenten som avser k\u00e4rnteknologin i Realheart\u00ae TAH, strukturen och funktionen hos det totala artificiella hj\u00e4rtat samt den integrerade \u00e5terkopplingsmekanismen som reglerar enhetens hj\u00e4rtminutvolym. De senaste godk\u00e4nnandena ger skydd i Japan fram till 2041, och fler godk\u00e4nnanden inom samma patentfamilj f\u00f6rv\u00e4ntas under 2026.<\/p>\n\n\n\n<p><strong>F\u00f6rutom patentskyddet<\/strong> som beskrivs ovan t\u00e4cker Realhearts patentportf\u00f6lj ocks\u00e5 framtida produkter i FoU-pipelinen: Sternalprotes, PulsePump\u00ae och RealVAD\u00ae.<\/p>\n\n\n\n<p><strong>De marknader d\u00e4r uppfinningarna \u00e4r skyddade <\/strong>\u00e4r de st\u00f6rsta och mest betydelsefulla marknaderna f\u00f6r artificiella hj\u00e4rtan f\u00f6r tillf\u00e4llet. Kina och Indien anses vara viktiga tillv\u00e4xtmarknader.<\/p>\n\n\n\n<p><strong>De befintliga patenten tillsammans med nya patentans\u00f6kningar<\/strong> leder styrelsen till slutsatsen att f\u00f6retaget har en stark patentsituation och ett starkt skydd. F\u00f6rutom ovanst\u00e5ende unders\u00f6ker Realheart m\u00f6jligheten att licensiera tekniken till andra f\u00f6retag.<\/p>\n","protected":false},"excerpt":{"rendered":"<p>Realheart innehar ett flertal patent som t\u00e4cker k\u00e4rnteknologin f\u00f6r Realheart\u00ae TAH. Realheart har patentskydd f\u00f6r den ursprungliga pumpkonstruktionen i USA, Storbritannien, Sverige och Tyskland. Patent har beviljats i Sverige, EU, USA och Kina f\u00f6r att skydda den senaste versionen av Realheart\u00ae TAH. Ett patent f\u00f6r en trycksensor f\u00f6r artificiella hj\u00e4rtan och cirkulationsst\u00f6dsystem s\u00e5som Realheart\u00ae TAH&#8230;<\/p>\n","protected":false},"author":1,"featured_media":0,"parent":2502,"menu_order":0,"comment_status":"closed","ping_status":"closed","template":"","meta":{"_acf_changed":false,"_monsterinsights_skip_tracking":false,"_monsterinsights_sitenote_active":false,"_monsterinsights_sitenote_note":"","_monsterinsights_sitenote_category":0,"footnotes":""},"class_list":["post-3536","page","type-page","status-publish","hentry"],"acf":[],"aioseo_notices":[],"yoast_head":"<!-- This site is optimized with the Yoast SEO plugin v27.3 - https:\/\/yoast.com\/product\/yoast-seo-wordpress\/ -->\n<title>Patent - Realheart<\/title>\n<meta name=\"robots\" content=\"index, follow, max-snippet:-1, max-image-preview:large, max-video-preview:-1\" \/>\n<link rel=\"canonical\" href=\"https:\/\/realheart.se\/sv\/artificiella-hjartat-realheart-tah\/patent\/\" \/>\n<meta property=\"og:locale\" content=\"sv_SE\" \/>\n<meta property=\"og:type\" content=\"article\" \/>\n<meta property=\"og:title\" content=\"Patent - Realheart\" \/>\n<meta property=\"og:description\" content=\"Realheart innehar ett flertal patent som t\u00e4cker k\u00e4rnteknologin f\u00f6r Realheart\u00ae TAH. Realheart har patentskydd f\u00f6r den ursprungliga pumpkonstruktionen i USA, Storbritannien, Sverige och Tyskland. Patent har beviljats i Sverige, EU, USA och Kina f\u00f6r att skydda den senaste versionen av Realheart\u00ae TAH. Ett patent f\u00f6r en trycksensor f\u00f6r artificiella hj\u00e4rtan och cirkulationsst\u00f6dsystem s\u00e5som Realheart\u00ae TAH...\" \/>\n<meta property=\"og:url\" content=\"https:\/\/realheart.se\/sv\/artificiella-hjartat-realheart-tah\/patent\/\" \/>\n<meta property=\"og:site_name\" content=\"Realheart\" \/>\n<meta property=\"article:modified_time\" content=\"2026-03-06T13:55:27+00:00\" \/>\n<meta name=\"twitter:card\" content=\"summary_large_image\" \/>\n<meta name=\"twitter:label1\" content=\"Ber\u00e4knad l\u00e4stid\" \/>\n\t<meta name=\"twitter:data1\" content=\"2 minuter\" \/>\n<script type=\"application\/ld+json\" class=\"yoast-schema-graph\">{\"@context\":\"https:\\\/\\\/schema.org\",\"@graph\":[{\"@type\":\"WebPage\",\"@id\":\"https:\\\/\\\/realheart.se\\\/sv\\\/artificiella-hjartat-realheart-tah\\\/patent\\\/\",\"url\":\"https:\\\/\\\/realheart.se\\\/sv\\\/artificiella-hjartat-realheart-tah\\\/patent\\\/\",\"name\":\"Patent - Realheart\",\"isPartOf\":{\"@id\":\"https:\\\/\\\/realheart.se\\\/#website\"},\"datePublished\":\"2019-03-25T14:46:11+00:00\",\"dateModified\":\"2026-03-06T13:55:27+00:00\",\"breadcrumb\":{\"@id\":\"https:\\\/\\\/realheart.se\\\/sv\\\/artificiella-hjartat-realheart-tah\\\/patent\\\/#breadcrumb\"},\"inLanguage\":\"sv-SE\",\"potentialAction\":[{\"@type\":\"ReadAction\",\"target\":[\"https:\\\/\\\/realheart.se\\\/sv\\\/artificiella-hjartat-realheart-tah\\\/patent\\\/\"]}]},{\"@type\":\"BreadcrumbList\",\"@id\":\"https:\\\/\\\/realheart.se\\\/sv\\\/artificiella-hjartat-realheart-tah\\\/patent\\\/#breadcrumb\",\"itemListElement\":[{\"@type\":\"ListItem\",\"position\":1,\"name\":\"Artificiella hj\u00e4rtat\",\"item\":\"https:\\\/\\\/realheart.se\\\/sv\\\/artificiella-hjartat-realheart-tah\\\/\"},{\"@type\":\"ListItem\",\"position\":2,\"name\":\"Patent\"}]},{\"@type\":\"WebSite\",\"@id\":\"https:\\\/\\\/realheart.se\\\/#website\",\"url\":\"https:\\\/\\\/realheart.se\\\/\",\"name\":\"Realheart\",\"description\":\"\u00c4r ett medicintekniskt f\u00f6retag som utvecklar ett artificiellt hj\u00e4rta som ska r\u00e4dda liv p\u00e5 sv\u00e5rt hj\u00e4rtsjuka personer som st\u00e5r i transplantationsk\u00f6.\",\"potentialAction\":[{\"@type\":\"SearchAction\",\"target\":{\"@type\":\"EntryPoint\",\"urlTemplate\":\"https:\\\/\\\/realheart.se\\\/?s={search_term_string}\"},\"query-input\":{\"@type\":\"PropertyValueSpecification\",\"valueRequired\":true,\"valueName\":\"search_term_string\"}}],\"inLanguage\":\"sv-SE\"}]}<\/script>\n<!-- \/ Yoast SEO plugin. -->","yoast_head_json":{"title":"Patent - Realheart","robots":{"index":"index","follow":"follow","max-snippet":"max-snippet:-1","max-image-preview":"max-image-preview:large","max-video-preview":"max-video-preview:-1"},"canonical":"https:\/\/realheart.se\/sv\/artificiella-hjartat-realheart-tah\/patent\/","og_locale":"sv_SE","og_type":"article","og_title":"Patent - Realheart","og_description":"Realheart innehar ett flertal patent som t\u00e4cker k\u00e4rnteknologin f\u00f6r Realheart\u00ae TAH. Realheart har patentskydd f\u00f6r den ursprungliga pumpkonstruktionen i USA, Storbritannien, Sverige och Tyskland. Patent har beviljats i Sverige, EU, USA och Kina f\u00f6r att skydda den senaste versionen av Realheart\u00ae TAH. Ett patent f\u00f6r en trycksensor f\u00f6r artificiella hj\u00e4rtan och cirkulationsst\u00f6dsystem s\u00e5som Realheart\u00ae TAH...","og_url":"https:\/\/realheart.se\/sv\/artificiella-hjartat-realheart-tah\/patent\/","og_site_name":"Realheart","article_modified_time":"2026-03-06T13:55:27+00:00","twitter_card":"summary_large_image","twitter_misc":{"Ber\u00e4knad l\u00e4stid":"2 minuter"},"schema":{"@context":"https:\/\/schema.org","@graph":[{"@type":"WebPage","@id":"https:\/\/realheart.se\/sv\/artificiella-hjartat-realheart-tah\/patent\/","url":"https:\/\/realheart.se\/sv\/artificiella-hjartat-realheart-tah\/patent\/","name":"Patent - Realheart","isPartOf":{"@id":"https:\/\/realheart.se\/#website"},"datePublished":"2019-03-25T14:46:11+00:00","dateModified":"2026-03-06T13:55:27+00:00","breadcrumb":{"@id":"https:\/\/realheart.se\/sv\/artificiella-hjartat-realheart-tah\/patent\/#breadcrumb"},"inLanguage":"sv-SE","potentialAction":[{"@type":"ReadAction","target":["https:\/\/realheart.se\/sv\/artificiella-hjartat-realheart-tah\/patent\/"]}]},{"@type":"BreadcrumbList","@id":"https:\/\/realheart.se\/sv\/artificiella-hjartat-realheart-tah\/patent\/#breadcrumb","itemListElement":[{"@type":"ListItem","position":1,"name":"Artificiella hj\u00e4rtat","item":"https:\/\/realheart.se\/sv\/artificiella-hjartat-realheart-tah\/"},{"@type":"ListItem","position":2,"name":"Patent"}]},{"@type":"WebSite","@id":"https:\/\/realheart.se\/#website","url":"https:\/\/realheart.se\/","name":"Realheart","description":"\u00c4r ett medicintekniskt f\u00f6retag som utvecklar ett artificiellt hj\u00e4rta som ska r\u00e4dda liv p\u00e5 sv\u00e5rt hj\u00e4rtsjuka personer som st\u00e5r i transplantationsk\u00f6.","potentialAction":[{"@type":"SearchAction","target":{"@type":"EntryPoint","urlTemplate":"https:\/\/realheart.se\/?s={search_term_string}"},"query-input":{"@type":"PropertyValueSpecification","valueRequired":true,"valueName":"search_term_string"}}],"inLanguage":"sv-SE"}]}},"_links":{"self":[{"href":"https:\/\/realheart.se\/sv\/wp-json\/wp\/v2\/pages\/3536","targetHints":{"allow":["GET"]}}],"collection":[{"href":"https:\/\/realheart.se\/sv\/wp-json\/wp\/v2\/pages"}],"about":[{"href":"https:\/\/realheart.se\/sv\/wp-json\/wp\/v2\/types\/page"}],"author":[{"embeddable":true,"href":"https:\/\/realheart.se\/sv\/wp-json\/wp\/v2\/users\/1"}],"replies":[{"embeddable":true,"href":"https:\/\/realheart.se\/sv\/wp-json\/wp\/v2\/comments?post=3536"}],"version-history":[{"count":9,"href":"https:\/\/realheart.se\/sv\/wp-json\/wp\/v2\/pages\/3536\/revisions"}],"predecessor-version":[{"id":7793,"href":"https:\/\/realheart.se\/sv\/wp-json\/wp\/v2\/pages\/3536\/revisions\/7793"}],"up":[{"embeddable":true,"href":"https:\/\/realheart.se\/sv\/wp-json\/wp\/v2\/pages\/2502"}],"wp:attachment":[{"href":"https:\/\/realheart.se\/sv\/wp-json\/wp\/v2\/media?parent=3536"}],"curies":[{"name":"wp","href":"https:\/\/api.w.org\/{rel}","templated":true}]}}