




{"id":36,"date":"2016-10-26T16:07:46","date_gmt":"2016-10-26T14:07:46","guid":{"rendered":"http:\/\/https:\/\/realheart.se\/?page_id=36"},"modified":"2016-10-26T16:07:46","modified_gmt":"2016-10-26T14:07:46","slug":"csr-policy","status":"publish","type":"page","link":"https:\/\/realheart.se\/sv\/foretaget\/csr-policy\/","title":{"rendered":"CSR -Policy"},"content":{"rendered":"<div id=\"content\">\n<div class=\"entry\">\n<div id=\"post-45\" class=\"post-45 page type-page status-publish hentry\">\n<h3>Policy f\u00f6r Corporate Social Responsibility (CSR)<\/h3>\n<div class=\"entry-content clearfix\">\n<p>\u00d6vergripande s\u00e5 inneb\u00e4r <em>corporate responsibility<\/em> f\u00f6r Scandinavian Real Heart att vi bedriver v\u00e5r verksamhet p\u00e5 ett korrekt s\u00e4tt vad g\u00e4ller olika etikaspekter, social agerande samt milj\u00f6h\u00e4nsyn. Detta inneb\u00e4r att vi respekterar m\u00e4nniskor, samh\u00e4lle och milj\u00f6.<\/p>\n<p><strong>Patienter<br \/>\n<\/strong>V\u00e5rt f\u00f6rsta och st\u00f6rsta ansvar g\u00e4ller de patienter som slutligen ska anv\u00e4nda v\u00e5ra produkter och tj\u00e4nster. Allt vi g\u00f6r m\u00e5ste vara av h\u00f6gsta kvalitet. Vi m\u00e5ste kontinuerligt str\u00e4va efter att minska v\u00e5ra kostnader f\u00f6r att kunna h\u00e5lla rimliga priser. Patienter och kunder m\u00e5ste f\u00e5 snabb och korrekt service.<\/p>\n<p><strong>Milj\u00f6<br \/>\n<\/strong>Vi m\u00e5ste uppmuntra f\u00f6rb\u00e4ttringar f\u00f6r medborgarna, exempelvis att etablera en b\u00e4ttre h\u00e4lsosituation. Vi m\u00e5ste underh\u00e5lla de tillg\u00e5ngar vi har privilegiet att anv\u00e4nda, skydda milj\u00f6 och naturresurser.<\/p>\n<p><strong>Korruption<br \/>\n<\/strong>Vi kommer alltid att k\u00e4mpa mot alla former av korruption. V\u00e5ra medarbetare och partners kommer alltid att handla p\u00e5 ett etiskt korrekt s\u00e4tt f\u00f6r att f\u00f6rhindra alla former av korrupt agerande.<\/p>\n<p><strong>Medborgare<br \/>\n<\/strong>Vi m\u00e5ste vara goda medborgare \u2013 st\u00f6dja goda insatser och v\u00e4lg\u00f6renhetsarbete samt b\u00e4ra v\u00e5r sk\u00e4liga skatteandel. Vi har ett ansvar gentemot det samh\u00e4lle vi lever och arbetar i och \u00e4ven gentemot v\u00e4rldssamfundet.<\/p>\n<p><strong>Aff\u00e4rspartners<br \/>\n<\/strong>V\u00e5ra aff\u00e4rspartners m\u00e5ste respektera den CSR-policy som beskrivs i detta dokument. N\u00e4r vi s\u00f6ker efter nya aff\u00e4rspartners kommer vi att utv\u00e4rdera kandidater baserade p\u00e5 deras styrka inom det aktuella omr\u00e5det, oavsett nationalitet och storlek.<\/p>\n<p><strong>Aktie\u00e4gare<br \/>\n<\/strong>Vi har finansiellt ansvar gentemot v\u00e5ra aktie\u00e4gare. Verksamheten m\u00e5ste g\u00f6ra en sund vinst. Vi m\u00e5ste utforska nya id\u00e9er. Forskning m\u00e5ste bedrivas l\u00f6pande, innovationsprogram utvecklas och misstag regleras. Ny utrustning m\u00e5ste utvecklas, nya tj\u00e4nster erbjudas och nya behandlingsmetoder lanseras. V\u00e5rt agerande efter dessa principer leder till att aktie\u00e4garna f\u00e5r en rimlig avkastning.<\/p>\n<p>&nbsp;<\/p>\n<\/div>\n<\/div>\n<\/div>\n<\/div>\n","protected":false},"excerpt":{"rendered":"<p>Policy f\u00f6r Corporate Social Responsibility (CSR) \u00d6vergripande s\u00e5 inneb\u00e4r corporate responsibility f\u00f6r Scandinavian Real Heart att vi bedriver v\u00e5r verksamhet p\u00e5 ett korrekt s\u00e4tt vad g\u00e4ller olika etikaspekter, social agerande samt milj\u00f6h\u00e4nsyn. Detta inneb\u00e4r att vi respekterar m\u00e4nniskor, samh\u00e4lle och milj\u00f6. Patienter V\u00e5rt f\u00f6rsta och st\u00f6rsta ansvar g\u00e4ller de patienter som slutligen ska anv\u00e4nda v\u00e5ra&#8230;<\/p>\n","protected":false},"author":1,"featured_media":0,"parent":13,"menu_order":40,"comment_status":"closed","ping_status":"closed","template":"","meta":{"_acf_changed":false,"_monsterinsights_skip_tracking":false,"_monsterinsights_sitenote_active":false,"_monsterinsights_sitenote_note":"","_monsterinsights_sitenote_category":0,"footnotes":""},"class_list":["post-36","page","type-page","status-publish","hentry"],"acf":[],"aioseo_notices":[],"yoast_head":"<!-- This site is optimized with the Yoast SEO plugin v27.3 - https:\/\/yoast.com\/product\/yoast-seo-wordpress\/ -->\n<title>CSR -Policy - Realheart<\/title>\n<meta name=\"robots\" content=\"index, follow, max-snippet:-1, max-image-preview:large, max-video-preview:-1\" \/>\n<link rel=\"canonical\" href=\"https:\/\/realheart.se\/sv\/foretaget\/csr-policy\/\" \/>\n<meta property=\"og:locale\" content=\"sv_SE\" \/>\n<meta property=\"og:type\" content=\"article\" \/>\n<meta property=\"og:title\" content=\"CSR -Policy - Realheart\" \/>\n<meta property=\"og:description\" content=\"Policy f\u00f6r Corporate Social Responsibility (CSR) \u00d6vergripande s\u00e5 inneb\u00e4r corporate responsibility f\u00f6r Scandinavian Real Heart att vi bedriver v\u00e5r verksamhet p\u00e5 ett korrekt s\u00e4tt vad g\u00e4ller olika etikaspekter, social agerande samt milj\u00f6h\u00e4nsyn. Detta inneb\u00e4r att vi respekterar m\u00e4nniskor, samh\u00e4lle och milj\u00f6. Patienter V\u00e5rt f\u00f6rsta och st\u00f6rsta ansvar g\u00e4ller de patienter som slutligen ska anv\u00e4nda v\u00e5ra...\" \/>\n<meta property=\"og:url\" content=\"https:\/\/realheart.se\/sv\/foretaget\/csr-policy\/\" \/>\n<meta property=\"og:site_name\" content=\"Realheart\" \/>\n<meta name=\"twitter:card\" content=\"summary_large_image\" \/>\n<meta name=\"twitter:label1\" content=\"Ber\u00e4knad l\u00e4stid\" \/>\n\t<meta name=\"twitter:data1\" content=\"2 minuter\" \/>\n<script type=\"application\/ld+json\" class=\"yoast-schema-graph\">{\"@context\":\"https:\\\/\\\/schema.org\",\"@graph\":[{\"@type\":\"WebPage\",\"@id\":\"https:\\\/\\\/realheart.se\\\/sv\\\/foretaget\\\/csr-policy\\\/\",\"url\":\"https:\\\/\\\/realheart.se\\\/sv\\\/foretaget\\\/csr-policy\\\/\",\"name\":\"CSR -Policy - Realheart\",\"isPartOf\":{\"@id\":\"https:\\\/\\\/realheart.se\\\/#website\"},\"datePublished\":\"2016-10-26T14:07:46+00:00\",\"breadcrumb\":{\"@id\":\"https:\\\/\\\/realheart.se\\\/sv\\\/foretaget\\\/csr-policy\\\/#breadcrumb\"},\"inLanguage\":\"sv-SE\",\"potentialAction\":[{\"@type\":\"ReadAction\",\"target\":[\"https:\\\/\\\/realheart.se\\\/sv\\\/foretaget\\\/csr-policy\\\/\"]}]},{\"@type\":\"BreadcrumbList\",\"@id\":\"https:\\\/\\\/realheart.se\\\/sv\\\/foretaget\\\/csr-policy\\\/#breadcrumb\",\"itemListElement\":[{\"@type\":\"ListItem\",\"position\":1,\"name\":\"Om oss\",\"item\":\"https:\\\/\\\/realheart.se\\\/sv\\\/foretaget\\\/\"},{\"@type\":\"ListItem\",\"position\":2,\"name\":\"CSR -Policy\"}]},{\"@type\":\"WebSite\",\"@id\":\"https:\\\/\\\/realheart.se\\\/#website\",\"url\":\"https:\\\/\\\/realheart.se\\\/\",\"name\":\"Realheart\",\"description\":\"\u00c4r ett medicintekniskt f\u00f6retag som utvecklar ett artificiellt hj\u00e4rta som ska r\u00e4dda liv p\u00e5 sv\u00e5rt hj\u00e4rtsjuka personer som st\u00e5r i transplantationsk\u00f6.\",\"potentialAction\":[{\"@type\":\"SearchAction\",\"target\":{\"@type\":\"EntryPoint\",\"urlTemplate\":\"https:\\\/\\\/realheart.se\\\/?s={search_term_string}\"},\"query-input\":{\"@type\":\"PropertyValueSpecification\",\"valueRequired\":true,\"valueName\":\"search_term_string\"}}],\"inLanguage\":\"sv-SE\"}]}<\/script>\n<!-- \/ Yoast SEO plugin. -->","yoast_head_json":{"title":"CSR -Policy - Realheart","robots":{"index":"index","follow":"follow","max-snippet":"max-snippet:-1","max-image-preview":"max-image-preview:large","max-video-preview":"max-video-preview:-1"},"canonical":"https:\/\/realheart.se\/sv\/foretaget\/csr-policy\/","og_locale":"sv_SE","og_type":"article","og_title":"CSR -Policy - Realheart","og_description":"Policy f\u00f6r Corporate Social Responsibility (CSR) \u00d6vergripande s\u00e5 inneb\u00e4r corporate responsibility f\u00f6r Scandinavian Real Heart att vi bedriver v\u00e5r verksamhet p\u00e5 ett korrekt s\u00e4tt vad g\u00e4ller olika etikaspekter, social agerande samt milj\u00f6h\u00e4nsyn. Detta inneb\u00e4r att vi respekterar m\u00e4nniskor, samh\u00e4lle och milj\u00f6. Patienter V\u00e5rt f\u00f6rsta och st\u00f6rsta ansvar g\u00e4ller de patienter som slutligen ska anv\u00e4nda v\u00e5ra...","og_url":"https:\/\/realheart.se\/sv\/foretaget\/csr-policy\/","og_site_name":"Realheart","twitter_card":"summary_large_image","twitter_misc":{"Ber\u00e4knad l\u00e4stid":"2 minuter"},"schema":{"@context":"https:\/\/schema.org","@graph":[{"@type":"WebPage","@id":"https:\/\/realheart.se\/sv\/foretaget\/csr-policy\/","url":"https:\/\/realheart.se\/sv\/foretaget\/csr-policy\/","name":"CSR -Policy - Realheart","isPartOf":{"@id":"https:\/\/realheart.se\/#website"},"datePublished":"2016-10-26T14:07:46+00:00","breadcrumb":{"@id":"https:\/\/realheart.se\/sv\/foretaget\/csr-policy\/#breadcrumb"},"inLanguage":"sv-SE","potentialAction":[{"@type":"ReadAction","target":["https:\/\/realheart.se\/sv\/foretaget\/csr-policy\/"]}]},{"@type":"BreadcrumbList","@id":"https:\/\/realheart.se\/sv\/foretaget\/csr-policy\/#breadcrumb","itemListElement":[{"@type":"ListItem","position":1,"name":"Om oss","item":"https:\/\/realheart.se\/sv\/foretaget\/"},{"@type":"ListItem","position":2,"name":"CSR -Policy"}]},{"@type":"WebSite","@id":"https:\/\/realheart.se\/#website","url":"https:\/\/realheart.se\/","name":"Realheart","description":"\u00c4r ett medicintekniskt f\u00f6retag som utvecklar ett artificiellt hj\u00e4rta som ska r\u00e4dda liv p\u00e5 sv\u00e5rt hj\u00e4rtsjuka personer som st\u00e5r i transplantationsk\u00f6.","potentialAction":[{"@type":"SearchAction","target":{"@type":"EntryPoint","urlTemplate":"https:\/\/realheart.se\/?s={search_term_string}"},"query-input":{"@type":"PropertyValueSpecification","valueRequired":true,"valueName":"search_term_string"}}],"inLanguage":"sv-SE"}]}},"_links":{"self":[{"href":"https:\/\/realheart.se\/sv\/wp-json\/wp\/v2\/pages\/36","targetHints":{"allow":["GET"]}}],"collection":[{"href":"https:\/\/realheart.se\/sv\/wp-json\/wp\/v2\/pages"}],"about":[{"href":"https:\/\/realheart.se\/sv\/wp-json\/wp\/v2\/types\/page"}],"author":[{"embeddable":true,"href":"https:\/\/realheart.se\/sv\/wp-json\/wp\/v2\/users\/1"}],"replies":[{"embeddable":true,"href":"https:\/\/realheart.se\/sv\/wp-json\/wp\/v2\/comments?post=36"}],"version-history":[{"count":0,"href":"https:\/\/realheart.se\/sv\/wp-json\/wp\/v2\/pages\/36\/revisions"}],"up":[{"embeddable":true,"href":"https:\/\/realheart.se\/sv\/wp-json\/wp\/v2\/pages\/13"}],"wp:attachment":[{"href":"https:\/\/realheart.se\/sv\/wp-json\/wp\/v2\/media?parent=36"}],"curies":[{"name":"wp","href":"https:\/\/api.w.org\/{rel}","templated":true}]}}