




{"id":3627,"date":"2019-06-17T12:11:16","date_gmt":"2019-06-17T12:11:16","guid":{"rendered":"https:\/\/realheart.se\/?page_id=3627"},"modified":"2021-08-16T11:11:51","modified_gmt":"2021-08-16T11:11:51","slug":"karriar","status":"publish","type":"page","link":"https:\/\/realheart.se\/sv\/karriar\/","title":{"rendered":"Karri\u00e4r"},"content":{"rendered":"\n<p>Hos Realheart spelar alla roll. Vi \u00e4r ett tv\u00e4rvetenskapligt team best\u00e5ende av bland annat ingenj\u00f6rer, kirurger och biomedicinska forskare. Alla bidrar med sin bit till pusslet. Om du vill arbeta med tekniska utmaningar i framkant inom forskning och utveckling av artificiella hj\u00e4rtan och i ett t\u00e4tt sammansvetsat team, d\u00e5 kan nog Realheart vara platsen f\u00f6r dig.&nbsp;<\/p>\n\n\n\n<p>Vi investerar i utveckling av v\u00e5r personal. Vi uppmuntrar vidareutbildning, f\u00f6rfattande av vetenskapliga publikationer och deltagande i konferenser. Vi anser att ett m\u00e5ngsidigt team \u00e4r ett starkare team och uppmuntrar d\u00e4rf\u00f6r s\u00e5v\u00e4l m\u00e4n som kvinnor och personer fr\u00e5n olika nationaliteter att \u00f6verv\u00e4ga en karri\u00e4r hos Realheart.<\/p>\n\n\n\n<div style=\"height:33px\" aria-hidden=\"true\" class=\"wp-block-spacer\"><\/div>\n\n\n\n<hr class=\"wp-block-separator is-style-wide\"\/>\n\n\n\n<p><\/p>\n","protected":false},"excerpt":{"rendered":"<p>Hos Realheart spelar alla roll. Vi \u00e4r ett tv\u00e4rvetenskapligt team best\u00e5ende av bland annat ingenj\u00f6rer, kirurger och biomedicinska forskare. Alla bidrar med sin bit till pusslet. Om du vill arbeta med tekniska utmaningar i framkant inom forskning och utveckling av artificiella hj\u00e4rtan och i ett t\u00e4tt sammansvetsat team, d\u00e5 kan nog Realheart vara platsen f\u00f6r&#8230;<\/p>\n","protected":false},"author":1,"featured_media":0,"parent":0,"menu_order":0,"comment_status":"closed","ping_status":"closed","template":"","meta":{"_acf_changed":false,"_monsterinsights_skip_tracking":false,"_monsterinsights_sitenote_active":false,"_monsterinsights_sitenote_note":"","_monsterinsights_sitenote_category":0,"footnotes":""},"class_list":["post-3627","page","type-page","status-publish","hentry"],"acf":[],"aioseo_notices":[],"yoast_head":"<!-- This site is optimized with the Yoast SEO plugin v27.3 - https:\/\/yoast.com\/product\/yoast-seo-wordpress\/ -->\n<title>Karri\u00e4r - Realheart<\/title>\n<meta name=\"robots\" content=\"index, follow, max-snippet:-1, max-image-preview:large, max-video-preview:-1\" \/>\n<link rel=\"canonical\" href=\"https:\/\/realheart.se\/sv\/karriar\/\" \/>\n<meta property=\"og:locale\" content=\"sv_SE\" \/>\n<meta property=\"og:type\" content=\"article\" \/>\n<meta property=\"og:title\" content=\"Karri\u00e4r - Realheart\" \/>\n<meta property=\"og:description\" content=\"Hos Realheart spelar alla roll. Vi \u00e4r ett tv\u00e4rvetenskapligt team best\u00e5ende av bland annat ingenj\u00f6rer, kirurger och biomedicinska forskare. Alla bidrar med sin bit till pusslet. Om du vill arbeta med tekniska utmaningar i framkant inom forskning och utveckling av artificiella hj\u00e4rtan och i ett t\u00e4tt sammansvetsat team, d\u00e5 kan nog Realheart vara platsen f\u00f6r...\" \/>\n<meta property=\"og:url\" content=\"https:\/\/realheart.se\/sv\/karriar\/\" \/>\n<meta property=\"og:site_name\" content=\"Realheart\" \/>\n<meta property=\"article:modified_time\" content=\"2021-08-16T11:11:51+00:00\" \/>\n<meta name=\"twitter:card\" content=\"summary_large_image\" \/>\n<meta name=\"twitter:label1\" content=\"Ber\u00e4knad l\u00e4stid\" \/>\n\t<meta name=\"twitter:data1\" content=\"1 minut\" \/>\n<script type=\"application\/ld+json\" class=\"yoast-schema-graph\">{\"@context\":\"https:\\\/\\\/schema.org\",\"@graph\":[{\"@type\":\"WebPage\",\"@id\":\"https:\\\/\\\/realheart.se\\\/sv\\\/karriar\\\/\",\"url\":\"https:\\\/\\\/realheart.se\\\/sv\\\/karriar\\\/\",\"name\":\"Karri\u00e4r - Realheart\",\"isPartOf\":{\"@id\":\"https:\\\/\\\/realheart.se\\\/#website\"},\"datePublished\":\"2019-06-17T12:11:16+00:00\",\"dateModified\":\"2021-08-16T11:11:51+00:00\",\"inLanguage\":\"sv-SE\",\"potentialAction\":[{\"@type\":\"ReadAction\",\"target\":[\"https:\\\/\\\/realheart.se\\\/sv\\\/karriar\\\/\"]}]},{\"@type\":\"WebSite\",\"@id\":\"https:\\\/\\\/realheart.se\\\/#website\",\"url\":\"https:\\\/\\\/realheart.se\\\/\",\"name\":\"Realheart\",\"description\":\"\u00c4r ett medicintekniskt f\u00f6retag som utvecklar ett artificiellt hj\u00e4rta som ska r\u00e4dda liv p\u00e5 sv\u00e5rt hj\u00e4rtsjuka personer som st\u00e5r i transplantationsk\u00f6.\",\"potentialAction\":[{\"@type\":\"SearchAction\",\"target\":{\"@type\":\"EntryPoint\",\"urlTemplate\":\"https:\\\/\\\/realheart.se\\\/?s={search_term_string}\"},\"query-input\":{\"@type\":\"PropertyValueSpecification\",\"valueRequired\":true,\"valueName\":\"search_term_string\"}}],\"inLanguage\":\"sv-SE\"}]}<\/script>\n<!-- \/ Yoast SEO plugin. -->","yoast_head_json":{"title":"Karri\u00e4r - Realheart","robots":{"index":"index","follow":"follow","max-snippet":"max-snippet:-1","max-image-preview":"max-image-preview:large","max-video-preview":"max-video-preview:-1"},"canonical":"https:\/\/realheart.se\/sv\/karriar\/","og_locale":"sv_SE","og_type":"article","og_title":"Karri\u00e4r - Realheart","og_description":"Hos Realheart spelar alla roll. Vi \u00e4r ett tv\u00e4rvetenskapligt team best\u00e5ende av bland annat ingenj\u00f6rer, kirurger och biomedicinska forskare. Alla bidrar med sin bit till pusslet. Om du vill arbeta med tekniska utmaningar i framkant inom forskning och utveckling av artificiella hj\u00e4rtan och i ett t\u00e4tt sammansvetsat team, d\u00e5 kan nog Realheart vara platsen f\u00f6r...","og_url":"https:\/\/realheart.se\/sv\/karriar\/","og_site_name":"Realheart","article_modified_time":"2021-08-16T11:11:51+00:00","twitter_card":"summary_large_image","twitter_misc":{"Ber\u00e4knad l\u00e4stid":"1 minut"},"schema":{"@context":"https:\/\/schema.org","@graph":[{"@type":"WebPage","@id":"https:\/\/realheart.se\/sv\/karriar\/","url":"https:\/\/realheart.se\/sv\/karriar\/","name":"Karri\u00e4r - Realheart","isPartOf":{"@id":"https:\/\/realheart.se\/#website"},"datePublished":"2019-06-17T12:11:16+00:00","dateModified":"2021-08-16T11:11:51+00:00","inLanguage":"sv-SE","potentialAction":[{"@type":"ReadAction","target":["https:\/\/realheart.se\/sv\/karriar\/"]}]},{"@type":"WebSite","@id":"https:\/\/realheart.se\/#website","url":"https:\/\/realheart.se\/","name":"Realheart","description":"\u00c4r ett medicintekniskt f\u00f6retag som utvecklar ett artificiellt hj\u00e4rta som ska r\u00e4dda liv p\u00e5 sv\u00e5rt hj\u00e4rtsjuka personer som st\u00e5r i transplantationsk\u00f6.","potentialAction":[{"@type":"SearchAction","target":{"@type":"EntryPoint","urlTemplate":"https:\/\/realheart.se\/?s={search_term_string}"},"query-input":{"@type":"PropertyValueSpecification","valueRequired":true,"valueName":"search_term_string"}}],"inLanguage":"sv-SE"}]}},"_links":{"self":[{"href":"https:\/\/realheart.se\/sv\/wp-json\/wp\/v2\/pages\/3627","targetHints":{"allow":["GET"]}}],"collection":[{"href":"https:\/\/realheart.se\/sv\/wp-json\/wp\/v2\/pages"}],"about":[{"href":"https:\/\/realheart.se\/sv\/wp-json\/wp\/v2\/types\/page"}],"author":[{"embeddable":true,"href":"https:\/\/realheart.se\/sv\/wp-json\/wp\/v2\/users\/1"}],"replies":[{"embeddable":true,"href":"https:\/\/realheart.se\/sv\/wp-json\/wp\/v2\/comments?post=3627"}],"version-history":[{"count":25,"href":"https:\/\/realheart.se\/sv\/wp-json\/wp\/v2\/pages\/3627\/revisions"}],"predecessor-version":[{"id":4535,"href":"https:\/\/realheart.se\/sv\/wp-json\/wp\/v2\/pages\/3627\/revisions\/4535"}],"wp:attachment":[{"href":"https:\/\/realheart.se\/sv\/wp-json\/wp\/v2\/media?parent=3627"}],"curies":[{"name":"wp","href":"https:\/\/api.w.org\/{rel}","templated":true}]}}