




{"id":3679,"date":"2019-10-24T15:39:21","date_gmt":"2019-10-24T15:39:21","guid":{"rendered":"https:\/\/realheart.se\/?page_id=3679"},"modified":"2026-04-21T09:19:17","modified_gmt":"2026-04-21T09:19:17","slug":"vetenskapliga-artiklar","status":"publish","type":"page","link":"https:\/\/realheart.se\/sv\/fou\/vetenskapliga-artiklar\/","title":{"rendered":"Vetenskapliga artiklar"},"content":{"rendered":"\n<h2 class=\"wp-block-heading\">Vetenskapliga artiklar om Realheart\u00ae TAH<\/h2>\n\n\n\n<h2 class=\"wp-block-heading\">2026<\/h2>\n\n\n\n<p><a href=\"https:\/\/onlinelibrary.wiley.com\/doi\/10.1111\/aor.70149\"><strong>&#8221;In Vitro Hemolytic Performance of the Novel Realheart Total Artificial Heart Versus SynCardia Total Artificial Heart With Human Blood.&#8221;<\/strong><\/a><br><em>Publicerad i: Artificial Organs (AO)<\/em><\/p>\n\n\n\n<h2 class=\"wp-block-heading\">2025<\/h2>\n\n\n\n<p><strong><a href=\"https:\/\/realheart.se\/wp-content\/uploads\/2025\/08\/artificial-organs-2025-perra-physiological-control-of-realheart-total-artificial-heart.pdf\">\u201dPhysiological Control of Realheart Total Artificial Heart\u201d<\/a><\/strong><br><em>Publicerad i:  Artificial Organs (AO)<\/em><\/p>\n\n\n\n<p><strong><a href=\"https:\/\/realheart.se\/wp-content\/uploads\/2025\/09\/bakker-et-al-2025-scientific-reports.pdf\">\u201d4D flow MRI enhances prototype<br>testing of a total artificial heart\u201d<\/a><\/strong><br><em>Publicerad i: Scientific Reports<\/em><\/p>\n\n\n\n<h2 class=\"wp-block-heading\">2024<\/h2>\n\n\n\n<p><strong><a href=\"https:\/\/realheart.se\/wp-content\/uploads\/2024\/10\/bornoff-et-al-2024-assessment-of-haemolysis-models-for-a-positive-displacement-total-artificial-heart.pdf\">&#8221;Assessment of Haemolysis Models for a Positive Displacement Total-Artificial Heart&#8221;<\/a><\/strong><br><em>Publicerad i: The International Journal of Artificial Organs (IJAO)<\/em><\/p>\n\n\n\n<h2 class=\"wp-block-heading\">2023<\/h2>\n\n\n\n<p><strong><a href=\"https:\/\/realheart.se\/wp-content\/uploads\/2023\/05\/overset-meshing-in-combination-with-novel-blended-weak-strong-fluid-structure-interactions-for-simulations-of-a-translating-valve-230419.pdf\">&#8221;Overset meshing in combination with novel blended weak-strong fluid-structure interactions for simulations of a translating valve in series with a second valve&#8221;<\/a><\/strong><br><em>Publicerad i: Computer Methods in Biomechanics and Biomedical Engineering <\/em><\/p>\n\n\n\n<p><strong><a href=\"https:\/\/onlinelibrary.wiley.com\/doi\/abs\/10.1111\/aor.14533\">&#8221;In Vitro Hemolytic Performance of the Realheart V11C TAH Prototype with Porcine Blood.&#8221;<\/a><\/strong><br><em>Publicerad i: <\/em>Artificial Organs (AO)<\/p>\n\n\n\n<p><strong><a href=\"https:\/\/realheart.se\/wp-content\/uploads\/2023\/04\/fluidstructure-interaction-modelling-of-a-positivedisplacement-total-artificial-heart-230414.pdf\">\u201cFluid\u2013structure Interaction Modelling of a Positive\u2011Displacement Total Artificial Heart.\u201d<\/a><\/strong><br><em>Publicerad i: Scientific Reports<\/em><\/p>\n\n\n\n<h2 class=\"wp-block-heading\">2022<\/h2>\n\n\n\n<p><a href=\"https:\/\/onlinelibrary.wiley.com\/doi\/abs\/10.1111\/aor.14223\"><strong>\u201cHemodynamic characterization of the Realheart\u00ae total artificial heart with a hybrid cardiovascular simulator.\u201d<\/strong><\/a><strong><br><\/strong><em>Publicerad i: Artificial Organs<\/em> (AO)<\/p>\n\n\n\n<h2 class=\"wp-block-heading\">2021<\/h2>\n\n\n\n<p><strong><a href=\"https:\/\/onlinelibrary.wiley.com\/doi\/full\/10.1111\/aor.14056\">\u201cVideo-based valve motion combined with computational fluid dynamics gives stable and accurate simulations of blood flow in the Realheart total artificial heart.\u201d<\/a><\/strong><br><em>Publicerad i: Artificial Organs<\/em> (AO)<\/p>\n\n\n\n<h2 class=\"wp-block-heading\">2019<\/h2>\n\n\n\n<p><strong><a href=\"https:\/\/onlinelibrary.wiley.com\/doi\/abs\/10.1111\/aor.13578\">\u201cVirtual Implantations to Transition from Pig to Calf Animal Models for a Total Artificial Heart.\u201d<\/a><\/strong><br><em>Publicerad i: Artificial Organs<\/em> (AO)<\/p>\n\n\n\n<h2 class=\"wp-block-heading\">2018<\/h2>\n\n\n\n<p><strong><a href=\"https:\/\/realheart.se\/wp-content\/uploads\/2023\/04\/multidimensional-flow-cytometry-for-testing-blood-handling-medical-devices-2018.pdf\">\u201cMultidimensional Flow Cytometry forTesting Blood-handling Medical Devices: Book Chapter.\u201d<\/a><\/strong><br><em><em>Publicerad i:<\/em> IntechOpen Limited<\/em><\/p>\n\n\n\n<p><strong><a href=\"https:\/\/realheart.se\/wp-content\/uploads\/2023\/04\/the-inflammatory-response-to-ventricular-assist-devices-2018.pdf\">\u201cThe Inflammatory Response to Ventricular Assist Devices.\u201d<\/a><\/strong><br><em><em>Publicerad i:<\/em> Frontiers<\/em><\/p>\n\n\n\n<p><strong><a href=\"https:\/\/onlinelibrary.wiley.com\/doi\/10.1111\/aor.13542\">\u201cEvaluation of the novel total artificial heart Realheart in a pilot human fitting study.\u201d<\/a><\/strong><br><em>Publicerad i: Artificial Organ<\/em><\/p>\n\n\n\n<h2 class=\"wp-block-heading\">2018<\/h2>\n\n\n\n<p><strong><a href=\"https:\/\/www.omicsonline.org\/open-access\/evolution-of-the-implantation-procedure-for-real-heart-tah-2155-9880-1000619.pdf\">\u201dEvolution of the Implantation Procedure for Realheart TAH.\u201d<\/a><\/strong><br><em>Publicerad i: Journal of Clinical &amp; Experimental Cardiology<\/em><\/p>\n\n\n\n<p><strong><a href=\"https:\/\/realheart.se\/wp-content\/uploads\/2023\/01\/2018-ahn-h-new-total-artificial-heart-concept-allowing-replacement-or-support.pdf\" target=\"_blank\" rel=\"noreferrer noopener\">\u201cA New Total Artificial Heart Concept Allowing Replacement or Support of the Native Heart.\u201d<\/a><\/strong><br><em>Publicerad i: Journal of Clinical and Experimental Cardiology<\/em><\/p>\n\n\n\n<p><strong><a href=\"https:\/\/www.omicsonline.org\/open-access\/scandinavian-real-heart-srh-11-implantation-as-total-artificial-heart-tahexperimental-update-2155-9880-1000578-100287.html\">\u201cScandinavian Real Heart 11 Implantation as Total Artificial Heart (TAH) &#8211; Experimental Update.\u201d<\/a><\/strong><br><em>Publicerad i: Journal of Clinical &amp; Experimental Cardiology<\/em><\/p>\n\n\n\n<h2 class=\"wp-block-heading\">2017<\/h2>\n\n\n\n<p><strong><a href=\"http:\/\/liu.diva-portal.org\/smash\/get\/diva2:1087728\/FULLTEXT01.pdf\">\u201cEarly Experience of Implantation of a New Pulsatile Total Artificial Heart (TAH) in the Pig.\u201d<\/a><\/strong><br><em>Publicerad i: Journal of Clinical &amp; Experimental Cardiology<\/em><\/p>\n\n\n\n<h4 class=\"wp-block-heading\">Realheart f\u00f6rekommer \u00e4ven i f\u00f6ljande artiklar:<\/h4>\n\n\n\n<h2 class=\"wp-block-heading\">2019<\/h2>\n\n\n\n<p><strong><a href=\"https:\/\/citoday.com\/2019\/02\/the-next-wave-of-mechanical-circulatory-support-devices\/\">\u201cThe Next Wave of Mechanical Circulatory Support Devices.\u201d<\/a><\/strong><br><em>Publicerad i: Cardiac Interventions Today<\/em><\/p>\n\n\n\n<h2 class=\"wp-block-heading\">Vetenskapliga artiklar som Realhearts medarbetare \u00e4r medf\u00f6rfattare till om utveckling och testning av mekaniskt cirkulationsst\u00f6d<\/h2>\n\n\n\n<h2 class=\"wp-block-heading\">2021<\/h2>\n\n\n\n<p><a href=\"https:\/\/realheart.se\/wp-content\/uploads\/2023\/04\/hemodilution-increases-the-susceptibility-of-red6-2021.pdf\"><strong>\u201cHemodilution Increases the Susceptibility of Red Blood Cells to Mechanical Shear Stress During in Vitro Hemolysis Testing.\u201d<\/strong><\/a><br><em><em>Publicerad i:<\/em><\/em> <em> ASAIO Journal<\/em><\/p>\n\n\n\n<p><strong>&#8221;<a href=\"https:\/\/realheart.se\/wp-content\/uploads\/2023\/04\/preclinical-device-thrombogenicity-assessments-18.pdf\">Pre-Clinical Device Thrombogenicity Assessments: Key Messages from the 2018 FDA, Industry, and Academia Forum<\/a>.&#8221;<\/strong><br><em><em>Publicerad i:<\/em> ASAIO Journal&nbsp;(American Society for Artificial Organs)<\/em><\/p>\n\n\n\n<h2 class=\"wp-block-heading\">2018<\/h2>\n\n\n\n<p><strong><a href=\"https:\/\/realheart.se\/wp-content\/uploads\/2023\/04\/multidimensional-flow-cytometry-for-testing-blood-handling-medical-devices-2018.pdf\">\u201cMultidimensional Flow Cytometry forTesting Blood-handling Medical Devices: Book Chapter.\u201d<\/a><\/strong><br><em><em>Publicerad i:<\/em> IntechOpen Limited<\/em><\/p>\n\n\n\n<p><strong><a href=\"https:\/\/realheart.se\/wp-content\/uploads\/2023\/04\/the-inflammatory-response-to-ventricular-assist-devices-2018.pdf\">\u201cThe Inflammatory Response to Ventricular Assist Devices.\u201d<\/a><\/strong><br><em><em>Publicerad i:<\/em> Frontiers<\/em><\/p>\n","protected":false},"excerpt":{"rendered":"<p>Vetenskapliga artiklar om Realheart\u00ae TAH 2026 &#8221;In Vitro Hemolytic Performance of the Novel Realheart Total Artificial Heart Versus SynCardia Total Artificial Heart With Human Blood.&#8221;Publicerad i: Artificial Organs (AO) 2025 \u201dPhysiological Control of Realheart Total Artificial Heart\u201dPublicerad i: Artificial Organs (AO) \u201d4D flow MRI enhances prototypetesting of a total artificial heart\u201dPublicerad i: Scientific Reports 2024&#8230;<\/p>\n","protected":false},"author":1,"featured_media":0,"parent":4069,"menu_order":0,"comment_status":"closed","ping_status":"closed","template":"","meta":{"_acf_changed":false,"_monsterinsights_skip_tracking":false,"_monsterinsights_sitenote_active":false,"_monsterinsights_sitenote_note":"","_monsterinsights_sitenote_category":0,"footnotes":""},"class_list":["post-3679","page","type-page","status-publish","hentry"],"acf":[],"aioseo_notices":[],"yoast_head":"<!-- This site is optimized with the Yoast SEO plugin v27.3 - https:\/\/yoast.com\/product\/yoast-seo-wordpress\/ -->\n<title>Vetenskapliga artiklar - Realheart<\/title>\n<meta name=\"robots\" content=\"index, follow, max-snippet:-1, max-image-preview:large, max-video-preview:-1\" \/>\n<link rel=\"canonical\" href=\"https:\/\/realheart.se\/sv\/fou\/vetenskapliga-artiklar\/\" \/>\n<meta property=\"og:locale\" content=\"sv_SE\" \/>\n<meta property=\"og:type\" content=\"article\" \/>\n<meta property=\"og:title\" content=\"Vetenskapliga artiklar - Realheart\" \/>\n<meta property=\"og:description\" content=\"Vetenskapliga artiklar om Realheart\u00ae TAH 2026 &#8221;In Vitro Hemolytic Performance of the Novel Realheart Total Artificial Heart Versus SynCardia Total Artificial Heart With Human Blood.&#8221;Publicerad i: Artificial Organs (AO) 2025 \u201dPhysiological Control of Realheart Total Artificial Heart\u201dPublicerad i: Artificial Organs (AO) \u201d4D flow MRI enhances prototypetesting of a total artificial heart\u201dPublicerad i: Scientific Reports 2024...\" \/>\n<meta property=\"og:url\" content=\"https:\/\/realheart.se\/sv\/fou\/vetenskapliga-artiklar\/\" \/>\n<meta property=\"og:site_name\" content=\"Realheart\" \/>\n<meta property=\"article:modified_time\" content=\"2026-04-21T09:19:17+00:00\" \/>\n<meta name=\"twitter:card\" content=\"summary_large_image\" \/>\n<meta name=\"twitter:label1\" content=\"Ber\u00e4knad l\u00e4stid\" \/>\n\t<meta name=\"twitter:data1\" content=\"2 minuter\" \/>\n<script type=\"application\/ld+json\" class=\"yoast-schema-graph\">{\"@context\":\"https:\\\/\\\/schema.org\",\"@graph\":[{\"@type\":\"WebPage\",\"@id\":\"https:\\\/\\\/realheart.se\\\/sv\\\/fou\\\/vetenskapliga-artiklar\\\/\",\"url\":\"https:\\\/\\\/realheart.se\\\/sv\\\/fou\\\/vetenskapliga-artiklar\\\/\",\"name\":\"Vetenskapliga artiklar - Realheart\",\"isPartOf\":{\"@id\":\"https:\\\/\\\/realheart.se\\\/#website\"},\"datePublished\":\"2019-10-24T15:39:21+00:00\",\"dateModified\":\"2026-04-21T09:19:17+00:00\",\"breadcrumb\":{\"@id\":\"https:\\\/\\\/realheart.se\\\/sv\\\/fou\\\/vetenskapliga-artiklar\\\/#breadcrumb\"},\"inLanguage\":\"sv-SE\",\"potentialAction\":[{\"@type\":\"ReadAction\",\"target\":[\"https:\\\/\\\/realheart.se\\\/sv\\\/fou\\\/vetenskapliga-artiklar\\\/\"]}]},{\"@type\":\"BreadcrumbList\",\"@id\":\"https:\\\/\\\/realheart.se\\\/sv\\\/fou\\\/vetenskapliga-artiklar\\\/#breadcrumb\",\"itemListElement\":[{\"@type\":\"ListItem\",\"position\":1,\"name\":\"FoU\",\"item\":\"https:\\\/\\\/realheart.se\\\/sv\\\/fou\\\/\"},{\"@type\":\"ListItem\",\"position\":2,\"name\":\"Vetenskapliga artiklar\"}]},{\"@type\":\"WebSite\",\"@id\":\"https:\\\/\\\/realheart.se\\\/#website\",\"url\":\"https:\\\/\\\/realheart.se\\\/\",\"name\":\"Realheart\",\"description\":\"\u00c4r ett medicintekniskt f\u00f6retag som utvecklar ett artificiellt hj\u00e4rta som ska r\u00e4dda liv p\u00e5 sv\u00e5rt hj\u00e4rtsjuka personer som st\u00e5r i transplantationsk\u00f6.\",\"potentialAction\":[{\"@type\":\"SearchAction\",\"target\":{\"@type\":\"EntryPoint\",\"urlTemplate\":\"https:\\\/\\\/realheart.se\\\/?s={search_term_string}\"},\"query-input\":{\"@type\":\"PropertyValueSpecification\",\"valueRequired\":true,\"valueName\":\"search_term_string\"}}],\"inLanguage\":\"sv-SE\"}]}<\/script>\n<!-- \/ Yoast SEO plugin. -->","yoast_head_json":{"title":"Vetenskapliga artiklar - Realheart","robots":{"index":"index","follow":"follow","max-snippet":"max-snippet:-1","max-image-preview":"max-image-preview:large","max-video-preview":"max-video-preview:-1"},"canonical":"https:\/\/realheart.se\/sv\/fou\/vetenskapliga-artiklar\/","og_locale":"sv_SE","og_type":"article","og_title":"Vetenskapliga artiklar - Realheart","og_description":"Vetenskapliga artiklar om Realheart\u00ae TAH 2026 &#8221;In Vitro Hemolytic Performance of the Novel Realheart Total Artificial Heart Versus SynCardia Total Artificial Heart With Human Blood.&#8221;Publicerad i: Artificial Organs (AO) 2025 \u201dPhysiological Control of Realheart Total Artificial Heart\u201dPublicerad i: Artificial Organs (AO) \u201d4D flow MRI enhances prototypetesting of a total artificial heart\u201dPublicerad i: Scientific Reports 2024...","og_url":"https:\/\/realheart.se\/sv\/fou\/vetenskapliga-artiklar\/","og_site_name":"Realheart","article_modified_time":"2026-04-21T09:19:17+00:00","twitter_card":"summary_large_image","twitter_misc":{"Ber\u00e4knad l\u00e4stid":"2 minuter"},"schema":{"@context":"https:\/\/schema.org","@graph":[{"@type":"WebPage","@id":"https:\/\/realheart.se\/sv\/fou\/vetenskapliga-artiklar\/","url":"https:\/\/realheart.se\/sv\/fou\/vetenskapliga-artiklar\/","name":"Vetenskapliga artiklar - Realheart","isPartOf":{"@id":"https:\/\/realheart.se\/#website"},"datePublished":"2019-10-24T15:39:21+00:00","dateModified":"2026-04-21T09:19:17+00:00","breadcrumb":{"@id":"https:\/\/realheart.se\/sv\/fou\/vetenskapliga-artiklar\/#breadcrumb"},"inLanguage":"sv-SE","potentialAction":[{"@type":"ReadAction","target":["https:\/\/realheart.se\/sv\/fou\/vetenskapliga-artiklar\/"]}]},{"@type":"BreadcrumbList","@id":"https:\/\/realheart.se\/sv\/fou\/vetenskapliga-artiklar\/#breadcrumb","itemListElement":[{"@type":"ListItem","position":1,"name":"FoU","item":"https:\/\/realheart.se\/sv\/fou\/"},{"@type":"ListItem","position":2,"name":"Vetenskapliga artiklar"}]},{"@type":"WebSite","@id":"https:\/\/realheart.se\/#website","url":"https:\/\/realheart.se\/","name":"Realheart","description":"\u00c4r ett medicintekniskt f\u00f6retag som utvecklar ett artificiellt hj\u00e4rta som ska r\u00e4dda liv p\u00e5 sv\u00e5rt hj\u00e4rtsjuka personer som st\u00e5r i transplantationsk\u00f6.","potentialAction":[{"@type":"SearchAction","target":{"@type":"EntryPoint","urlTemplate":"https:\/\/realheart.se\/?s={search_term_string}"},"query-input":{"@type":"PropertyValueSpecification","valueRequired":true,"valueName":"search_term_string"}}],"inLanguage":"sv-SE"}]}},"_links":{"self":[{"href":"https:\/\/realheart.se\/sv\/wp-json\/wp\/v2\/pages\/3679","targetHints":{"allow":["GET"]}}],"collection":[{"href":"https:\/\/realheart.se\/sv\/wp-json\/wp\/v2\/pages"}],"about":[{"href":"https:\/\/realheart.se\/sv\/wp-json\/wp\/v2\/types\/page"}],"author":[{"embeddable":true,"href":"https:\/\/realheart.se\/sv\/wp-json\/wp\/v2\/users\/1"}],"replies":[{"embeddable":true,"href":"https:\/\/realheart.se\/sv\/wp-json\/wp\/v2\/comments?post=3679"}],"version-history":[{"count":36,"href":"https:\/\/realheart.se\/sv\/wp-json\/wp\/v2\/pages\/3679\/revisions"}],"predecessor-version":[{"id":7818,"href":"https:\/\/realheart.se\/sv\/wp-json\/wp\/v2\/pages\/3679\/revisions\/7818"}],"up":[{"embeddable":true,"href":"https:\/\/realheart.se\/sv\/wp-json\/wp\/v2\/pages\/4069"}],"wp:attachment":[{"href":"https:\/\/realheart.se\/sv\/wp-json\/wp\/v2\/media?parent=3679"}],"curies":[{"name":"wp","href":"https:\/\/api.w.org\/{rel}","templated":true}]}}