




{"id":3990,"date":"2020-09-29T07:35:07","date_gmt":"2020-09-29T07:35:07","guid":{"rendered":"https:\/\/realheart.se\/?page_id=3990"},"modified":"2026-02-19T12:51:13","modified_gmt":"2026-02-19T12:51:13","slug":"realhearts-vetenskapsrad","status":"publish","type":"page","link":"https:\/\/realheart.se\/sv\/fou\/realhearts-vetenskapsrad\/","title":{"rendered":"Realhearts medicinska r\u00e5d"},"content":{"rendered":"\n<div style=\"height:39px\" aria-hidden=\"true\" class=\"wp-block-spacer\"><\/div>\n\n\n\n<h4 class=\"wp-block-heading\">Realhearts medicinska r\u00e5d \u00e4r en panel best\u00e5ende av experter med relevanta specialistkunskaper som r\u00e5dger bolaget i fr\u00e5gor g\u00e4llande forskning och produktutveckling. Det medicinska r\u00e5det bist\u00e5r Realheart med kunskap om exempelvis de prekliniska och kliniska studierna. De har ocks\u00e5 kopplingar till marknaden och mycket god k\u00e4nnedom om marknadsf\u00f6rings- och s\u00e4ljkanalerna f\u00f6r att n\u00e5 ut till klinikerna. Detta leder till en s\u00e4krare och snabbare resa mot m\u00e5let att kommersialisera Realheart\u00ae TAH.&nbsp;<\/h4>\n\n\n\n<div style=\"height:20px\" aria-hidden=\"true\" class=\"wp-block-spacer\"><\/div>\n\n\n\n<h4 class=\"wp-block-heading\">&nbsp;<\/h4>\n\n\n\n<h4 class=\"wp-block-heading\">Henrik Casimir Ahn, MD, PhD<\/h4>\n\n\n<div class=\"wp-block-image\">\n<figure class=\"alignright size-large is-resized\"><img loading=\"lazy\" decoding=\"async\" width=\"753\" height=\"826\" src=\"https:\/\/realheart.se\/wp-content\/uploads\/2020\/09\/henrik.jpg\" alt=\"\" class=\"wp-image-3993\" style=\"width:188px;height:207px\" srcset=\"https:\/\/realheart.se\/wp-content\/uploads\/2020\/09\/henrik.jpg 753w, https:\/\/realheart.se\/wp-content\/uploads\/2020\/09\/henrik-273x300.jpg 273w, https:\/\/realheart.se\/wp-content\/uploads\/2020\/09\/henrik-526x577.jpg 526w, https:\/\/realheart.se\/wp-content\/uploads\/2020\/09\/henrik-720x790.jpg 720w\" sizes=\"auto, (max-width: 753px) 100vw, 753px\" \/><\/figure>\n<\/div>\n\n\n<p>Prof. Ahn \u00e4r specialist och professor i thoraxkirurgi. Han har omfattande klinisk erfarenhet av hj\u00e4rtpumpar som thoraxkirurg vid \u00d6sterg\u00f6tlands universitetssjukhus och l\u00e5ng akademisk forskningserfarenhet inom omr\u00e5det fr\u00e5n Link\u00f6pings universitet. Han var doktorandhandledare f\u00f6r Dr. Urban L\u00f6nn, som nu arbetar som Medical Director f\u00f6r Abbott &#8211; den st\u00f6rsta internationella tillverkaren av hj\u00e4rtpumpar.<\/p>\n\n\n\n<p>&nbsp;Prof. Ahn har lett Realhearts djurstudier p\u00e5 grisar och utvecklat den kirurgiska implantatmetoden samt har deltagit i f\u00e5rdjurstudierna.<\/p>\n\n\n\n<p>Prof. Ahns goda f\u00f6rst\u00e5else f\u00f6r kundperspektivet, hans stora industriella n\u00e4tverk och kunskaperna kring den kliniska profilen f\u00f6r olika patientm\u00e5lgrupper \u00e4r en stor tillg\u00e5ng f\u00f6r Realheart och kommer bland annat vara till stor hj\u00e4lp vid de prekliniska och kliniska aspekterna av forskningen.<\/p>\n\n\n\n<div style=\"height:36px\" aria-hidden=\"true\" class=\"wp-block-spacer\"><\/div>\n\n\n\n<h4 class=\"wp-block-heading\">Robert D. Dowling, MD<\/h4>\n\n\n<div class=\"wp-block-image\">\n<figure class=\"alignright size-large is-resized\"><img loading=\"lazy\" decoding=\"async\" width=\"768\" height=\"845\" src=\"https:\/\/realheart.se\/wp-content\/uploads\/2020\/09\/robert.jpg\" alt=\"\" class=\"wp-image-4004\" style=\"width:192px;height:211px\" srcset=\"https:\/\/realheart.se\/wp-content\/uploads\/2020\/09\/robert.jpg 768w, https:\/\/realheart.se\/wp-content\/uploads\/2020\/09\/robert-273x300.jpg 273w, https:\/\/realheart.se\/wp-content\/uploads\/2020\/09\/robert-526x579.jpg 526w, https:\/\/realheart.se\/wp-content\/uploads\/2020\/09\/robert-720x792.jpg 720w\" sizes=\"auto, (max-width: 768px) 100vw, 768px\" \/><\/figure>\n<\/div>\n\n\n<p>Prof. Robert D. Dowling \u00e4r thoraxkirurg och ett etablerat namn hos kirurger som jobbar med implantationer av artificiella hj\u00e4rtan. Hans nuvarande position \u00e4r som kirurgisk chef f\u00f6r hj\u00e4rttransplantation och mekaniskt cirkulationsst\u00f6d vid Christ Hospital and Lindner Research and Education Center i Cincinnati, Ohio. Han var tidigare professor i kirurgi och forskningsdirekt\u00f6r f\u00f6r forskning inom kirurgi, Applied Biomedical Engineering, samt hj\u00e4rttransplantation och hj\u00e4rtpumpar vid&nbsp; Penn State Milton S. Hershey Medical Center i USA. Penn State \u00e4r ett av de st\u00f6rsta TAH-centren i v\u00e4rlden med l\u00e5ng erfarenhet av kirurgiska alternativ f\u00f6r hj\u00e4rtsvikt i slutstadiet. Dessf\u00f6rinnan var Dowling direkt\u00f6r f\u00f6r hj\u00e4rttransplantations- och hj\u00e4rtpumpsprogrammet vid University of Louisville och Jewish Hospital i Louisville, USA.&nbsp;<\/p>\n\n\n\n<p>Prof. Dowling har varit delaktig i \u00f6ver 100 publicerade forskningsresultat med avseende p\u00e5 bland annat hj\u00e4rtsvikt och thoraxkirurgi och \u00e4r medf\u00f6rfattare till flera artiklar r\u00f6rande artificiella hj\u00e4rtan.&nbsp;<\/p>\n\n\n\n<p>Prof. Dowlings kompetens och decennier l\u00e5nga erfarenhet inom branschen \u00e4r en stor tillg\u00e5ng i Realhearts vetenskapsr\u00e5d.&nbsp;<\/p>\n\n\n\n<p>L\u00e4s mer om Prof. Dowlings arbete och publikationer:&nbsp;<\/p>\n\n\n\n<ul class=\"wp-block-list\">\n<li><a href=\"https:\/\/hmc.pennstatehealth.org\/display-provider\/-\/provider\/6116\/robert-d-dowling-md\">https:\/\/hmc.pennstatehealth.org\/display-provider\/-\/provider\/6116\/robert-d-dowling-md<\/a><\/li>\n\n\n\n<li><a href=\"https:\/\/pennstate.pure.elsevier.com\/en\/persons\/robert-dowling\">https:\/\/pennstate.pure.elsevier.com\/en\/persons\/robert-dowling<\/a><\/li>\n<\/ul>\n\n\n\n<div style=\"height:36px\" aria-hidden=\"true\" class=\"wp-block-spacer\"><\/div>\n\n\n\n<h4 class=\"wp-block-heading\">Ulf Kjellman, PhD<\/h4>\n\n\n<div class=\"wp-block-image is-style-default\">\n<figure class=\"alignright size-large is-resized\"><img loading=\"lazy\" decoding=\"async\" width=\"1024\" height=\"1022\" src=\"https:\/\/realheart.se\/wp-content\/uploads\/2023\/01\/ulf-kjellman-1024x1022.jpg\" alt=\"\" class=\"wp-image-5459\" style=\"width:195px;height:210px\" srcset=\"https:\/\/realheart.se\/wp-content\/uploads\/2023\/01\/ulf-kjellman-1024x1022.jpg 1024w, https:\/\/realheart.se\/wp-content\/uploads\/2023\/01\/ulf-kjellman-300x300.jpg 300w, https:\/\/realheart.se\/wp-content\/uploads\/2023\/01\/ulf-kjellman-150x150.jpg 150w, https:\/\/realheart.se\/wp-content\/uploads\/2023\/01\/ulf-kjellman-768x767.jpg 768w, https:\/\/realheart.se\/wp-content\/uploads\/2023\/01\/ulf-kjellman-526x526.jpg 526w, https:\/\/realheart.se\/wp-content\/uploads\/2023\/01\/ulf-kjellman-720x720.jpg 720w, https:\/\/realheart.se\/wp-content\/uploads\/2023\/01\/ulf-kjellman-960x958.jpg 960w, https:\/\/realheart.se\/wp-content\/uploads\/2023\/01\/ulf-kjellman-1140x1138.jpg 1140w, https:\/\/realheart.se\/wp-content\/uploads\/2023\/01\/ulf-kjellman.jpg 1172w\" sizes=\"auto, (max-width: 1024px) 100vw, 1024px\" \/><\/figure>\n<\/div>\n\n\n<p>Dr. Kjellman \u00e4r specialist och kirurg inom hj\u00e4rt- och thoraxkirurgi och har \u00f6ver 35 \u00e5rs erfarenhet. Han var den kirurg som utf\u00f6rde den f\u00f6rsta implantationen i Skandinavien 2008.<\/p>\n\n\n\n<p>Dr. Kjellman har varit djupt engagerad i att initiera och utveckla programmet f\u00f6r hj\u00e4rttransplantation och mekaniskt cirkulationsst\u00f6d (MCS) vid Sahlgrenska universitetssjukhuset i G\u00f6teborg, Akademiska sjukhuset i Uppsala, Karolinska universitetssjukhuset i Stockholm, King Faisal Specialist Hospital Riyadh Saudiarabien och National Guard Hospital Riyadh Saudiarabien.<\/p>\n\n\n\n<p>Dr. Kjellman har f\u00f6rfattat ett flertal vetenskapliga artiklar inom omr\u00e5det f\u00f6r hj\u00e4rt-k\u00e4rlsjukdomar och transplantationer och hans erfarenhet str\u00e4cker sig till omr\u00e5det f\u00f6r MCS, b\u00e5de LVAD\/RVAD:s med st\u00f6d f\u00f6r en enda ventrikel och TAH.<\/p>\n\n\n\n<p>Dr. Kjellmans expertis, breda erfarenhet och enorma kontaktn\u00e4t kommer att ha stor betydelse f\u00f6r bolagets fortsatta utvecklingsarbete.<\/p>\n\n\n\n<div style=\"height:36px\" aria-hidden=\"true\" class=\"wp-block-spacer\"><\/div>\n\n\n\n<h2 class=\"wp-block-heading\">Prof. Bart Meyns<\/h2>\n\n\n<div class=\"wp-block-image\">\n<figure class=\"alignright size-large is-resized\"><img loading=\"lazy\" decoding=\"async\" width=\"1024\" height=\"926\" src=\"https:\/\/realheart.se\/wp-content\/uploads\/2026\/02\/bart-meyns-1024x926.jpg\" alt=\"\" class=\"wp-image-7782\" style=\"aspect-ratio:1.1058131939908558;width:203px;height:auto\" srcset=\"https:\/\/realheart.se\/wp-content\/uploads\/2026\/02\/bart-meyns-1024x926.jpg 1024w, https:\/\/realheart.se\/wp-content\/uploads\/2026\/02\/bart-meyns-300x271.jpg 300w, https:\/\/realheart.se\/wp-content\/uploads\/2026\/02\/bart-meyns-768x695.jpg 768w, https:\/\/realheart.se\/wp-content\/uploads\/2026\/02\/bart-meyns-526x476.jpg 526w, https:\/\/realheart.se\/wp-content\/uploads\/2026\/02\/bart-meyns-720x651.jpg 720w, https:\/\/realheart.se\/wp-content\/uploads\/2026\/02\/bart-meyns-960x868.jpg 960w, https:\/\/realheart.se\/wp-content\/uploads\/2026\/02\/bart-meyns-1140x1031.jpg 1140w, https:\/\/realheart.se\/wp-content\/uploads\/2026\/02\/bart-meyns.jpg 1245w\" sizes=\"auto, (max-width: 1024px) 100vw, 1024px\" \/><\/figure>\n<\/div>\n\n\n<p>Professor Bart Meyns \u00e4r en belgisk hj\u00e4rtkirurg som \u00e4r k\u00e4nd f\u00f6r sitt pionj\u00e4rarbete inom hj\u00e4rttransplantation och ventrikelassistans (VAD). Han \u00e4r f\u00f6r n\u00e4rvarande chef f\u00f6r avdelningen f\u00f6r hj\u00e4rtkirurgi vid universitetssjukhuset UZ Leuven och professor vid medicinska fakulteten vid KU Leuven. Bart Meyns har varit ordf\u00f6rande f\u00f6r b\u00e5de European Society of Artificial Organs (ESAO) och International Society of Mechanical Circulatory Support (ISMCS), d\u00e4r Realhearts vd, dr Ina Laura Perkins, \u00e4r styrelseledamot. Han har ocks\u00e5 publicerat mer \u00e4n 350 granskade artiklar i vetenskapliga tidskrifter.<\/p>\n\n\n\n<p>Prof. Meyns har varit involverad i utvecklingen av VADs sedan b\u00f6rjan av 1990-talet och har genomf\u00f6rt m\u00e5nga studier om deras effektivitet vid behandling av hj\u00e4rtsviktspatienter. Han har ocks\u00e5 utf\u00f6rt \u00f6ver 500 hj\u00e4rttransplantationer och har bedrivit forskning f\u00f6r att f\u00f6rb\u00e4ttra resultaten av dessa. Han har studerat anv\u00e4ndningen av donatorhj\u00e4rtan fr\u00e5n \u00e4ldre patienter och fr\u00e5n patienter som d\u00f6tt av icke-hj\u00e4rtrelaterade orsaker.<\/p>\n\n\n\n<p>Professor Meyns har deltagit i ett flertal kliniska pr\u00f6vningar med anknytning till hj\u00e4rtkirurgi. Han har varit huvudansvarig f\u00f6r flera kliniska pr\u00f6vningar, bland annat en studie om anv\u00e4ndningen av en VAD hos patienter med avancerad hj\u00e4rtsvikt. Professor Bart Meyns ing\u00e5r i det kirurgiska team som utf\u00f6r implantaten i Realhearts p\u00e5g\u00e5ende djurstudier, vilket banar v\u00e4g f\u00f6r kliniska f\u00f6rs\u00f6k som planeras att inledas 2024.<\/p>\n\n\n\n<p>Professor Meyns \u00e4r en av de mest skickliga och erfarna hj\u00e4rtkirurgerna som finns tillg\u00e4ngliga f\u00f6r hj\u00e4rtpumpsimplantationer, och hans kunskaper kommer att vara ett mycket v\u00e4rdefullt tillskott till det redan mycket kompetenta Medicinska R\u00e5det.<\/p>\n","protected":false},"excerpt":{"rendered":"<p>Realhearts medicinska r\u00e5d \u00e4r en panel best\u00e5ende av experter med relevanta specialistkunskaper som r\u00e5dger bolaget i fr\u00e5gor g\u00e4llande forskning och produktutveckling. Det medicinska r\u00e5det bist\u00e5r Realheart med kunskap om exempelvis de prekliniska och kliniska studierna. De har ocks\u00e5 kopplingar till marknaden och mycket god k\u00e4nnedom om marknadsf\u00f6rings- och s\u00e4ljkanalerna f\u00f6r att n\u00e5 ut till klinikerna&#8230;.<\/p>\n","protected":false},"author":1,"featured_media":0,"parent":4069,"menu_order":0,"comment_status":"closed","ping_status":"closed","template":"","meta":{"_acf_changed":false,"_monsterinsights_skip_tracking":false,"_monsterinsights_sitenote_active":false,"_monsterinsights_sitenote_note":"","_monsterinsights_sitenote_category":0,"footnotes":""},"class_list":["post-3990","page","type-page","status-publish","hentry"],"acf":[],"aioseo_notices":[],"yoast_head":"<!-- This site is optimized with the Yoast SEO plugin v27.3 - https:\/\/yoast.com\/product\/yoast-seo-wordpress\/ -->\n<title>Realhearts medicinska r\u00e5d - Realheart<\/title>\n<meta name=\"robots\" content=\"index, follow, max-snippet:-1, max-image-preview:large, max-video-preview:-1\" \/>\n<link rel=\"canonical\" href=\"https:\/\/realheart.se\/sv\/fou\/realhearts-vetenskapsrad\/\" \/>\n<meta property=\"og:locale\" content=\"sv_SE\" \/>\n<meta property=\"og:type\" content=\"article\" \/>\n<meta property=\"og:title\" content=\"Realhearts medicinska r\u00e5d - Realheart\" \/>\n<meta property=\"og:description\" content=\"Realhearts medicinska r\u00e5d \u00e4r en panel best\u00e5ende av experter med relevanta specialistkunskaper som r\u00e5dger bolaget i fr\u00e5gor g\u00e4llande forskning och produktutveckling. Det medicinska r\u00e5det bist\u00e5r Realheart med kunskap om exempelvis de prekliniska och kliniska studierna. De har ocks\u00e5 kopplingar till marknaden och mycket god k\u00e4nnedom om marknadsf\u00f6rings- och s\u00e4ljkanalerna f\u00f6r att n\u00e5 ut till klinikerna....\" \/>\n<meta property=\"og:url\" content=\"https:\/\/realheart.se\/sv\/fou\/realhearts-vetenskapsrad\/\" \/>\n<meta property=\"og:site_name\" content=\"Realheart\" \/>\n<meta property=\"article:modified_time\" content=\"2026-02-19T12:51:13+00:00\" \/>\n<meta property=\"og:image\" content=\"https:\/\/realheart.se\/wp-content\/uploads\/2020\/09\/henrik.jpg\" \/>\n\t<meta property=\"og:image:width\" content=\"753\" \/>\n\t<meta property=\"og:image:height\" content=\"826\" \/>\n\t<meta property=\"og:image:type\" content=\"image\/jpeg\" \/>\n<meta name=\"twitter:card\" content=\"summary_large_image\" \/>\n<meta name=\"twitter:label1\" content=\"Ber\u00e4knad l\u00e4stid\" \/>\n\t<meta name=\"twitter:data1\" content=\"4 minuter\" \/>\n<script type=\"application\/ld+json\" class=\"yoast-schema-graph\">{\"@context\":\"https:\\\/\\\/schema.org\",\"@graph\":[{\"@type\":\"WebPage\",\"@id\":\"https:\\\/\\\/realheart.se\\\/sv\\\/fou\\\/realhearts-vetenskapsrad\\\/\",\"url\":\"https:\\\/\\\/realheart.se\\\/sv\\\/fou\\\/realhearts-vetenskapsrad\\\/\",\"name\":\"Realhearts medicinska r\u00e5d - Realheart\",\"isPartOf\":{\"@id\":\"https:\\\/\\\/realheart.se\\\/#website\"},\"primaryImageOfPage\":{\"@id\":\"https:\\\/\\\/realheart.se\\\/sv\\\/fou\\\/realhearts-vetenskapsrad\\\/#primaryimage\"},\"image\":{\"@id\":\"https:\\\/\\\/realheart.se\\\/sv\\\/fou\\\/realhearts-vetenskapsrad\\\/#primaryimage\"},\"thumbnailUrl\":\"https:\\\/\\\/realheart.se\\\/wp-content\\\/uploads\\\/2020\\\/09\\\/henrik.jpg\",\"datePublished\":\"2020-09-29T07:35:07+00:00\",\"dateModified\":\"2026-02-19T12:51:13+00:00\",\"breadcrumb\":{\"@id\":\"https:\\\/\\\/realheart.se\\\/sv\\\/fou\\\/realhearts-vetenskapsrad\\\/#breadcrumb\"},\"inLanguage\":\"sv-SE\",\"potentialAction\":[{\"@type\":\"ReadAction\",\"target\":[\"https:\\\/\\\/realheart.se\\\/sv\\\/fou\\\/realhearts-vetenskapsrad\\\/\"]}]},{\"@type\":\"ImageObject\",\"inLanguage\":\"sv-SE\",\"@id\":\"https:\\\/\\\/realheart.se\\\/sv\\\/fou\\\/realhearts-vetenskapsrad\\\/#primaryimage\",\"url\":\"https:\\\/\\\/realheart.se\\\/wp-content\\\/uploads\\\/2020\\\/09\\\/henrik.jpg\",\"contentUrl\":\"https:\\\/\\\/realheart.se\\\/wp-content\\\/uploads\\\/2020\\\/09\\\/henrik.jpg\"},{\"@type\":\"BreadcrumbList\",\"@id\":\"https:\\\/\\\/realheart.se\\\/sv\\\/fou\\\/realhearts-vetenskapsrad\\\/#breadcrumb\",\"itemListElement\":[{\"@type\":\"ListItem\",\"position\":1,\"name\":\"FoU\",\"item\":\"https:\\\/\\\/realheart.se\\\/sv\\\/fou\\\/\"},{\"@type\":\"ListItem\",\"position\":2,\"name\":\"Realhearts medicinska r\u00e5d\"}]},{\"@type\":\"WebSite\",\"@id\":\"https:\\\/\\\/realheart.se\\\/#website\",\"url\":\"https:\\\/\\\/realheart.se\\\/\",\"name\":\"Realheart\",\"description\":\"\u00c4r ett medicintekniskt f\u00f6retag som utvecklar ett artificiellt hj\u00e4rta som ska r\u00e4dda liv p\u00e5 sv\u00e5rt hj\u00e4rtsjuka personer som st\u00e5r i transplantationsk\u00f6.\",\"potentialAction\":[{\"@type\":\"SearchAction\",\"target\":{\"@type\":\"EntryPoint\",\"urlTemplate\":\"https:\\\/\\\/realheart.se\\\/?s={search_term_string}\"},\"query-input\":{\"@type\":\"PropertyValueSpecification\",\"valueRequired\":true,\"valueName\":\"search_term_string\"}}],\"inLanguage\":\"sv-SE\"}]}<\/script>\n<!-- \/ Yoast SEO plugin. -->","yoast_head_json":{"title":"Realhearts medicinska r\u00e5d - Realheart","robots":{"index":"index","follow":"follow","max-snippet":"max-snippet:-1","max-image-preview":"max-image-preview:large","max-video-preview":"max-video-preview:-1"},"canonical":"https:\/\/realheart.se\/sv\/fou\/realhearts-vetenskapsrad\/","og_locale":"sv_SE","og_type":"article","og_title":"Realhearts medicinska r\u00e5d - Realheart","og_description":"Realhearts medicinska r\u00e5d \u00e4r en panel best\u00e5ende av experter med relevanta specialistkunskaper som r\u00e5dger bolaget i fr\u00e5gor g\u00e4llande forskning och produktutveckling. Det medicinska r\u00e5det bist\u00e5r Realheart med kunskap om exempelvis de prekliniska och kliniska studierna. De har ocks\u00e5 kopplingar till marknaden och mycket god k\u00e4nnedom om marknadsf\u00f6rings- och s\u00e4ljkanalerna f\u00f6r att n\u00e5 ut till klinikerna....","og_url":"https:\/\/realheart.se\/sv\/fou\/realhearts-vetenskapsrad\/","og_site_name":"Realheart","article_modified_time":"2026-02-19T12:51:13+00:00","og_image":[{"width":753,"height":826,"url":"https:\/\/realheart.se\/wp-content\/uploads\/2020\/09\/henrik.jpg","type":"image\/jpeg"}],"twitter_card":"summary_large_image","twitter_misc":{"Ber\u00e4knad l\u00e4stid":"4 minuter"},"schema":{"@context":"https:\/\/schema.org","@graph":[{"@type":"WebPage","@id":"https:\/\/realheart.se\/sv\/fou\/realhearts-vetenskapsrad\/","url":"https:\/\/realheart.se\/sv\/fou\/realhearts-vetenskapsrad\/","name":"Realhearts medicinska r\u00e5d - Realheart","isPartOf":{"@id":"https:\/\/realheart.se\/#website"},"primaryImageOfPage":{"@id":"https:\/\/realheart.se\/sv\/fou\/realhearts-vetenskapsrad\/#primaryimage"},"image":{"@id":"https:\/\/realheart.se\/sv\/fou\/realhearts-vetenskapsrad\/#primaryimage"},"thumbnailUrl":"https:\/\/realheart.se\/wp-content\/uploads\/2020\/09\/henrik.jpg","datePublished":"2020-09-29T07:35:07+00:00","dateModified":"2026-02-19T12:51:13+00:00","breadcrumb":{"@id":"https:\/\/realheart.se\/sv\/fou\/realhearts-vetenskapsrad\/#breadcrumb"},"inLanguage":"sv-SE","potentialAction":[{"@type":"ReadAction","target":["https:\/\/realheart.se\/sv\/fou\/realhearts-vetenskapsrad\/"]}]},{"@type":"ImageObject","inLanguage":"sv-SE","@id":"https:\/\/realheart.se\/sv\/fou\/realhearts-vetenskapsrad\/#primaryimage","url":"https:\/\/realheart.se\/wp-content\/uploads\/2020\/09\/henrik.jpg","contentUrl":"https:\/\/realheart.se\/wp-content\/uploads\/2020\/09\/henrik.jpg"},{"@type":"BreadcrumbList","@id":"https:\/\/realheart.se\/sv\/fou\/realhearts-vetenskapsrad\/#breadcrumb","itemListElement":[{"@type":"ListItem","position":1,"name":"FoU","item":"https:\/\/realheart.se\/sv\/fou\/"},{"@type":"ListItem","position":2,"name":"Realhearts medicinska r\u00e5d"}]},{"@type":"WebSite","@id":"https:\/\/realheart.se\/#website","url":"https:\/\/realheart.se\/","name":"Realheart","description":"\u00c4r ett medicintekniskt f\u00f6retag som utvecklar ett artificiellt hj\u00e4rta som ska r\u00e4dda liv p\u00e5 sv\u00e5rt hj\u00e4rtsjuka personer som st\u00e5r i transplantationsk\u00f6.","potentialAction":[{"@type":"SearchAction","target":{"@type":"EntryPoint","urlTemplate":"https:\/\/realheart.se\/?s={search_term_string}"},"query-input":{"@type":"PropertyValueSpecification","valueRequired":true,"valueName":"search_term_string"}}],"inLanguage":"sv-SE"}]}},"_links":{"self":[{"href":"https:\/\/realheart.se\/sv\/wp-json\/wp\/v2\/pages\/3990","targetHints":{"allow":["GET"]}}],"collection":[{"href":"https:\/\/realheart.se\/sv\/wp-json\/wp\/v2\/pages"}],"about":[{"href":"https:\/\/realheart.se\/sv\/wp-json\/wp\/v2\/types\/page"}],"author":[{"embeddable":true,"href":"https:\/\/realheart.se\/sv\/wp-json\/wp\/v2\/users\/1"}],"replies":[{"embeddable":true,"href":"https:\/\/realheart.se\/sv\/wp-json\/wp\/v2\/comments?post=3990"}],"version-history":[{"count":53,"href":"https:\/\/realheart.se\/sv\/wp-json\/wp\/v2\/pages\/3990\/revisions"}],"predecessor-version":[{"id":7784,"href":"https:\/\/realheart.se\/sv\/wp-json\/wp\/v2\/pages\/3990\/revisions\/7784"}],"up":[{"embeddable":true,"href":"https:\/\/realheart.se\/sv\/wp-json\/wp\/v2\/pages\/4069"}],"wp:attachment":[{"href":"https:\/\/realheart.se\/sv\/wp-json\/wp\/v2\/media?parent=3990"}],"curies":[{"name":"wp","href":"https:\/\/api.w.org\/{rel}","templated":true}]}}