




{"id":4069,"date":"2020-11-03T09:17:01","date_gmt":"2020-11-03T09:17:01","guid":{"rendered":"https:\/\/realheart.se\/?page_id=4069"},"modified":"2023-10-20T11:04:24","modified_gmt":"2023-10-20T11:04:24","slug":"fou","status":"publish","type":"page","link":"https:\/\/realheart.se\/sv\/fou\/","title":{"rendered":"FoU"},"content":{"rendered":"\n<p>Grundid\u00e9n bakom Realheart\u00ae TAH bygger p\u00e5 fl\u00f6desanalyser utf\u00f6rda vid KTH 2002-2005 med syfte att konstruera ett konstgjort hj\u00e4rta som efterliknar det biologiska. Genom att imitera grundprincipen skapas ett tryck och fl\u00f6de som b\u00f6r minska risken f\u00f6r blodproppar och ge en energieffektiv pumpning. Dessa faktorer \u00e4r viktiga f\u00f6r att ge patienten en bra livskvalitet.<\/p>\n\n\n\n<p>Under \u00e5ren har Realheart utvecklat en serie prototyper och efterhand l\u00f6st den ena utmaningen efter den andra. Blodcirkulation, pumpens funktion, tryck, och skapandet av puls har verifierats vid etiskt godk\u00e4nda djurf\u00f6rs\u00f6k.<\/p>\n\n\n\n<div style=\"height:41px\" aria-hidden=\"true\" class=\"wp-block-spacer\"><\/div>\n\n\n\n<h2 class=\"wp-block-heading\">Utvecklingsplan<\/h2>\n\n\n\n<div style=\"height:30px\" aria-hidden=\"true\" class=\"wp-block-spacer\"><\/div>\n\n\n\n<figure class=\"wp-block-image size-full\"><img loading=\"lazy\" decoding=\"async\" width=\"842\" height=\"595\" src=\"https:\/\/realheart.se\/wp-content\/uploads\/2023\/10\/development-plan-picture-for-website.png\" alt=\"\" class=\"wp-image-5910\" srcset=\"https:\/\/realheart.se\/wp-content\/uploads\/2023\/10\/development-plan-picture-for-website.png 842w, https:\/\/realheart.se\/wp-content\/uploads\/2023\/10\/development-plan-picture-for-website-300x212.png 300w, https:\/\/realheart.se\/wp-content\/uploads\/2023\/10\/development-plan-picture-for-website-768x543.png 768w, https:\/\/realheart.se\/wp-content\/uploads\/2023\/10\/development-plan-picture-for-website-526x372.png 526w, https:\/\/realheart.se\/wp-content\/uploads\/2023\/10\/development-plan-picture-for-website-720x509.png 720w\" sizes=\"auto, (max-width: 842px) 100vw, 842px\" \/><\/figure>\n\n\n\n<h4 class=\"wp-block-heading\">Prekliniska studier<\/h4>\n\n\n\n<div style=\"height:15px\" aria-hidden=\"true\" class=\"wp-block-spacer\"><\/div>\n\n\n\n<h5 class=\"wp-block-heading\" style=\"font-size:18px\"><strong>Digitala studier&nbsp;<\/strong><\/h5>\n\n\n\n<ul class=\"wp-block-list\">\n<li>Virtuella implantationer i djur och m\u00e4nniskor, i samarbete med tyska Virtonomy&nbsp;<\/li>\n\n\n\n<li>Datorsimulering av blodfl\u00f6det i pumpen (Computational Fluid Dynamics, CFD) i samarbete med University of Bath under ledning av Dr Katharine Fraser och med en av Realheart medfinansierad doktorand&nbsp;<\/li>\n<\/ul>\n\n\n\n<h5 class=\"wp-block-heading\" style=\"font-size:18px\"><strong>Laboratoriestudier<\/strong><\/h5>\n\n\n\n<ul class=\"wp-block-list\">\n<li>Blodtester tillsammans med Karolinska universitetssjukhuset p\u00e5 gemensamt laboratorium i sjukhusets lokaler<\/li>\n\n\n\n<li>Prestandastudier i simulerade kliniska scenarier, t.ex. via hybridsimulator (som simulerar m\u00e4nniskokroppen) vid KU Leuven tillsammans med Dr Libera Fresiello&nbsp;<\/li>\n\n\n\n<li>Fl\u00f6desanalyser i 4D, i samarbete med Link\u00f6pings universitet<\/li>\n\n\n\n<li>H\u00e5llbarhetsstudier i specialutformade riggar av komponenter och hela system p\u00e5 Realhearts laboratorium i V\u00e4ster\u00e5s<\/li>\n<\/ul>\n\n\n\n<h5 class=\"wp-block-heading\" style=\"font-size:18px\"><strong>Anatomi- och djurstudier<\/strong><\/h5>\n\n\n\n<ul class=\"wp-block-list\">\n<li>Anatomistudier i m\u00e4nniskor, i samarbete med Professor Bart Meyns vid KU Leuven<\/li>\n\n\n\n<li>Korttids- och l\u00e5ngtidsstudier i f\u00e5r vid Medanex Clinic i Belgien. G\u00e5r \u00f6ver i certifierade studier f\u00f6r att f\u00f6rbereda f\u00f6r kliniska studier p\u00e5 m\u00e4nniska.<\/li>\n<\/ul>\n\n\n\n<div style=\"height:30px\" aria-hidden=\"true\" class=\"wp-block-spacer\"><\/div>\n\n\n\n<h4 class=\"wp-block-heading\">Kliniska studier<\/h4>\n\n\n\n<div style=\"height:15px\" aria-hidden=\"true\" class=\"wp-block-spacer\"><\/div>\n\n\n\n<h5 class=\"wp-block-heading\" style=\"font-size:18px\"><strong>Liten klinisk studie i patienter<\/strong><\/h5>\n\n\n\n<p>Den f\u00f6rsta utv\u00e4rderingen av produkten f\u00f6r behandling av hj\u00e4rtsviktspatienter. Antalet avg\u00f6rs av myndigheterna.&nbsp;Det f\u00f6rsta steget \u00e4r att hitta r\u00e4tt sjukhus och l\u00e4kare att samarbeta med.&nbsp;Planering inf\u00f6r detta har p\u00e5b\u00f6rjats.<\/p>\n\n\n\n<h5 class=\"wp-block-heading\" style=\"font-size:18px\"><strong>Stor klinisk studie i patienter<\/strong><\/h5>\n\n\n\n<p>Realheart kommer att arbeta med flera sjukhus och l\u00e4kare parallellt f\u00f6r att snabba p\u00e5 patientrekryteringsprocessen. Antalet patienter som ing\u00e5r avg\u00f6rs av myndigheterna utifr\u00e5n statistiska ber\u00e4kningar kring s\u00e4kerhet och\/eller produktens effektivitet.<\/p>\n\n\n\n<div style=\"height:30px\" aria-hidden=\"true\" class=\"wp-block-spacer\"><\/div>\n\n\n\n<h4 class=\"wp-block-heading\">Produktlansering<\/h4>\n\n\n\n<div style=\"height:15px\" aria-hidden=\"true\" class=\"wp-block-spacer\"><\/div>\n\n\n\n<p>Myndigheterna utg\u00e5r fr\u00e5n data fr\u00e5n den stora studien och tittar p\u00e5 s\u00e4kerheten och ger d\u00e4refter ett tillst\u00e5nd att lansera produkten p\u00e5 marknaden.<\/p>\n\n\n\n<div style=\"height:30px\" aria-hidden=\"true\" class=\"wp-block-spacer\"><\/div>\n\n\n\n<p><\/p>\n\n\n\n<figure class=\"wp-block-image size-large\"><a href=\"https:\/\/youtu.be\/eidXpQKxexc\" target=\"_blank\" rel=\"noopener noreferrer\"><img loading=\"lazy\" decoding=\"async\" width=\"1024\" height=\"576\" src=\"https:\/\/realheart.se\/wp-content\/uploads\/2020\/11\/filmbild-realheart-1-1024x576.jpg\" alt=\"\" class=\"wp-image-4095\" srcset=\"https:\/\/realheart.se\/wp-content\/uploads\/2020\/11\/filmbild-realheart-1-1024x576.jpg 1024w, https:\/\/realheart.se\/wp-content\/uploads\/2020\/11\/filmbild-realheart-1-300x169.jpg 300w, https:\/\/realheart.se\/wp-content\/uploads\/2020\/11\/filmbild-realheart-1-768x432.jpg 768w, https:\/\/realheart.se\/wp-content\/uploads\/2020\/11\/filmbild-realheart-1-1536x864.jpg 1536w, https:\/\/realheart.se\/wp-content\/uploads\/2020\/11\/filmbild-realheart-1-720x405.jpg 720w, https:\/\/realheart.se\/wp-content\/uploads\/2020\/11\/filmbild-realheart-1-960x540.jpg 960w, https:\/\/realheart.se\/wp-content\/uploads\/2020\/11\/filmbild-realheart-1-1600x900.jpg 1600w, https:\/\/realheart.se\/wp-content\/uploads\/2020\/11\/filmbild-realheart-1-526x296.jpg 526w, https:\/\/realheart.se\/wp-content\/uploads\/2020\/11\/filmbild-realheart-1-1140x641.jpg 1140w, https:\/\/realheart.se\/wp-content\/uploads\/2020\/11\/filmbild-realheart-1.jpg 1800w\" sizes=\"auto, (max-width: 1024px) 100vw, 1024px\" \/><\/a><figcaption class=\"wp-element-caption\"><em>Vid de senaste djurstudierna kunde ett flertal viktiga prestandakriterier bekr\u00e4ftas och fokus ligger nu p\u00e5 att optimera operationsmetodiken samt f\u00f6rl\u00e4nga \u00f6verlevnadstiden<\/em> (just denna video \u00e4r fr\u00e5n en tidigare djurstudie).<\/figcaption><\/figure>\n\n\n\n<div style=\"height:30px\" aria-hidden=\"true\" class=\"wp-block-spacer\"><\/div>\n\n\n\n<h3 class=\"wp-block-heading\">Samarbeten<\/h3>\n\n\n\n<p>Ut\u00f6ver samarbeten med institutioner och kliniker arbetar Realheart sedan 10 \u00e5r tillbaka med ett internationellt expertn\u00e4tverk av hj\u00e4rtkirurger, veterin\u00e4rer, ingenj\u00f6rer och biomedicinska forskare. Under 2020 etablerades ett s\u00e4rskilt medicinskt r\u00e5d, l\u00e4s mer om det <strong><a href=\"https:\/\/realheart.se\/fou\/realhearts-vetenskapsrad\/\">h\u00e4r<\/a><\/strong>.<\/p>\n\n\n\n<div style=\"height:30px\" aria-hidden=\"true\" class=\"wp-block-spacer\"><\/div>\n\n\n\n<h3 class=\"wp-block-heading\">Vetenskaplig dokumentation<\/h3>\n\n\n\n<p>Alla prekliniska studier som g\u00f6rs dokumenteras noggrant. Dokumentationen \u00e4r n\u00f6dv\u00e4ndig f\u00f6r att erh\u00e5lla godk\u00e4nnande att p\u00e5b\u00f6rja kliniska studier p\u00e5 m\u00e4nniska.&nbsp;Ut\u00f6ver detta publiceras ofta resultat i vetenskapliga artiklar i ledande tidskrifter, l\u00e4s mer <a href=\"https:\/\/realheart.se\/fou\/vetenskapliga-artiklar\/\"><strong>h\u00e4r<\/strong><\/a>.<\/p>\n","protected":false},"excerpt":{"rendered":"<p>Grundid\u00e9n bakom Realheart\u00ae TAH bygger p\u00e5 fl\u00f6desanalyser utf\u00f6rda vid KTH 2002-2005 med syfte att konstruera ett konstgjort hj\u00e4rta som efterliknar det biologiska. Genom att imitera grundprincipen skapas ett tryck och fl\u00f6de som b\u00f6r minska risken f\u00f6r blodproppar och ge en energieffektiv pumpning. Dessa faktorer \u00e4r viktiga f\u00f6r att ge patienten en bra livskvalitet. Under \u00e5ren&#8230;<\/p>\n","protected":false},"author":1,"featured_media":0,"parent":0,"menu_order":0,"comment_status":"closed","ping_status":"closed","template":"","meta":{"_acf_changed":false,"_monsterinsights_skip_tracking":false,"_monsterinsights_sitenote_active":false,"_monsterinsights_sitenote_note":"","_monsterinsights_sitenote_category":0,"footnotes":""},"class_list":["post-4069","page","type-page","status-publish","hentry"],"acf":[],"aioseo_notices":[],"yoast_head":"<!-- This site is optimized with the Yoast SEO plugin v27.3 - https:\/\/yoast.com\/product\/yoast-seo-wordpress\/ -->\n<title>FoU - Realheart<\/title>\n<meta name=\"description\" content=\"Forsknings- och utvecklingsarbetet syftar till att ta Realheart TAH till marknaden. Det sker utifr\u00e5n kravbilden som st\u00e4llts av den amerikanska l\u00e4kemedelsmyndigheten FDA.\" \/>\n<meta name=\"robots\" content=\"index, follow, max-snippet:-1, max-image-preview:large, max-video-preview:-1\" \/>\n<link rel=\"canonical\" href=\"https:\/\/realheart.se\/sv\/fou\/\" \/>\n<meta property=\"og:locale\" content=\"sv_SE\" \/>\n<meta property=\"og:type\" content=\"article\" \/>\n<meta property=\"og:title\" content=\"FoU - Realheart\" \/>\n<meta property=\"og:description\" content=\"Forsknings- och utvecklingsarbetet syftar till att ta Realheart TAH till marknaden. Det sker utifr\u00e5n kravbilden som st\u00e4llts av den amerikanska l\u00e4kemedelsmyndigheten FDA.\" \/>\n<meta property=\"og:url\" content=\"https:\/\/realheart.se\/sv\/fou\/\" \/>\n<meta property=\"og:site_name\" content=\"Realheart\" \/>\n<meta property=\"article:modified_time\" content=\"2023-10-20T11:04:24+00:00\" \/>\n<meta property=\"og:image\" content=\"https:\/\/realheart.se\/wp-content\/uploads\/2023\/10\/development-plan-picture-for-website.png\" \/>\n<meta name=\"twitter:card\" content=\"summary_large_image\" \/>\n<meta name=\"twitter:label1\" content=\"Ber\u00e4knad l\u00e4stid\" \/>\n\t<meta name=\"twitter:data1\" content=\"3 minuter\" \/>\n<script type=\"application\/ld+json\" class=\"yoast-schema-graph\">{\"@context\":\"https:\\\/\\\/schema.org\",\"@graph\":[{\"@type\":\"WebPage\",\"@id\":\"https:\\\/\\\/realheart.se\\\/sv\\\/fou\\\/\",\"url\":\"https:\\\/\\\/realheart.se\\\/sv\\\/fou\\\/\",\"name\":\"FoU - Realheart\",\"isPartOf\":{\"@id\":\"https:\\\/\\\/realheart.se\\\/#website\"},\"primaryImageOfPage\":{\"@id\":\"https:\\\/\\\/realheart.se\\\/sv\\\/fou\\\/#primaryimage\"},\"image\":{\"@id\":\"https:\\\/\\\/realheart.se\\\/sv\\\/fou\\\/#primaryimage\"},\"thumbnailUrl\":\"https:\\\/\\\/realheart.se\\\/wp-content\\\/uploads\\\/2023\\\/10\\\/development-plan-picture-for-website.png\",\"datePublished\":\"2020-11-03T09:17:01+00:00\",\"dateModified\":\"2023-10-20T11:04:24+00:00\",\"description\":\"Forsknings- och utvecklingsarbetet syftar till att ta Realheart TAH till marknaden. Det sker utifr\u00e5n kravbilden som st\u00e4llts av den amerikanska l\u00e4kemedelsmyndigheten FDA.\",\"inLanguage\":\"sv-SE\",\"potentialAction\":[{\"@type\":\"ReadAction\",\"target\":[\"https:\\\/\\\/realheart.se\\\/sv\\\/fou\\\/\"]}]},{\"@type\":\"ImageObject\",\"inLanguage\":\"sv-SE\",\"@id\":\"https:\\\/\\\/realheart.se\\\/sv\\\/fou\\\/#primaryimage\",\"url\":\"https:\\\/\\\/realheart.se\\\/wp-content\\\/uploads\\\/2023\\\/10\\\/development-plan-picture-for-website.png\",\"contentUrl\":\"https:\\\/\\\/realheart.se\\\/wp-content\\\/uploads\\\/2023\\\/10\\\/development-plan-picture-for-website.png\"},{\"@type\":\"WebSite\",\"@id\":\"https:\\\/\\\/realheart.se\\\/#website\",\"url\":\"https:\\\/\\\/realheart.se\\\/\",\"name\":\"Realheart\",\"description\":\"\u00c4r ett medicintekniskt f\u00f6retag som utvecklar ett artificiellt hj\u00e4rta som ska r\u00e4dda liv p\u00e5 sv\u00e5rt hj\u00e4rtsjuka personer som st\u00e5r i transplantationsk\u00f6.\",\"potentialAction\":[{\"@type\":\"SearchAction\",\"target\":{\"@type\":\"EntryPoint\",\"urlTemplate\":\"https:\\\/\\\/realheart.se\\\/?s={search_term_string}\"},\"query-input\":{\"@type\":\"PropertyValueSpecification\",\"valueRequired\":true,\"valueName\":\"search_term_string\"}}],\"inLanguage\":\"sv-SE\"}]}<\/script>\n<!-- \/ Yoast SEO plugin. -->","yoast_head_json":{"title":"FoU - Realheart","description":"Forsknings- och utvecklingsarbetet syftar till att ta Realheart TAH till marknaden. Det sker utifr\u00e5n kravbilden som st\u00e4llts av den amerikanska l\u00e4kemedelsmyndigheten FDA.","robots":{"index":"index","follow":"follow","max-snippet":"max-snippet:-1","max-image-preview":"max-image-preview:large","max-video-preview":"max-video-preview:-1"},"canonical":"https:\/\/realheart.se\/sv\/fou\/","og_locale":"sv_SE","og_type":"article","og_title":"FoU - Realheart","og_description":"Forsknings- och utvecklingsarbetet syftar till att ta Realheart TAH till marknaden. Det sker utifr\u00e5n kravbilden som st\u00e4llts av den amerikanska l\u00e4kemedelsmyndigheten FDA.","og_url":"https:\/\/realheart.se\/sv\/fou\/","og_site_name":"Realheart","article_modified_time":"2023-10-20T11:04:24+00:00","og_image":[{"url":"https:\/\/realheart.se\/wp-content\/uploads\/2023\/10\/development-plan-picture-for-website.png","type":"","width":"","height":""}],"twitter_card":"summary_large_image","twitter_misc":{"Ber\u00e4knad l\u00e4stid":"3 minuter"},"schema":{"@context":"https:\/\/schema.org","@graph":[{"@type":"WebPage","@id":"https:\/\/realheart.se\/sv\/fou\/","url":"https:\/\/realheart.se\/sv\/fou\/","name":"FoU - Realheart","isPartOf":{"@id":"https:\/\/realheart.se\/#website"},"primaryImageOfPage":{"@id":"https:\/\/realheart.se\/sv\/fou\/#primaryimage"},"image":{"@id":"https:\/\/realheart.se\/sv\/fou\/#primaryimage"},"thumbnailUrl":"https:\/\/realheart.se\/wp-content\/uploads\/2023\/10\/development-plan-picture-for-website.png","datePublished":"2020-11-03T09:17:01+00:00","dateModified":"2023-10-20T11:04:24+00:00","description":"Forsknings- och utvecklingsarbetet syftar till att ta Realheart TAH till marknaden. Det sker utifr\u00e5n kravbilden som st\u00e4llts av den amerikanska l\u00e4kemedelsmyndigheten FDA.","inLanguage":"sv-SE","potentialAction":[{"@type":"ReadAction","target":["https:\/\/realheart.se\/sv\/fou\/"]}]},{"@type":"ImageObject","inLanguage":"sv-SE","@id":"https:\/\/realheart.se\/sv\/fou\/#primaryimage","url":"https:\/\/realheart.se\/wp-content\/uploads\/2023\/10\/development-plan-picture-for-website.png","contentUrl":"https:\/\/realheart.se\/wp-content\/uploads\/2023\/10\/development-plan-picture-for-website.png"},{"@type":"WebSite","@id":"https:\/\/realheart.se\/#website","url":"https:\/\/realheart.se\/","name":"Realheart","description":"\u00c4r ett medicintekniskt f\u00f6retag som utvecklar ett artificiellt hj\u00e4rta som ska r\u00e4dda liv p\u00e5 sv\u00e5rt hj\u00e4rtsjuka personer som st\u00e5r i transplantationsk\u00f6.","potentialAction":[{"@type":"SearchAction","target":{"@type":"EntryPoint","urlTemplate":"https:\/\/realheart.se\/?s={search_term_string}"},"query-input":{"@type":"PropertyValueSpecification","valueRequired":true,"valueName":"search_term_string"}}],"inLanguage":"sv-SE"}]}},"_links":{"self":[{"href":"https:\/\/realheart.se\/sv\/wp-json\/wp\/v2\/pages\/4069","targetHints":{"allow":["GET"]}}],"collection":[{"href":"https:\/\/realheart.se\/sv\/wp-json\/wp\/v2\/pages"}],"about":[{"href":"https:\/\/realheart.se\/sv\/wp-json\/wp\/v2\/types\/page"}],"author":[{"embeddable":true,"href":"https:\/\/realheart.se\/sv\/wp-json\/wp\/v2\/users\/1"}],"replies":[{"embeddable":true,"href":"https:\/\/realheart.se\/sv\/wp-json\/wp\/v2\/comments?post=4069"}],"version-history":[{"count":60,"href":"https:\/\/realheart.se\/sv\/wp-json\/wp\/v2\/pages\/4069\/revisions"}],"predecessor-version":[{"id":5912,"href":"https:\/\/realheart.se\/sv\/wp-json\/wp\/v2\/pages\/4069\/revisions\/5912"}],"wp:attachment":[{"href":"https:\/\/realheart.se\/sv\/wp-json\/wp\/v2\/media?parent=4069"}],"curies":[{"name":"wp","href":"https:\/\/api.w.org\/{rel}","templated":true}]}}