




{"id":408,"date":"2016-11-07T14:58:24","date_gmt":"2016-11-07T13:58:24","guid":{"rendered":"http:\/\/https:\/\/realheart.se\/?page_id=408"},"modified":"2025-05-09T12:26:49","modified_gmt":"2025-05-09T12:26:49","slug":"fordjupning-om-pumpprincipen","status":"publish","type":"page","link":"https:\/\/realheart.se\/sv\/artificiella-hjartat-realheart-tah\/fordjupning-om-pumpprincipen\/","title":{"rendered":"F\u00f6rdjupning om pumpprincipen"},"content":{"rendered":"<div class=\"wp-block-image\">\n<figure class=\"alignright size-large is-resized\"><img loading=\"lazy\" decoding=\"async\" width=\"1024\" height=\"1024\" src=\"https:\/\/realheart.se\/wp-content\/uploads\/2021\/08\/pump-2-3-1024x1024.jpg\" alt=\"\" class=\"wp-image-4489\" style=\"width:221px;height:221px\" srcset=\"https:\/\/realheart.se\/wp-content\/uploads\/2021\/08\/pump-2-3-1024x1024.jpg 1024w, https:\/\/realheart.se\/wp-content\/uploads\/2021\/08\/pump-2-3-300x300.jpg 300w, https:\/\/realheart.se\/wp-content\/uploads\/2021\/08\/pump-2-3-150x150.jpg 150w, https:\/\/realheart.se\/wp-content\/uploads\/2021\/08\/pump-2-3-768x768.jpg 768w, https:\/\/realheart.se\/wp-content\/uploads\/2021\/08\/pump-2-3-1536x1536.jpg 1536w, https:\/\/realheart.se\/wp-content\/uploads\/2021\/08\/pump-2-3-2048x2048.jpg 2048w, https:\/\/realheart.se\/wp-content\/uploads\/2021\/08\/pump-2-3-526x526.jpg 526w, https:\/\/realheart.se\/wp-content\/uploads\/2021\/08\/pump-2-3-720x720.jpg 720w, https:\/\/realheart.se\/wp-content\/uploads\/2021\/08\/pump-2-3-960x960.jpg 960w, https:\/\/realheart.se\/wp-content\/uploads\/2021\/08\/pump-2-3-1140x1140.jpg 1140w, https:\/\/realheart.se\/wp-content\/uploads\/2021\/08\/pump-2-3-1600x1600.jpg 1600w\" sizes=\"auto, (max-width: 1024px) 100vw, 1024px\" \/><\/figure>\n<\/div>\n\n\n<p>Hj\u00e4rtat best\u00e5r av tv\u00e5 f\u00f6rmak och tv\u00e5 kammare. H\u00f6ger sida \u00e4r ett l\u00e5gtryckssystem och v\u00e4nster sida ett h\u00f6gtryckssystem. Det icke syresatta blodet kommer fr\u00e5n kroppen in i h\u00f6ger f\u00f6rmak, g\u00e5r sedan via h\u00f6ger kammare ut i lungkretsloppet, syrs\u00e4tts och kommer tillbaka till v\u00e4nster f\u00f6rmak och pumpas sedan via v\u00e4nster kammare ut i kroppen igen. Mellan f\u00f6rmak och kamrar finns klaffar som fungerar som backventiler och f\u00f6rhindrar att blodet g\u00e5r bakl\u00e4nges i samband med pumpningen.<\/p>\n\n\n\n<p>Man har traditionellt ansett att hj\u00e4rtat \u00e4r en sorts \u201dkrampump\u201d d\u00e4r muskulatur i kamrarna kramar ut blodet i kroppen. Svensk forskning har emellertid p\u00e5 senare \u00e5r visat att hj\u00e4rtat inte \u00e4r en krampump utan funktionellt sett en pistongpump. Mellan f\u00f6rmak och kammare ligger det s. k AV-planet. AV-planet \u00e4r en f\u00f6rkortning av atrioventrikul\u00e4ra planet. Atrium betyder f\u00f6rmak och ventrikel kammare. I detta plan sitter klaffar p\u00e5 b\u00e5de v\u00e4nster och h\u00f6ger sida.<\/p>\n\n\n\n<p>Pumpr\u00f6relsen \u00e4r en snabb ned\u00e5tg\u00e5ende r\u00f6relse av hela AV-planet. R\u00f6relsen \u00e4r n\u00e4rmast som ett pistolskott. Mycket snabb och med snabb tryck\u00f6kning. I och med att AV-planet r\u00f6r sig ned\u00e5t st\u00e4ngs klaffarna och den blodvolym som finns i kammaren snarast studsar mot kammarens botten och ut i respektive art\u00e4r p\u00e5 b\u00e5da sidor. Det \u00e4r denna principiella funktion som ger upphov till puls i blodomloppet.<\/p>\n\n\n\n<p>Pulsen \u00e4r viktig f\u00f6r att uppr\u00e4tth\u00e5lla funktionen av m\u00e5nga organ. Det har ocks\u00e5 visats att puls \u00e4r viktig f\u00f6r att motverka att de st\u00f6rre blodk\u00e4rlen stelnar.<\/p>\n\n\n\n<p>En annan viktig effekt av denna principiella pumpr\u00f6relse \u00e4r att det i och med att klaffarna st\u00e4ngs vid ned\u00e5tr\u00f6relsen skapas att undertryck i f\u00f6rmaken. Detta undertryck \u00e4r viktig f\u00f6r att blod skall sugas in i f\u00f6rmaken och ge en \u00e5terfyllnad med en ny portion blod som i n\u00e4sta pumpr\u00f6relse skall pumpas ut till lungorna respektive aorta.<\/p>\n\n\n\n<figure class=\"wp-block-image size-full\"><img loading=\"lazy\" decoding=\"async\" width=\"848\" height=\"613\" src=\"https:\/\/realheart.se\/wp-content\/uploads\/2021\/08\/pump-1.jpg\" alt=\"\" class=\"wp-image-4473\" srcset=\"https:\/\/realheart.se\/wp-content\/uploads\/2021\/08\/pump-1.jpg 848w, https:\/\/realheart.se\/wp-content\/uploads\/2021\/08\/pump-1-300x217.jpg 300w, https:\/\/realheart.se\/wp-content\/uploads\/2021\/08\/pump-1-768x555.jpg 768w, https:\/\/realheart.se\/wp-content\/uploads\/2021\/08\/pump-1-526x380.jpg 526w, https:\/\/realheart.se\/wp-content\/uploads\/2021\/08\/pump-1-720x520.jpg 720w\" sizes=\"auto, (max-width: 848px) 100vw, 848px\" \/><\/figure>\n\n\n\n<p>Realheart\u00ae TAH\u00a0\u00e4r skapat s\u00e5 att det \u00e4r en n\u00e4rmast exakt kopia av b\u00e5de den principiella normala pumpr\u00f6relsen, normala tryckf\u00f6rh\u00e5llande och att det ger upphov till normal puls. \u00c5terfyllnad av f\u00f6rmaken sker ocks\u00e5 p\u00e5 ett normalt s\u00e4tt.<\/p>\n\n\n\n<p>En ytterligare viktig faktor \u00e4r sannolikt kammarens utformning. Det \u00e4r mycket som tyder p\u00e5 att kammarens utformning kan vara viktig f\u00f6r att f\u00e5 r\u00e4tt acceleration p\u00e5 blodet ut i respektive art\u00e4r under pumpr\u00f6relsen. Detta i kombination med utformningen av kammarens inre yta (trabekulering) \u00e4r med stor sannolikhet viktig f\u00f6r att motverka trombosbildning. Dessa faktorer kommer att vetenskapligt studeras n\u00e4rmare.<\/p>\n","protected":false},"excerpt":{"rendered":"<p>Hj\u00e4rtat best\u00e5r av tv\u00e5 f\u00f6rmak och tv\u00e5 kammare. H\u00f6ger sida \u00e4r ett l\u00e5gtryckssystem och v\u00e4nster sida ett h\u00f6gtryckssystem. Det icke syresatta blodet kommer fr\u00e5n kroppen in i h\u00f6ger f\u00f6rmak, g\u00e5r sedan via h\u00f6ger kammare ut i lungkretsloppet, syrs\u00e4tts och kommer tillbaka till v\u00e4nster f\u00f6rmak och pumpas sedan via v\u00e4nster kammare ut i kroppen igen. Mellan&#8230;<\/p>\n","protected":false},"author":1,"featured_media":0,"parent":2502,"menu_order":1,"comment_status":"closed","ping_status":"closed","template":"","meta":{"_acf_changed":false,"_monsterinsights_skip_tracking":false,"_monsterinsights_sitenote_active":false,"_monsterinsights_sitenote_note":"","_monsterinsights_sitenote_category":0,"footnotes":""},"class_list":["post-408","page","type-page","status-publish","hentry"],"acf":[],"aioseo_notices":[],"yoast_head":"<!-- This site is optimized with the Yoast SEO plugin v27.5 - https:\/\/yoast.com\/product\/yoast-seo-wordpress\/ -->\n<title>F\u00f6rdjupning om pumpprincipen - Realheart<\/title>\n<meta name=\"robots\" content=\"index, follow, max-snippet:-1, max-image-preview:large, max-video-preview:-1\" \/>\n<link rel=\"canonical\" href=\"https:\/\/realheart.se\/sv\/artificiella-hjartat-realheart-tah\/fordjupning-om-pumpprincipen\/\" \/>\n<meta property=\"og:locale\" content=\"sv_SE\" \/>\n<meta property=\"og:type\" content=\"article\" \/>\n<meta property=\"og:title\" content=\"F\u00f6rdjupning om pumpprincipen - Realheart\" \/>\n<meta property=\"og:description\" content=\"Hj\u00e4rtat best\u00e5r av tv\u00e5 f\u00f6rmak och tv\u00e5 kammare. H\u00f6ger sida \u00e4r ett l\u00e5gtryckssystem och v\u00e4nster sida ett h\u00f6gtryckssystem. Det icke syresatta blodet kommer fr\u00e5n kroppen in i h\u00f6ger f\u00f6rmak, g\u00e5r sedan via h\u00f6ger kammare ut i lungkretsloppet, syrs\u00e4tts och kommer tillbaka till v\u00e4nster f\u00f6rmak och pumpas sedan via v\u00e4nster kammare ut i kroppen igen. Mellan...\" \/>\n<meta property=\"og:url\" content=\"https:\/\/realheart.se\/sv\/artificiella-hjartat-realheart-tah\/fordjupning-om-pumpprincipen\/\" \/>\n<meta property=\"og:site_name\" content=\"Realheart\" \/>\n<meta property=\"article:modified_time\" content=\"2025-05-09T12:26:49+00:00\" \/>\n<meta property=\"og:image\" content=\"https:\/\/realheart.se\/wp-content\/uploads\/2021\/08\/pump-2-3.jpg\" \/>\n\t<meta property=\"og:image:width\" content=\"2065\" \/>\n\t<meta property=\"og:image:height\" content=\"2065\" \/>\n\t<meta property=\"og:image:type\" content=\"image\/jpeg\" \/>\n<meta name=\"twitter:card\" content=\"summary_large_image\" \/>\n<meta name=\"twitter:label1\" content=\"Ber\u00e4knad l\u00e4stid\" \/>\n\t<meta name=\"twitter:data1\" content=\"3 minuter\" \/>\n<script type=\"application\/ld+json\" class=\"yoast-schema-graph\">{\"@context\":\"https:\\\/\\\/schema.org\",\"@graph\":[{\"@type\":\"WebPage\",\"@id\":\"https:\\\/\\\/realheart.se\\\/sv\\\/artificiella-hjartat-realheart-tah\\\/fordjupning-om-pumpprincipen\\\/\",\"url\":\"https:\\\/\\\/realheart.se\\\/sv\\\/artificiella-hjartat-realheart-tah\\\/fordjupning-om-pumpprincipen\\\/\",\"name\":\"F\u00f6rdjupning om pumpprincipen - Realheart\",\"isPartOf\":{\"@id\":\"https:\\\/\\\/realheart.se\\\/#website\"},\"primaryImageOfPage\":{\"@id\":\"https:\\\/\\\/realheart.se\\\/sv\\\/artificiella-hjartat-realheart-tah\\\/fordjupning-om-pumpprincipen\\\/#primaryimage\"},\"image\":{\"@id\":\"https:\\\/\\\/realheart.se\\\/sv\\\/artificiella-hjartat-realheart-tah\\\/fordjupning-om-pumpprincipen\\\/#primaryimage\"},\"thumbnailUrl\":\"https:\\\/\\\/realheart.se\\\/wp-content\\\/uploads\\\/2021\\\/08\\\/pump-2-3-1024x1024.jpg\",\"datePublished\":\"2016-11-07T13:58:24+00:00\",\"dateModified\":\"2025-05-09T12:26:49+00:00\",\"breadcrumb\":{\"@id\":\"https:\\\/\\\/realheart.se\\\/sv\\\/artificiella-hjartat-realheart-tah\\\/fordjupning-om-pumpprincipen\\\/#breadcrumb\"},\"inLanguage\":\"sv-SE\",\"potentialAction\":[{\"@type\":\"ReadAction\",\"target\":[\"https:\\\/\\\/realheart.se\\\/sv\\\/artificiella-hjartat-realheart-tah\\\/fordjupning-om-pumpprincipen\\\/\"]}]},{\"@type\":\"ImageObject\",\"inLanguage\":\"sv-SE\",\"@id\":\"https:\\\/\\\/realheart.se\\\/sv\\\/artificiella-hjartat-realheart-tah\\\/fordjupning-om-pumpprincipen\\\/#primaryimage\",\"url\":\"https:\\\/\\\/realheart.se\\\/wp-content\\\/uploads\\\/2021\\\/08\\\/pump-2-3-1024x1024.jpg\",\"contentUrl\":\"https:\\\/\\\/realheart.se\\\/wp-content\\\/uploads\\\/2021\\\/08\\\/pump-2-3-1024x1024.jpg\"},{\"@type\":\"BreadcrumbList\",\"@id\":\"https:\\\/\\\/realheart.se\\\/sv\\\/artificiella-hjartat-realheart-tah\\\/fordjupning-om-pumpprincipen\\\/#breadcrumb\",\"itemListElement\":[{\"@type\":\"ListItem\",\"position\":1,\"name\":\"Artificiella hj\u00e4rtat\",\"item\":\"https:\\\/\\\/realheart.se\\\/sv\\\/artificiella-hjartat-realheart-tah\\\/\"},{\"@type\":\"ListItem\",\"position\":2,\"name\":\"F\u00f6rdjupning om pumpprincipen\"}]},{\"@type\":\"WebSite\",\"@id\":\"https:\\\/\\\/realheart.se\\\/#website\",\"url\":\"https:\\\/\\\/realheart.se\\\/\",\"name\":\"Realheart\",\"description\":\"\u00c4r ett medicintekniskt f\u00f6retag som utvecklar ett artificiellt hj\u00e4rta som ska r\u00e4dda liv p\u00e5 sv\u00e5rt hj\u00e4rtsjuka personer som st\u00e5r i transplantationsk\u00f6.\",\"potentialAction\":[{\"@type\":\"SearchAction\",\"target\":{\"@type\":\"EntryPoint\",\"urlTemplate\":\"https:\\\/\\\/realheart.se\\\/?s={search_term_string}\"},\"query-input\":{\"@type\":\"PropertyValueSpecification\",\"valueRequired\":true,\"valueName\":\"search_term_string\"}}],\"inLanguage\":\"sv-SE\"}]}<\/script>\n<!-- \/ Yoast SEO plugin. -->","yoast_head_json":{"title":"F\u00f6rdjupning om pumpprincipen - Realheart","robots":{"index":"index","follow":"follow","max-snippet":"max-snippet:-1","max-image-preview":"max-image-preview:large","max-video-preview":"max-video-preview:-1"},"canonical":"https:\/\/realheart.se\/sv\/artificiella-hjartat-realheart-tah\/fordjupning-om-pumpprincipen\/","og_locale":"sv_SE","og_type":"article","og_title":"F\u00f6rdjupning om pumpprincipen - Realheart","og_description":"Hj\u00e4rtat best\u00e5r av tv\u00e5 f\u00f6rmak och tv\u00e5 kammare. H\u00f6ger sida \u00e4r ett l\u00e5gtryckssystem och v\u00e4nster sida ett h\u00f6gtryckssystem. Det icke syresatta blodet kommer fr\u00e5n kroppen in i h\u00f6ger f\u00f6rmak, g\u00e5r sedan via h\u00f6ger kammare ut i lungkretsloppet, syrs\u00e4tts och kommer tillbaka till v\u00e4nster f\u00f6rmak och pumpas sedan via v\u00e4nster kammare ut i kroppen igen. Mellan...","og_url":"https:\/\/realheart.se\/sv\/artificiella-hjartat-realheart-tah\/fordjupning-om-pumpprincipen\/","og_site_name":"Realheart","article_modified_time":"2025-05-09T12:26:49+00:00","og_image":[{"width":2065,"height":2065,"url":"https:\/\/realheart.se\/wp-content\/uploads\/2021\/08\/pump-2-3.jpg","type":"image\/jpeg"}],"twitter_card":"summary_large_image","twitter_misc":{"Ber\u00e4knad l\u00e4stid":"3 minuter"},"schema":{"@context":"https:\/\/schema.org","@graph":[{"@type":"WebPage","@id":"https:\/\/realheart.se\/sv\/artificiella-hjartat-realheart-tah\/fordjupning-om-pumpprincipen\/","url":"https:\/\/realheart.se\/sv\/artificiella-hjartat-realheart-tah\/fordjupning-om-pumpprincipen\/","name":"F\u00f6rdjupning om pumpprincipen - Realheart","isPartOf":{"@id":"https:\/\/realheart.se\/#website"},"primaryImageOfPage":{"@id":"https:\/\/realheart.se\/sv\/artificiella-hjartat-realheart-tah\/fordjupning-om-pumpprincipen\/#primaryimage"},"image":{"@id":"https:\/\/realheart.se\/sv\/artificiella-hjartat-realheart-tah\/fordjupning-om-pumpprincipen\/#primaryimage"},"thumbnailUrl":"https:\/\/realheart.se\/wp-content\/uploads\/2021\/08\/pump-2-3-1024x1024.jpg","datePublished":"2016-11-07T13:58:24+00:00","dateModified":"2025-05-09T12:26:49+00:00","breadcrumb":{"@id":"https:\/\/realheart.se\/sv\/artificiella-hjartat-realheart-tah\/fordjupning-om-pumpprincipen\/#breadcrumb"},"inLanguage":"sv-SE","potentialAction":[{"@type":"ReadAction","target":["https:\/\/realheart.se\/sv\/artificiella-hjartat-realheart-tah\/fordjupning-om-pumpprincipen\/"]}]},{"@type":"ImageObject","inLanguage":"sv-SE","@id":"https:\/\/realheart.se\/sv\/artificiella-hjartat-realheart-tah\/fordjupning-om-pumpprincipen\/#primaryimage","url":"https:\/\/realheart.se\/wp-content\/uploads\/2021\/08\/pump-2-3-1024x1024.jpg","contentUrl":"https:\/\/realheart.se\/wp-content\/uploads\/2021\/08\/pump-2-3-1024x1024.jpg"},{"@type":"BreadcrumbList","@id":"https:\/\/realheart.se\/sv\/artificiella-hjartat-realheart-tah\/fordjupning-om-pumpprincipen\/#breadcrumb","itemListElement":[{"@type":"ListItem","position":1,"name":"Artificiella hj\u00e4rtat","item":"https:\/\/realheart.se\/sv\/artificiella-hjartat-realheart-tah\/"},{"@type":"ListItem","position":2,"name":"F\u00f6rdjupning om pumpprincipen"}]},{"@type":"WebSite","@id":"https:\/\/realheart.se\/#website","url":"https:\/\/realheart.se\/","name":"Realheart","description":"\u00c4r ett medicintekniskt f\u00f6retag som utvecklar ett artificiellt hj\u00e4rta som ska r\u00e4dda liv p\u00e5 sv\u00e5rt hj\u00e4rtsjuka personer som st\u00e5r i transplantationsk\u00f6.","potentialAction":[{"@type":"SearchAction","target":{"@type":"EntryPoint","urlTemplate":"https:\/\/realheart.se\/?s={search_term_string}"},"query-input":{"@type":"PropertyValueSpecification","valueRequired":true,"valueName":"search_term_string"}}],"inLanguage":"sv-SE"}]}},"_links":{"self":[{"href":"https:\/\/realheart.se\/sv\/wp-json\/wp\/v2\/pages\/408","targetHints":{"allow":["GET"]}}],"collection":[{"href":"https:\/\/realheart.se\/sv\/wp-json\/wp\/v2\/pages"}],"about":[{"href":"https:\/\/realheart.se\/sv\/wp-json\/wp\/v2\/types\/page"}],"author":[{"embeddable":true,"href":"https:\/\/realheart.se\/sv\/wp-json\/wp\/v2\/users\/1"}],"replies":[{"embeddable":true,"href":"https:\/\/realheart.se\/sv\/wp-json\/wp\/v2\/comments?post=408"}],"version-history":[{"count":26,"href":"https:\/\/realheart.se\/sv\/wp-json\/wp\/v2\/pages\/408\/revisions"}],"predecessor-version":[{"id":7448,"href":"https:\/\/realheart.se\/sv\/wp-json\/wp\/v2\/pages\/408\/revisions\/7448"}],"up":[{"embeddable":true,"href":"https:\/\/realheart.se\/sv\/wp-json\/wp\/v2\/pages\/2502"}],"wp:attachment":[{"href":"https:\/\/realheart.se\/sv\/wp-json\/wp\/v2\/media?parent=408"}],"curies":[{"name":"wp","href":"https:\/\/api.w.org\/{rel}","templated":true}]}}