




{"id":411,"date":"2016-11-07T15:01:48","date_gmt":"2016-11-07T15:01:48","guid":{"rendered":"http:\/\/https:\/\/realheart.se\/?page_id=411"},"modified":"2018-11-21T07:44:52","modified_gmt":"2018-11-21T07:44:52","slug":"produktutveckling","status":"publish","type":"page","link":"https:\/\/realheart.se\/sv\/artificiella-hjartat-realheart-tah\/forskning-och-utveckling\/produktutveckling\/","title":{"rendered":"Produktutveckling"},"content":{"rendered":"<p>Scandinavian Real Heart AB utvecklar ett mekaniskt hj\u00e4rta som ska r\u00e4dda liv. Hj\u00e4rtat \u00e4r ett s\u00e5 kallat Total Artificial Heart (TAH), det vill s\u00e4ga en pump som helt ska ers\u00e4tta ett riktigt hj\u00e4rta. I f\u00f6rsta hand \u00e4r syftet att det anv\u00e4nds som en \u00f6verg\u00e5ngsl\u00f6sning i v\u00e4ntan p\u00e5 trans\u00adplantation. P\u00e5 l\u00e5ng sikt \u00e4r tanken att Real Hearts hj\u00e4rtpump ska kunna ha normal funktion i en m\u00e4nniska under l\u00e4ngre tid.<\/p>\n<p>Grundid\u00e9n som bygger p\u00e5 fl\u00f6desanalyser gjorda p\u00e5 KTH 2002 -2005 g\u00e5r ut p\u00e5 att utveckla ett konstgjort hj\u00e4rta som efterliknar det biologiska. Genom att efterlikna grundprincipen f\u00f6r ett biologiskt hj\u00e4rta skapar man ett tryck och fl\u00f6de som minskar risken f\u00f6r blodproppar och pumpar p\u00e5 ett energieffektivt s\u00e4tt. Dessa faktorer \u00e4r viktiga f\u00f6r att ge patienten en bra livskvalitet.<\/p>\n<p>Under utvecklingens g\u00e5ng har Scandinavian Real Heart l\u00f6st m\u00e5nga utmaningar. Man har utvecklat en serie modeller och efterhand l\u00f6st den ena utmaningen efter den andra.<\/p>\n<p>Blodcirkulation, pumpens funktion, tryck, och skapandet av puls har verifierats vid etiskt godk\u00e4nda djurf\u00f6rs\u00f6k. Processen att operera in bolagets hj\u00e4rtpump har vidareutvecklats och trimmats vilket g\u00f6r operationen snabbare och smidigare, patienten beh\u00f6ver inte vara ansluten till hj\u00e4rt-lungmaskin s\u00e5 l\u00e5ng tid. Under 2017 har hj\u00e4rtpumpen kompletterats med teknik som kommer att g\u00f6ra det enkelt att byta drivenheten hos patienten. Denna l\u00f6sning \u00e4r Bolaget unik med i v\u00e4rlden. Det \u00f6kar pumpens h\u00e5llbarhet. Man kan serva hj\u00e4rtat och byta mekaniska delar utan att patienterna beh\u00f6ver genomg\u00e5 en stor operation.Under 2017 har styrboxen med elektronik och mjukvara som styr drivsystemet utvecklats.<\/p>\n<p><strong>De senaste framstegen i modellversion 8 \u2013 10<\/strong><\/p>\n<ul>\n<li>Pumpen skapar en puls och fl\u00f6de som helt efterliknar det riktiga hj\u00e4rtat<\/li>\n<li>Bolaget har utvecklat operationsprocessen s\u00e5 att det g\u00e5r smidigt och snabbt att operera in hj\u00e4rtpumpen<\/li>\n<li>Pumpen v\u00e4ger bara 800 gram och passar fint i patientens br\u00f6stkorg<\/li>\n<li>Pumpen ger ett j\u00e4mt pulserande fl\u00f6de pga de fyra hj\u00e4rtkamrarna, utan sug och vakuumeffekt i venerna som \u00e4r risken med tv\u00e5kammarl\u00f6sningar<\/li>\n<li>Pumpen pumpar med olika blodvolymer i h\u00f6ger och v\u00e4nster kammare, p\u00e5 samma s\u00e4tt som i det naturliga hj\u00e4rtat (konkurrenterna pumpar med samma blodvolym fr\u00e5n de tv\u00e5 kamrarna)<\/li>\n<li>Pumpen ha fyra kamrar vilket ger ett gynnsamt blodfl\u00f6de och medf\u00f6r att blodet aldrig st\u00e5r stilla (konkurrenterna anv\u00e4nder bara tv\u00e5 kamrar vilket g\u00f6r att blodet st\u00e5r stilla mellan slagen vilket avsev\u00e4rt \u00f6kar avsev\u00e4rt risken f\u00f6r blodproppar)<\/li>\n<li><\/li>\n<\/ul>\n<p>Sedan 10 \u00e5r tillbaka arbetar Real Heart med ett n\u00e4tverk av specialister inom thoraxkirurgi, fysiologi, materialteknik, medicinteknik, energiteknik samt motor och motorstyrning. Bolaget har ocks\u00e5 ett utvecklat samarbete med ledande svenska hj\u00e4rtkirurger.<\/p>\n<p>Bolaget har utvecklat tv\u00e5 egna hj\u00e4rtsimulatorer f\u00f6r test och verifikation som anv\u00e4nds vid modelltester innan djurf\u00f6rs\u00f6ken genomf\u00f6rs. Dessa simulatorer har visat sig vara viktiga hj\u00e4lpmedel f\u00f6r att simulera ett kroppsliknande motst\u00e5nd vid test av pumpen. Stor energi har lagts vid att analysera m\u00e4nniskohj\u00e4rtats energi- och effektbehov.<\/p>\n<p>Utifr\u00e5n de djurf\u00f6rs\u00f6k som hittills gjorts, bed\u00f6mer styrelsen, att RealHearts hj\u00e4rtpump har betydligt b\u00e4ttre funktion och egenskaper \u00e4n konkurrenternas eftersom pumpen efterliknar det riktiga hj\u00e4rtats s\u00e4tt att pumpa och dess konstruktion. Real\u00a0Heart har tv\u00e5 f\u00f6rmak och tv\u00e5 kammare, elmotordrift med l\u00e4ttare batterier, ett AV-plan som r\u00f6r sig och standardklaffar.<\/p>\n<p><strong>Vetenskaplig dokumentation<\/strong><br \/>\nAlla f\u00f6rs\u00f6k som g\u00f6rs med Scandinavian Real Hearts modeller dokumenteras noggrant \u2013 b\u00e5de de initiala djurf\u00f6rs\u00f6ken s\u00e5v\u00e4l som senare f\u00f6rs\u00f6k p\u00e5 m\u00e4nniska. Denna dokumentation kommer att i samarbete med olika hj\u00e4rtkirurgiska kliniker att resultera i publikation av vetenskapliga rapporter i ledande tidskrifter. Dokumentationen \u00e4r n\u00f6dv\u00e4ndig f\u00f6r att erh\u00e5lla produktcertifiering (CE- och FDA-certifikat).<\/p>\n<p>&nbsp;<\/p>\n","protected":false},"excerpt":{"rendered":"<p>Scandinavian Real Heart AB utvecklar ett mekaniskt hj\u00e4rta som ska r\u00e4dda liv. Hj\u00e4rtat \u00e4r ett s\u00e5 kallat Total Artificial Heart (TAH), det vill s\u00e4ga en pump som helt ska ers\u00e4tta ett riktigt hj\u00e4rta. I f\u00f6rsta hand \u00e4r syftet att det anv\u00e4nds som en \u00f6verg\u00e5ngsl\u00f6sning i v\u00e4ntan p\u00e5 trans\u00adplantation. P\u00e5 l\u00e5ng sikt \u00e4r tanken att Real&#8230;<\/p>\n","protected":false},"author":1,"featured_media":0,"parent":17,"menu_order":0,"comment_status":"closed","ping_status":"closed","template":"","meta":{"_acf_changed":false,"_monsterinsights_skip_tracking":false,"_monsterinsights_sitenote_active":false,"_monsterinsights_sitenote_note":"","_monsterinsights_sitenote_category":0,"footnotes":""},"class_list":["post-411","page","type-page","status-publish","hentry"],"acf":[],"aioseo_notices":[],"yoast_head":"<!-- This site is optimized with the Yoast SEO plugin v27.3 - https:\/\/yoast.com\/product\/yoast-seo-wordpress\/ -->\n<title>Produktutveckling - Realheart<\/title>\n<meta name=\"robots\" content=\"index, follow, max-snippet:-1, max-image-preview:large, max-video-preview:-1\" \/>\n<link rel=\"canonical\" href=\"https:\/\/realheart.se\/sv\/artificiella-hjartat-realheart-tah\/forskning-och-utveckling\/produktutveckling\/\" \/>\n<meta property=\"og:locale\" content=\"sv_SE\" \/>\n<meta property=\"og:type\" content=\"article\" \/>\n<meta property=\"og:title\" content=\"Produktutveckling - Realheart\" \/>\n<meta property=\"og:description\" content=\"Scandinavian Real Heart AB utvecklar ett mekaniskt hj\u00e4rta som ska r\u00e4dda liv. Hj\u00e4rtat \u00e4r ett s\u00e5 kallat Total Artificial Heart (TAH), det vill s\u00e4ga en pump som helt ska ers\u00e4tta ett riktigt hj\u00e4rta. I f\u00f6rsta hand \u00e4r syftet att det anv\u00e4nds som en \u00f6verg\u00e5ngsl\u00f6sning i v\u00e4ntan p\u00e5 trans\u00adplantation. P\u00e5 l\u00e5ng sikt \u00e4r tanken att Real...\" \/>\n<meta property=\"og:url\" content=\"https:\/\/realheart.se\/sv\/artificiella-hjartat-realheart-tah\/forskning-och-utveckling\/produktutveckling\/\" \/>\n<meta property=\"og:site_name\" content=\"Realheart\" \/>\n<meta property=\"article:modified_time\" content=\"2018-11-21T07:44:52+00:00\" \/>\n<meta name=\"twitter:card\" content=\"summary_large_image\" \/>\n<meta name=\"twitter:label1\" content=\"Ber\u00e4knad l\u00e4stid\" \/>\n\t<meta name=\"twitter:data1\" content=\"3 minuter\" \/>\n<script type=\"application\/ld+json\" class=\"yoast-schema-graph\">{\"@context\":\"https:\\\/\\\/schema.org\",\"@graph\":[{\"@type\":\"WebPage\",\"@id\":\"https:\\\/\\\/realheart.se\\\/sv\\\/artificiella-hjartat-realheart-tah\\\/forskning-och-utveckling\\\/produktutveckling\\\/\",\"url\":\"https:\\\/\\\/realheart.se\\\/sv\\\/artificiella-hjartat-realheart-tah\\\/forskning-och-utveckling\\\/produktutveckling\\\/\",\"name\":\"Produktutveckling - Realheart\",\"isPartOf\":{\"@id\":\"https:\\\/\\\/realheart.se\\\/#website\"},\"datePublished\":\"2016-11-07T15:01:48+00:00\",\"dateModified\":\"2018-11-21T07:44:52+00:00\",\"breadcrumb\":{\"@id\":\"https:\\\/\\\/realheart.se\\\/sv\\\/artificiella-hjartat-realheart-tah\\\/forskning-och-utveckling\\\/produktutveckling\\\/#breadcrumb\"},\"inLanguage\":\"sv-SE\",\"potentialAction\":[{\"@type\":\"ReadAction\",\"target\":[\"https:\\\/\\\/realheart.se\\\/sv\\\/artificiella-hjartat-realheart-tah\\\/forskning-och-utveckling\\\/produktutveckling\\\/\"]}]},{\"@type\":\"BreadcrumbList\",\"@id\":\"https:\\\/\\\/realheart.se\\\/sv\\\/artificiella-hjartat-realheart-tah\\\/forskning-och-utveckling\\\/produktutveckling\\\/#breadcrumb\",\"itemListElement\":[{\"@type\":\"ListItem\",\"position\":1,\"name\":\"Artificiella hj\u00e4rtat\",\"item\":\"https:\\\/\\\/realheart.se\\\/sv\\\/artificiella-hjartat-realheart-tah\\\/\"},{\"@type\":\"ListItem\",\"position\":2,\"name\":\"Forskning och Utveckling\",\"item\":\"https:\\\/\\\/realheart.se\\\/sv\\\/?page_id=17\"},{\"@type\":\"ListItem\",\"position\":3,\"name\":\"Produktutveckling\"}]},{\"@type\":\"WebSite\",\"@id\":\"https:\\\/\\\/realheart.se\\\/#website\",\"url\":\"https:\\\/\\\/realheart.se\\\/\",\"name\":\"Realheart\",\"description\":\"\u00c4r ett medicintekniskt f\u00f6retag som utvecklar ett artificiellt hj\u00e4rta som ska r\u00e4dda liv p\u00e5 sv\u00e5rt hj\u00e4rtsjuka personer som st\u00e5r i transplantationsk\u00f6.\",\"potentialAction\":[{\"@type\":\"SearchAction\",\"target\":{\"@type\":\"EntryPoint\",\"urlTemplate\":\"https:\\\/\\\/realheart.se\\\/?s={search_term_string}\"},\"query-input\":{\"@type\":\"PropertyValueSpecification\",\"valueRequired\":true,\"valueName\":\"search_term_string\"}}],\"inLanguage\":\"sv-SE\"}]}<\/script>\n<!-- \/ Yoast SEO plugin. -->","yoast_head_json":{"title":"Produktutveckling - Realheart","robots":{"index":"index","follow":"follow","max-snippet":"max-snippet:-1","max-image-preview":"max-image-preview:large","max-video-preview":"max-video-preview:-1"},"canonical":"https:\/\/realheart.se\/sv\/artificiella-hjartat-realheart-tah\/forskning-och-utveckling\/produktutveckling\/","og_locale":"sv_SE","og_type":"article","og_title":"Produktutveckling - Realheart","og_description":"Scandinavian Real Heart AB utvecklar ett mekaniskt hj\u00e4rta som ska r\u00e4dda liv. Hj\u00e4rtat \u00e4r ett s\u00e5 kallat Total Artificial Heart (TAH), det vill s\u00e4ga en pump som helt ska ers\u00e4tta ett riktigt hj\u00e4rta. I f\u00f6rsta hand \u00e4r syftet att det anv\u00e4nds som en \u00f6verg\u00e5ngsl\u00f6sning i v\u00e4ntan p\u00e5 trans\u00adplantation. P\u00e5 l\u00e5ng sikt \u00e4r tanken att Real...","og_url":"https:\/\/realheart.se\/sv\/artificiella-hjartat-realheart-tah\/forskning-och-utveckling\/produktutveckling\/","og_site_name":"Realheart","article_modified_time":"2018-11-21T07:44:52+00:00","twitter_card":"summary_large_image","twitter_misc":{"Ber\u00e4knad l\u00e4stid":"3 minuter"},"schema":{"@context":"https:\/\/schema.org","@graph":[{"@type":"WebPage","@id":"https:\/\/realheart.se\/sv\/artificiella-hjartat-realheart-tah\/forskning-och-utveckling\/produktutveckling\/","url":"https:\/\/realheart.se\/sv\/artificiella-hjartat-realheart-tah\/forskning-och-utveckling\/produktutveckling\/","name":"Produktutveckling - Realheart","isPartOf":{"@id":"https:\/\/realheart.se\/#website"},"datePublished":"2016-11-07T15:01:48+00:00","dateModified":"2018-11-21T07:44:52+00:00","breadcrumb":{"@id":"https:\/\/realheart.se\/sv\/artificiella-hjartat-realheart-tah\/forskning-och-utveckling\/produktutveckling\/#breadcrumb"},"inLanguage":"sv-SE","potentialAction":[{"@type":"ReadAction","target":["https:\/\/realheart.se\/sv\/artificiella-hjartat-realheart-tah\/forskning-och-utveckling\/produktutveckling\/"]}]},{"@type":"BreadcrumbList","@id":"https:\/\/realheart.se\/sv\/artificiella-hjartat-realheart-tah\/forskning-och-utveckling\/produktutveckling\/#breadcrumb","itemListElement":[{"@type":"ListItem","position":1,"name":"Artificiella hj\u00e4rtat","item":"https:\/\/realheart.se\/sv\/artificiella-hjartat-realheart-tah\/"},{"@type":"ListItem","position":2,"name":"Forskning och Utveckling","item":"https:\/\/realheart.se\/sv\/?page_id=17"},{"@type":"ListItem","position":3,"name":"Produktutveckling"}]},{"@type":"WebSite","@id":"https:\/\/realheart.se\/#website","url":"https:\/\/realheart.se\/","name":"Realheart","description":"\u00c4r ett medicintekniskt f\u00f6retag som utvecklar ett artificiellt hj\u00e4rta som ska r\u00e4dda liv p\u00e5 sv\u00e5rt hj\u00e4rtsjuka personer som st\u00e5r i transplantationsk\u00f6.","potentialAction":[{"@type":"SearchAction","target":{"@type":"EntryPoint","urlTemplate":"https:\/\/realheart.se\/?s={search_term_string}"},"query-input":{"@type":"PropertyValueSpecification","valueRequired":true,"valueName":"search_term_string"}}],"inLanguage":"sv-SE"}]}},"_links":{"self":[{"href":"https:\/\/realheart.se\/sv\/wp-json\/wp\/v2\/pages\/411","targetHints":{"allow":["GET"]}}],"collection":[{"href":"https:\/\/realheart.se\/sv\/wp-json\/wp\/v2\/pages"}],"about":[{"href":"https:\/\/realheart.se\/sv\/wp-json\/wp\/v2\/types\/page"}],"author":[{"embeddable":true,"href":"https:\/\/realheart.se\/sv\/wp-json\/wp\/v2\/users\/1"}],"replies":[{"embeddable":true,"href":"https:\/\/realheart.se\/sv\/wp-json\/wp\/v2\/comments?post=411"}],"version-history":[{"count":1,"href":"https:\/\/realheart.se\/sv\/wp-json\/wp\/v2\/pages\/411\/revisions"}],"predecessor-version":[{"id":3039,"href":"https:\/\/realheart.se\/sv\/wp-json\/wp\/v2\/pages\/411\/revisions\/3039"}],"up":[{"embeddable":true,"href":"https:\/\/realheart.se\/sv\/wp-json\/wp\/v2\/pages\/17"}],"wp:attachment":[{"href":"https:\/\/realheart.se\/sv\/wp-json\/wp\/v2\/media?parent=411"}],"curies":[{"name":"wp","href":"https:\/\/api.w.org\/{rel}","templated":true}]}}