




{"id":4375,"date":"2021-07-29T09:47:44","date_gmt":"2021-07-29T09:47:44","guid":{"rendered":"https:\/\/realheart.se\/?page_id=4375"},"modified":"2022-08-11T13:50:43","modified_gmt":"2022-08-11T13:50:43","slug":"spontanansokningar","status":"publish","type":"page","link":"https:\/\/realheart.se\/sv\/karriar\/spontanansokningar\/","title":{"rendered":"Spontanans\u00f6kningar"},"content":{"rendered":"\n<p>Realheart \u00e4r i en tillv\u00e4xtfas och vi v\u00e4lkomnar spontanans\u00f6kningar fr\u00e5n alla som har erfarenhet av arbete med medicinteknik i klass III, s\u00e4rskilt hj\u00e4rtpumpar och artificiella hj\u00e4rtan. Skicka ditt CV, tillsammans med ett personligt brev som beskriver dina styrkor och vad du vill g\u00f6ra, till <a href=\"mailto:careers@realheart.se\">careers@realheart.se<\/a>.<\/p>\n","protected":false},"excerpt":{"rendered":"<p>Realheart \u00e4r i en tillv\u00e4xtfas och vi v\u00e4lkomnar spontanans\u00f6kningar fr\u00e5n alla som har erfarenhet av arbete med medicinteknik i klass III, s\u00e4rskilt hj\u00e4rtpumpar och artificiella hj\u00e4rtan. Skicka ditt CV, tillsammans med ett personligt brev som beskriver dina styrkor och vad du vill g\u00f6ra, till careers@realheart.se.<\/p>\n","protected":false},"author":1,"featured_media":0,"parent":3627,"menu_order":0,"comment_status":"closed","ping_status":"closed","template":"","meta":{"_acf_changed":false,"_monsterinsights_skip_tracking":false,"_monsterinsights_sitenote_active":false,"_monsterinsights_sitenote_note":"","_monsterinsights_sitenote_category":0,"footnotes":""},"class_list":["post-4375","page","type-page","status-publish","hentry"],"acf":[],"aioseo_notices":[],"yoast_head":"<!-- This site is optimized with the Yoast SEO plugin v27.3 - https:\/\/yoast.com\/product\/yoast-seo-wordpress\/ -->\n<title>Spontanans\u00f6kningar - Realheart<\/title>\n<meta name=\"robots\" content=\"index, follow, max-snippet:-1, max-image-preview:large, max-video-preview:-1\" \/>\n<link rel=\"canonical\" href=\"https:\/\/realheart.se\/sv\/karriar\/spontanansokningar\/\" \/>\n<meta property=\"og:locale\" content=\"sv_SE\" \/>\n<meta property=\"og:type\" content=\"article\" \/>\n<meta property=\"og:title\" content=\"Spontanans\u00f6kningar - Realheart\" \/>\n<meta property=\"og:description\" content=\"Realheart \u00e4r i en tillv\u00e4xtfas och vi v\u00e4lkomnar spontanans\u00f6kningar fr\u00e5n alla som har erfarenhet av arbete med medicinteknik i klass III, s\u00e4rskilt hj\u00e4rtpumpar och artificiella hj\u00e4rtan. Skicka ditt CV, tillsammans med ett personligt brev som beskriver dina styrkor och vad du vill g\u00f6ra, till careers@realheart.se.\" \/>\n<meta property=\"og:url\" content=\"https:\/\/realheart.se\/sv\/karriar\/spontanansokningar\/\" \/>\n<meta property=\"og:site_name\" content=\"Realheart\" \/>\n<meta property=\"article:modified_time\" content=\"2022-08-11T13:50:43+00:00\" \/>\n<meta name=\"twitter:card\" content=\"summary_large_image\" \/>\n<meta name=\"twitter:label1\" content=\"Ber\u00e4knad l\u00e4stid\" \/>\n\t<meta name=\"twitter:data1\" content=\"1 minut\" \/>\n<script type=\"application\/ld+json\" class=\"yoast-schema-graph\">{\"@context\":\"https:\\\/\\\/schema.org\",\"@graph\":[{\"@type\":\"WebPage\",\"@id\":\"https:\\\/\\\/realheart.se\\\/sv\\\/karriar\\\/spontanansokningar\\\/\",\"url\":\"https:\\\/\\\/realheart.se\\\/sv\\\/karriar\\\/spontanansokningar\\\/\",\"name\":\"Spontanans\u00f6kningar - Realheart\",\"isPartOf\":{\"@id\":\"https:\\\/\\\/realheart.se\\\/#website\"},\"datePublished\":\"2021-07-29T09:47:44+00:00\",\"dateModified\":\"2022-08-11T13:50:43+00:00\",\"breadcrumb\":{\"@id\":\"https:\\\/\\\/realheart.se\\\/sv\\\/karriar\\\/spontanansokningar\\\/#breadcrumb\"},\"inLanguage\":\"sv-SE\",\"potentialAction\":[{\"@type\":\"ReadAction\",\"target\":[\"https:\\\/\\\/realheart.se\\\/sv\\\/karriar\\\/spontanansokningar\\\/\"]}]},{\"@type\":\"BreadcrumbList\",\"@id\":\"https:\\\/\\\/realheart.se\\\/sv\\\/karriar\\\/spontanansokningar\\\/#breadcrumb\",\"itemListElement\":[{\"@type\":\"ListItem\",\"position\":1,\"name\":\"Karri\u00e4r\",\"item\":\"https:\\\/\\\/realheart.se\\\/sv\\\/karriar\\\/\"},{\"@type\":\"ListItem\",\"position\":2,\"name\":\"Spontanans\u00f6kningar\"}]},{\"@type\":\"WebSite\",\"@id\":\"https:\\\/\\\/realheart.se\\\/#website\",\"url\":\"https:\\\/\\\/realheart.se\\\/\",\"name\":\"Realheart\",\"description\":\"\u00c4r ett medicintekniskt f\u00f6retag som utvecklar ett artificiellt hj\u00e4rta som ska r\u00e4dda liv p\u00e5 sv\u00e5rt hj\u00e4rtsjuka personer som st\u00e5r i transplantationsk\u00f6.\",\"potentialAction\":[{\"@type\":\"SearchAction\",\"target\":{\"@type\":\"EntryPoint\",\"urlTemplate\":\"https:\\\/\\\/realheart.se\\\/?s={search_term_string}\"},\"query-input\":{\"@type\":\"PropertyValueSpecification\",\"valueRequired\":true,\"valueName\":\"search_term_string\"}}],\"inLanguage\":\"sv-SE\"}]}<\/script>\n<!-- \/ Yoast SEO plugin. -->","yoast_head_json":{"title":"Spontanans\u00f6kningar - Realheart","robots":{"index":"index","follow":"follow","max-snippet":"max-snippet:-1","max-image-preview":"max-image-preview:large","max-video-preview":"max-video-preview:-1"},"canonical":"https:\/\/realheart.se\/sv\/karriar\/spontanansokningar\/","og_locale":"sv_SE","og_type":"article","og_title":"Spontanans\u00f6kningar - Realheart","og_description":"Realheart \u00e4r i en tillv\u00e4xtfas och vi v\u00e4lkomnar spontanans\u00f6kningar fr\u00e5n alla som har erfarenhet av arbete med medicinteknik i klass III, s\u00e4rskilt hj\u00e4rtpumpar och artificiella hj\u00e4rtan. Skicka ditt CV, tillsammans med ett personligt brev som beskriver dina styrkor och vad du vill g\u00f6ra, till careers@realheart.se.","og_url":"https:\/\/realheart.se\/sv\/karriar\/spontanansokningar\/","og_site_name":"Realheart","article_modified_time":"2022-08-11T13:50:43+00:00","twitter_card":"summary_large_image","twitter_misc":{"Ber\u00e4knad l\u00e4stid":"1 minut"},"schema":{"@context":"https:\/\/schema.org","@graph":[{"@type":"WebPage","@id":"https:\/\/realheart.se\/sv\/karriar\/spontanansokningar\/","url":"https:\/\/realheart.se\/sv\/karriar\/spontanansokningar\/","name":"Spontanans\u00f6kningar - Realheart","isPartOf":{"@id":"https:\/\/realheart.se\/#website"},"datePublished":"2021-07-29T09:47:44+00:00","dateModified":"2022-08-11T13:50:43+00:00","breadcrumb":{"@id":"https:\/\/realheart.se\/sv\/karriar\/spontanansokningar\/#breadcrumb"},"inLanguage":"sv-SE","potentialAction":[{"@type":"ReadAction","target":["https:\/\/realheart.se\/sv\/karriar\/spontanansokningar\/"]}]},{"@type":"BreadcrumbList","@id":"https:\/\/realheart.se\/sv\/karriar\/spontanansokningar\/#breadcrumb","itemListElement":[{"@type":"ListItem","position":1,"name":"Karri\u00e4r","item":"https:\/\/realheart.se\/sv\/karriar\/"},{"@type":"ListItem","position":2,"name":"Spontanans\u00f6kningar"}]},{"@type":"WebSite","@id":"https:\/\/realheart.se\/#website","url":"https:\/\/realheart.se\/","name":"Realheart","description":"\u00c4r ett medicintekniskt f\u00f6retag som utvecklar ett artificiellt hj\u00e4rta som ska r\u00e4dda liv p\u00e5 sv\u00e5rt hj\u00e4rtsjuka personer som st\u00e5r i transplantationsk\u00f6.","potentialAction":[{"@type":"SearchAction","target":{"@type":"EntryPoint","urlTemplate":"https:\/\/realheart.se\/?s={search_term_string}"},"query-input":{"@type":"PropertyValueSpecification","valueRequired":true,"valueName":"search_term_string"}}],"inLanguage":"sv-SE"}]}},"_links":{"self":[{"href":"https:\/\/realheart.se\/sv\/wp-json\/wp\/v2\/pages\/4375","targetHints":{"allow":["GET"]}}],"collection":[{"href":"https:\/\/realheart.se\/sv\/wp-json\/wp\/v2\/pages"}],"about":[{"href":"https:\/\/realheart.se\/sv\/wp-json\/wp\/v2\/types\/page"}],"author":[{"embeddable":true,"href":"https:\/\/realheart.se\/sv\/wp-json\/wp\/v2\/users\/1"}],"replies":[{"embeddable":true,"href":"https:\/\/realheart.se\/sv\/wp-json\/wp\/v2\/comments?post=4375"}],"version-history":[{"count":3,"href":"https:\/\/realheart.se\/sv\/wp-json\/wp\/v2\/pages\/4375\/revisions"}],"predecessor-version":[{"id":4572,"href":"https:\/\/realheart.se\/sv\/wp-json\/wp\/v2\/pages\/4375\/revisions\/4572"}],"up":[{"embeddable":true,"href":"https:\/\/realheart.se\/sv\/wp-json\/wp\/v2\/pages\/3627"}],"wp:attachment":[{"href":"https:\/\/realheart.se\/sv\/wp-json\/wp\/v2\/media?parent=4375"}],"curies":[{"name":"wp","href":"https:\/\/api.w.org\/{rel}","templated":true}]}}