




{"id":4378,"date":"2021-07-29T09:48:33","date_gmt":"2021-07-29T09:48:33","guid":{"rendered":"https:\/\/realheart.se\/?page_id=4378"},"modified":"2022-11-29T09:52:39","modified_gmt":"2022-11-29T09:52:39","slug":"studentprojekt-och-praktikplatser","status":"publish","type":"page","link":"https:\/\/realheart.se\/sv\/karriar\/studentprojekt-och-praktikplatser\/","title":{"rendered":"Studentprojekt och praktikplatser"},"content":{"rendered":"\n<figure class=\"wp-block-image size-large\"><img loading=\"lazy\" decoding=\"async\" width=\"1024\" height=\"536\" src=\"https:\/\/realheart.se\/wp-content\/uploads\/2022\/05\/mitt-projekt-1024x536.png\" alt=\"\" class=\"wp-image-5160\" srcset=\"https:\/\/realheart.se\/wp-content\/uploads\/2022\/05\/mitt-projekt-1024x536.png 1024w, https:\/\/realheart.se\/wp-content\/uploads\/2022\/05\/mitt-projekt-300x157.png 300w, https:\/\/realheart.se\/wp-content\/uploads\/2022\/05\/mitt-projekt-768x402.png 768w, https:\/\/realheart.se\/wp-content\/uploads\/2022\/05\/mitt-projekt-526x275.png 526w, https:\/\/realheart.se\/wp-content\/uploads\/2022\/05\/mitt-projekt-720x377.png 720w, https:\/\/realheart.se\/wp-content\/uploads\/2022\/05\/mitt-projekt-960x502.png 960w, https:\/\/realheart.se\/wp-content\/uploads\/2022\/05\/mitt-projekt-1140x597.png 1140w, https:\/\/realheart.se\/wp-content\/uploads\/2022\/05\/mitt-projekt.png 1200w\" sizes=\"auto, (max-width: 1024px) 100vw, 1024px\" \/><figcaption class=\"wp-element-caption\">Ett n\u00e4ra samarbete med akademi och forskarstudenter hj\u00e4lper oss att h\u00e5lla oss uppdaterade med det senaste inom vetenskapen.<\/figcaption><\/figure>\n\n\n\n<p><strong>P\u00e5 Realheart v\u00e4rdes\u00e4tter vi l\u00e4nken till den akademiska v\u00e4rlden. Det \u00e4r ett s\u00e4tt att h\u00e5lla oss uppdaterade med det senaste inom vetenskapen. Vi brinner f\u00f6r livsl\u00e5ngt l\u00e4rande och f\u00e5r ofta lika mycket kunskaper och insikter som v\u00e5ra studenter f\u00e5r av oss.&nbsp;<\/strong><\/p>\n\n\n\n<p><strong>Vi har:<\/strong><\/p>\n\n\n\n<p>\u2022 samarbetat med akademiska handledare f\u00f6r att st\u00f6dja sista\u00e5rs-studenters projektid\u00e9er<\/p>\n\n\n\n<p>\u2022 haft M.Sc. studenter&nbsp;som skrivit sina uppsatser placerade hos oss<\/p>\n\n\n\n<p>\u2022 erbjudit sommarjobb, b\u00e5de fysiskt och p\u00e5 distans<\/p>\n\n\n\n<p>\u2022 erbjudit nyexaminerade studenter sitt f\u00f6rsta jobb<\/p>\n\n\n\n<p>Att erbjuda studentprojekt och praktikplatser \u00e4r ett s\u00e4tt f\u00f6r oss att hitta nya talanger, och vi f\u00f6redrar alltid att anst\u00e4lla duktiga studenter som vi redan k\u00e4nner framf\u00f6r platsannonsering i tidningar. <\/p>\n\n\n\n<p>Det \u00e4r lika viktigt f\u00f6r oss som f\u00f6r studenten att matchningen blir r\u00e4tt, att typen av projekt g\u00e5r hand i hand med de styrkor som varje student har.<\/p>\n\n\n\n<p><strong>Det h\u00e4r beh\u00f6ver vi fr\u00e5n dig om du v\u00e4ljer att ans\u00f6ka<\/strong><\/p>\n\n\n\n<ul class=\"wp-block-list\">\n<li>CV och personligt brev p\u00e5 engelska.<\/li>\n\n\n\n<li>\u00d6nskat start- och slutdatum f\u00f6r n\u00e4r praktik eller exjobb kan ske.<\/li>\n\n\n\n<li>Vilken typ av projekt eller id\u00e9 som just du kan bidra med och som vi kan matcha.<\/li>\n\n\n\n<li>Vilka kurser du har l\u00e4st samt examensbevis eller annat likv\u00e4rdigt kompetensbevis.<\/li>\n\n\n\n<li>Om du beh\u00f6ver hj\u00e4lp att hitta boende att hyra, s\u00e4g vad du har f\u00f6r m\u00e5nadsbudget och vilken typ av boende du letar efter.<\/li>\n<\/ul>\n\n\n\n<p><strong>Observera att vi ENDAST g\u00e5r igenom ans\u00f6kningar som \u00e4r skrivna p\u00e5 engelska. <\/strong>All v\u00e5r kommunikation och dagliga arbete utf\u00f6rs&nbsp;p\u00e5 engelska, d\u00e4rf\u00f6r&nbsp;kan vi endast ta emot studenter som fullst\u00e4ndigt beh\u00e4rskar spr\u00e5ket.<\/p>\n\n\n\n<p><\/p>\n\n\n\n<p>Om du \u00e4r student och nyfiken p\u00e5 Realhearts m\u00f6jligheter till studentprojekt och praktikplatser , skicka&nbsp;din ans\u00f6kan till <a href=\"mailto:careers@realheart.se\">careers@realheart.se<\/a>. <\/p>\n\n\n\n<p>Endast fullst\u00e4ndiga ans\u00f6kningar (CV, personligt brev, start\/slutdatum, \u00e4mnesomr\u00e5de, kursbetyg) kommer att bed\u00f6mas.<\/p>\n\n\n\n<h2 class=\"wp-block-heading\">Heart Hackathon Artificial Heart Competition<\/h2>\n\n\n\n<p>Fr\u00e5n och med h\u00f6sten 2022 \u00e4r Realheart stolta sponsorer till <a href=\"https:\/\/www.hearthackathon.com\/\">Heart Hackathon<\/a>, den f\u00f6rsta innovations- och designt\u00e4vlingen f\u00f6r artificiella hj\u00e4rtan.<\/p>\n\n\n\n<p>Var uppm\u00e4rksam p\u00e5 att du inte kan jobba p\u00e5 Realheart och vara med i t\u00e4vlingen samtidigt, men vi ser g\u00e4rna ans\u00f6kningar fr\u00e5n framtida studenter som har varit med i t\u00e4vlingen. F\u00f6r att f\u00f6lja t\u00e4vlingen och ans\u00f6ka om att delta, v\u00e4nligen bes\u00f6k Heart Hackathons hemsida.<\/p>\n\n\n<div class=\"wp-block-image\">\n<figure class=\"aligncenter size-full is-resized\"><a href=\"https:\/\/www.hearthackathon.com\/\"><img loading=\"lazy\" decoding=\"async\" src=\"https:\/\/realheart.se\/wp-content\/uploads\/2022\/11\/skarmavbild-2022-11-29-kl-082826.png\" alt=\"\" class=\"wp-image-5404\" width=\"358\" height=\"134\" srcset=\"https:\/\/realheart.se\/wp-content\/uploads\/2022\/11\/skarmavbild-2022-11-29-kl-082826.png 401w, https:\/\/realheart.se\/wp-content\/uploads\/2022\/11\/skarmavbild-2022-11-29-kl-082826-300x112.png 300w\" sizes=\"auto, (max-width: 358px) 100vw, 358px\" \/><\/a><\/figure>\n<\/div>","protected":false},"excerpt":{"rendered":"<p>P\u00e5 Realheart v\u00e4rdes\u00e4tter vi l\u00e4nken till den akademiska v\u00e4rlden. Det \u00e4r ett s\u00e4tt att h\u00e5lla oss uppdaterade med det senaste inom vetenskapen. Vi brinner f\u00f6r livsl\u00e5ngt l\u00e4rande och f\u00e5r ofta lika mycket kunskaper och insikter som v\u00e5ra studenter f\u00e5r av oss.&nbsp; Vi har: \u2022 samarbetat med akademiska handledare f\u00f6r att st\u00f6dja sista\u00e5rs-studenters projektid\u00e9er \u2022 haft&#8230;<\/p>\n","protected":false},"author":1,"featured_media":0,"parent":3627,"menu_order":0,"comment_status":"closed","ping_status":"closed","template":"","meta":{"_acf_changed":false,"_monsterinsights_skip_tracking":false,"_monsterinsights_sitenote_active":false,"_monsterinsights_sitenote_note":"","_monsterinsights_sitenote_category":0,"footnotes":""},"class_list":["post-4378","page","type-page","status-publish","hentry"],"acf":[],"aioseo_notices":[],"yoast_head":"<!-- This site is optimized with the Yoast SEO plugin v27.3 - https:\/\/yoast.com\/product\/yoast-seo-wordpress\/ -->\n<title>Studentprojekt och praktikplatser - Realheart<\/title>\n<meta name=\"robots\" content=\"index, follow, max-snippet:-1, max-image-preview:large, max-video-preview:-1\" \/>\n<link rel=\"canonical\" href=\"https:\/\/realheart.se\/sv\/karriar\/studentprojekt-och-praktikplatser\/\" \/>\n<meta property=\"og:locale\" content=\"sv_SE\" \/>\n<meta property=\"og:type\" content=\"article\" \/>\n<meta property=\"og:title\" content=\"Studentprojekt och praktikplatser - Realheart\" \/>\n<meta property=\"og:description\" content=\"P\u00e5 Realheart v\u00e4rdes\u00e4tter vi l\u00e4nken till den akademiska v\u00e4rlden. Det \u00e4r ett s\u00e4tt att h\u00e5lla oss uppdaterade med det senaste inom vetenskapen. Vi brinner f\u00f6r livsl\u00e5ngt l\u00e4rande och f\u00e5r ofta lika mycket kunskaper och insikter som v\u00e5ra studenter f\u00e5r av oss.&nbsp; Vi har: \u2022 samarbetat med akademiska handledare f\u00f6r att st\u00f6dja sista\u00e5rs-studenters projektid\u00e9er \u2022 haft...\" \/>\n<meta property=\"og:url\" content=\"https:\/\/realheart.se\/sv\/karriar\/studentprojekt-och-praktikplatser\/\" \/>\n<meta property=\"og:site_name\" content=\"Realheart\" \/>\n<meta property=\"article:modified_time\" content=\"2022-11-29T09:52:39+00:00\" \/>\n<meta property=\"og:image\" content=\"https:\/\/realheart.se\/wp-content\/uploads\/2022\/05\/mitt-projekt-1024x536.png\" \/>\n<meta name=\"twitter:card\" content=\"summary_large_image\" \/>\n<meta name=\"twitter:label1\" content=\"Ber\u00e4knad l\u00e4stid\" \/>\n\t<meta name=\"twitter:data1\" content=\"3 minuter\" \/>\n<script type=\"application\/ld+json\" class=\"yoast-schema-graph\">{\"@context\":\"https:\\\/\\\/schema.org\",\"@graph\":[{\"@type\":\"WebPage\",\"@id\":\"https:\\\/\\\/realheart.se\\\/sv\\\/karriar\\\/studentprojekt-och-praktikplatser\\\/\",\"url\":\"https:\\\/\\\/realheart.se\\\/sv\\\/karriar\\\/studentprojekt-och-praktikplatser\\\/\",\"name\":\"Studentprojekt och praktikplatser - Realheart\",\"isPartOf\":{\"@id\":\"https:\\\/\\\/realheart.se\\\/#website\"},\"primaryImageOfPage\":{\"@id\":\"https:\\\/\\\/realheart.se\\\/sv\\\/karriar\\\/studentprojekt-och-praktikplatser\\\/#primaryimage\"},\"image\":{\"@id\":\"https:\\\/\\\/realheart.se\\\/sv\\\/karriar\\\/studentprojekt-och-praktikplatser\\\/#primaryimage\"},\"thumbnailUrl\":\"https:\\\/\\\/realheart.se\\\/wp-content\\\/uploads\\\/2022\\\/05\\\/mitt-projekt-1024x536.png\",\"datePublished\":\"2021-07-29T09:48:33+00:00\",\"dateModified\":\"2022-11-29T09:52:39+00:00\",\"breadcrumb\":{\"@id\":\"https:\\\/\\\/realheart.se\\\/sv\\\/karriar\\\/studentprojekt-och-praktikplatser\\\/#breadcrumb\"},\"inLanguage\":\"sv-SE\",\"potentialAction\":[{\"@type\":\"ReadAction\",\"target\":[\"https:\\\/\\\/realheart.se\\\/sv\\\/karriar\\\/studentprojekt-och-praktikplatser\\\/\"]}]},{\"@type\":\"ImageObject\",\"inLanguage\":\"sv-SE\",\"@id\":\"https:\\\/\\\/realheart.se\\\/sv\\\/karriar\\\/studentprojekt-och-praktikplatser\\\/#primaryimage\",\"url\":\"https:\\\/\\\/realheart.se\\\/wp-content\\\/uploads\\\/2022\\\/05\\\/mitt-projekt-1024x536.png\",\"contentUrl\":\"https:\\\/\\\/realheart.se\\\/wp-content\\\/uploads\\\/2022\\\/05\\\/mitt-projekt-1024x536.png\"},{\"@type\":\"BreadcrumbList\",\"@id\":\"https:\\\/\\\/realheart.se\\\/sv\\\/karriar\\\/studentprojekt-och-praktikplatser\\\/#breadcrumb\",\"itemListElement\":[{\"@type\":\"ListItem\",\"position\":1,\"name\":\"Karri\u00e4r\",\"item\":\"https:\\\/\\\/realheart.se\\\/sv\\\/karriar\\\/\"},{\"@type\":\"ListItem\",\"position\":2,\"name\":\"Studentprojekt och praktikplatser\"}]},{\"@type\":\"WebSite\",\"@id\":\"https:\\\/\\\/realheart.se\\\/#website\",\"url\":\"https:\\\/\\\/realheart.se\\\/\",\"name\":\"Realheart\",\"description\":\"\u00c4r ett medicintekniskt f\u00f6retag som utvecklar ett artificiellt hj\u00e4rta som ska r\u00e4dda liv p\u00e5 sv\u00e5rt hj\u00e4rtsjuka personer som st\u00e5r i transplantationsk\u00f6.\",\"potentialAction\":[{\"@type\":\"SearchAction\",\"target\":{\"@type\":\"EntryPoint\",\"urlTemplate\":\"https:\\\/\\\/realheart.se\\\/?s={search_term_string}\"},\"query-input\":{\"@type\":\"PropertyValueSpecification\",\"valueRequired\":true,\"valueName\":\"search_term_string\"}}],\"inLanguage\":\"sv-SE\"}]}<\/script>\n<!-- \/ Yoast SEO plugin. -->","yoast_head_json":{"title":"Studentprojekt och praktikplatser - Realheart","robots":{"index":"index","follow":"follow","max-snippet":"max-snippet:-1","max-image-preview":"max-image-preview:large","max-video-preview":"max-video-preview:-1"},"canonical":"https:\/\/realheart.se\/sv\/karriar\/studentprojekt-och-praktikplatser\/","og_locale":"sv_SE","og_type":"article","og_title":"Studentprojekt och praktikplatser - Realheart","og_description":"P\u00e5 Realheart v\u00e4rdes\u00e4tter vi l\u00e4nken till den akademiska v\u00e4rlden. Det \u00e4r ett s\u00e4tt att h\u00e5lla oss uppdaterade med det senaste inom vetenskapen. Vi brinner f\u00f6r livsl\u00e5ngt l\u00e4rande och f\u00e5r ofta lika mycket kunskaper och insikter som v\u00e5ra studenter f\u00e5r av oss.&nbsp; Vi har: \u2022 samarbetat med akademiska handledare f\u00f6r att st\u00f6dja sista\u00e5rs-studenters projektid\u00e9er \u2022 haft...","og_url":"https:\/\/realheart.se\/sv\/karriar\/studentprojekt-och-praktikplatser\/","og_site_name":"Realheart","article_modified_time":"2022-11-29T09:52:39+00:00","og_image":[{"url":"https:\/\/realheart.se\/wp-content\/uploads\/2022\/05\/mitt-projekt-1024x536.png","type":"","width":"","height":""}],"twitter_card":"summary_large_image","twitter_misc":{"Ber\u00e4knad l\u00e4stid":"3 minuter"},"schema":{"@context":"https:\/\/schema.org","@graph":[{"@type":"WebPage","@id":"https:\/\/realheart.se\/sv\/karriar\/studentprojekt-och-praktikplatser\/","url":"https:\/\/realheart.se\/sv\/karriar\/studentprojekt-och-praktikplatser\/","name":"Studentprojekt och praktikplatser - Realheart","isPartOf":{"@id":"https:\/\/realheart.se\/#website"},"primaryImageOfPage":{"@id":"https:\/\/realheart.se\/sv\/karriar\/studentprojekt-och-praktikplatser\/#primaryimage"},"image":{"@id":"https:\/\/realheart.se\/sv\/karriar\/studentprojekt-och-praktikplatser\/#primaryimage"},"thumbnailUrl":"https:\/\/realheart.se\/wp-content\/uploads\/2022\/05\/mitt-projekt-1024x536.png","datePublished":"2021-07-29T09:48:33+00:00","dateModified":"2022-11-29T09:52:39+00:00","breadcrumb":{"@id":"https:\/\/realheart.se\/sv\/karriar\/studentprojekt-och-praktikplatser\/#breadcrumb"},"inLanguage":"sv-SE","potentialAction":[{"@type":"ReadAction","target":["https:\/\/realheart.se\/sv\/karriar\/studentprojekt-och-praktikplatser\/"]}]},{"@type":"ImageObject","inLanguage":"sv-SE","@id":"https:\/\/realheart.se\/sv\/karriar\/studentprojekt-och-praktikplatser\/#primaryimage","url":"https:\/\/realheart.se\/wp-content\/uploads\/2022\/05\/mitt-projekt-1024x536.png","contentUrl":"https:\/\/realheart.se\/wp-content\/uploads\/2022\/05\/mitt-projekt-1024x536.png"},{"@type":"BreadcrumbList","@id":"https:\/\/realheart.se\/sv\/karriar\/studentprojekt-och-praktikplatser\/#breadcrumb","itemListElement":[{"@type":"ListItem","position":1,"name":"Karri\u00e4r","item":"https:\/\/realheart.se\/sv\/karriar\/"},{"@type":"ListItem","position":2,"name":"Studentprojekt och praktikplatser"}]},{"@type":"WebSite","@id":"https:\/\/realheart.se\/#website","url":"https:\/\/realheart.se\/","name":"Realheart","description":"\u00c4r ett medicintekniskt f\u00f6retag som utvecklar ett artificiellt hj\u00e4rta som ska r\u00e4dda liv p\u00e5 sv\u00e5rt hj\u00e4rtsjuka personer som st\u00e5r i transplantationsk\u00f6.","potentialAction":[{"@type":"SearchAction","target":{"@type":"EntryPoint","urlTemplate":"https:\/\/realheart.se\/?s={search_term_string}"},"query-input":{"@type":"PropertyValueSpecification","valueRequired":true,"valueName":"search_term_string"}}],"inLanguage":"sv-SE"}]}},"_links":{"self":[{"href":"https:\/\/realheart.se\/sv\/wp-json\/wp\/v2\/pages\/4378","targetHints":{"allow":["GET"]}}],"collection":[{"href":"https:\/\/realheart.se\/sv\/wp-json\/wp\/v2\/pages"}],"about":[{"href":"https:\/\/realheart.se\/sv\/wp-json\/wp\/v2\/types\/page"}],"author":[{"embeddable":true,"href":"https:\/\/realheart.se\/sv\/wp-json\/wp\/v2\/users\/1"}],"replies":[{"embeddable":true,"href":"https:\/\/realheart.se\/sv\/wp-json\/wp\/v2\/comments?post=4378"}],"version-history":[{"count":12,"href":"https:\/\/realheart.se\/sv\/wp-json\/wp\/v2\/pages\/4378\/revisions"}],"predecessor-version":[{"id":5407,"href":"https:\/\/realheart.se\/sv\/wp-json\/wp\/v2\/pages\/4378\/revisions\/5407"}],"up":[{"embeddable":true,"href":"https:\/\/realheart.se\/sv\/wp-json\/wp\/v2\/pages\/3627"}],"wp:attachment":[{"href":"https:\/\/realheart.se\/sv\/wp-json\/wp\/v2\/media?parent=4378"}],"curies":[{"name":"wp","href":"https:\/\/api.w.org\/{rel}","templated":true}]}}