




{"id":44,"date":"2016-10-26T16:13:47","date_gmt":"2016-10-26T14:13:47","guid":{"rendered":"http:\/\/https:\/\/realheart.se\/?page_id=44"},"modified":"2023-12-08T08:41:50","modified_gmt":"2023-12-08T08:41:50","slug":"finansiell-kalender","status":"publish","type":"page","link":"https:\/\/realheart.se\/sv\/investerare\/agarinformation\/finansiell-kalender\/","title":{"rendered":"Finansiell kalender"},"content":{"rendered":"","protected":false},"excerpt":{"rendered":"","protected":false},"author":1,"featured_media":0,"parent":38,"menu_order":30,"comment_status":"closed","ping_status":"closed","template":"page-templates\/page-financial-calendar.php","meta":{"_acf_changed":false,"_monsterinsights_skip_tracking":false,"_monsterinsights_sitenote_active":false,"_monsterinsights_sitenote_note":"","_monsterinsights_sitenote_category":0,"footnotes":""},"class_list":["post-44","page","type-page","status-publish","hentry"],"acf":[],"aioseo_notices":[],"yoast_head":"<!-- This site is optimized with the Yoast SEO plugin v27.3 - https:\/\/yoast.com\/product\/yoast-seo-wordpress\/ -->\n<title>Finansiell kalender - Realheart<\/title>\n<meta name=\"robots\" content=\"index, follow, max-snippet:-1, max-image-preview:large, max-video-preview:-1\" \/>\n<link rel=\"canonical\" href=\"https:\/\/realheart.se\/sv\/investerare\/agarinformation\/finansiell-kalender\/\" \/>\n<meta property=\"og:locale\" content=\"sv_SE\" \/>\n<meta property=\"og:type\" content=\"article\" \/>\n<meta property=\"og:title\" content=\"Finansiell kalender - Realheart\" \/>\n<meta property=\"og:url\" content=\"https:\/\/realheart.se\/sv\/investerare\/agarinformation\/finansiell-kalender\/\" \/>\n<meta property=\"og:site_name\" content=\"Realheart\" \/>\n<meta property=\"article:modified_time\" content=\"2023-12-08T08:41:50+00:00\" \/>\n<meta name=\"twitter:card\" content=\"summary_large_image\" \/>\n<script type=\"application\/ld+json\" class=\"yoast-schema-graph\">{\"@context\":\"https:\\\/\\\/schema.org\",\"@graph\":[{\"@type\":\"WebPage\",\"@id\":\"https:\\\/\\\/realheart.se\\\/sv\\\/investerare\\\/agarinformation\\\/finansiell-kalender\\\/\",\"url\":\"https:\\\/\\\/realheart.se\\\/sv\\\/investerare\\\/agarinformation\\\/finansiell-kalender\\\/\",\"name\":\"Finansiell kalender - Realheart\",\"isPartOf\":{\"@id\":\"https:\\\/\\\/realheart.se\\\/#website\"},\"datePublished\":\"2016-10-26T14:13:47+00:00\",\"dateModified\":\"2023-12-08T08:41:50+00:00\",\"breadcrumb\":{\"@id\":\"https:\\\/\\\/realheart.se\\\/sv\\\/investerare\\\/agarinformation\\\/finansiell-kalender\\\/#breadcrumb\"},\"inLanguage\":\"sv-SE\",\"potentialAction\":[{\"@type\":\"ReadAction\",\"target\":[\"https:\\\/\\\/realheart.se\\\/sv\\\/investerare\\\/agarinformation\\\/finansiell-kalender\\\/\"]}]},{\"@type\":\"BreadcrumbList\",\"@id\":\"https:\\\/\\\/realheart.se\\\/sv\\\/investerare\\\/agarinformation\\\/finansiell-kalender\\\/#breadcrumb\",\"itemListElement\":[{\"@type\":\"ListItem\",\"position\":1,\"name\":\"Investerare\",\"item\":\"https:\\\/\\\/realheart.se\\\/sv\\\/investerare\\\/\"},{\"@type\":\"ListItem\",\"position\":2,\"name\":\"Bolagsstyrning\",\"item\":\"https:\\\/\\\/realheart.se\\\/sv\\\/investerare\\\/agarinformation\\\/\"},{\"@type\":\"ListItem\",\"position\":3,\"name\":\"Finansiell kalender\"}]},{\"@type\":\"WebSite\",\"@id\":\"https:\\\/\\\/realheart.se\\\/#website\",\"url\":\"https:\\\/\\\/realheart.se\\\/\",\"name\":\"Realheart\",\"description\":\"\u00c4r ett medicintekniskt f\u00f6retag som utvecklar ett artificiellt hj\u00e4rta som ska r\u00e4dda liv p\u00e5 sv\u00e5rt hj\u00e4rtsjuka personer som st\u00e5r i transplantationsk\u00f6.\",\"potentialAction\":[{\"@type\":\"SearchAction\",\"target\":{\"@type\":\"EntryPoint\",\"urlTemplate\":\"https:\\\/\\\/realheart.se\\\/?s={search_term_string}\"},\"query-input\":{\"@type\":\"PropertyValueSpecification\",\"valueRequired\":true,\"valueName\":\"search_term_string\"}}],\"inLanguage\":\"sv-SE\"}]}<\/script>\n<!-- \/ Yoast SEO plugin. -->","yoast_head_json":{"title":"Finansiell kalender - Realheart","robots":{"index":"index","follow":"follow","max-snippet":"max-snippet:-1","max-image-preview":"max-image-preview:large","max-video-preview":"max-video-preview:-1"},"canonical":"https:\/\/realheart.se\/sv\/investerare\/agarinformation\/finansiell-kalender\/","og_locale":"sv_SE","og_type":"article","og_title":"Finansiell kalender - Realheart","og_url":"https:\/\/realheart.se\/sv\/investerare\/agarinformation\/finansiell-kalender\/","og_site_name":"Realheart","article_modified_time":"2023-12-08T08:41:50+00:00","twitter_card":"summary_large_image","schema":{"@context":"https:\/\/schema.org","@graph":[{"@type":"WebPage","@id":"https:\/\/realheart.se\/sv\/investerare\/agarinformation\/finansiell-kalender\/","url":"https:\/\/realheart.se\/sv\/investerare\/agarinformation\/finansiell-kalender\/","name":"Finansiell kalender - Realheart","isPartOf":{"@id":"https:\/\/realheart.se\/#website"},"datePublished":"2016-10-26T14:13:47+00:00","dateModified":"2023-12-08T08:41:50+00:00","breadcrumb":{"@id":"https:\/\/realheart.se\/sv\/investerare\/agarinformation\/finansiell-kalender\/#breadcrumb"},"inLanguage":"sv-SE","potentialAction":[{"@type":"ReadAction","target":["https:\/\/realheart.se\/sv\/investerare\/agarinformation\/finansiell-kalender\/"]}]},{"@type":"BreadcrumbList","@id":"https:\/\/realheart.se\/sv\/investerare\/agarinformation\/finansiell-kalender\/#breadcrumb","itemListElement":[{"@type":"ListItem","position":1,"name":"Investerare","item":"https:\/\/realheart.se\/sv\/investerare\/"},{"@type":"ListItem","position":2,"name":"Bolagsstyrning","item":"https:\/\/realheart.se\/sv\/investerare\/agarinformation\/"},{"@type":"ListItem","position":3,"name":"Finansiell kalender"}]},{"@type":"WebSite","@id":"https:\/\/realheart.se\/#website","url":"https:\/\/realheart.se\/","name":"Realheart","description":"\u00c4r ett medicintekniskt f\u00f6retag som utvecklar ett artificiellt hj\u00e4rta som ska r\u00e4dda liv p\u00e5 sv\u00e5rt hj\u00e4rtsjuka personer som st\u00e5r i transplantationsk\u00f6.","potentialAction":[{"@type":"SearchAction","target":{"@type":"EntryPoint","urlTemplate":"https:\/\/realheart.se\/?s={search_term_string}"},"query-input":{"@type":"PropertyValueSpecification","valueRequired":true,"valueName":"search_term_string"}}],"inLanguage":"sv-SE"}]}},"_links":{"self":[{"href":"https:\/\/realheart.se\/sv\/wp-json\/wp\/v2\/pages\/44","targetHints":{"allow":["GET"]}}],"collection":[{"href":"https:\/\/realheart.se\/sv\/wp-json\/wp\/v2\/pages"}],"about":[{"href":"https:\/\/realheart.se\/sv\/wp-json\/wp\/v2\/types\/page"}],"author":[{"embeddable":true,"href":"https:\/\/realheart.se\/sv\/wp-json\/wp\/v2\/users\/1"}],"replies":[{"embeddable":true,"href":"https:\/\/realheart.se\/sv\/wp-json\/wp\/v2\/comments?post=44"}],"version-history":[{"count":23,"href":"https:\/\/realheart.se\/sv\/wp-json\/wp\/v2\/pages\/44\/revisions"}],"predecessor-version":[{"id":6484,"href":"https:\/\/realheart.se\/sv\/wp-json\/wp\/v2\/pages\/44\/revisions\/6484"}],"up":[{"embeddable":true,"href":"https:\/\/realheart.se\/sv\/wp-json\/wp\/v2\/pages\/38"}],"wp:attachment":[{"href":"https:\/\/realheart.se\/sv\/wp-json\/wp\/v2\/media?parent=44"}],"curies":[{"name":"wp","href":"https:\/\/api.w.org\/{rel}","templated":true}]}}