




{"id":4780,"date":"2021-10-14T05:38:24","date_gmt":"2021-10-14T05:38:24","guid":{"rendered":"https:\/\/realheart.se\/?page_id=4780"},"modified":"2021-12-14T14:50:39","modified_gmt":"2021-12-14T14:50:39","slug":"senior-systems-engineer","status":"publish","type":"page","link":"https:\/\/realheart.se\/sv\/karriar\/senior-systems-engineer\/","title":{"rendered":"Lead Systems Engineer"},"content":{"rendered":"\n<p>Realheart is looking for candidates motivated to progress the technology from the development stage to clinical use and commercialization. An opportunity exists for a lead systems engineer professional to join the small and dynamic team to lead the development of the clinical version of the electronic system (hardware and software) to meet documented performance requirements.<\/p>\n\n\n\n<p>A significant portion of this work includes managing communication with and output from international partners.<\/p>\n\n\n\n<p>The ideal candidate will have demonstrated experience with electronic system development in the field of medical devices.<\/p>\n\n\n\n<h4 class=\"wp-block-heading\">Key Objective<\/h4>\n\n\n\n<p>To steer the development of the electronic system, consisting of electronics and software, that actuate and control the artificial heart. Ensure that design control guidelines are followed by the local team as well as outsourced works.<\/p>\n\n\n\n<h4 class=\"wp-block-heading\">Responsibilities<\/h4>\n\n\n\n<p>\u00b7 To lead and project manage both in-house and outsourced development of electrical and software components of the system.<br>\u00b7 To manage system level requirements, test plans and other design control deliverables<br>\u00b7 Support development of company internal procedures and quality systems and risk management activities.<br>\u00b7 To generate reports and documentation in accordance with the company quality system and suitable for regulatory submissions.<\/p>\n\n\n\n<h4 class=\"wp-block-heading\">Required Skills and Experience<\/h4>\n\n\n\n<p>\u00b7 Degree qualified in electrical engineering, software engineering or equivalent.<br>\u00b7 Work experience systems engineering is essential.<br>\u00b7 Experience in a regulated environment and in particular medical device development.<br>\u00b7 Excellent verbal and written communication skills in English<br>\u00b7 Ability to steer external partners to follow project plans and communicate deviations.<\/p>\n\n\n\n<h4 class=\"wp-block-heading\">Desired Skills and Experience<\/h4>\n\n\n\n<p>\u00b7 Being a good team player.<br>\u00b7 Swedish language skills would be valued<br>\u00b7 Previous experience from class III medical device development<\/p>\n\n\n\n<p>The role is based at HQ in V\u00e4ster\u00e5s, Sweden.<\/p>\n\n\n\n<p>To be part of the Realheart team please submit your application to: <a href=\"mailto:careers@realheart.se\">careers@realheart.se<\/a><\/p>\n\n\n\n<h4 class=\"wp-block-heading\">Contacts<\/h4>\n\n\n\n<p>Ina Laura Perkins<br>CEO<br>inalaura.perkins@realheart.se<\/p>\n\n\n\n<p>Thomas Finocchiaro<br>Chief Technology Officer<br>thomas.finocchiaro@realheart.se<\/p>\n\n\n\n<p><\/p>\n","protected":false},"excerpt":{"rendered":"<p>Realheart is looking for candidates motivated to progress the technology from the development stage to clinical use and commercialization. An opportunity exists for a lead systems engineer professional to join the small and dynamic team to lead the development of the clinical version of the electronic system (hardware and software) to meet documented performance requirements&#8230;.<\/p>\n","protected":false},"author":1,"featured_media":0,"parent":3627,"menu_order":0,"comment_status":"closed","ping_status":"closed","template":"","meta":{"_acf_changed":false,"_monsterinsights_skip_tracking":false,"_monsterinsights_sitenote_active":false,"_monsterinsights_sitenote_note":"","_monsterinsights_sitenote_category":0,"footnotes":""},"class_list":["post-4780","page","type-page","status-publish","hentry"],"acf":[],"aioseo_notices":[],"yoast_head":"<!-- This site is optimized with the Yoast SEO plugin v27.3 - https:\/\/yoast.com\/product\/yoast-seo-wordpress\/ -->\n<title>Lead Systems Engineer - Realheart<\/title>\n<meta name=\"robots\" content=\"index, follow, max-snippet:-1, max-image-preview:large, max-video-preview:-1\" \/>\n<link rel=\"canonical\" href=\"https:\/\/realheart.se\/sv\/karriar\/senior-systems-engineer\/\" \/>\n<meta property=\"og:locale\" content=\"sv_SE\" \/>\n<meta property=\"og:type\" content=\"article\" \/>\n<meta property=\"og:title\" content=\"Lead Systems Engineer - Realheart\" \/>\n<meta property=\"og:description\" content=\"Realheart is looking for candidates motivated to progress the technology from the development stage to clinical use and commercialization. An opportunity exists for a lead systems engineer professional to join the small and dynamic team to lead the development of the clinical version of the electronic system (hardware and software) to meet documented performance requirements....\" \/>\n<meta property=\"og:url\" content=\"https:\/\/realheart.se\/sv\/karriar\/senior-systems-engineer\/\" \/>\n<meta property=\"og:site_name\" content=\"Realheart\" \/>\n<meta property=\"article:modified_time\" content=\"2021-12-14T14:50:39+00:00\" \/>\n<meta name=\"twitter:card\" content=\"summary_large_image\" \/>\n<meta name=\"twitter:label1\" content=\"Ber\u00e4knad l\u00e4stid\" \/>\n\t<meta name=\"twitter:data1\" content=\"2 minuter\" \/>\n<script type=\"application\/ld+json\" class=\"yoast-schema-graph\">{\"@context\":\"https:\\\/\\\/schema.org\",\"@graph\":[{\"@type\":\"WebPage\",\"@id\":\"https:\\\/\\\/realheart.se\\\/sv\\\/karriar\\\/senior-systems-engineer\\\/\",\"url\":\"https:\\\/\\\/realheart.se\\\/sv\\\/karriar\\\/senior-systems-engineer\\\/\",\"name\":\"Lead Systems Engineer - Realheart\",\"isPartOf\":{\"@id\":\"https:\\\/\\\/realheart.se\\\/#website\"},\"datePublished\":\"2021-10-14T05:38:24+00:00\",\"dateModified\":\"2021-12-14T14:50:39+00:00\",\"breadcrumb\":{\"@id\":\"https:\\\/\\\/realheart.se\\\/sv\\\/karriar\\\/senior-systems-engineer\\\/#breadcrumb\"},\"inLanguage\":\"sv-SE\",\"potentialAction\":[{\"@type\":\"ReadAction\",\"target\":[\"https:\\\/\\\/realheart.se\\\/sv\\\/karriar\\\/senior-systems-engineer\\\/\"]}]},{\"@type\":\"BreadcrumbList\",\"@id\":\"https:\\\/\\\/realheart.se\\\/sv\\\/karriar\\\/senior-systems-engineer\\\/#breadcrumb\",\"itemListElement\":[{\"@type\":\"ListItem\",\"position\":1,\"name\":\"Karri\u00e4r\",\"item\":\"https:\\\/\\\/realheart.se\\\/sv\\\/karriar\\\/\"},{\"@type\":\"ListItem\",\"position\":2,\"name\":\"Lead Systems Engineer\"}]},{\"@type\":\"WebSite\",\"@id\":\"https:\\\/\\\/realheart.se\\\/#website\",\"url\":\"https:\\\/\\\/realheart.se\\\/\",\"name\":\"Realheart\",\"description\":\"\u00c4r ett medicintekniskt f\u00f6retag som utvecklar ett artificiellt hj\u00e4rta som ska r\u00e4dda liv p\u00e5 sv\u00e5rt hj\u00e4rtsjuka personer som st\u00e5r i transplantationsk\u00f6.\",\"potentialAction\":[{\"@type\":\"SearchAction\",\"target\":{\"@type\":\"EntryPoint\",\"urlTemplate\":\"https:\\\/\\\/realheart.se\\\/?s={search_term_string}\"},\"query-input\":{\"@type\":\"PropertyValueSpecification\",\"valueRequired\":true,\"valueName\":\"search_term_string\"}}],\"inLanguage\":\"sv-SE\"}]}<\/script>\n<!-- \/ Yoast SEO plugin. -->","yoast_head_json":{"title":"Lead Systems Engineer - Realheart","robots":{"index":"index","follow":"follow","max-snippet":"max-snippet:-1","max-image-preview":"max-image-preview:large","max-video-preview":"max-video-preview:-1"},"canonical":"https:\/\/realheart.se\/sv\/karriar\/senior-systems-engineer\/","og_locale":"sv_SE","og_type":"article","og_title":"Lead Systems Engineer - Realheart","og_description":"Realheart is looking for candidates motivated to progress the technology from the development stage to clinical use and commercialization. An opportunity exists for a lead systems engineer professional to join the small and dynamic team to lead the development of the clinical version of the electronic system (hardware and software) to meet documented performance requirements....","og_url":"https:\/\/realheart.se\/sv\/karriar\/senior-systems-engineer\/","og_site_name":"Realheart","article_modified_time":"2021-12-14T14:50:39+00:00","twitter_card":"summary_large_image","twitter_misc":{"Ber\u00e4knad l\u00e4stid":"2 minuter"},"schema":{"@context":"https:\/\/schema.org","@graph":[{"@type":"WebPage","@id":"https:\/\/realheart.se\/sv\/karriar\/senior-systems-engineer\/","url":"https:\/\/realheart.se\/sv\/karriar\/senior-systems-engineer\/","name":"Lead Systems Engineer - Realheart","isPartOf":{"@id":"https:\/\/realheart.se\/#website"},"datePublished":"2021-10-14T05:38:24+00:00","dateModified":"2021-12-14T14:50:39+00:00","breadcrumb":{"@id":"https:\/\/realheart.se\/sv\/karriar\/senior-systems-engineer\/#breadcrumb"},"inLanguage":"sv-SE","potentialAction":[{"@type":"ReadAction","target":["https:\/\/realheart.se\/sv\/karriar\/senior-systems-engineer\/"]}]},{"@type":"BreadcrumbList","@id":"https:\/\/realheart.se\/sv\/karriar\/senior-systems-engineer\/#breadcrumb","itemListElement":[{"@type":"ListItem","position":1,"name":"Karri\u00e4r","item":"https:\/\/realheart.se\/sv\/karriar\/"},{"@type":"ListItem","position":2,"name":"Lead Systems Engineer"}]},{"@type":"WebSite","@id":"https:\/\/realheart.se\/#website","url":"https:\/\/realheart.se\/","name":"Realheart","description":"\u00c4r ett medicintekniskt f\u00f6retag som utvecklar ett artificiellt hj\u00e4rta som ska r\u00e4dda liv p\u00e5 sv\u00e5rt hj\u00e4rtsjuka personer som st\u00e5r i transplantationsk\u00f6.","potentialAction":[{"@type":"SearchAction","target":{"@type":"EntryPoint","urlTemplate":"https:\/\/realheart.se\/?s={search_term_string}"},"query-input":{"@type":"PropertyValueSpecification","valueRequired":true,"valueName":"search_term_string"}}],"inLanguage":"sv-SE"}]}},"_links":{"self":[{"href":"https:\/\/realheart.se\/sv\/wp-json\/wp\/v2\/pages\/4780","targetHints":{"allow":["GET"]}}],"collection":[{"href":"https:\/\/realheart.se\/sv\/wp-json\/wp\/v2\/pages"}],"about":[{"href":"https:\/\/realheart.se\/sv\/wp-json\/wp\/v2\/types\/page"}],"author":[{"embeddable":true,"href":"https:\/\/realheart.se\/sv\/wp-json\/wp\/v2\/users\/1"}],"replies":[{"embeddable":true,"href":"https:\/\/realheart.se\/sv\/wp-json\/wp\/v2\/comments?post=4780"}],"version-history":[{"count":4,"href":"https:\/\/realheart.se\/sv\/wp-json\/wp\/v2\/pages\/4780\/revisions"}],"predecessor-version":[{"id":4942,"href":"https:\/\/realheart.se\/sv\/wp-json\/wp\/v2\/pages\/4780\/revisions\/4942"}],"up":[{"embeddable":true,"href":"https:\/\/realheart.se\/sv\/wp-json\/wp\/v2\/pages\/3627"}],"wp:attachment":[{"href":"https:\/\/realheart.se\/sv\/wp-json\/wp\/v2\/media?parent=4780"}],"curies":[{"name":"wp","href":"https:\/\/api.w.org\/{rel}","templated":true}]}}