




{"id":4873,"date":"2021-12-02T15:25:00","date_gmt":"2021-12-02T15:25:00","guid":{"rendered":"https:\/\/realheart.se\/?page_id=4873"},"modified":"2024-06-11T06:26:17","modified_gmt":"2024-06-11T06:26:17","slug":"production-technician-and-coordinator-full-time-role","status":"publish","type":"page","link":"https:\/\/realheart.se\/sv\/karriar\/production-technician-and-coordinator-full-time-role\/","title":{"rendered":"Production Technician and Coordinator \u2013 Full-Time Role"},"content":{"rendered":"\n<p>Scandinavian Real Heart AB (SRH) is developing a Total Artificial Heart (TAH) called the \u2018Realheart TAH\u2019 that replaces the natural heart and is intended to save the lives of patients suffering late stage heart failure. SRH is based in Sweden and is publicly traded on the Swedish stock exchange.<\/p>\n\n\n\n<p>SRH is looking for candidates motivated to progress the technology from the research stage to clinical use and commercialization. An opportunity exists for a technician to join the small and dynamic team, reporting directly to the Chief Technical Officer, to support production and assembly of multiples components of the implantable system.<\/p>\n\n\n\n<p>The ideal candidate will have demonstrated experience with electro-mechanical equipment assembly, clean room procedures and have experience in a regulated environment. Such as medical\/dental, aerospace, automotive or defence industries.<\/p>\n\n\n\n<h2 class=\"wp-block-heading\">Key Objective<\/h2>\n\n\n\n<p>To assemble parts of the electro-mechanical system ready for pre-clinical evaluation. The role requires someone comfortable in a laboratory, production and clean room setting in a hands-on role to assemble devices with guidance from more senior team members.<\/p>\n\n\n\n<h2 class=\"wp-block-heading\">Responsibilities<\/h2>\n\n\n\n<p>1. Assemble medical devices for preclinical evaluation<\/p>\n\n\n\n<p>2. Assist in the development of assembly techniques and procedures<\/p>\n\n\n\n<p>3. Setup and control production equipment such needed<\/p>\n\n\n\n<p>4. Coordinate production activities in the small and dynamic team<\/p>\n\n\n\n<h2 class=\"wp-block-heading\">Skills and Experience<\/h2>\n\n\n\n<p>1. Experience as a production technician or similar<\/p>\n\n\n\n<p>2. Experience in a regulated environment such as medical device, defence, automotive or similar would be preferred. Dental technicians are invited to apply<\/p>\n\n\n\n<p>3. Demonstrated ability to work in a small, innovative team.<\/p>\n\n\n\n<p>4. Attention to detail and pride in work output are highly regarded.<\/p>\n\n\n\n<p>To be part of the Real Heart team please submit your application to: <a href=\"mailto:careers@realheart.se\">careers@realheart.se<\/a><\/p>\n\n\n\n<p>Scandinavian Real Heart AB, Organisation number: 556729-5588 Kopparbergsv\u00e4gen 10, 722 13 V\u00e4ster\u00e5s, Sweden, i<a href=\"mailto:nfo@realheart.se\">nfo@realheart.se<\/a><\/p>\n\n\n\n<p><a href=\"http:\/\/www.realheart.se\">www.realheart.se<\/a><\/p>\n","protected":false},"excerpt":{"rendered":"<p>Scandinavian Real Heart AB (SRH) is developing a Total Artificial Heart (TAH) called the \u2018Realheart TAH\u2019 that replaces the natural heart and is intended to save the lives of patients suffering late stage heart failure. SRH is based in Sweden and is publicly traded on the Swedish stock exchange. SRH is looking for candidates motivated&#8230;<\/p>\n","protected":false},"author":8,"featured_media":0,"parent":3627,"menu_order":0,"comment_status":"closed","ping_status":"closed","template":"","meta":{"_acf_changed":false,"_monsterinsights_skip_tracking":false,"_monsterinsights_sitenote_active":false,"_monsterinsights_sitenote_note":"","_monsterinsights_sitenote_category":0,"footnotes":""},"class_list":["post-4873","page","type-page","status-publish","hentry"],"acf":[],"aioseo_notices":[],"yoast_head":"<!-- This site is optimized with the Yoast SEO plugin v27.5 - https:\/\/yoast.com\/product\/yoast-seo-wordpress\/ -->\n<title>Production Technician and Coordinator \u2013 Full-Time Role - Realheart<\/title>\n<meta name=\"description\" content=\"Realheart is looking for candidates motivated to progress the technology from the research stage to clinical use and commercialization.\" \/>\n<meta name=\"robots\" content=\"index, follow, max-snippet:-1, max-image-preview:large, max-video-preview:-1\" \/>\n<link rel=\"canonical\" href=\"https:\/\/realheart.se\/sv\/production-technician-and-coordinator-full-time-role\/\" \/>\n<meta property=\"og:locale\" content=\"sv_SE\" \/>\n<meta property=\"og:type\" content=\"article\" \/>\n<meta property=\"og:title\" content=\"Production Technician and Coordinator \u2013 Full-Time Role - Realheart\" \/>\n<meta property=\"og:description\" content=\"Realheart is looking for candidates motivated to progress the technology from the research stage to clinical use and commercialization.\" \/>\n<meta property=\"og:url\" content=\"https:\/\/realheart.se\/sv\/production-technician-and-coordinator-full-time-role\/\" \/>\n<meta property=\"og:site_name\" content=\"Realheart\" \/>\n<meta property=\"article:modified_time\" content=\"2024-06-11T06:26:17+00:00\" \/>\n<meta name=\"twitter:card\" content=\"summary_large_image\" \/>\n<meta name=\"twitter:label1\" content=\"Ber\u00e4knad l\u00e4stid\" \/>\n\t<meta name=\"twitter:data1\" content=\"2 minuter\" \/>\n<script type=\"application\/ld+json\" class=\"yoast-schema-graph\">{\"@context\":\"https:\\\/\\\/schema.org\",\"@graph\":[{\"@type\":\"WebPage\",\"@id\":\"https:\\\/\\\/realheart.se\\\/sv\\\/production-technician-and-coordinator-full-time-role\\\/\",\"url\":\"https:\\\/\\\/realheart.se\\\/sv\\\/production-technician-and-coordinator-full-time-role\\\/\",\"name\":\"Production Technician and Coordinator \u2013 Full-Time Role - Realheart\",\"isPartOf\":{\"@id\":\"https:\\\/\\\/realheart.se\\\/#website\"},\"datePublished\":\"2021-12-02T15:25:00+00:00\",\"dateModified\":\"2024-06-11T06:26:17+00:00\",\"description\":\"Realheart is looking for candidates motivated to progress the technology from the research stage to clinical use and commercialization.\",\"inLanguage\":\"sv-SE\",\"potentialAction\":[{\"@type\":\"ReadAction\",\"target\":[\"https:\\\/\\\/realheart.se\\\/sv\\\/production-technician-and-coordinator-full-time-role\\\/\"]}]},{\"@type\":\"WebSite\",\"@id\":\"https:\\\/\\\/realheart.se\\\/#website\",\"url\":\"https:\\\/\\\/realheart.se\\\/\",\"name\":\"Realheart\",\"description\":\"\u00c4r ett medicintekniskt f\u00f6retag som utvecklar ett artificiellt hj\u00e4rta som ska r\u00e4dda liv p\u00e5 sv\u00e5rt hj\u00e4rtsjuka personer som st\u00e5r i transplantationsk\u00f6.\",\"potentialAction\":[{\"@type\":\"SearchAction\",\"target\":{\"@type\":\"EntryPoint\",\"urlTemplate\":\"https:\\\/\\\/realheart.se\\\/?s={search_term_string}\"},\"query-input\":{\"@type\":\"PropertyValueSpecification\",\"valueRequired\":true,\"valueName\":\"search_term_string\"}}],\"inLanguage\":\"sv-SE\"}]}<\/script>\n<!-- \/ Yoast SEO plugin. -->","yoast_head_json":{"title":"Production Technician and Coordinator \u2013 Full-Time Role - Realheart","description":"Realheart is looking for candidates motivated to progress the technology from the research stage to clinical use and commercialization.","robots":{"index":"index","follow":"follow","max-snippet":"max-snippet:-1","max-image-preview":"max-image-preview:large","max-video-preview":"max-video-preview:-1"},"canonical":"https:\/\/realheart.se\/sv\/production-technician-and-coordinator-full-time-role\/","og_locale":"sv_SE","og_type":"article","og_title":"Production Technician and Coordinator \u2013 Full-Time Role - Realheart","og_description":"Realheart is looking for candidates motivated to progress the technology from the research stage to clinical use and commercialization.","og_url":"https:\/\/realheart.se\/sv\/production-technician-and-coordinator-full-time-role\/","og_site_name":"Realheart","article_modified_time":"2024-06-11T06:26:17+00:00","twitter_card":"summary_large_image","twitter_misc":{"Ber\u00e4knad l\u00e4stid":"2 minuter"},"schema":{"@context":"https:\/\/schema.org","@graph":[{"@type":"WebPage","@id":"https:\/\/realheart.se\/sv\/production-technician-and-coordinator-full-time-role\/","url":"https:\/\/realheart.se\/sv\/production-technician-and-coordinator-full-time-role\/","name":"Production Technician and Coordinator \u2013 Full-Time Role - Realheart","isPartOf":{"@id":"https:\/\/realheart.se\/#website"},"datePublished":"2021-12-02T15:25:00+00:00","dateModified":"2024-06-11T06:26:17+00:00","description":"Realheart is looking for candidates motivated to progress the technology from the research stage to clinical use and commercialization.","inLanguage":"sv-SE","potentialAction":[{"@type":"ReadAction","target":["https:\/\/realheart.se\/sv\/production-technician-and-coordinator-full-time-role\/"]}]},{"@type":"WebSite","@id":"https:\/\/realheart.se\/#website","url":"https:\/\/realheart.se\/","name":"Realheart","description":"\u00c4r ett medicintekniskt f\u00f6retag som utvecklar ett artificiellt hj\u00e4rta som ska r\u00e4dda liv p\u00e5 sv\u00e5rt hj\u00e4rtsjuka personer som st\u00e5r i transplantationsk\u00f6.","potentialAction":[{"@type":"SearchAction","target":{"@type":"EntryPoint","urlTemplate":"https:\/\/realheart.se\/?s={search_term_string}"},"query-input":{"@type":"PropertyValueSpecification","valueRequired":true,"valueName":"search_term_string"}}],"inLanguage":"sv-SE"}]}},"_links":{"self":[{"href":"https:\/\/realheart.se\/sv\/wp-json\/wp\/v2\/pages\/4873","targetHints":{"allow":["GET"]}}],"collection":[{"href":"https:\/\/realheart.se\/sv\/wp-json\/wp\/v2\/pages"}],"about":[{"href":"https:\/\/realheart.se\/sv\/wp-json\/wp\/v2\/types\/page"}],"author":[{"embeddable":true,"href":"https:\/\/realheart.se\/sv\/wp-json\/wp\/v2\/users\/8"}],"replies":[{"embeddable":true,"href":"https:\/\/realheart.se\/sv\/wp-json\/wp\/v2\/comments?post=4873"}],"version-history":[{"count":2,"href":"https:\/\/realheart.se\/sv\/wp-json\/wp\/v2\/pages\/4873\/revisions"}],"predecessor-version":[{"id":6884,"href":"https:\/\/realheart.se\/sv\/wp-json\/wp\/v2\/pages\/4873\/revisions\/6884"}],"up":[{"embeddable":true,"href":"https:\/\/realheart.se\/sv\/wp-json\/wp\/v2\/pages\/3627"}],"wp:attachment":[{"href":"https:\/\/realheart.se\/sv\/wp-json\/wp\/v2\/media?parent=4873"}],"curies":[{"name":"wp","href":"https:\/\/api.w.org\/{rel}","templated":true}]}}