




{"id":4935,"date":"2021-12-14T12:56:16","date_gmt":"2021-12-14T12:56:16","guid":{"rendered":"https:\/\/realheart.se\/?page_id=4935"},"modified":"2025-05-15T12:00:28","modified_gmt":"2025-05-15T12:00:28","slug":"program-manager-full-time-role","status":"publish","type":"page","link":"https:\/\/realheart.se\/sv\/karriar\/program-manager-full-time-role\/","title":{"rendered":"Program Manager Full-Time Role"},"content":{"rendered":"\n<p>Scandinavian Real Heart AB (SRH) is developing a Total Artificial Heart (TAH) called the \u2018Realheart TAH\u2019 that replaces the natural heart and is intended to save the lives of patients suffering late stage heart failure. SRH is based in V\u00e4ster\u00e5s, Sweden and on the Spotlight Stock Market. <\/p>\n\n\n\n<p>SRH is looking for candidates motivated to progress the technology from the development stage to clinical use and commercialization. An opportunity exists for a Program Manager to join the small and dynamic team to oversee all aspects of project management<\/p>\n\n\n\n<p>The ideal candidate will have demonstrated experience in project management in the field of medical devices.<\/p>\n\n\n\n<h2 class=\"wp-block-heading\">Key Objective<\/h2>\n\n\n\n<p>To oversee and coordinates different related projects in the company to ensure they benefit one another and meet business goals. Their main duties include organizing various programs and activities to improve company efficiencies, building long-term goals for company projects and developing program schedules and project budgets.<\/p>\n\n\n\n<h2 class=\"wp-block-heading\">Responsibilities<\/h2>\n\n\n\n<ol class=\"wp-block-list\">\n<li>To work with various team members and management to develop schedules and plans for projects<\/li>\n\n\n\n<li>Monitoring projects to ensure goals are met on a daily basis<\/li>\n\n\n\n<li>Support management in budgeting and resource planning<\/li>\n\n\n\n<li>To support development of systems and procedures to standardize company activities<br><\/li>\n<\/ol>\n\n\n\n<h2 class=\"wp-block-heading\">Skills and Experience<\/h2>\n\n\n\n<ol class=\"wp-block-list\">\n<li>Degree qualified in an area relevant to the company and ideally MedTech.<\/li>\n\n\n\n<li>Five years work experience as a project manager<\/li>\n\n\n\n<li>Five years\u2019 experience in a regulated environment such as defence, automotive or aerospace and in particular medical device development.<\/li>\n\n\n\n<li>Demonstrated ability to work in a small, innovative team.<\/li>\n\n\n\n<li>Risk management experience<\/li>\n\n\n\n<li>Cost control and budgeting skills<\/li>\n\n\n\n<li>Proven ability to steer external partners ensuring that project plans are followed, and deviations are communicated.<\/li>\n\n\n\n<li>Excellent verbal and writing communications skills<\/li>\n\n\n\n<li>Fluent in English is a must , Swedish language skills would be valued<\/li>\n<\/ol>\n\n\n\n<p><strong>To be part of the Real Heart team please submit your application to:<\/strong> <a href=\"mailto:careers@realheart.se\">careers@realheart.se<\/a><\/p>\n\n\n\n<p>Scandinavian Real Heart AB, Organisation number: 556729-5588 Kopparbergsv\u00e4gen 10, 722 13 V\u00e4ster\u00e5s, Sweden, i<a href=\"mailto:nfo@realheart.se\">nfo@realheart.se<\/a><\/p>\n\n\n\n<p><a href=\"http:\/\/www.realheart.se\/\">www.realheart.se<\/a><\/p>\n","protected":false},"excerpt":{"rendered":"<p>Scandinavian Real Heart AB (SRH) is developing a Total Artificial Heart (TAH) called the \u2018Realheart TAH\u2019 that replaces the natural heart and is intended to save the lives of patients suffering late stage heart failure. SRH is based in V\u00e4ster\u00e5s, Sweden and on the Spotlight Stock Market. SRH is looking for candidates motivated to progress&#8230;<\/p>\n","protected":false},"author":8,"featured_media":0,"parent":3627,"menu_order":0,"comment_status":"closed","ping_status":"closed","template":"","meta":{"_acf_changed":false,"_monsterinsights_skip_tracking":false,"_monsterinsights_sitenote_active":false,"_monsterinsights_sitenote_note":"","_monsterinsights_sitenote_category":0,"footnotes":""},"class_list":["post-4935","page","type-page","status-publish","hentry"],"acf":[],"aioseo_notices":[],"yoast_head":"<!-- This site is optimized with the Yoast SEO plugin v27.5 - https:\/\/yoast.com\/product\/yoast-seo-wordpress\/ -->\n<title>Program Manager Full-Time Role - Realheart<\/title>\n<meta name=\"description\" content=\"Scandinavian Real Heart is looking for candidates motivated to progress the technology from the development stage to clinical use and commercialization.\" \/>\n<meta name=\"robots\" content=\"index, follow, max-snippet:-1, max-image-preview:large, max-video-preview:-1\" \/>\n<link rel=\"canonical\" href=\"https:\/\/realheart.se\/sv\/karriar\/program-manager-full-time-role\/\" \/>\n<meta property=\"og:locale\" content=\"sv_SE\" \/>\n<meta property=\"og:type\" content=\"article\" \/>\n<meta property=\"og:title\" content=\"Program Manager Full-Time Role - Realheart\" \/>\n<meta property=\"og:description\" content=\"Scandinavian Real Heart is looking for candidates motivated to progress the technology from the development stage to clinical use and commercialization.\" \/>\n<meta property=\"og:url\" content=\"https:\/\/realheart.se\/sv\/karriar\/program-manager-full-time-role\/\" \/>\n<meta property=\"og:site_name\" content=\"Realheart\" \/>\n<meta property=\"article:modified_time\" content=\"2025-05-15T12:00:28+00:00\" \/>\n<meta name=\"twitter:card\" content=\"summary_large_image\" \/>\n<meta name=\"twitter:label1\" content=\"Ber\u00e4knad l\u00e4stid\" \/>\n\t<meta name=\"twitter:data1\" content=\"2 minuter\" \/>\n<script type=\"application\/ld+json\" class=\"yoast-schema-graph\">{\"@context\":\"https:\\\/\\\/schema.org\",\"@graph\":[{\"@type\":\"WebPage\",\"@id\":\"https:\\\/\\\/realheart.se\\\/sv\\\/karriar\\\/program-manager-full-time-role\\\/\",\"url\":\"https:\\\/\\\/realheart.se\\\/sv\\\/karriar\\\/program-manager-full-time-role\\\/\",\"name\":\"Program Manager Full-Time Role - Realheart\",\"isPartOf\":{\"@id\":\"https:\\\/\\\/realheart.se\\\/#website\"},\"datePublished\":\"2021-12-14T12:56:16+00:00\",\"dateModified\":\"2025-05-15T12:00:28+00:00\",\"description\":\"Scandinavian Real Heart is looking for candidates motivated to progress the technology from the development stage to clinical use and commercialization.\",\"breadcrumb\":{\"@id\":\"https:\\\/\\\/realheart.se\\\/sv\\\/karriar\\\/program-manager-full-time-role\\\/#breadcrumb\"},\"inLanguage\":\"sv-SE\",\"potentialAction\":[{\"@type\":\"ReadAction\",\"target\":[\"https:\\\/\\\/realheart.se\\\/sv\\\/karriar\\\/program-manager-full-time-role\\\/\"]}]},{\"@type\":\"BreadcrumbList\",\"@id\":\"https:\\\/\\\/realheart.se\\\/sv\\\/karriar\\\/program-manager-full-time-role\\\/#breadcrumb\",\"itemListElement\":[{\"@type\":\"ListItem\",\"position\":1,\"name\":\"Karri\u00e4r\",\"item\":\"https:\\\/\\\/realheart.se\\\/sv\\\/karriar\\\/\"},{\"@type\":\"ListItem\",\"position\":2,\"name\":\"Program Manager Full-Time Role\"}]},{\"@type\":\"WebSite\",\"@id\":\"https:\\\/\\\/realheart.se\\\/#website\",\"url\":\"https:\\\/\\\/realheart.se\\\/\",\"name\":\"Realheart\",\"description\":\"\u00c4r ett medicintekniskt f\u00f6retag som utvecklar ett artificiellt hj\u00e4rta som ska r\u00e4dda liv p\u00e5 sv\u00e5rt hj\u00e4rtsjuka personer som st\u00e5r i transplantationsk\u00f6.\",\"potentialAction\":[{\"@type\":\"SearchAction\",\"target\":{\"@type\":\"EntryPoint\",\"urlTemplate\":\"https:\\\/\\\/realheart.se\\\/?s={search_term_string}\"},\"query-input\":{\"@type\":\"PropertyValueSpecification\",\"valueRequired\":true,\"valueName\":\"search_term_string\"}}],\"inLanguage\":\"sv-SE\"}]}<\/script>\n<!-- \/ Yoast SEO plugin. -->","yoast_head_json":{"title":"Program Manager Full-Time Role - Realheart","description":"Scandinavian Real Heart is looking for candidates motivated to progress the technology from the development stage to clinical use and commercialization.","robots":{"index":"index","follow":"follow","max-snippet":"max-snippet:-1","max-image-preview":"max-image-preview:large","max-video-preview":"max-video-preview:-1"},"canonical":"https:\/\/realheart.se\/sv\/karriar\/program-manager-full-time-role\/","og_locale":"sv_SE","og_type":"article","og_title":"Program Manager Full-Time Role - Realheart","og_description":"Scandinavian Real Heart is looking for candidates motivated to progress the technology from the development stage to clinical use and commercialization.","og_url":"https:\/\/realheart.se\/sv\/karriar\/program-manager-full-time-role\/","og_site_name":"Realheart","article_modified_time":"2025-05-15T12:00:28+00:00","twitter_card":"summary_large_image","twitter_misc":{"Ber\u00e4knad l\u00e4stid":"2 minuter"},"schema":{"@context":"https:\/\/schema.org","@graph":[{"@type":"WebPage","@id":"https:\/\/realheart.se\/sv\/karriar\/program-manager-full-time-role\/","url":"https:\/\/realheart.se\/sv\/karriar\/program-manager-full-time-role\/","name":"Program Manager Full-Time Role - Realheart","isPartOf":{"@id":"https:\/\/realheart.se\/#website"},"datePublished":"2021-12-14T12:56:16+00:00","dateModified":"2025-05-15T12:00:28+00:00","description":"Scandinavian Real Heart is looking for candidates motivated to progress the technology from the development stage to clinical use and commercialization.","breadcrumb":{"@id":"https:\/\/realheart.se\/sv\/karriar\/program-manager-full-time-role\/#breadcrumb"},"inLanguage":"sv-SE","potentialAction":[{"@type":"ReadAction","target":["https:\/\/realheart.se\/sv\/karriar\/program-manager-full-time-role\/"]}]},{"@type":"BreadcrumbList","@id":"https:\/\/realheart.se\/sv\/karriar\/program-manager-full-time-role\/#breadcrumb","itemListElement":[{"@type":"ListItem","position":1,"name":"Karri\u00e4r","item":"https:\/\/realheart.se\/sv\/karriar\/"},{"@type":"ListItem","position":2,"name":"Program Manager Full-Time Role"}]},{"@type":"WebSite","@id":"https:\/\/realheart.se\/#website","url":"https:\/\/realheart.se\/","name":"Realheart","description":"\u00c4r ett medicintekniskt f\u00f6retag som utvecklar ett artificiellt hj\u00e4rta som ska r\u00e4dda liv p\u00e5 sv\u00e5rt hj\u00e4rtsjuka personer som st\u00e5r i transplantationsk\u00f6.","potentialAction":[{"@type":"SearchAction","target":{"@type":"EntryPoint","urlTemplate":"https:\/\/realheart.se\/?s={search_term_string}"},"query-input":{"@type":"PropertyValueSpecification","valueRequired":true,"valueName":"search_term_string"}}],"inLanguage":"sv-SE"}]}},"_links":{"self":[{"href":"https:\/\/realheart.se\/sv\/wp-json\/wp\/v2\/pages\/4935","targetHints":{"allow":["GET"]}}],"collection":[{"href":"https:\/\/realheart.se\/sv\/wp-json\/wp\/v2\/pages"}],"about":[{"href":"https:\/\/realheart.se\/sv\/wp-json\/wp\/v2\/types\/page"}],"author":[{"embeddable":true,"href":"https:\/\/realheart.se\/sv\/wp-json\/wp\/v2\/users\/8"}],"replies":[{"embeddable":true,"href":"https:\/\/realheart.se\/sv\/wp-json\/wp\/v2\/comments?post=4935"}],"version-history":[{"count":4,"href":"https:\/\/realheart.se\/sv\/wp-json\/wp\/v2\/pages\/4935\/revisions"}],"predecessor-version":[{"id":6885,"href":"https:\/\/realheart.se\/sv\/wp-json\/wp\/v2\/pages\/4935\/revisions\/6885"}],"up":[{"embeddable":true,"href":"https:\/\/realheart.se\/sv\/wp-json\/wp\/v2\/pages\/3627"}],"wp:attachment":[{"href":"https:\/\/realheart.se\/sv\/wp-json\/wp\/v2\/media?parent=4935"}],"curies":[{"name":"wp","href":"https:\/\/api.w.org\/{rel}","templated":true}]}}