




{"id":4982,"date":"2021-12-29T10:45:04","date_gmt":"2021-12-29T10:45:04","guid":{"rendered":"https:\/\/realheart.se\/?page_id=4982"},"modified":"2022-08-11T14:06:35","modified_gmt":"2022-08-11T14:06:35","slug":"medarbetarportratt-azad-najar","status":"publish","type":"page","link":"https:\/\/realheart.se\/sv\/medarbetarportratt-azad-najar\/","title":{"rendered":"Medarbetarportr\u00e4tt Azad Najar"},"content":{"rendered":"\n<figure class=\"wp-block-image size-full\"><img loading=\"lazy\" decoding=\"async\" width=\"720\" height=\"720\" src=\"https:\/\/realheart.se\/wp-content\/uploads\/2021\/12\/azad-some-svenska.jpg\" alt=\"\" class=\"wp-image-4991\" srcset=\"https:\/\/realheart.se\/wp-content\/uploads\/2021\/12\/azad-some-svenska.jpg 720w, https:\/\/realheart.se\/wp-content\/uploads\/2021\/12\/azad-some-svenska-300x300.jpg 300w, https:\/\/realheart.se\/wp-content\/uploads\/2021\/12\/azad-some-svenska-150x150.jpg 150w, https:\/\/realheart.se\/wp-content\/uploads\/2021\/12\/azad-some-svenska-526x526.jpg 526w\" sizes=\"auto, (max-width: 720px) 100vw, 720px\" \/><\/figure>\n\n\n\n<h2 class=\"wp-block-heading\"><strong>Fr\u00e5n lycklig barndom till flykt ut ur landet<\/strong><\/h2>\n\n\n\n<p>Yngst av nio syskon, livlig och p\u00e5hittig med exceptionellt sifferminne, s\u00e5 kan Azads lyckliga barndom i Zakho beskrivas. Men sedan kom Kuwaitkriget och alla m\u00e4n \u00f6ver 15 \u00e5r skulle h\u00e4ngas eller skjutas. En natt n\u00e4r familjen g\u00f6mde sig undan Saddam Husseins styrkor best\u00e4mde sig Azad, om de \u00f6verlevde natten, skulle de l\u00e4mna landet. De \u00f6verlevde. 1995 landar Azad i Sverige och b\u00f6rjar l\u00e4ra sig spr\u00e5ket och samtidigt p\u00e5b\u00f6rja processen att \u00f6verf\u00f6ra den l\u00e4karutbildning han avslutade i sitt hemland Kurdistan.<\/p>\n\n\n\n<h2 class=\"wp-block-heading\"><strong>Varifr\u00e5n kommer ditt teknikintresse?<\/strong><\/h2>\n\n\n\n<p>&#8211; Som barn byggde jag mina egna leksaker och mitt intresse f\u00f6r mekanik ledde till att jag s\u00e5 sm\u00e5ningom konstruerade flera avancerade apparater, bland annat en bioprojektor. Priset jag fick betala var en m\u00e4ngd elst\u00f6tar. Sen kan man s\u00e4ga att min nyfikenhet \u00f6ver gick i besatthet. En av mina kusiner f\u00f6ddes med fyra olika hj\u00e4rtfel och bilden av hur han alltid tvingades sitta vid sidan av n\u00e4r vi andra sparkade boll, tr\u00f6tt och med bl\u00e5aktiga l\u00e4ppar, fastnade mycket starkt i mitt minne, s\u00e4ger Azad allvarsamt.<\/p>\n\n\n\n<h2 class=\"wp-block-heading\"><strong>Som ett lodr\u00e4tt berg att kl\u00e4ttra uppf\u00f6r<\/strong><\/h2>\n\n\n\n<p>S\u00e5 beskriver en hj\u00e4rtexpert i Uppsala det arbete som Azad st\u00e5r inf\u00f6r \u2013 om\u00f6jligt med andra ord. Som tur var s\u00e5 ser inte alla det lodr\u00e4ta berget, Nyf\u00f6retagarcentrum i V\u00e4ster\u00e5s nappar p\u00e5 id\u00e9n och i b\u00f6rjan av 2000-talet finns den f\u00f6rsta statiska prototypen klar. Tack vare engagemang och samarbete med flera framst\u00e5ende personer som tar projektet under sina vingar. Och det \u00e4r h\u00e4r Azad inser att det faktiskt kan vara m\u00f6jligt att skapa v\u00e4rldens f\u00f6rsta artificiella fyrakammarshj\u00e4rta.<\/p>\n\n\n\n<h2 class=\"wp-block-heading\"><strong>Hj\u00e4rnan bakom hj\u00e4rtat och bollen \u00e4r i rullning<\/strong><\/h2>\n\n\n\n<p>&#8211; Ja, det \u00e4r f\u00f6rstasidesrubriken i media efter dygn av arbete med att ta fram en prototyp som faktiskt pumpar. Det h\u00e4r var 2003 och jag hade byggt prototypen av bland annat kirurghandskar och material ink\u00f6pt p\u00e5 Panduro Hobby, skrattar Azad. S\u00e5 nu kan man s\u00e4ga att bollen \u00e4r i rullning.<\/p>\n\n\n\n<p>Azad k\u00f6r p\u00e5 hobbyniv\u00e5 n\u00e5gra \u00e5r till, samtidigt som han avancerar till \u00f6verl\u00e4kare. Hela hans vakna tid upptas av arbete som syftar till att hj\u00e4lpa m\u00e4nniskor till \u00f6verlevnad och ett gott liv.<\/p>\n\n\n\n<p>N\u00e4r s\u00e5 hj\u00e4rtkirurgen Ulf Kjellman och teknikf\u00f6retaget Digital Mechanics ansluter s\u00e5 beh\u00f6vs en tydligare kropp runt projektet. 2007 grundas d\u00e4rf\u00f6r Scandinavian Real Heart av Azad och Said Zahrai. Kort d\u00e4refter hoppar \u00e4ven Gunnar Nihl\u00e9n p\u00e5.<\/p>\n\n\n\n<h2 class=\"wp-block-heading\"><strong>F\u00f6rsta riktiga versionen och klockringning<\/strong><\/h2>\n\n\n\n<p>2014 \u00e4r \u00e5ret d\u00e5 den f\u00f6rsta riktiga versionen st\u00e5r klar. Samma \u00e5r b\u00f6rsnoteras Realheart p\u00e5 Spotlight Stock Market. Det \u00e4r nu v\u00e4rlden vaknar och hj\u00e4rtat utvecklas med alltmer avancerade tekniska l\u00f6sningar. 2020 n\u00e5r arabiska reportage \u00f6ver 100 miljoner av v\u00e4rldens 300 miljoner arabtalande m\u00e4nniskor. Realheart och Azad Najar \u00e4r p\u00e5 allas l\u00e4ppar. H\u00e4rifr\u00e5n finns bara m\u00f6jligheter f\u00f6r Realhearts starka team att forts\u00e4tta testa, forska och utveckla det artificiella hj\u00e4rtat p\u00e5 v\u00e4g mot marknaden och alla m\u00e4nniskor som lider av hj\u00e4rtsvikt.<\/p>\n","protected":false},"excerpt":{"rendered":"<p>Fr\u00e5n lycklig barndom till flykt ut ur landet Yngst av nio syskon, livlig och p\u00e5hittig med exceptionellt sifferminne, s\u00e5 kan Azads lyckliga barndom i Zakho beskrivas. Men sedan kom Kuwaitkriget och alla m\u00e4n \u00f6ver 15 \u00e5r skulle h\u00e4ngas eller skjutas. En natt n\u00e4r familjen g\u00f6mde sig undan Saddam Husseins styrkor best\u00e4mde sig Azad, om de&#8230;<\/p>\n","protected":false},"author":8,"featured_media":0,"parent":0,"menu_order":0,"comment_status":"closed","ping_status":"closed","template":"","meta":{"_acf_changed":false,"_monsterinsights_skip_tracking":false,"_monsterinsights_sitenote_active":false,"_monsterinsights_sitenote_note":"","_monsterinsights_sitenote_category":0,"footnotes":""},"class_list":["post-4982","page","type-page","status-publish","hentry"],"acf":[],"aioseo_notices":[],"yoast_head":"<!-- This site is optimized with the Yoast SEO plugin v27.5 - https:\/\/yoast.com\/product\/yoast-seo-wordpress\/ -->\n<title>Medarbetarportr\u00e4tt Azad Najar - Realheart<\/title>\n<meta name=\"description\" content=\"Det h\u00e4r var 2003 och jag hade byggt prototypen av bland annat kirurghandskar och material ink\u00f6pt p\u00e5 Panduro Hobby.\" \/>\n<meta name=\"robots\" content=\"index, follow, max-snippet:-1, max-image-preview:large, max-video-preview:-1\" \/>\n<link rel=\"canonical\" href=\"https:\/\/realheart.se\/sv\/medarbetarportratt-azad-najar\/\" \/>\n<meta property=\"og:locale\" content=\"sv_SE\" \/>\n<meta property=\"og:type\" content=\"article\" \/>\n<meta property=\"og:title\" content=\"Medarbetarportr\u00e4tt Azad Najar - Realheart\" \/>\n<meta property=\"og:description\" content=\"Det h\u00e4r var 2003 och jag hade byggt prototypen av bland annat kirurghandskar och material ink\u00f6pt p\u00e5 Panduro Hobby.\" \/>\n<meta property=\"og:url\" content=\"https:\/\/realheart.se\/sv\/medarbetarportratt-azad-najar\/\" \/>\n<meta property=\"og:site_name\" content=\"Realheart\" \/>\n<meta property=\"article:modified_time\" content=\"2022-08-11T14:06:35+00:00\" \/>\n<meta property=\"og:image\" content=\"https:\/\/realheart.se\/wp-content\/uploads\/2021\/12\/azad-some-svenska.jpg\" \/>\n<meta name=\"twitter:card\" content=\"summary_large_image\" \/>\n<meta name=\"twitter:label1\" content=\"Ber\u00e4knad l\u00e4stid\" \/>\n\t<meta name=\"twitter:data1\" content=\"3 minuter\" \/>\n<script type=\"application\/ld+json\" class=\"yoast-schema-graph\">{\"@context\":\"https:\\\/\\\/schema.org\",\"@graph\":[{\"@type\":\"WebPage\",\"@id\":\"https:\\\/\\\/realheart.se\\\/sv\\\/medarbetarportratt-azad-najar\\\/\",\"url\":\"https:\\\/\\\/realheart.se\\\/sv\\\/medarbetarportratt-azad-najar\\\/\",\"name\":\"Medarbetarportr\u00e4tt Azad Najar - Realheart\",\"isPartOf\":{\"@id\":\"https:\\\/\\\/realheart.se\\\/#website\"},\"primaryImageOfPage\":{\"@id\":\"https:\\\/\\\/realheart.se\\\/sv\\\/medarbetarportratt-azad-najar\\\/#primaryimage\"},\"image\":{\"@id\":\"https:\\\/\\\/realheart.se\\\/sv\\\/medarbetarportratt-azad-najar\\\/#primaryimage\"},\"thumbnailUrl\":\"https:\\\/\\\/realheart.se\\\/wp-content\\\/uploads\\\/2021\\\/12\\\/azad-some-svenska.jpg\",\"datePublished\":\"2021-12-29T10:45:04+00:00\",\"dateModified\":\"2022-08-11T14:06:35+00:00\",\"description\":\"Det h\u00e4r var 2003 och jag hade byggt prototypen av bland annat kirurghandskar och material ink\u00f6pt p\u00e5 Panduro Hobby.\",\"inLanguage\":\"sv-SE\",\"potentialAction\":[{\"@type\":\"ReadAction\",\"target\":[\"https:\\\/\\\/realheart.se\\\/sv\\\/medarbetarportratt-azad-najar\\\/\"]}]},{\"@type\":\"ImageObject\",\"inLanguage\":\"sv-SE\",\"@id\":\"https:\\\/\\\/realheart.se\\\/sv\\\/medarbetarportratt-azad-najar\\\/#primaryimage\",\"url\":\"https:\\\/\\\/realheart.se\\\/wp-content\\\/uploads\\\/2021\\\/12\\\/azad-some-svenska.jpg\",\"contentUrl\":\"https:\\\/\\\/realheart.se\\\/wp-content\\\/uploads\\\/2021\\\/12\\\/azad-some-svenska.jpg\"},{\"@type\":\"WebSite\",\"@id\":\"https:\\\/\\\/realheart.se\\\/#website\",\"url\":\"https:\\\/\\\/realheart.se\\\/\",\"name\":\"Realheart\",\"description\":\"\u00c4r ett medicintekniskt f\u00f6retag som utvecklar ett artificiellt hj\u00e4rta som ska r\u00e4dda liv p\u00e5 sv\u00e5rt hj\u00e4rtsjuka personer som st\u00e5r i transplantationsk\u00f6.\",\"potentialAction\":[{\"@type\":\"SearchAction\",\"target\":{\"@type\":\"EntryPoint\",\"urlTemplate\":\"https:\\\/\\\/realheart.se\\\/?s={search_term_string}\"},\"query-input\":{\"@type\":\"PropertyValueSpecification\",\"valueRequired\":true,\"valueName\":\"search_term_string\"}}],\"inLanguage\":\"sv-SE\"}]}<\/script>\n<!-- \/ Yoast SEO plugin. -->","yoast_head_json":{"title":"Medarbetarportr\u00e4tt Azad Najar - Realheart","description":"Det h\u00e4r var 2003 och jag hade byggt prototypen av bland annat kirurghandskar och material ink\u00f6pt p\u00e5 Panduro Hobby.","robots":{"index":"index","follow":"follow","max-snippet":"max-snippet:-1","max-image-preview":"max-image-preview:large","max-video-preview":"max-video-preview:-1"},"canonical":"https:\/\/realheart.se\/sv\/medarbetarportratt-azad-najar\/","og_locale":"sv_SE","og_type":"article","og_title":"Medarbetarportr\u00e4tt Azad Najar - Realheart","og_description":"Det h\u00e4r var 2003 och jag hade byggt prototypen av bland annat kirurghandskar och material ink\u00f6pt p\u00e5 Panduro Hobby.","og_url":"https:\/\/realheart.se\/sv\/medarbetarportratt-azad-najar\/","og_site_name":"Realheart","article_modified_time":"2022-08-11T14:06:35+00:00","og_image":[{"url":"https:\/\/realheart.se\/wp-content\/uploads\/2021\/12\/azad-some-svenska.jpg","type":"","width":"","height":""}],"twitter_card":"summary_large_image","twitter_misc":{"Ber\u00e4knad l\u00e4stid":"3 minuter"},"schema":{"@context":"https:\/\/schema.org","@graph":[{"@type":"WebPage","@id":"https:\/\/realheart.se\/sv\/medarbetarportratt-azad-najar\/","url":"https:\/\/realheart.se\/sv\/medarbetarportratt-azad-najar\/","name":"Medarbetarportr\u00e4tt Azad Najar - Realheart","isPartOf":{"@id":"https:\/\/realheart.se\/#website"},"primaryImageOfPage":{"@id":"https:\/\/realheart.se\/sv\/medarbetarportratt-azad-najar\/#primaryimage"},"image":{"@id":"https:\/\/realheart.se\/sv\/medarbetarportratt-azad-najar\/#primaryimage"},"thumbnailUrl":"https:\/\/realheart.se\/wp-content\/uploads\/2021\/12\/azad-some-svenska.jpg","datePublished":"2021-12-29T10:45:04+00:00","dateModified":"2022-08-11T14:06:35+00:00","description":"Det h\u00e4r var 2003 och jag hade byggt prototypen av bland annat kirurghandskar och material ink\u00f6pt p\u00e5 Panduro Hobby.","inLanguage":"sv-SE","potentialAction":[{"@type":"ReadAction","target":["https:\/\/realheart.se\/sv\/medarbetarportratt-azad-najar\/"]}]},{"@type":"ImageObject","inLanguage":"sv-SE","@id":"https:\/\/realheart.se\/sv\/medarbetarportratt-azad-najar\/#primaryimage","url":"https:\/\/realheart.se\/wp-content\/uploads\/2021\/12\/azad-some-svenska.jpg","contentUrl":"https:\/\/realheart.se\/wp-content\/uploads\/2021\/12\/azad-some-svenska.jpg"},{"@type":"WebSite","@id":"https:\/\/realheart.se\/#website","url":"https:\/\/realheart.se\/","name":"Realheart","description":"\u00c4r ett medicintekniskt f\u00f6retag som utvecklar ett artificiellt hj\u00e4rta som ska r\u00e4dda liv p\u00e5 sv\u00e5rt hj\u00e4rtsjuka personer som st\u00e5r i transplantationsk\u00f6.","potentialAction":[{"@type":"SearchAction","target":{"@type":"EntryPoint","urlTemplate":"https:\/\/realheart.se\/?s={search_term_string}"},"query-input":{"@type":"PropertyValueSpecification","valueRequired":true,"valueName":"search_term_string"}}],"inLanguage":"sv-SE"}]}},"_links":{"self":[{"href":"https:\/\/realheart.se\/sv\/wp-json\/wp\/v2\/pages\/4982","targetHints":{"allow":["GET"]}}],"collection":[{"href":"https:\/\/realheart.se\/sv\/wp-json\/wp\/v2\/pages"}],"about":[{"href":"https:\/\/realheart.se\/sv\/wp-json\/wp\/v2\/types\/page"}],"author":[{"embeddable":true,"href":"https:\/\/realheart.se\/sv\/wp-json\/wp\/v2\/users\/8"}],"replies":[{"embeddable":true,"href":"https:\/\/realheart.se\/sv\/wp-json\/wp\/v2\/comments?post=4982"}],"version-history":[{"count":9,"href":"https:\/\/realheart.se\/sv\/wp-json\/wp\/v2\/pages\/4982\/revisions"}],"predecessor-version":[{"id":4995,"href":"https:\/\/realheart.se\/sv\/wp-json\/wp\/v2\/pages\/4982\/revisions\/4995"}],"wp:attachment":[{"href":"https:\/\/realheart.se\/sv\/wp-json\/wp\/v2\/media?parent=4982"}],"curies":[{"name":"wp","href":"https:\/\/api.w.org\/{rel}","templated":true}]}}