




{"id":5184,"date":"2022-06-17T06:36:34","date_gmt":"2022-06-17T06:36:34","guid":{"rendered":"https:\/\/realheart.se\/?page_id=5184"},"modified":"2024-06-11T06:25:17","modified_gmt":"2024-06-11T06:25:17","slug":"designingenjor-heltid","status":"publish","type":"page","link":"https:\/\/realheart.se\/sv\/karriar\/designingenjor-heltid\/","title":{"rendered":"Designingenj\u00f6r &#8211; heltid"},"content":{"rendered":"\n<figure class=\"wp-block-image size-large\"><img loading=\"lazy\" decoding=\"async\" width=\"1024\" height=\"536\" src=\"https:\/\/realheart.se\/wp-content\/uploads\/2022\/06\/design-engineer-website-2-1024x536.png\" alt=\"\" class=\"wp-image-5201\" srcset=\"https:\/\/realheart.se\/wp-content\/uploads\/2022\/06\/design-engineer-website-2-1024x536.png 1024w, https:\/\/realheart.se\/wp-content\/uploads\/2022\/06\/design-engineer-website-2-300x157.png 300w, https:\/\/realheart.se\/wp-content\/uploads\/2022\/06\/design-engineer-website-2-768x402.png 768w, https:\/\/realheart.se\/wp-content\/uploads\/2022\/06\/design-engineer-website-2-526x275.png 526w, https:\/\/realheart.se\/wp-content\/uploads\/2022\/06\/design-engineer-website-2-720x377.png 720w, https:\/\/realheart.se\/wp-content\/uploads\/2022\/06\/design-engineer-website-2-960x502.png 960w, https:\/\/realheart.se\/wp-content\/uploads\/2022\/06\/design-engineer-website-2-1140x597.png 1140w, https:\/\/realheart.se\/wp-content\/uploads\/2022\/06\/design-engineer-website-2.png 1200w\" sizes=\"auto, (max-width: 1024px) 100vw, 1024px\" \/><\/figure>\n\n\n\n<p><strong>Scandinavian Real Heart AB (SRH) utvecklar ett Total Artificial Heart (TAH) som kallas &#8217;Realheart TAH&#8217; som ers\u00e4tter det naturliga hj\u00e4rtat och \u00e4r avsett att r\u00e4dda livet p\u00e5 patienter som lider av sv\u00e5r hj\u00e4rtsvikt. SRH \u00e4r baserat i V\u00e4ster\u00e5s i Sverige och noterat p\u00e5 den svenska aktiemarknaden Spotlight.<\/strong><\/p>\n\n\n\n<p>SRH s\u00f6ker kandidater motiverade att utveckla tekniken fr\u00e5n forskningsstadiet till klinisk anv\u00e4ndning och kommersialisering. Det finns en m\u00f6jlighet f\u00f6r en designingenj\u00f6r att g\u00e5 med i det lilla och dynamiska teamet f\u00f6r att st\u00f6dja designaktiviteter f\u00f6r att uppfylla dokumenterade prestandakrav.<\/p>\n\n\n\n<p>Den ideala kandidaten har erfarenhet av utveckling av elektromekanisk utrustning i en reglerad milj\u00f6.<\/p>\n\n\n\n<h3 class=\"wp-block-heading\">Vi erbjuder<\/h3>\n\n\n\n<p>V\u00e4lkommen att bli en i v\u00e5rt dynamiska team d\u00e4r du kommer att arbeta med en extraordin\u00e4r produkt som kan r\u00e4dda m\u00e4nniskors liv. Vi har en flexibel, innovativ och tekniskt avancerad milj\u00f6 kombinerat med en \u00f6msesidig drivkraft att g\u00f6ra skillnad. Tj\u00e4nsten \u00e4r p\u00e5 heltid och inkluderar ett stort utbud av extra personalf\u00f6rm\u00e5ner och en global arbetsmilj\u00f6, vilket ger dig m\u00f6jlighet att interagera med mycket kompetenta och skickliga kollegor och partners fr\u00e5n olika l\u00e4nder.<\/p>\n\n\n\n<h3 class=\"wp-block-heading\">M\u00e5ls\u00e4ttning<\/h3>\n\n\n\n<p>Att arbeta med befintliga designingenj\u00f6rer och kontrollera CAD-produktion i f\u00f6retaget. Att skapa innovativa designl\u00f6sningar f\u00f6r att l\u00f6sa tekniska problem och analys av systemprestanda.<\/p>\n\n\n\n<p>Utf\u00f6rande av vissa tester av nya designl\u00f6sningar f\u00f6rv\u00e4ntas och kandidaten b\u00f6r vara bekv\u00e4m att arbeta med att utf\u00f6ra grundl\u00e4ggande prestandatestning av systemet med v\u00e4gledning fr\u00e5n erfarna kollegor.<\/p>\n\n\n\n<h3 class=\"wp-block-heading\">Ansvar<\/h3>\n\n\n\n<p>1. Att designa delar, komponenter och sammans\u00e4ttningar av det innovativa konstgjorda hj\u00e4rtsystemet<\/p>\n\n\n\n<p>2. S\u00e4tta i ordning CAD-utg\u00e5ngskontroll f\u00f6r alla f\u00f6retagets CAD-filer<\/p>\n\n\n\n<p>3. Utf\u00f6ra tester i f\u00f6retagets anl\u00e4ggningar<\/p>\n\n\n\n<p>4. Att generera rapporter och dokumentation i enlighet med f\u00f6retagets kvalitetssystem.<\/p>\n\n\n\n<h3 class=\"wp-block-heading\">Utbildning och erfarenhet<\/h3>\n\n\n\n<p>1. Magisterexamen i maskinteknik eller biomedicinsk teknik eller motsvarande.<\/p>\n\n\n\n<p>2. Fem \u00e5rs industriell arbetslivserfarenhet med anv\u00e4ndning av Solidworks \u00e4r ett krav<\/p>\n\n\n\n<p>3. Erfarenhet fr\u00e5n arbete i en reglerad milj\u00f6 som t.ex. medicinteknik, f\u00f6rsvaret, fordon eller liknande skulle vara att f\u00f6redra.<\/p>\n\n\n\n<p>4. Erfarenhet av analyspaket som Ansys f\u00f6r strukturella och termiska unders\u00f6kningar skulle vara att f\u00f6redra<\/p>\n\n\n\n<p>5. Visad f\u00f6rm\u00e5ga att arbeta i ett litet innovativt team.<\/p>\n\n\n\n<p>6. Bevisad f\u00f6rm\u00e5ga att arbeta med externa tillverkningspartners och f\u00f6rst\u00e5else f\u00f6r tillverkningskapacitet och processer<\/p>\n\n\n\n<p>7. Utm\u00e4rkta skriftliga kommunikationsf\u00e4rdigheter och analytiska probleml\u00f6sningsf\u00f6rm\u00e5gor.<\/p>\n\n\n\n<p>&nbsp;<strong>F\u00f6r att ing\u00e5 i Real Heart-teamet, skicka din ans\u00f6kan till:<\/strong> <a href=\"mailto:careers@realheart.se\">careers@realheart.se<\/a><\/p>\n\n\n\n<p><strong>Scandinavian Real Heart AB<br><\/strong>Organisation number: 556729-5588<br>Kopparbergsv\u00e4gen 10, 722 13 V\u00e4ster\u00e5s, Sweden<br><a href=\"https:\/\/realheart.se\/career\/design-engineer\/info@realheart.se\">info@realheart.se<br><\/a><a href=\"http:\/\/www.realheart.se\/\">www.realheart.se<\/a><\/p>\n","protected":false},"excerpt":{"rendered":"<p>Scandinavian Real Heart AB (SRH) utvecklar ett Total Artificial Heart (TAH) som kallas &#8217;Realheart TAH&#8217; som ers\u00e4tter det naturliga hj\u00e4rtat och \u00e4r avsett att r\u00e4dda livet p\u00e5 patienter som lider av sv\u00e5r hj\u00e4rtsvikt. SRH \u00e4r baserat i V\u00e4ster\u00e5s i Sverige och noterat p\u00e5 den svenska aktiemarknaden Spotlight. SRH s\u00f6ker kandidater motiverade att utveckla tekniken fr\u00e5n&#8230;<\/p>\n","protected":false},"author":8,"featured_media":3542,"parent":3627,"menu_order":0,"comment_status":"closed","ping_status":"closed","template":"","meta":{"_acf_changed":false,"_monsterinsights_skip_tracking":false,"_monsterinsights_sitenote_active":false,"_monsterinsights_sitenote_note":"","_monsterinsights_sitenote_category":0,"footnotes":""},"class_list":["post-5184","page","type-page","status-publish","has-post-thumbnail","hentry"],"acf":[],"aioseo_notices":[],"yoast_head":"<!-- This site is optimized with the Yoast SEO plugin v27.5 - https:\/\/yoast.com\/product\/yoast-seo-wordpress\/ -->\n<title>Designingenj\u00f6r - heltid - Realheart<\/title>\n<meta name=\"robots\" content=\"index, follow, max-snippet:-1, max-image-preview:large, max-video-preview:-1\" \/>\n<link rel=\"canonical\" href=\"https:\/\/realheart.se\/sv\/karriar\/designingenjor-heltid\/\" \/>\n<meta property=\"og:locale\" content=\"sv_SE\" \/>\n<meta property=\"og:type\" content=\"article\" \/>\n<meta property=\"og:title\" content=\"Designingenj\u00f6r - heltid - Realheart\" \/>\n<meta property=\"og:description\" content=\"Scandinavian Real Heart AB (SRH) utvecklar ett Total Artificial Heart (TAH) som kallas &#8217;Realheart TAH&#8217; som ers\u00e4tter det naturliga hj\u00e4rtat och \u00e4r avsett att r\u00e4dda livet p\u00e5 patienter som lider av sv\u00e5r hj\u00e4rtsvikt. SRH \u00e4r baserat i V\u00e4ster\u00e5s i Sverige och noterat p\u00e5 den svenska aktiemarknaden Spotlight. SRH s\u00f6ker kandidater motiverade att utveckla tekniken fr\u00e5n...\" \/>\n<meta property=\"og:url\" content=\"https:\/\/realheart.se\/sv\/karriar\/designingenjor-heltid\/\" \/>\n<meta property=\"og:site_name\" content=\"Realheart\" \/>\n<meta property=\"article:modified_time\" content=\"2024-06-11T06:25:17+00:00\" \/>\n<meta property=\"og:image\" content=\"https:\/\/realheart.se\/wp-content\/uploads\/2019\/03\/topp2-1.jpg\" \/>\n\t<meta property=\"og:image:width\" content=\"1920\" \/>\n\t<meta property=\"og:image:height\" content=\"452\" \/>\n\t<meta property=\"og:image:type\" content=\"image\/jpeg\" \/>\n<meta name=\"twitter:card\" content=\"summary_large_image\" \/>\n<meta name=\"twitter:label1\" content=\"Ber\u00e4knad l\u00e4stid\" \/>\n\t<meta name=\"twitter:data1\" content=\"3 minuter\" \/>\n<script type=\"application\/ld+json\" class=\"yoast-schema-graph\">{\"@context\":\"https:\\\/\\\/schema.org\",\"@graph\":[{\"@type\":\"WebPage\",\"@id\":\"https:\\\/\\\/realheart.se\\\/sv\\\/karriar\\\/designingenjor-heltid\\\/\",\"url\":\"https:\\\/\\\/realheart.se\\\/sv\\\/karriar\\\/designingenjor-heltid\\\/\",\"name\":\"Designingenj\u00f6r - heltid - Realheart\",\"isPartOf\":{\"@id\":\"https:\\\/\\\/realheart.se\\\/#website\"},\"primaryImageOfPage\":{\"@id\":\"https:\\\/\\\/realheart.se\\\/sv\\\/karriar\\\/designingenjor-heltid\\\/#primaryimage\"},\"image\":{\"@id\":\"https:\\\/\\\/realheart.se\\\/sv\\\/karriar\\\/designingenjor-heltid\\\/#primaryimage\"},\"thumbnailUrl\":\"https:\\\/\\\/realheart.se\\\/wp-content\\\/uploads\\\/2019\\\/03\\\/topp2-1.jpg\",\"datePublished\":\"2022-06-17T06:36:34+00:00\",\"dateModified\":\"2024-06-11T06:25:17+00:00\",\"breadcrumb\":{\"@id\":\"https:\\\/\\\/realheart.se\\\/sv\\\/karriar\\\/designingenjor-heltid\\\/#breadcrumb\"},\"inLanguage\":\"sv-SE\",\"potentialAction\":[{\"@type\":\"ReadAction\",\"target\":[\"https:\\\/\\\/realheart.se\\\/sv\\\/karriar\\\/designingenjor-heltid\\\/\"]}]},{\"@type\":\"ImageObject\",\"inLanguage\":\"sv-SE\",\"@id\":\"https:\\\/\\\/realheart.se\\\/sv\\\/karriar\\\/designingenjor-heltid\\\/#primaryimage\",\"url\":\"https:\\\/\\\/realheart.se\\\/wp-content\\\/uploads\\\/2019\\\/03\\\/topp2-1.jpg\",\"contentUrl\":\"https:\\\/\\\/realheart.se\\\/wp-content\\\/uploads\\\/2019\\\/03\\\/topp2-1.jpg\",\"width\":1920,\"height\":452},{\"@type\":\"BreadcrumbList\",\"@id\":\"https:\\\/\\\/realheart.se\\\/sv\\\/karriar\\\/designingenjor-heltid\\\/#breadcrumb\",\"itemListElement\":[{\"@type\":\"ListItem\",\"position\":1,\"name\":\"Karri\u00e4r\",\"item\":\"https:\\\/\\\/realheart.se\\\/sv\\\/karriar\\\/\"},{\"@type\":\"ListItem\",\"position\":2,\"name\":\"Designingenj\u00f6r &#8211; heltid\"}]},{\"@type\":\"WebSite\",\"@id\":\"https:\\\/\\\/realheart.se\\\/#website\",\"url\":\"https:\\\/\\\/realheart.se\\\/\",\"name\":\"Realheart\",\"description\":\"\u00c4r ett medicintekniskt f\u00f6retag som utvecklar ett artificiellt hj\u00e4rta som ska r\u00e4dda liv p\u00e5 sv\u00e5rt hj\u00e4rtsjuka personer som st\u00e5r i transplantationsk\u00f6.\",\"potentialAction\":[{\"@type\":\"SearchAction\",\"target\":{\"@type\":\"EntryPoint\",\"urlTemplate\":\"https:\\\/\\\/realheart.se\\\/?s={search_term_string}\"},\"query-input\":{\"@type\":\"PropertyValueSpecification\",\"valueRequired\":true,\"valueName\":\"search_term_string\"}}],\"inLanguage\":\"sv-SE\"}]}<\/script>\n<!-- \/ Yoast SEO plugin. -->","yoast_head_json":{"title":"Designingenj\u00f6r - heltid - Realheart","robots":{"index":"index","follow":"follow","max-snippet":"max-snippet:-1","max-image-preview":"max-image-preview:large","max-video-preview":"max-video-preview:-1"},"canonical":"https:\/\/realheart.se\/sv\/karriar\/designingenjor-heltid\/","og_locale":"sv_SE","og_type":"article","og_title":"Designingenj\u00f6r - heltid - Realheart","og_description":"Scandinavian Real Heart AB (SRH) utvecklar ett Total Artificial Heart (TAH) som kallas &#8217;Realheart TAH&#8217; som ers\u00e4tter det naturliga hj\u00e4rtat och \u00e4r avsett att r\u00e4dda livet p\u00e5 patienter som lider av sv\u00e5r hj\u00e4rtsvikt. SRH \u00e4r baserat i V\u00e4ster\u00e5s i Sverige och noterat p\u00e5 den svenska aktiemarknaden Spotlight. SRH s\u00f6ker kandidater motiverade att utveckla tekniken fr\u00e5n...","og_url":"https:\/\/realheart.se\/sv\/karriar\/designingenjor-heltid\/","og_site_name":"Realheart","article_modified_time":"2024-06-11T06:25:17+00:00","og_image":[{"width":1920,"height":452,"url":"https:\/\/realheart.se\/wp-content\/uploads\/2019\/03\/topp2-1.jpg","type":"image\/jpeg"}],"twitter_card":"summary_large_image","twitter_misc":{"Ber\u00e4knad l\u00e4stid":"3 minuter"},"schema":{"@context":"https:\/\/schema.org","@graph":[{"@type":"WebPage","@id":"https:\/\/realheart.se\/sv\/karriar\/designingenjor-heltid\/","url":"https:\/\/realheart.se\/sv\/karriar\/designingenjor-heltid\/","name":"Designingenj\u00f6r - heltid - Realheart","isPartOf":{"@id":"https:\/\/realheart.se\/#website"},"primaryImageOfPage":{"@id":"https:\/\/realheart.se\/sv\/karriar\/designingenjor-heltid\/#primaryimage"},"image":{"@id":"https:\/\/realheart.se\/sv\/karriar\/designingenjor-heltid\/#primaryimage"},"thumbnailUrl":"https:\/\/realheart.se\/wp-content\/uploads\/2019\/03\/topp2-1.jpg","datePublished":"2022-06-17T06:36:34+00:00","dateModified":"2024-06-11T06:25:17+00:00","breadcrumb":{"@id":"https:\/\/realheart.se\/sv\/karriar\/designingenjor-heltid\/#breadcrumb"},"inLanguage":"sv-SE","potentialAction":[{"@type":"ReadAction","target":["https:\/\/realheart.se\/sv\/karriar\/designingenjor-heltid\/"]}]},{"@type":"ImageObject","inLanguage":"sv-SE","@id":"https:\/\/realheart.se\/sv\/karriar\/designingenjor-heltid\/#primaryimage","url":"https:\/\/realheart.se\/wp-content\/uploads\/2019\/03\/topp2-1.jpg","contentUrl":"https:\/\/realheart.se\/wp-content\/uploads\/2019\/03\/topp2-1.jpg","width":1920,"height":452},{"@type":"BreadcrumbList","@id":"https:\/\/realheart.se\/sv\/karriar\/designingenjor-heltid\/#breadcrumb","itemListElement":[{"@type":"ListItem","position":1,"name":"Karri\u00e4r","item":"https:\/\/realheart.se\/sv\/karriar\/"},{"@type":"ListItem","position":2,"name":"Designingenj\u00f6r &#8211; heltid"}]},{"@type":"WebSite","@id":"https:\/\/realheart.se\/#website","url":"https:\/\/realheart.se\/","name":"Realheart","description":"\u00c4r ett medicintekniskt f\u00f6retag som utvecklar ett artificiellt hj\u00e4rta som ska r\u00e4dda liv p\u00e5 sv\u00e5rt hj\u00e4rtsjuka personer som st\u00e5r i transplantationsk\u00f6.","potentialAction":[{"@type":"SearchAction","target":{"@type":"EntryPoint","urlTemplate":"https:\/\/realheart.se\/?s={search_term_string}"},"query-input":{"@type":"PropertyValueSpecification","valueRequired":true,"valueName":"search_term_string"}}],"inLanguage":"sv-SE"}]}},"_links":{"self":[{"href":"https:\/\/realheart.se\/sv\/wp-json\/wp\/v2\/pages\/5184","targetHints":{"allow":["GET"]}}],"collection":[{"href":"https:\/\/realheart.se\/sv\/wp-json\/wp\/v2\/pages"}],"about":[{"href":"https:\/\/realheart.se\/sv\/wp-json\/wp\/v2\/types\/page"}],"author":[{"embeddable":true,"href":"https:\/\/realheart.se\/sv\/wp-json\/wp\/v2\/users\/8"}],"replies":[{"embeddable":true,"href":"https:\/\/realheart.se\/sv\/wp-json\/wp\/v2\/comments?post=5184"}],"version-history":[{"count":3,"href":"https:\/\/realheart.se\/sv\/wp-json\/wp\/v2\/pages\/5184\/revisions"}],"predecessor-version":[{"id":6883,"href":"https:\/\/realheart.se\/sv\/wp-json\/wp\/v2\/pages\/5184\/revisions\/6883"}],"up":[{"embeddable":true,"href":"https:\/\/realheart.se\/sv\/wp-json\/wp\/v2\/pages\/3627"}],"wp:featuredmedia":[{"embeddable":true,"href":"https:\/\/realheart.se\/sv\/wp-json\/wp\/v2\/media\/3542"}],"wp:attachment":[{"href":"https:\/\/realheart.se\/sv\/wp-json\/wp\/v2\/media?parent=5184"}],"curies":[{"name":"wp","href":"https:\/\/api.w.org\/{rel}","templated":true}]}}