




{"id":5502,"date":"2023-01-30T11:54:46","date_gmt":"2023-01-30T11:54:46","guid":{"rendered":"https:\/\/realheart.se\/?page_id=5502"},"modified":"2025-12-16T18:47:42","modified_gmt":"2025-12-16T18:47:42","slug":"foretradesemission-realheart","status":"publish","type":"page","link":"https:\/\/realheart.se\/sv\/foretradesemission-realheart\/","title":{"rendered":"F\u00f6retr\u00e4desemission Realheart"},"content":{"rendered":"\n<h2 class=\"wp-block-heading\">Emissionsdetaljer <\/h2>\n\n\n\n<p><strong>F\u00f6retr\u00e4desr\u00e4tt:<\/strong> 1 befintlig aktie ger 1 teckningsr\u00e4tt. 1 teckningsr\u00e4tt ger r\u00e4tt att teckna 1 ny aktie.<\/p>\n\n\n\n<p><strong>Totalt emissionsbelopp:<\/strong> 69 981 856 kronor.<\/p>\n\n\n\n<p><strong>Tecknings- och garanti\u00e5taganden: <\/strong><br>Bolaget har erh\u00e5llit tecknings\u00e5taganden fr\u00e5n<br>befintliga aktie\u00e4gare, styrelse och ledande befattningshavare om cirka 25,6 MSEK. Vilket totalt motsvarar cirka 36,5% av f\u00f6retr\u00e4desemissionen. Vidare har Bolaget erh\u00e5llit<br>garanti\u00e5taganden fr\u00e5n befintliga aktie\u00e4gare om cirka 23,4 MSEK. Vilket totalt motsvarar ca 33,5% av f\u00f6retr\u00e4desemissionen. Sammantaget omfattas f\u00f6retr\u00e4desemissionen d\u00e4rmed till cirka 70% av tecknings- och garanti\u00e5taganden.<\/p>\n\n\n\n<p><strong>Teckningskurs: <\/strong><br>Teckningskursen uppg\u00e5r till 14 SEK per aktie. \u00d6verkurs ska tillf\u00f6ras den<br>fria \u00f6verkursfonden<\/p>\n\n\n\n<h2 class=\"wp-block-heading\">Villkor<\/h2>\n\n\n\n<p><strong>F\u00f6retr\u00e4desr\u00e4tt<\/strong><br>Den som p\u00e5 avst\u00e4mningsdagen den 9 januari 2026 var inf\u00f6rd som aktie\u00e4gare enligt den av Euroclear Sweden AB (\u201dEuroclear Sweden\u201d) f\u00f6r Scandinavian Real Heart AB:s r\u00e4kning f\u00f6rda aktieboken \u00e4ger f\u00f6retr\u00e4desr\u00e4tt att teckna nya aktier i f\u00f6rh\u00e5llande till sina befintliga aktieinnehav i Bolaget p\u00e5 avst\u00e4mningsdagen. Innehav av en (1) aktie per avst\u00e4mningsdagen ber\u00e4ttigar innehavaren till en (1) teckningsr\u00e4tt, varvid en (1) teckningsr\u00e4tt ber\u00e4ttigar till teckning av en (1) aktie.<\/p>\n\n\n\n<p><a href=\"https:\/\/realheart.se\/wp-content\/uploads\/2025\/12\/informationsdokument-bilaga-ix-scandinavian-real-heart-ab-251216-1.pdf\">Fullst\u00e4ndigt informationsdokument.<\/a><\/p>\n","protected":false},"excerpt":{"rendered":"<p>Emissionsdetaljer F\u00f6retr\u00e4desr\u00e4tt: 1 befintlig aktie ger 1 teckningsr\u00e4tt. 1 teckningsr\u00e4tt ger r\u00e4tt att teckna 1 ny aktie. Totalt emissionsbelopp: 69 981 856 kronor. Tecknings- och garanti\u00e5taganden: Bolaget har erh\u00e5llit tecknings\u00e5taganden fr\u00e5nbefintliga aktie\u00e4gare, styrelse och ledande befattningshavare om cirka 25,6 MSEK. Vilket totalt motsvarar cirka 36,5% av f\u00f6retr\u00e4desemissionen. Vidare har Bolaget erh\u00e5llitgaranti\u00e5taganden fr\u00e5n befintliga aktie\u00e4gare om&#8230;<\/p>\n","protected":false},"author":1,"featured_media":0,"parent":0,"menu_order":0,"comment_status":"closed","ping_status":"closed","template":"page-templates\/page-t01.php","meta":{"_acf_changed":false,"_monsterinsights_skip_tracking":false,"_monsterinsights_sitenote_active":false,"_monsterinsights_sitenote_note":"","_monsterinsights_sitenote_category":0,"footnotes":""},"class_list":["post-5502","page","type-page","status-publish","hentry"],"acf":[],"aioseo_notices":[],"yoast_head":"<!-- This site is optimized with the Yoast SEO plugin v27.5 - https:\/\/yoast.com\/product\/yoast-seo-wordpress\/ -->\n<title>F\u00f6retr\u00e4desemission Realheart - Realheart<\/title>\n<meta name=\"robots\" content=\"index, follow, max-snippet:-1, max-image-preview:large, max-video-preview:-1\" \/>\n<link rel=\"canonical\" href=\"https:\/\/realheart.se\/sv\/foretradesemission-realheart\/\" \/>\n<meta property=\"og:locale\" content=\"sv_SE\" \/>\n<meta property=\"og:type\" content=\"article\" \/>\n<meta property=\"og:title\" content=\"F\u00f6retr\u00e4desemission Realheart - Realheart\" \/>\n<meta property=\"og:description\" content=\"Emissionsdetaljer F\u00f6retr\u00e4desr\u00e4tt: 1 befintlig aktie ger 1 teckningsr\u00e4tt. 1 teckningsr\u00e4tt ger r\u00e4tt att teckna 1 ny aktie. Totalt emissionsbelopp: 69 981 856 kronor. Tecknings- och garanti\u00e5taganden: Bolaget har erh\u00e5llit tecknings\u00e5taganden fr\u00e5nbefintliga aktie\u00e4gare, styrelse och ledande befattningshavare om cirka 25,6 MSEK. Vilket totalt motsvarar cirka 36,5% av f\u00f6retr\u00e4desemissionen. Vidare har Bolaget erh\u00e5llitgaranti\u00e5taganden fr\u00e5n befintliga aktie\u00e4gare om...\" \/>\n<meta property=\"og:url\" content=\"https:\/\/realheart.se\/sv\/foretradesemission-realheart\/\" \/>\n<meta property=\"og:site_name\" content=\"Realheart\" \/>\n<meta property=\"article:modified_time\" content=\"2025-12-16T18:47:42+00:00\" \/>\n<meta name=\"twitter:card\" content=\"summary_large_image\" \/>\n<meta name=\"twitter:label1\" content=\"Ber\u00e4knad l\u00e4stid\" \/>\n\t<meta name=\"twitter:data1\" content=\"1 minut\" \/>\n<script type=\"application\/ld+json\" class=\"yoast-schema-graph\">{\"@context\":\"https:\\\/\\\/schema.org\",\"@graph\":[{\"@type\":\"WebPage\",\"@id\":\"https:\\\/\\\/realheart.se\\\/sv\\\/foretradesemission-realheart\\\/\",\"url\":\"https:\\\/\\\/realheart.se\\\/sv\\\/foretradesemission-realheart\\\/\",\"name\":\"F\u00f6retr\u00e4desemission Realheart - Realheart\",\"isPartOf\":{\"@id\":\"https:\\\/\\\/realheart.se\\\/#website\"},\"datePublished\":\"2023-01-30T11:54:46+00:00\",\"dateModified\":\"2025-12-16T18:47:42+00:00\",\"inLanguage\":\"sv-SE\",\"potentialAction\":[{\"@type\":\"ReadAction\",\"target\":[\"https:\\\/\\\/realheart.se\\\/sv\\\/foretradesemission-realheart\\\/\"]}]},{\"@type\":\"WebSite\",\"@id\":\"https:\\\/\\\/realheart.se\\\/#website\",\"url\":\"https:\\\/\\\/realheart.se\\\/\",\"name\":\"Realheart\",\"description\":\"\u00c4r ett medicintekniskt f\u00f6retag som utvecklar ett artificiellt hj\u00e4rta som ska r\u00e4dda liv p\u00e5 sv\u00e5rt hj\u00e4rtsjuka personer som st\u00e5r i transplantationsk\u00f6.\",\"potentialAction\":[{\"@type\":\"SearchAction\",\"target\":{\"@type\":\"EntryPoint\",\"urlTemplate\":\"https:\\\/\\\/realheart.se\\\/?s={search_term_string}\"},\"query-input\":{\"@type\":\"PropertyValueSpecification\",\"valueRequired\":true,\"valueName\":\"search_term_string\"}}],\"inLanguage\":\"sv-SE\"}]}<\/script>\n<!-- \/ Yoast SEO plugin. -->","yoast_head_json":{"title":"F\u00f6retr\u00e4desemission Realheart - Realheart","robots":{"index":"index","follow":"follow","max-snippet":"max-snippet:-1","max-image-preview":"max-image-preview:large","max-video-preview":"max-video-preview:-1"},"canonical":"https:\/\/realheart.se\/sv\/foretradesemission-realheart\/","og_locale":"sv_SE","og_type":"article","og_title":"F\u00f6retr\u00e4desemission Realheart - Realheart","og_description":"Emissionsdetaljer F\u00f6retr\u00e4desr\u00e4tt: 1 befintlig aktie ger 1 teckningsr\u00e4tt. 1 teckningsr\u00e4tt ger r\u00e4tt att teckna 1 ny aktie. Totalt emissionsbelopp: 69 981 856 kronor. Tecknings- och garanti\u00e5taganden: Bolaget har erh\u00e5llit tecknings\u00e5taganden fr\u00e5nbefintliga aktie\u00e4gare, styrelse och ledande befattningshavare om cirka 25,6 MSEK. Vilket totalt motsvarar cirka 36,5% av f\u00f6retr\u00e4desemissionen. Vidare har Bolaget erh\u00e5llitgaranti\u00e5taganden fr\u00e5n befintliga aktie\u00e4gare om...","og_url":"https:\/\/realheart.se\/sv\/foretradesemission-realheart\/","og_site_name":"Realheart","article_modified_time":"2025-12-16T18:47:42+00:00","twitter_card":"summary_large_image","twitter_misc":{"Ber\u00e4knad l\u00e4stid":"1 minut"},"schema":{"@context":"https:\/\/schema.org","@graph":[{"@type":"WebPage","@id":"https:\/\/realheart.se\/sv\/foretradesemission-realheart\/","url":"https:\/\/realheart.se\/sv\/foretradesemission-realheart\/","name":"F\u00f6retr\u00e4desemission Realheart - Realheart","isPartOf":{"@id":"https:\/\/realheart.se\/#website"},"datePublished":"2023-01-30T11:54:46+00:00","dateModified":"2025-12-16T18:47:42+00:00","inLanguage":"sv-SE","potentialAction":[{"@type":"ReadAction","target":["https:\/\/realheart.se\/sv\/foretradesemission-realheart\/"]}]},{"@type":"WebSite","@id":"https:\/\/realheart.se\/#website","url":"https:\/\/realheart.se\/","name":"Realheart","description":"\u00c4r ett medicintekniskt f\u00f6retag som utvecklar ett artificiellt hj\u00e4rta som ska r\u00e4dda liv p\u00e5 sv\u00e5rt hj\u00e4rtsjuka personer som st\u00e5r i transplantationsk\u00f6.","potentialAction":[{"@type":"SearchAction","target":{"@type":"EntryPoint","urlTemplate":"https:\/\/realheart.se\/?s={search_term_string}"},"query-input":{"@type":"PropertyValueSpecification","valueRequired":true,"valueName":"search_term_string"}}],"inLanguage":"sv-SE"}]}},"_links":{"self":[{"href":"https:\/\/realheart.se\/sv\/wp-json\/wp\/v2\/pages\/5502","targetHints":{"allow":["GET"]}}],"collection":[{"href":"https:\/\/realheart.se\/sv\/wp-json\/wp\/v2\/pages"}],"about":[{"href":"https:\/\/realheart.se\/sv\/wp-json\/wp\/v2\/types\/page"}],"author":[{"embeddable":true,"href":"https:\/\/realheart.se\/sv\/wp-json\/wp\/v2\/users\/1"}],"replies":[{"embeddable":true,"href":"https:\/\/realheart.se\/sv\/wp-json\/wp\/v2\/comments?post=5502"}],"version-history":[{"count":15,"href":"https:\/\/realheart.se\/sv\/wp-json\/wp\/v2\/pages\/5502\/revisions"}],"predecessor-version":[{"id":7727,"href":"https:\/\/realheart.se\/sv\/wp-json\/wp\/v2\/pages\/5502\/revisions\/7727"}],"wp:attachment":[{"href":"https:\/\/realheart.se\/sv\/wp-json\/wp\/v2\/media?parent=5502"}],"curies":[{"name":"wp","href":"https:\/\/api.w.org\/{rel}","templated":true}]}}