




{"id":56,"date":"2016-10-26T16:15:21","date_gmt":"2016-10-26T14:15:21","guid":{"rendered":"http:\/\/https:\/\/realheart.se\/?page_id=56"},"modified":"2016-10-26T16:15:21","modified_gmt":"2016-10-26T14:15:21","slug":"rapporter","status":"publish","type":"page","link":"https:\/\/realheart.se\/sv\/artificiella-hjartat-realheart-tah\/forskning-och-utveckling\/rapporter\/","title":{"rendered":"Rapporter"},"content":{"rendered":"<h3>Rapport prekliniska prov 15 10 05<\/h3>\n<div class=\"entry-content clearfix\">\n<p>Publicerat 2015-10-05<\/p>\n<p><strong>Prov av hj\u00e4rtpump modell 8<\/strong><\/p>\n<p>I mitten av september genomf\u00f6rde vi under tv\u00e5 dagar prekliniska djurprov med hj\u00e4rtpump modell 8. Vi har under det senaste halv\u00e5ret arbetat med att f\u00f6rb\u00e4ttra pumpens fysiologiska funktion och med att optimera drivsystemet (med en ny motor). S\u00e5v\u00e4l pump som drivsystem har under flera m\u00e5nader testats i en simulator. Vi har steg f\u00f6r steg kunnat f\u00f6rb\u00e4ttra och optimera funktionen. Avsikten med provet var nu att testa funktionen under fysiologiska f\u00f6r-h\u00e5llanden. F\u00f6rs\u00f6ket utf\u00f6ll enligt f\u00f6ljande:<\/p>\n<p><strong>Pumpens funktion<\/strong><\/p>\n<p>Modell 8 \u00e4r konstruerad som tv\u00e5 pumpar som seriekopplas och regleras av ett datoriserat styrsystem. Hj\u00e4rtpumpen styrs p\u00e5 ett fysiologiskt s\u00e4tt och ger r\u00e4tt antal pulsslag med en naturlig rytm f\u00f6r varje puls. Konstruktionen med tv\u00e5 pumpar m\u00f6jligg\u00f6r att hj\u00e4rtpumpen vid behov kan hantera olika m\u00e4ngder blod fr\u00e5n de tv\u00e5 kroppshalvorna (en l\u00e5gtryckssida och en h\u00f6gtryckssida). Detta system visade sig vid provet fungera i stort sett som avsett, \u00e4ven om det finns utrymme f\u00f6r ytterligare f\u00f6rb\u00e4ttringar. Detta \u00e4r f\u00f6r\u00e4ndringar som inte kr\u00e4ver omkonstruktion av mekaniken utan kan g\u00f6ras i det datorprogram som styr pumpen och som sedan kan testas vidare i simulator.<\/p>\n<p><strong>Drivsystemet<\/strong><\/p>\n<p>Den nya modellen har ett effektivare drivsystem \u00e4n tidigare modeller. Varje halvpump drivs av en liten elmotor med en verkningsgrad p\u00e5 ca 90 %. Varje pump drog bara 200 mA under provet. Teoretiskt inneb\u00e4r detta att ett batteri med en vikt p\u00e5 ca 800 gram skulle r\u00e4cka f\u00f6r att driva hj\u00e4rtpumpen i ett helt dygn. Det var t o m s\u00e5 att pumpen gav st\u00f6rre slagvolym \u00e4n vad som var n\u00f6dv\u00e4ndigt. Slagvolymen gav upphov till visst undertryck p\u00e5 h\u00f6gersidan. Det finns d\u00e4rf\u00f6r anledning att minska slagvolymen n\u00e5got och m\u00f6jligen prova en \u00e4nnu mindre motor. Genom den h\u00f6ga verkningsgraden blir det ingen \u00f6verskottsv\u00e4rme i motorn och driv-systemet. Drivsystemet levererade bra blodtryck och pulsfrekvens. Utfallet av provet vad g\u00e4ller drivsystem var s\u00e5ledes sammanfattningsvis mycket uppmuntrande. Det \u00e4r uppenbart att vi h\u00e4r har hittat en principiellt bra l\u00f6sning.<\/p>\n<p><strong>Ins\u00e4ttning av pumpen<\/strong><\/p>\n<p>I samband med f\u00f6rs\u00f6ket l\u00e4ggs djuret f\u00f6rst i hj\u00e4rt-lung-maskin och det biologiska hj\u00e4rta kan d\u00e5 tas ut. Vi syr d\u00e4refter in v\u00e5r hj\u00e4rtpump. Vi hade konstruerat nya anslutningar f\u00f6r att f\u00f6renkla den proceduren. Det gick denna g\u00e5ng mycket enklare \u00e4n vid f\u00f6reg\u00e5ende prov men det var fortfarande inte tillr\u00e4ckligt bra. V\u00e5rt st\u00f6rsta problem hittills har varit avluftning av systemet. Vi hade nu en ny l\u00f6sning, som visserligen var n\u00e5got b\u00e4ttre \u00e4n tidigare, men inte perfekt. Sj\u00e4lva pumpen var l\u00e4ckagefri men vi hade st\u00f6rande l\u00e4ckage i anslutningarna mellan pumpen och djurets k\u00e4rl. Dessa kopplingar m\u00e5ste f\u00f6rb\u00e4ttras.<\/p>\n<p><strong>Sammanfattning<\/strong><\/p>\n<p>Efter genomf\u00f6rt prov kan man konstatera att drivsystemet \u00e4r konceptuellt f\u00e4rdigutvecklat och att den m\u00e4ngd blod som pumpas fr\u00e5n varje kammare \u00e4r mer \u00e4n tillr\u00e4ckligt. Vi bed\u00f6mer ocks\u00e5 pumpens principiella grundkonstruktion som f\u00e4rdigutvecklad. Vidare optimering kommer framf\u00f6r allt att ske genom f\u00f6r\u00e4ndringar i det datoriserade styrsystemet med ett ut\u00f6kat sensorsystem. Vi har en utmaning i att standardisera den kirurgiskt tekniska l\u00f6sningen vad g\u00e4ller ins\u00e4ttning, anslutningar och avluftning. Ytterligare prov \u00e4r d\u00e4rf\u00f6r redan planerade och ska ske inom n\u00e5gra m\u00e5nader f\u00f6r f\u00f6rb\u00e4ttring och justering av dessa parametrar.<\/p>\n<p><strong>Planering fram\u00e5t<\/strong><\/p>\n<p>Med denna rapport kan vi nu konstatera i enlighet med vad vi tidigare har kommunicerat i f\u00f6retagets memorandum att hj\u00e4rtpump modell nr 8 \u00e4r utrustad med ett effektivare och energisn\u00e5lare drivsystem och har en elmotor med h\u00f6gre verkningsgrad \u00e4n vad modell 7 hade. Modell nr 8 styrs dessutom av ett och datoriserat styrsystem som utvecklats under v\u00e5ren\/sommaren 2015 av ett ledande f\u00f6retag i motorstyrning. Det tidigare kommunicerade prov som skulle genomf\u00f6ras v\u00e5ren 2015 ersattes med l\u00e4ngre simulatortester av det nya styrsystemet. Det kliniska provet genomf\u00f6rdes ist\u00e4llet i mitten av september och ytterligare djurprov planeras inom de n\u00e4rmaste m\u00e5naderna som f\u00f6rberedelse av l\u00e5ngvariga prov senare under 2016.<\/p>\n<p>Utfallet av det genomf\u00f6rda provet gav oss vad g\u00e4ller energif\u00f6rbrukning tillr\u00e4ckligt underlag f\u00f6r att tidigarel\u00e4gga arbetet med batterival. Vi kommer att under de n\u00e4rmaste m\u00e5naderna att inleda samarbete med f\u00f6retag inom batteriutveckling och batterianpassning. Vi kommer dessutom att starta arbetet med inf\u00f6rande av sensorstyrning och sj\u00e4lvreglering (autoreglering) av hj\u00e4rtpumpen tidigare \u00e4n vi hade planerat. Autoregleringen inneb\u00e4r att pumpen sj\u00e4lv k\u00e4nner av n\u00e4r hj\u00e4rtfrekvens m\u00e5ste \u00f6kas \u2013 t ex n\u00e4r individen g\u00f6r tyngre fysiskt arbete. Vi anser oss ha kommit l\u00e4ngre \u00e4n planerat vad g\u00e4ller reducering av pumpens energif\u00f6rbrukning. I och med att vi bytte f\u00f6rs\u00f6k mot simulatortester tidigare under 2015 kommer de kliniska l\u00e5ngtidsproven som vi tidigare avs\u00e5g genomf\u00f6ra under h\u00f6sten\/vintern 2015\/2016 i st\u00e4llet att ske under andra halv\u00e5ret 2016.<\/p>\n<hr \/>\n<h3>Resultat prekliniska prov november 2015<\/h3>\n<div class=\"entry-content clearfix\">\n<p><em>Publicerad 15- 11 -17<\/em><\/p>\n<p><strong>\u00a0<\/strong>F\u00f6rsta veckan i november genomf\u00f6rdes ytterligare ett prekliniskt djurprov med hj\u00e4rtpump modell 8. Vid f\u00f6reg\u00e5ende prov i mitten av september fungerade pumpen i princip klanderfritt med h\u00f6g verkningsgrad och l\u00e5g energi\u00e5tg\u00e5ng. Vi hade d\u00e4remot vissa problem med den kirurgiska tekniken f\u00f6r ins\u00e4ttning. Sedan septemberproven har vi nu f\u00f6rb\u00e4ttrat b\u00e5de teknik f\u00f6r ins\u00e4ttning och optimering av drivningen. Avsikten med provet var nu att \u00e4n en g\u00e5ng testa dessa funktioner under fysiologiska f\u00f6rh\u00e5llanden. F\u00f6rs\u00f6ket utf\u00f6ll enligt f\u00f6ljande.<\/p>\n<p><strong>Pumpens funktion<\/strong><\/p>\n<p>Pumpen \u00e4r konstruerad som tv\u00e5 pumpar som seriekopplas och regleras av ett datoriserat styrsystem. Vi hade nu adderat ytterligare en styrfunktion som f\u00f6renklade inplantering av pumpen. Det nya styrsystemet visade sig fungera helt enligt plan och vi uppn\u00e5dde naturlig puls och normala tryckf\u00f6rh\u00e5llanden. Vi kunde styra s\u00e5v\u00e4l slagvolym och hj\u00e4rtfrekvens. Djurets syrs\u00e4ttning var ocks\u00e5 god. Styrsystemet visade sig vid provet s\u00e5ledes fungera helt som avsett vilket \u00e4r ett viktigt principiellt steg fram\u00e5t.<\/p>\n<p><strong>Drivsystemet<\/strong><\/p>\n<p>Det blev \u00e4nnu en g\u00e5ng bekr\u00e4ftat att drivsystemet \u00e4r effektivt och drar liten m\u00e4ngd energi och har h\u00f6g verkningsgrad. \u00c4ven vid h\u00f6gre belastning utnyttjades endast en mindre del av motorns kapacitet. Detta inneb\u00e4r att storleken p\u00e5 motorn kan minskas utan att man p\u00e5verkar pumpens funktion. Detta \u00e4r mycket positivt. Det undertryck som skapades framf\u00f6r allt i h\u00f6ger f\u00f6rmak vid f\u00f6reg\u00e5ende operation kunde denna g\u00e5ng helt undvikas genom en f\u00f6rb\u00e4ttrad datoriserad styrning av pumpen. Datorprogrammet kan balansera effektbehovet mellan de tv\u00e5 hj\u00e4rthalvorna och d\u00e4rmed ge en helt koordinerad total funktion. Drivsystemet levererade bra blodtryck och pulsfrekvens. Utfallet av provet vad g\u00e4ller drivsystemet var s\u00e5ledes mycket uppmuntrande.<\/p>\n<p><strong>Ins\u00e4ttning av pumpen<\/strong><\/p>\n<p>I samband med f\u00f6rs\u00f6ket l\u00e4ggs djuret f\u00f6rst i hj\u00e4rt-lung-maskin och det biologiska hj\u00e4rta kan d\u00e5 tas ut. Vi syr d\u00e4refter in v\u00e5r hj\u00e4rtpump. Vid f\u00f6reg\u00e5ende prov hade vi vissa problem med ins\u00e4ttningen. Det uppstod visst l\u00e4ckage i anslutningarna och vi hade sv\u00e5righeter med avluftning. Anslutningarna var nu nydesignade och vi hade nya portar f\u00f6r avluftning. Dessa nya l\u00f6sningar visade sig fungera helt som avsett. Det uppstod inget som helst l\u00e4ckage. Avluftningen var ocks\u00e5 enklare och snabbare och s\u00e5 gott som komplett.<\/p>\n<p><strong>Sammanfattning<\/strong><\/p>\n<p>Efter \u00e4nnu ett djurprov kan man konstatera att hj\u00e4rtpump modell 8 fungerar bra i ett biologiskt system. Den levererar bra tryck och puls och kan l\u00e4tt och effektivt styras. Anslutningarna var t\u00e4ta. Enbart en mindre del av motorns kapacitet utnyttjades, vilket inneb\u00e4r att kommande hj\u00e4rtpumpsmodell kommer att ha mindre motor. Vad g\u00e4ller det totala utvecklingsarbetet ligger vi f n lite f\u00f6re tidtabell.<\/p>\n<p><strong>Planering fram\u00e5t<\/strong><\/p>\n<p>Med denna rapport kan vi nu konstatera, i enlighet med vad vi tidigare har kommunicerat i f\u00f6retagets memorandum, att hj\u00e4rtpump modell nr 8 med dess funktion, drivsystem, kopplingar, och avluftningsanordning \u00e4r som princip f\u00e4rdigutvecklad. Detta inneb\u00e4r emellertid inte p\u00e5 n\u00e5got s\u00e4tt att vi \u00e4r i m\u00e5l. Det som nu st\u00e5r framf\u00f6r oss \u00e4r att optimera motor och operationsteknik och att vidareutveckla den datoriserade styrfunktionen. Vi m\u00e5ste ocks\u00e5 starta utvecklingen av energif\u00f6rs\u00f6rjningen. Vi siktar p\u00e5 att s\u00e5 sm\u00e5ningom ta fram ett inplanterbart batterisystem \u2013 n\u00e5got som andra (enklare) modeller av artificiellt hj\u00e4rta helt saknar. Vi kommer baserat p\u00e5 erfarenheter vi f\u00e5tt vid detta prov ocks\u00e5 att inom n\u00e4rmaste m\u00e5naderna ta fram en ny, n\u00e5got mindre, motorversion avsedd f\u00f6r senare l\u00e5ngvariga prekliniska djurprov.<\/p>\n<p>Inom de n\u00e4rmaste m\u00e5naderna kommer vi att genomf\u00f6ra ytterligare djurprov med den nya och mindre versionen. Dessa kommer att vara f\u00f6rberedelse f\u00f6r prekliniska l\u00e5ngtidsprov som vi avser genomf\u00f6ra under andra halvan av 2016. Som vi tidigare sagt arbetar vi mot m\u00e5let att genomf\u00f6ra kliniska prov p\u00e5 m\u00e4nniska n\u00e5gon g\u00e5ng under senare h\u00e4lften av 2017.<\/p>\n<p>G\u00f6ran Hellers, styrelseordf\u00f6rande<\/p>\n<\/div>\n<\/div>\n","protected":false},"excerpt":{"rendered":"<p>Rapport prekliniska prov 15 10 05 Publicerat 2015-10-05 Prov av hj\u00e4rtpump modell 8 I mitten av september genomf\u00f6rde vi under tv\u00e5 dagar prekliniska djurprov med hj\u00e4rtpump modell 8. Vi har under det senaste halv\u00e5ret arbetat med att f\u00f6rb\u00e4ttra pumpens fysiologiska funktion och med att optimera drivsystemet (med en ny motor). S\u00e5v\u00e4l pump som drivsystem har&#8230;<\/p>\n","protected":false},"author":1,"featured_media":0,"parent":17,"menu_order":200,"comment_status":"closed","ping_status":"closed","template":"","meta":{"_acf_changed":false,"_monsterinsights_skip_tracking":false,"_monsterinsights_sitenote_active":false,"_monsterinsights_sitenote_note":"","_monsterinsights_sitenote_category":0,"footnotes":""},"class_list":["post-56","page","type-page","status-publish","hentry"],"acf":[],"aioseo_notices":[],"yoast_head":"<!-- This site is optimized with the Yoast SEO plugin v27.5 - https:\/\/yoast.com\/product\/yoast-seo-wordpress\/ -->\n<title>Rapporter - Realheart<\/title>\n<meta name=\"robots\" content=\"index, follow, max-snippet:-1, max-image-preview:large, max-video-preview:-1\" \/>\n<link rel=\"canonical\" href=\"https:\/\/realheart.se\/sv\/artificiella-hjartat-realheart-tah\/forskning-och-utveckling\/rapporter\/\" \/>\n<meta property=\"og:locale\" content=\"sv_SE\" \/>\n<meta property=\"og:type\" content=\"article\" \/>\n<meta property=\"og:title\" content=\"Rapporter - Realheart\" \/>\n<meta property=\"og:description\" content=\"Rapport prekliniska prov 15 10 05 Publicerat 2015-10-05 Prov av hj\u00e4rtpump modell 8 I mitten av september genomf\u00f6rde vi under tv\u00e5 dagar prekliniska djurprov med hj\u00e4rtpump modell 8. Vi har under det senaste halv\u00e5ret arbetat med att f\u00f6rb\u00e4ttra pumpens fysiologiska funktion och med att optimera drivsystemet (med en ny motor). S\u00e5v\u00e4l pump som drivsystem har...\" \/>\n<meta property=\"og:url\" content=\"https:\/\/realheart.se\/sv\/artificiella-hjartat-realheart-tah\/forskning-och-utveckling\/rapporter\/\" \/>\n<meta property=\"og:site_name\" content=\"Realheart\" \/>\n<meta name=\"twitter:card\" content=\"summary_large_image\" \/>\n<meta name=\"twitter:label1\" content=\"Ber\u00e4knad l\u00e4stid\" \/>\n\t<meta name=\"twitter:data1\" content=\"8 minuter\" \/>\n<script type=\"application\/ld+json\" class=\"yoast-schema-graph\">{\"@context\":\"https:\\\/\\\/schema.org\",\"@graph\":[{\"@type\":\"WebPage\",\"@id\":\"https:\\\/\\\/realheart.se\\\/sv\\\/artificiella-hjartat-realheart-tah\\\/forskning-och-utveckling\\\/rapporter\\\/\",\"url\":\"https:\\\/\\\/realheart.se\\\/sv\\\/artificiella-hjartat-realheart-tah\\\/forskning-och-utveckling\\\/rapporter\\\/\",\"name\":\"Rapporter - Realheart\",\"isPartOf\":{\"@id\":\"https:\\\/\\\/realheart.se\\\/#website\"},\"datePublished\":\"2016-10-26T14:15:21+00:00\",\"breadcrumb\":{\"@id\":\"https:\\\/\\\/realheart.se\\\/sv\\\/artificiella-hjartat-realheart-tah\\\/forskning-och-utveckling\\\/rapporter\\\/#breadcrumb\"},\"inLanguage\":\"sv-SE\",\"potentialAction\":[{\"@type\":\"ReadAction\",\"target\":[\"https:\\\/\\\/realheart.se\\\/sv\\\/artificiella-hjartat-realheart-tah\\\/forskning-och-utveckling\\\/rapporter\\\/\"]}]},{\"@type\":\"BreadcrumbList\",\"@id\":\"https:\\\/\\\/realheart.se\\\/sv\\\/artificiella-hjartat-realheart-tah\\\/forskning-och-utveckling\\\/rapporter\\\/#breadcrumb\",\"itemListElement\":[{\"@type\":\"ListItem\",\"position\":1,\"name\":\"Artificiella hj\u00e4rtat\",\"item\":\"https:\\\/\\\/realheart.se\\\/sv\\\/artificiella-hjartat-realheart-tah\\\/\"},{\"@type\":\"ListItem\",\"position\":2,\"name\":\"Forskning och Utveckling\",\"item\":\"https:\\\/\\\/realheart.se\\\/sv\\\/?page_id=17\"},{\"@type\":\"ListItem\",\"position\":3,\"name\":\"Rapporter\"}]},{\"@type\":\"WebSite\",\"@id\":\"https:\\\/\\\/realheart.se\\\/#website\",\"url\":\"https:\\\/\\\/realheart.se\\\/\",\"name\":\"Realheart\",\"description\":\"\u00c4r ett medicintekniskt f\u00f6retag som utvecklar ett artificiellt hj\u00e4rta som ska r\u00e4dda liv p\u00e5 sv\u00e5rt hj\u00e4rtsjuka personer som st\u00e5r i transplantationsk\u00f6.\",\"potentialAction\":[{\"@type\":\"SearchAction\",\"target\":{\"@type\":\"EntryPoint\",\"urlTemplate\":\"https:\\\/\\\/realheart.se\\\/?s={search_term_string}\"},\"query-input\":{\"@type\":\"PropertyValueSpecification\",\"valueRequired\":true,\"valueName\":\"search_term_string\"}}],\"inLanguage\":\"sv-SE\"}]}<\/script>\n<!-- \/ Yoast SEO plugin. -->","yoast_head_json":{"title":"Rapporter - Realheart","robots":{"index":"index","follow":"follow","max-snippet":"max-snippet:-1","max-image-preview":"max-image-preview:large","max-video-preview":"max-video-preview:-1"},"canonical":"https:\/\/realheart.se\/sv\/artificiella-hjartat-realheart-tah\/forskning-och-utveckling\/rapporter\/","og_locale":"sv_SE","og_type":"article","og_title":"Rapporter - Realheart","og_description":"Rapport prekliniska prov 15 10 05 Publicerat 2015-10-05 Prov av hj\u00e4rtpump modell 8 I mitten av september genomf\u00f6rde vi under tv\u00e5 dagar prekliniska djurprov med hj\u00e4rtpump modell 8. Vi har under det senaste halv\u00e5ret arbetat med att f\u00f6rb\u00e4ttra pumpens fysiologiska funktion och med att optimera drivsystemet (med en ny motor). S\u00e5v\u00e4l pump som drivsystem har...","og_url":"https:\/\/realheart.se\/sv\/artificiella-hjartat-realheart-tah\/forskning-och-utveckling\/rapporter\/","og_site_name":"Realheart","twitter_card":"summary_large_image","twitter_misc":{"Ber\u00e4knad l\u00e4stid":"8 minuter"},"schema":{"@context":"https:\/\/schema.org","@graph":[{"@type":"WebPage","@id":"https:\/\/realheart.se\/sv\/artificiella-hjartat-realheart-tah\/forskning-och-utveckling\/rapporter\/","url":"https:\/\/realheart.se\/sv\/artificiella-hjartat-realheart-tah\/forskning-och-utveckling\/rapporter\/","name":"Rapporter - Realheart","isPartOf":{"@id":"https:\/\/realheart.se\/#website"},"datePublished":"2016-10-26T14:15:21+00:00","breadcrumb":{"@id":"https:\/\/realheart.se\/sv\/artificiella-hjartat-realheart-tah\/forskning-och-utveckling\/rapporter\/#breadcrumb"},"inLanguage":"sv-SE","potentialAction":[{"@type":"ReadAction","target":["https:\/\/realheart.se\/sv\/artificiella-hjartat-realheart-tah\/forskning-och-utveckling\/rapporter\/"]}]},{"@type":"BreadcrumbList","@id":"https:\/\/realheart.se\/sv\/artificiella-hjartat-realheart-tah\/forskning-och-utveckling\/rapporter\/#breadcrumb","itemListElement":[{"@type":"ListItem","position":1,"name":"Artificiella hj\u00e4rtat","item":"https:\/\/realheart.se\/sv\/artificiella-hjartat-realheart-tah\/"},{"@type":"ListItem","position":2,"name":"Forskning och Utveckling","item":"https:\/\/realheart.se\/sv\/?page_id=17"},{"@type":"ListItem","position":3,"name":"Rapporter"}]},{"@type":"WebSite","@id":"https:\/\/realheart.se\/#website","url":"https:\/\/realheart.se\/","name":"Realheart","description":"\u00c4r ett medicintekniskt f\u00f6retag som utvecklar ett artificiellt hj\u00e4rta som ska r\u00e4dda liv p\u00e5 sv\u00e5rt hj\u00e4rtsjuka personer som st\u00e5r i transplantationsk\u00f6.","potentialAction":[{"@type":"SearchAction","target":{"@type":"EntryPoint","urlTemplate":"https:\/\/realheart.se\/?s={search_term_string}"},"query-input":{"@type":"PropertyValueSpecification","valueRequired":true,"valueName":"search_term_string"}}],"inLanguage":"sv-SE"}]}},"_links":{"self":[{"href":"https:\/\/realheart.se\/sv\/wp-json\/wp\/v2\/pages\/56","targetHints":{"allow":["GET"]}}],"collection":[{"href":"https:\/\/realheart.se\/sv\/wp-json\/wp\/v2\/pages"}],"about":[{"href":"https:\/\/realheart.se\/sv\/wp-json\/wp\/v2\/types\/page"}],"author":[{"embeddable":true,"href":"https:\/\/realheart.se\/sv\/wp-json\/wp\/v2\/users\/1"}],"replies":[{"embeddable":true,"href":"https:\/\/realheart.se\/sv\/wp-json\/wp\/v2\/comments?post=56"}],"version-history":[{"count":0,"href":"https:\/\/realheart.se\/sv\/wp-json\/wp\/v2\/pages\/56\/revisions"}],"up":[{"embeddable":true,"href":"https:\/\/realheart.se\/sv\/wp-json\/wp\/v2\/pages\/17"}],"wp:attachment":[{"href":"https:\/\/realheart.se\/sv\/wp-json\/wp\/v2\/media?parent=56"}],"curies":[{"name":"wp","href":"https:\/\/api.w.org\/{rel}","templated":true}]}}