




{"id":5774,"date":"2023-06-19T06:33:25","date_gmt":"2023-06-19T06:33:25","guid":{"rendered":"https:\/\/realheart.se\/?page_id=5774"},"modified":"2023-07-05T06:16:58","modified_gmt":"2023-07-05T06:16:58","slug":"units2023","status":"publish","type":"page","link":"https:\/\/realheart.se\/sv\/units2023\/","title":{"rendered":"V\u00e4lkommen att teckna units i Scandinavian Real Heart AB"},"content":{"rendered":"\n<h2 class=\"wp-block-heading\">Bakgrund och villkor <\/h2>\n\n\n\n<p><strong>Realheart forts\u00e4tter att arbeta mot ett godk\u00e4nnande av Bolagets artificiella hj\u00e4rta f\u00f6r att kunna hj\u00e4lpa hj\u00e4rtsviktspatienter v\u00e4rlden \u00f6ver.<\/strong><\/p>\n\n\n\n<p><strong>Styrelsen f\u00f6r Realheart har beslutat att genomf\u00f6ra en f\u00f6retr\u00e4desemission om ca 56 miljoner kronor. Denna emissionslikvid, tillsammans med investering fr\u00e5n EIC, f\u00f6rv\u00e4ntas finansiera slutf\u00f6randet av de prekliniska studierna.<\/strong> <strong>N\u00e4sta kapitel blir kliniska studier p\u00e5 patienter. St\u00f6d fr\u00e5n nuvarande och framtida aktie\u00e4gare \u00e4r av avg\u00f6rande betydelse f\u00f6r fortsatt framg\u00e5ngsrik v\u00e4g.<\/strong><\/p>\n\n\n\n<p><strong>Emissionsbelopp: <\/strong>ca 56 MSEK&nbsp;<\/p>\n\n\n\n<p><strong>Villkor: <\/strong>F\u00f6r varje en (1) aktie p\u00e5 avst\u00e4mningsdagen den 16 juni 2023 innehavd aktie erh\u00f6lls en (1) unitr\u00e4tt. En (1) unitr\u00e4tt ger r\u00e4tten att teckna en (1) unit.&nbsp;<\/p>\n\n\n\n<p><strong>Unit: <\/strong>En (1) unit best\u00e5r av tv\u00e5 (2) ny-emitterade aktier och en (1) tecknings-option av serie TO2.&nbsp;<\/p>\n\n\n\n<p><strong>Teckningskurs: <\/strong>Teckningskursen \u00e4r 1,60 SEK per unit, motsvarande 0,80 SEK per aktie. Teckningsoptionerna emitteras vederlagsfritt.&nbsp;<\/p>\n\n\n\n<p><strong>Teckningsperiod: <\/strong>20 juni \u20137 juli 2023&nbsp;<\/p>\n\n\n\n<p><strong>Handel med unitr\u00e4tter: <\/strong>20 juni \u20134 juli 2023&nbsp;<\/p>\n\n\n\n<p><strong>Teckningsoptioner: <\/strong>Tv\u00e5 (2) tecknings-optioner av serie TO2 ger r\u00e4tt att teckna en (1) ny aktie i Bolaget till 70 procent av den volymv\u00e4gda genomsnitt-kursen f\u00f6r Bolagets aktie tio (10) dagar innan teckningsperioden, dock h\u00f6gst 2 SEK. Teckningsperioden f\u00f6r-optionerna l\u00f6per under perioden fr\u00e5n och med den 2 januari 2025 till och med den 31 januari 2025.&nbsp;<\/p>\n\n\n\n<p><strong>Garanti och teckningsf\u00f6rbindelser: <\/strong>F\u00f6retr\u00e4desemissionen \u00e4r garanterad till cirka 60,6 procent genom tecknings-f\u00f6rbindelser (ca 9,5 procent) och garanti\u00e5taganden (ca 51,2 procent). Garanti\u00e5tagandena och tecknings-f\u00f6rbindelserna \u00e4r inte s\u00e4kerst\u00e4llda genom bankgaranti, sp\u00e4rrmedel, pants\u00e4ttning eller liknande arrangemang.&nbsp;<\/p>\n\n\n\n<p>\u2022 <a href=\"https:\/\/realheart.se\/sv\/nyemissionaugusti2021\/\">L\u00e4nk till prospektet<\/a><br>\u2022 <a href=\"https:\/\/realheart.se\/sv\/nyemissionaugusti2021\/\">L\u00e4nk till anm\u00e4lningssedel<\/a><br>\u2022 <a href=\"https:\/\/realheart.se\/sv\/nyhetermedia\/pressmeddelanden\/?singleid=EA2D1DE8445009C0\">L\u00e4nk till pressmeddelande om offentligg\u00f6randet av f\u00f6retr\u00e4desemissionen<\/a><\/p>\n\n\n\n<p>\u2022<a href=\"https:\/\/youtu.be\/ZUopHcfOUg4\"> Lyssna till vd Ina Laura Perkins som ger en uppdatering av resultat, utmaningar och m\u00f6jligheter<\/a><br>\u2022<a href=\"https:\/\/youtu.be\/ZUopHcfOUg4\"> <\/a><a href=\"https:\/\/youtu.be\/GmiIBBApKWo\">Den tyske professorn och hj\u00e4rtkirurgen Jan Schmitto f\u00f6rklarar vad hj\u00e4rtsvikt \u00e4r, hur marknaden ser ut och vad som \u00e4r unikt med Realhearts artificiella hj\u00e4rta.<\/a><\/p>\n\n\n\n<figure class=\"wp-block-table\"><table><tbody><tr><td>\u00c5rsst\u00e4mma<\/td><td>14 juni 2023<\/td><\/tr><tr><td>Sista dag f\u00f6r handel med Bolagets aktier inklusive r\u00e4tt att erh\u00e5lla unitr\u00e4tter<\/td><td>14 juni 2023<\/td><\/tr><tr><td>F\u00f6rsta dag f\u00f6r handel med Bolagets aktier exklusive r\u00e4tt att erh\u00e5lla unitr\u00e4tter<\/td><td>15 juni 2023<\/td><\/tr><tr><td>Avst\u00e4mningsdag f\u00f6r deltagande i F\u00f6retr\u00e4desemissionen<\/td><td>16 juni 2023<\/td><\/tr><tr><td>Ber\u00e4knat datum f\u00f6r offentligg\u00f6rande av EU-tillv\u00e4xtprospekt<\/td><td>19 juni 2023<\/td><\/tr><tr><td>Teckningsperiod i F\u00f6retr\u00e4desemissionen<\/td><td>20 juni \u20137 juli 2023<\/td><\/tr><tr><td>Handel med unitr\u00e4tter (UR)<\/td><td>20 juni \u20134 juli 2023<\/td><\/tr><tr><td>Handel med betalda tecknade units (BTU)<\/td><td>20 juni \u2013 omkring vecka 30 2023<\/td><\/tr><tr><td>Prelimin\u00e4rt datum f\u00f6r offentligg\u00f6rande av utfall i F\u00f6retr\u00e4desemissionen<\/td><td>Omkring 12 juli 2023<\/td><\/tr><\/tbody><\/table><\/figure>\n","protected":false},"excerpt":{"rendered":"<p>Bakgrund och villkor Realheart forts\u00e4tter att arbeta mot ett godk\u00e4nnande av Bolagets artificiella hj\u00e4rta f\u00f6r att kunna hj\u00e4lpa hj\u00e4rtsviktspatienter v\u00e4rlden \u00f6ver. Styrelsen f\u00f6r Realheart har beslutat att genomf\u00f6ra en f\u00f6retr\u00e4desemission om ca 56 miljoner kronor. Denna emissionslikvid, tillsammans med investering fr\u00e5n EIC, f\u00f6rv\u00e4ntas finansiera slutf\u00f6randet av de prekliniska studierna. N\u00e4sta kapitel blir kliniska studier p\u00e5&#8230;<\/p>\n","protected":false},"author":8,"featured_media":0,"parent":0,"menu_order":0,"comment_status":"closed","ping_status":"closed","template":"page-templates\/page-t01.php","meta":{"_acf_changed":false,"_monsterinsights_skip_tracking":false,"_monsterinsights_sitenote_active":false,"_monsterinsights_sitenote_note":"","_monsterinsights_sitenote_category":0,"footnotes":""},"class_list":["post-5774","page","type-page","status-publish","hentry"],"acf":[],"aioseo_notices":[],"yoast_head":"<!-- This site is optimized with the Yoast SEO plugin v27.5 - https:\/\/yoast.com\/product\/yoast-seo-wordpress\/ -->\n<title>V\u00e4lkommen att teckna units i Scandinavian Real Heart AB - Realheart<\/title>\n<meta name=\"robots\" content=\"index, follow, max-snippet:-1, max-image-preview:large, max-video-preview:-1\" \/>\n<link rel=\"canonical\" href=\"https:\/\/realheart.se\/sv\/units2023\/\" \/>\n<meta property=\"og:locale\" content=\"sv_SE\" \/>\n<meta property=\"og:type\" content=\"article\" \/>\n<meta property=\"og:title\" content=\"V\u00e4lkommen att teckna units i Scandinavian Real Heart AB - Realheart\" \/>\n<meta property=\"og:description\" content=\"Bakgrund och villkor Realheart forts\u00e4tter att arbeta mot ett godk\u00e4nnande av Bolagets artificiella hj\u00e4rta f\u00f6r att kunna hj\u00e4lpa hj\u00e4rtsviktspatienter v\u00e4rlden \u00f6ver. Styrelsen f\u00f6r Realheart har beslutat att genomf\u00f6ra en f\u00f6retr\u00e4desemission om ca 56 miljoner kronor. Denna emissionslikvid, tillsammans med investering fr\u00e5n EIC, f\u00f6rv\u00e4ntas finansiera slutf\u00f6randet av de prekliniska studierna. N\u00e4sta kapitel blir kliniska studier p\u00e5...\" \/>\n<meta property=\"og:url\" content=\"https:\/\/realheart.se\/sv\/units2023\/\" \/>\n<meta property=\"og:site_name\" content=\"Realheart\" \/>\n<meta property=\"article:modified_time\" content=\"2023-07-05T06:16:58+00:00\" \/>\n<meta name=\"twitter:card\" content=\"summary_large_image\" \/>\n<meta name=\"twitter:label1\" content=\"Ber\u00e4knad l\u00e4stid\" \/>\n\t<meta name=\"twitter:data1\" content=\"2 minuter\" \/>\n<script type=\"application\/ld+json\" class=\"yoast-schema-graph\">{\"@context\":\"https:\\\/\\\/schema.org\",\"@graph\":[{\"@type\":\"WebPage\",\"@id\":\"https:\\\/\\\/realheart.se\\\/sv\\\/units2023\\\/\",\"url\":\"https:\\\/\\\/realheart.se\\\/sv\\\/units2023\\\/\",\"name\":\"V\u00e4lkommen att teckna units i Scandinavian Real Heart AB - Realheart\",\"isPartOf\":{\"@id\":\"https:\\\/\\\/realheart.se\\\/#website\"},\"datePublished\":\"2023-06-19T06:33:25+00:00\",\"dateModified\":\"2023-07-05T06:16:58+00:00\",\"inLanguage\":\"sv-SE\",\"potentialAction\":[{\"@type\":\"ReadAction\",\"target\":[\"https:\\\/\\\/realheart.se\\\/sv\\\/units2023\\\/\"]}]},{\"@type\":\"WebSite\",\"@id\":\"https:\\\/\\\/realheart.se\\\/#website\",\"url\":\"https:\\\/\\\/realheart.se\\\/\",\"name\":\"Realheart\",\"description\":\"\u00c4r ett medicintekniskt f\u00f6retag som utvecklar ett artificiellt hj\u00e4rta som ska r\u00e4dda liv p\u00e5 sv\u00e5rt hj\u00e4rtsjuka personer som st\u00e5r i transplantationsk\u00f6.\",\"potentialAction\":[{\"@type\":\"SearchAction\",\"target\":{\"@type\":\"EntryPoint\",\"urlTemplate\":\"https:\\\/\\\/realheart.se\\\/?s={search_term_string}\"},\"query-input\":{\"@type\":\"PropertyValueSpecification\",\"valueRequired\":true,\"valueName\":\"search_term_string\"}}],\"inLanguage\":\"sv-SE\"}]}<\/script>\n<!-- \/ Yoast SEO plugin. -->","yoast_head_json":{"title":"V\u00e4lkommen att teckna units i Scandinavian Real Heart AB - Realheart","robots":{"index":"index","follow":"follow","max-snippet":"max-snippet:-1","max-image-preview":"max-image-preview:large","max-video-preview":"max-video-preview:-1"},"canonical":"https:\/\/realheart.se\/sv\/units2023\/","og_locale":"sv_SE","og_type":"article","og_title":"V\u00e4lkommen att teckna units i Scandinavian Real Heart AB - Realheart","og_description":"Bakgrund och villkor Realheart forts\u00e4tter att arbeta mot ett godk\u00e4nnande av Bolagets artificiella hj\u00e4rta f\u00f6r att kunna hj\u00e4lpa hj\u00e4rtsviktspatienter v\u00e4rlden \u00f6ver. Styrelsen f\u00f6r Realheart har beslutat att genomf\u00f6ra en f\u00f6retr\u00e4desemission om ca 56 miljoner kronor. Denna emissionslikvid, tillsammans med investering fr\u00e5n EIC, f\u00f6rv\u00e4ntas finansiera slutf\u00f6randet av de prekliniska studierna. N\u00e4sta kapitel blir kliniska studier p\u00e5...","og_url":"https:\/\/realheart.se\/sv\/units2023\/","og_site_name":"Realheart","article_modified_time":"2023-07-05T06:16:58+00:00","twitter_card":"summary_large_image","twitter_misc":{"Ber\u00e4knad l\u00e4stid":"2 minuter"},"schema":{"@context":"https:\/\/schema.org","@graph":[{"@type":"WebPage","@id":"https:\/\/realheart.se\/sv\/units2023\/","url":"https:\/\/realheart.se\/sv\/units2023\/","name":"V\u00e4lkommen att teckna units i Scandinavian Real Heart AB - Realheart","isPartOf":{"@id":"https:\/\/realheart.se\/#website"},"datePublished":"2023-06-19T06:33:25+00:00","dateModified":"2023-07-05T06:16:58+00:00","inLanguage":"sv-SE","potentialAction":[{"@type":"ReadAction","target":["https:\/\/realheart.se\/sv\/units2023\/"]}]},{"@type":"WebSite","@id":"https:\/\/realheart.se\/#website","url":"https:\/\/realheart.se\/","name":"Realheart","description":"\u00c4r ett medicintekniskt f\u00f6retag som utvecklar ett artificiellt hj\u00e4rta som ska r\u00e4dda liv p\u00e5 sv\u00e5rt hj\u00e4rtsjuka personer som st\u00e5r i transplantationsk\u00f6.","potentialAction":[{"@type":"SearchAction","target":{"@type":"EntryPoint","urlTemplate":"https:\/\/realheart.se\/?s={search_term_string}"},"query-input":{"@type":"PropertyValueSpecification","valueRequired":true,"valueName":"search_term_string"}}],"inLanguage":"sv-SE"}]}},"_links":{"self":[{"href":"https:\/\/realheart.se\/sv\/wp-json\/wp\/v2\/pages\/5774","targetHints":{"allow":["GET"]}}],"collection":[{"href":"https:\/\/realheart.se\/sv\/wp-json\/wp\/v2\/pages"}],"about":[{"href":"https:\/\/realheart.se\/sv\/wp-json\/wp\/v2\/types\/page"}],"author":[{"embeddable":true,"href":"https:\/\/realheart.se\/sv\/wp-json\/wp\/v2\/users\/8"}],"replies":[{"embeddable":true,"href":"https:\/\/realheart.se\/sv\/wp-json\/wp\/v2\/comments?post=5774"}],"version-history":[{"count":30,"href":"https:\/\/realheart.se\/sv\/wp-json\/wp\/v2\/pages\/5774\/revisions"}],"predecessor-version":[{"id":5864,"href":"https:\/\/realheart.se\/sv\/wp-json\/wp\/v2\/pages\/5774\/revisions\/5864"}],"wp:attachment":[{"href":"https:\/\/realheart.se\/sv\/wp-json\/wp\/v2\/media?parent=5774"}],"curies":[{"name":"wp","href":"https:\/\/api.w.org\/{rel}","templated":true}]}}