




{"id":6500,"date":"2024-01-22T11:35:11","date_gmt":"2024-01-22T11:35:11","guid":{"rendered":"https:\/\/realheart.se\/?page_id=6500"},"modified":"2024-01-22T11:35:13","modified_gmt":"2024-01-22T11:35:13","slug":"styrelsens-arbete","status":"publish","type":"page","link":"https:\/\/realheart.se\/sv\/styrelsens-arbete\/","title":{"rendered":"Styrelsens arbete"},"content":{"rendered":"\n<p>Styrelsen \u00e4r, efter bolagsst\u00e4mman, Bolagets h\u00f6gsta beslutsfattande organ. Styrelsens arbetsuppgifter anges i Aktiebolagslagen, Bolagets bolagsordning och Koden. Styrelsens arbete styrs \u00e4ven av en skriftlig arbetsordning som fastst\u00e4lls \u00e5rligen. Arbetsordningen reglerar bland annat arbetsf\u00f6rdelning och ansvarsf\u00f6rdelning mellan styrelsen, styrelseordf\u00f6randen och den verkst\u00e4llande direkt\u00f6ren. Styrelsen fastst\u00e4ller \u00e4ven instruktioner f\u00f6r styrelsens utskott\/kommitt\u00e9er, f\u00f6r den verkst\u00e4llande direkt\u00f6ren och f\u00f6r den finansiella rapporteringen.<\/p>\n\n\n\n<p>Styrelsen svarar f\u00f6r Bolagets organisation och f\u00f6rvaltningen av Bolagets angel\u00e4genheter, vilket bland annat innefattar ansvar f\u00f6r uppr\u00e4ttande av \u00f6vergripande, l\u00e5ngsiktiga strategier och m\u00e5l, budget och aff\u00e4rsplaner, fastst\u00e4llande av riktlinjer f\u00f6r att s\u00e4kerst\u00e4lla att Bolagets verksamhet \u00e4r l\u00e5ngsiktigt v\u00e4rdeskapande, granskning och godk\u00e4nnande av bokslut, beslutsfattande i fr\u00e5gor r\u00f6rande investeringar och f\u00f6rs\u00e4ljningar, kapitalstruktur och utdelningspolicy, utveckling och antagande av centrala policyer, tillseende av att kontrollsystem finns f\u00f6r uppf\u00f6ljning av att policyer och riktlinjer efterlevs, tillseende av att system finns f\u00f6r uppf\u00f6ljning och kontroll av Bolagets verksamhet och risker, betydande f\u00f6r\u00e4ndringar i Bolagets organisation och verksamhet, utseende av Bolagets verkst\u00e4llande direkt\u00f6r och fastst\u00e4llande av l\u00f6n och andra anst\u00e4llningsf\u00f6rm\u00e5ner f\u00f6r Bolagets verkst\u00e4llande direkt\u00f6r och andra ledande befattningshavare, i enlighet med av bolagsst\u00e4mman antagna riktlinjer f\u00f6r ers\u00e4ttning till ledande befattningshavare.<\/p>\n\n\n\n<p>Normalt sett utses styrelseledam\u00f6ter av \u00e5rsst\u00e4mman f\u00f6r tiden intill slutet av n\u00e4sta \u00e5rsst\u00e4mma. Enligt Koden ska styrelsens ordf\u00f6rande v\u00e4ljas av bolagsst\u00e4mman och ska se till att styrelsens arbete bedrivs effektivt och att styrelsen fullg\u00f6r sina \u00e5ligganden. Styrelsen tr\u00e4ffas enligt ett \u00e5rligt f\u00f6rutbest\u00e4mt schema. Ut\u00f6ver dessa m\u00f6ten kan det kallas till ytterligare styrelsem\u00f6ten f\u00f6r att hantera fr\u00e5gor som inte kan skjutas upp till n\u00e4sta ordinarie styrelsem\u00f6te. Ut\u00f6ver styrelsem\u00f6tena har styrelseordf\u00f6randen och den verkst\u00e4llande direkt\u00f6ren en fortl\u00f6pande dialog r\u00f6rande ledningen av Bolaget.<\/p>\n","protected":false},"excerpt":{"rendered":"<p>Styrelsen \u00e4r, efter bolagsst\u00e4mman, Bolagets h\u00f6gsta beslutsfattande organ. Styrelsens arbetsuppgifter anges i Aktiebolagslagen, Bolagets bolagsordning och Koden. Styrelsens arbete styrs \u00e4ven av en skriftlig arbetsordning som fastst\u00e4lls \u00e5rligen. Arbetsordningen reglerar bland annat arbetsf\u00f6rdelning och ansvarsf\u00f6rdelning mellan styrelsen, styrelseordf\u00f6randen och den verkst\u00e4llande direkt\u00f6ren. Styrelsen fastst\u00e4ller \u00e4ven instruktioner f\u00f6r styrelsens utskott\/kommitt\u00e9er, f\u00f6r den verkst\u00e4llande direkt\u00f6ren och f\u00f6r&#8230;<\/p>\n","protected":false},"author":8,"featured_media":0,"parent":0,"menu_order":0,"comment_status":"closed","ping_status":"closed","template":"","meta":{"_acf_changed":false,"_monsterinsights_skip_tracking":false,"_monsterinsights_sitenote_active":false,"_monsterinsights_sitenote_note":"","_monsterinsights_sitenote_category":0,"footnotes":""},"class_list":["post-6500","page","type-page","status-publish","hentry"],"acf":[],"aioseo_notices":[],"yoast_head":"<!-- This site is optimized with the Yoast SEO plugin v27.3 - https:\/\/yoast.com\/product\/yoast-seo-wordpress\/ -->\n<title>Styrelsens arbete - Realheart<\/title>\n<meta name=\"robots\" content=\"index, follow, max-snippet:-1, max-image-preview:large, max-video-preview:-1\" \/>\n<link rel=\"canonical\" href=\"https:\/\/realheart.se\/sv\/styrelsens-arbete\/\" \/>\n<meta property=\"og:locale\" content=\"sv_SE\" \/>\n<meta property=\"og:type\" content=\"article\" \/>\n<meta property=\"og:title\" content=\"Styrelsens arbete - Realheart\" \/>\n<meta property=\"og:description\" content=\"Styrelsen \u00e4r, efter bolagsst\u00e4mman, Bolagets h\u00f6gsta beslutsfattande organ. Styrelsens arbetsuppgifter anges i Aktiebolagslagen, Bolagets bolagsordning och Koden. Styrelsens arbete styrs \u00e4ven av en skriftlig arbetsordning som fastst\u00e4lls \u00e5rligen. Arbetsordningen reglerar bland annat arbetsf\u00f6rdelning och ansvarsf\u00f6rdelning mellan styrelsen, styrelseordf\u00f6randen och den verkst\u00e4llande direkt\u00f6ren. Styrelsen fastst\u00e4ller \u00e4ven instruktioner f\u00f6r styrelsens utskott\/kommitt\u00e9er, f\u00f6r den verkst\u00e4llande direkt\u00f6ren och f\u00f6r...\" \/>\n<meta property=\"og:url\" content=\"https:\/\/realheart.se\/sv\/styrelsens-arbete\/\" \/>\n<meta property=\"og:site_name\" content=\"Realheart\" \/>\n<meta property=\"article:modified_time\" content=\"2024-01-22T11:35:13+00:00\" \/>\n<meta name=\"twitter:card\" content=\"summary_large_image\" \/>\n<meta name=\"twitter:label1\" content=\"Ber\u00e4knad l\u00e4stid\" \/>\n\t<meta name=\"twitter:data1\" content=\"2 minuter\" \/>\n<script type=\"application\/ld+json\" class=\"yoast-schema-graph\">{\"@context\":\"https:\\\/\\\/schema.org\",\"@graph\":[{\"@type\":\"WebPage\",\"@id\":\"https:\\\/\\\/realheart.se\\\/sv\\\/styrelsens-arbete\\\/\",\"url\":\"https:\\\/\\\/realheart.se\\\/sv\\\/styrelsens-arbete\\\/\",\"name\":\"Styrelsens arbete - Realheart\",\"isPartOf\":{\"@id\":\"https:\\\/\\\/realheart.se\\\/#website\"},\"datePublished\":\"2024-01-22T11:35:11+00:00\",\"dateModified\":\"2024-01-22T11:35:13+00:00\",\"inLanguage\":\"sv-SE\",\"potentialAction\":[{\"@type\":\"ReadAction\",\"target\":[\"https:\\\/\\\/realheart.se\\\/sv\\\/styrelsens-arbete\\\/\"]}]},{\"@type\":\"WebSite\",\"@id\":\"https:\\\/\\\/realheart.se\\\/#website\",\"url\":\"https:\\\/\\\/realheart.se\\\/\",\"name\":\"Realheart\",\"description\":\"\u00c4r ett medicintekniskt f\u00f6retag som utvecklar ett artificiellt hj\u00e4rta som ska r\u00e4dda liv p\u00e5 sv\u00e5rt hj\u00e4rtsjuka personer som st\u00e5r i transplantationsk\u00f6.\",\"potentialAction\":[{\"@type\":\"SearchAction\",\"target\":{\"@type\":\"EntryPoint\",\"urlTemplate\":\"https:\\\/\\\/realheart.se\\\/?s={search_term_string}\"},\"query-input\":{\"@type\":\"PropertyValueSpecification\",\"valueRequired\":true,\"valueName\":\"search_term_string\"}}],\"inLanguage\":\"sv-SE\"}]}<\/script>\n<!-- \/ Yoast SEO plugin. -->","yoast_head_json":{"title":"Styrelsens arbete - Realheart","robots":{"index":"index","follow":"follow","max-snippet":"max-snippet:-1","max-image-preview":"max-image-preview:large","max-video-preview":"max-video-preview:-1"},"canonical":"https:\/\/realheart.se\/sv\/styrelsens-arbete\/","og_locale":"sv_SE","og_type":"article","og_title":"Styrelsens arbete - Realheart","og_description":"Styrelsen \u00e4r, efter bolagsst\u00e4mman, Bolagets h\u00f6gsta beslutsfattande organ. Styrelsens arbetsuppgifter anges i Aktiebolagslagen, Bolagets bolagsordning och Koden. Styrelsens arbete styrs \u00e4ven av en skriftlig arbetsordning som fastst\u00e4lls \u00e5rligen. Arbetsordningen reglerar bland annat arbetsf\u00f6rdelning och ansvarsf\u00f6rdelning mellan styrelsen, styrelseordf\u00f6randen och den verkst\u00e4llande direkt\u00f6ren. Styrelsen fastst\u00e4ller \u00e4ven instruktioner f\u00f6r styrelsens utskott\/kommitt\u00e9er, f\u00f6r den verkst\u00e4llande direkt\u00f6ren och f\u00f6r...","og_url":"https:\/\/realheart.se\/sv\/styrelsens-arbete\/","og_site_name":"Realheart","article_modified_time":"2024-01-22T11:35:13+00:00","twitter_card":"summary_large_image","twitter_misc":{"Ber\u00e4knad l\u00e4stid":"2 minuter"},"schema":{"@context":"https:\/\/schema.org","@graph":[{"@type":"WebPage","@id":"https:\/\/realheart.se\/sv\/styrelsens-arbete\/","url":"https:\/\/realheart.se\/sv\/styrelsens-arbete\/","name":"Styrelsens arbete - Realheart","isPartOf":{"@id":"https:\/\/realheart.se\/#website"},"datePublished":"2024-01-22T11:35:11+00:00","dateModified":"2024-01-22T11:35:13+00:00","inLanguage":"sv-SE","potentialAction":[{"@type":"ReadAction","target":["https:\/\/realheart.se\/sv\/styrelsens-arbete\/"]}]},{"@type":"WebSite","@id":"https:\/\/realheart.se\/#website","url":"https:\/\/realheart.se\/","name":"Realheart","description":"\u00c4r ett medicintekniskt f\u00f6retag som utvecklar ett artificiellt hj\u00e4rta som ska r\u00e4dda liv p\u00e5 sv\u00e5rt hj\u00e4rtsjuka personer som st\u00e5r i transplantationsk\u00f6.","potentialAction":[{"@type":"SearchAction","target":{"@type":"EntryPoint","urlTemplate":"https:\/\/realheart.se\/?s={search_term_string}"},"query-input":{"@type":"PropertyValueSpecification","valueRequired":true,"valueName":"search_term_string"}}],"inLanguage":"sv-SE"}]}},"_links":{"self":[{"href":"https:\/\/realheart.se\/sv\/wp-json\/wp\/v2\/pages\/6500","targetHints":{"allow":["GET"]}}],"collection":[{"href":"https:\/\/realheart.se\/sv\/wp-json\/wp\/v2\/pages"}],"about":[{"href":"https:\/\/realheart.se\/sv\/wp-json\/wp\/v2\/types\/page"}],"author":[{"embeddable":true,"href":"https:\/\/realheart.se\/sv\/wp-json\/wp\/v2\/users\/8"}],"replies":[{"embeddable":true,"href":"https:\/\/realheart.se\/sv\/wp-json\/wp\/v2\/comments?post=6500"}],"version-history":[{"count":1,"href":"https:\/\/realheart.se\/sv\/wp-json\/wp\/v2\/pages\/6500\/revisions"}],"predecessor-version":[{"id":6501,"href":"https:\/\/realheart.se\/sv\/wp-json\/wp\/v2\/pages\/6500\/revisions\/6501"}],"wp:attachment":[{"href":"https:\/\/realheart.se\/sv\/wp-json\/wp\/v2\/media?parent=6500"}],"curies":[{"name":"wp","href":"https:\/\/api.w.org\/{rel}","templated":true}]}}