




{"id":6515,"date":"2024-02-09T07:37:45","date_gmt":"2024-02-09T07:37:45","guid":{"rendered":"https:\/\/realheart.se\/?page_id=6515"},"modified":"2024-03-15T14:11:58","modified_gmt":"2024-03-15T14:11:58","slug":"hjalp-oss-att-vinna","status":"publish","type":"page","link":"https:\/\/realheart.se\/sv\/hjalp-oss-att-vinna\/","title":{"rendered":"\u00c5rets Innovat\u00f6r 2023"},"content":{"rendered":"\n<figure class=\"wp-block-image size-large is-resized\"><img loading=\"lazy\" decoding=\"async\" width=\"1024\" height=\"1024\" src=\"https:\/\/realheart.se\/wp-content\/uploads\/2024\/03\/2024-vinnare-rets-innovatr-2023-2-fotograf-henrik-mill-1024x1024.jpg\" alt=\"\" class=\"wp-image-6718\" style=\"width:667px;height:auto\" srcset=\"https:\/\/realheart.se\/wp-content\/uploads\/2024\/03\/2024-vinnare-rets-innovatr-2023-2-fotograf-henrik-mill-1024x1024.jpg 1024w, https:\/\/realheart.se\/wp-content\/uploads\/2024\/03\/2024-vinnare-rets-innovatr-2023-2-fotograf-henrik-mill-300x300.jpg 300w, https:\/\/realheart.se\/wp-content\/uploads\/2024\/03\/2024-vinnare-rets-innovatr-2023-2-fotograf-henrik-mill-150x150.jpg 150w, https:\/\/realheart.se\/wp-content\/uploads\/2024\/03\/2024-vinnare-rets-innovatr-2023-2-fotograf-henrik-mill-768x768.jpg 768w, https:\/\/realheart.se\/wp-content\/uploads\/2024\/03\/2024-vinnare-rets-innovatr-2023-2-fotograf-henrik-mill-526x526.jpg 526w, https:\/\/realheart.se\/wp-content\/uploads\/2024\/03\/2024-vinnare-rets-innovatr-2023-2-fotograf-henrik-mill-720x720.jpg 720w, https:\/\/realheart.se\/wp-content\/uploads\/2024\/03\/2024-vinnare-rets-innovatr-2023-2-fotograf-henrik-mill-960x960.jpg 960w, https:\/\/realheart.se\/wp-content\/uploads\/2024\/03\/2024-vinnare-rets-innovatr-2023-2-fotograf-henrik-mill-1140x1140.jpg 1140w, https:\/\/realheart.se\/wp-content\/uploads\/2024\/03\/2024-vinnare-rets-innovatr-2023-2-fotograf-henrik-mill.jpg 1200w\" sizes=\"auto, (max-width: 1024px) 100vw, 1024px\" \/><\/figure>\n\n\n\n<h2 class=\"wp-block-heading\">Hj\u00e4rtat sl\u00e5r f\u00f6r V\u00e4ster\u00e5s<\/h2>\n\n\n\n<p>\u00c5rets Innovat\u00f6r har med beslutsamhet och t\u00e5lamod tagit sig dit de st\u00e5r idag. Med en stark innovationskraft och ett m\u00e5lmedvetet team har de uppm\u00e4rksammats internationellt och hela v\u00e4rlden \u00e4r deras marknad. Man brukar tala om att skapa historia men h\u00e4r v\u00e4xer framtid. Med folkets r\u00f6st i ryggen h\u00e5ller de f\u00f6r trycket. Och lyssna noga s\u00e5 h\u00f6r ni, hj\u00e4rtat sl\u00e5r f\u00f6r V\u00e4ster\u00e5s. \ud83d\udc96<\/p>\n\n\n\n<hr class=\"wp-block-separator has-alpha-channel-opacity\"\/>\n\n\n\n<h2 class=\"wp-block-heading\">&#8221;Egna erfarenheter har drivit mig hit&#8221;<\/h2>\n\n\n\n<p>&#8221;Det vi g\u00f6r \u00e4r ett fantastiskt bidrag till utvecklingen inom medicinteknik och att f\u00f6rb\u00e4ttra m\u00e4nniskors liv. Jag tror att det \u00e4r m\u00e5nga som kan relatera till hj\u00e4rtsjukdomar p\u00e5 n\u00e5got s\u00e4tt, antingen f\u00f6r egen del eller f\u00f6r n\u00e5gon n\u00e4ra v\u00e4n eller anh\u00f6rig. Jag vet ocks\u00e5 av egen erfarenhet att man \u00e4r beredd att g\u00f6ra allt f\u00f6r att hitta behandlingsformer som fungerar och som r\u00e4ddar liv. Men det \u00e4r ocks\u00e5 viktigt att det liv man har kvar f\u00e5r en h\u00f6g livskvalitet. Det vill vi s\u00e4kerst\u00e4lla med v\u00e5rt hj\u00e4rta,&#8221; s\u00e4ger grundaren och innovat\u00f6ren Azad Najar.<\/p>\n\n\n\n<hr class=\"wp-block-separator has-alpha-channel-opacity\"\/>\n\n\n\n<h2 class=\"wp-block-heading\">GULDST\u00c4NK 20 \u00c5R<\/h2>\n\n\n\n<p>\u00c5rets innovat\u00f6r utses av Almi M\u00e4lardalen. Priset delas ut till en innovativ person, team eller f\u00f6retag som p\u00e5 ett f\u00f6red\u00f6mligt s\u00e4tt arbetat fram en tj\u00e4nst eller produkt som i n\u00e5got avseende \u00e4r helt ny f\u00f6r marknaden.<\/p>\n\n\n\n<p><strong><em>Arrang\u00f6rer \u00e4r Almi M\u00e4lardalen, F\u00f6retagarna V\u00e4ster\u00e5s, Handelskammaren M\u00e4lardalen, Marknadsf\u00f6reningen i V\u00e4ster\u00e5s och V\u00e4ster\u00e5s stad.<\/em><\/strong><\/p>\n","protected":false},"excerpt":{"rendered":"<p>Hj\u00e4rtat sl\u00e5r f\u00f6r V\u00e4ster\u00e5s \u00c5rets Innovat\u00f6r har med beslutsamhet och t\u00e5lamod tagit sig dit de st\u00e5r idag. Med en stark innovationskraft och ett m\u00e5lmedvetet team har de uppm\u00e4rksammats internationellt och hela v\u00e4rlden \u00e4r deras marknad. Man brukar tala om att skapa historia men h\u00e4r v\u00e4xer framtid. Med folkets r\u00f6st i ryggen h\u00e5ller de f\u00f6r trycket&#8230;.<\/p>\n","protected":false},"author":8,"featured_media":0,"parent":0,"menu_order":0,"comment_status":"closed","ping_status":"closed","template":"page-templates\/page-t01.php","meta":{"_acf_changed":false,"_monsterinsights_skip_tracking":false,"_monsterinsights_sitenote_active":false,"_monsterinsights_sitenote_note":"","_monsterinsights_sitenote_category":0,"footnotes":""},"class_list":["post-6515","page","type-page","status-publish","hentry"],"acf":[],"aioseo_notices":[],"yoast_head":"<!-- This site is optimized with the Yoast SEO plugin v27.3 - https:\/\/yoast.com\/product\/yoast-seo-wordpress\/ -->\n<title>\u00c5rets Innovat\u00f6r 2023 - Realheart<\/title>\n<meta name=\"robots\" content=\"index, follow, max-snippet:-1, max-image-preview:large, max-video-preview:-1\" \/>\n<link rel=\"canonical\" href=\"https:\/\/realheart.se\/sv\/hjalp-oss-att-vinna\/\" \/>\n<meta property=\"og:locale\" content=\"sv_SE\" \/>\n<meta property=\"og:type\" content=\"article\" \/>\n<meta property=\"og:title\" content=\"\u00c5rets Innovat\u00f6r 2023 - Realheart\" \/>\n<meta property=\"og:description\" content=\"Hj\u00e4rtat sl\u00e5r f\u00f6r V\u00e4ster\u00e5s \u00c5rets Innovat\u00f6r har med beslutsamhet och t\u00e5lamod tagit sig dit de st\u00e5r idag. Med en stark innovationskraft och ett m\u00e5lmedvetet team har de uppm\u00e4rksammats internationellt och hela v\u00e4rlden \u00e4r deras marknad. Man brukar tala om att skapa historia men h\u00e4r v\u00e4xer framtid. Med folkets r\u00f6st i ryggen h\u00e5ller de f\u00f6r trycket....\" \/>\n<meta property=\"og:url\" content=\"https:\/\/realheart.se\/sv\/hjalp-oss-att-vinna\/\" \/>\n<meta property=\"og:site_name\" content=\"Realheart\" \/>\n<meta property=\"article:modified_time\" content=\"2024-03-15T14:11:58+00:00\" \/>\n<meta property=\"og:image\" content=\"https:\/\/realheart.se\/wp-content\/uploads\/2024\/03\/2024-vinnare-rets-innovatr-2023-2-fotograf-henrik-mill-1024x1024.jpg\" \/>\n<meta name=\"twitter:card\" content=\"summary_large_image\" \/>\n<meta name=\"twitter:label1\" content=\"Ber\u00e4knad l\u00e4stid\" \/>\n\t<meta name=\"twitter:data1\" content=\"2 minuter\" \/>\n<script type=\"application\/ld+json\" class=\"yoast-schema-graph\">{\"@context\":\"https:\\\/\\\/schema.org\",\"@graph\":[{\"@type\":\"WebPage\",\"@id\":\"https:\\\/\\\/realheart.se\\\/sv\\\/hjalp-oss-att-vinna\\\/\",\"url\":\"https:\\\/\\\/realheart.se\\\/sv\\\/hjalp-oss-att-vinna\\\/\",\"name\":\"\u00c5rets Innovat\u00f6r 2023 - Realheart\",\"isPartOf\":{\"@id\":\"https:\\\/\\\/realheart.se\\\/#website\"},\"primaryImageOfPage\":{\"@id\":\"https:\\\/\\\/realheart.se\\\/sv\\\/hjalp-oss-att-vinna\\\/#primaryimage\"},\"image\":{\"@id\":\"https:\\\/\\\/realheart.se\\\/sv\\\/hjalp-oss-att-vinna\\\/#primaryimage\"},\"thumbnailUrl\":\"https:\\\/\\\/realheart.se\\\/wp-content\\\/uploads\\\/2024\\\/03\\\/2024-vinnare-rets-innovatr-2023-2-fotograf-henrik-mill-1024x1024.jpg\",\"datePublished\":\"2024-02-09T07:37:45+00:00\",\"dateModified\":\"2024-03-15T14:11:58+00:00\",\"inLanguage\":\"sv-SE\",\"potentialAction\":[{\"@type\":\"ReadAction\",\"target\":[\"https:\\\/\\\/realheart.se\\\/sv\\\/hjalp-oss-att-vinna\\\/\"]}]},{\"@type\":\"ImageObject\",\"inLanguage\":\"sv-SE\",\"@id\":\"https:\\\/\\\/realheart.se\\\/sv\\\/hjalp-oss-att-vinna\\\/#primaryimage\",\"url\":\"https:\\\/\\\/realheart.se\\\/wp-content\\\/uploads\\\/2024\\\/03\\\/2024-vinnare-rets-innovatr-2023-2-fotograf-henrik-mill-1024x1024.jpg\",\"contentUrl\":\"https:\\\/\\\/realheart.se\\\/wp-content\\\/uploads\\\/2024\\\/03\\\/2024-vinnare-rets-innovatr-2023-2-fotograf-henrik-mill-1024x1024.jpg\"},{\"@type\":\"WebSite\",\"@id\":\"https:\\\/\\\/realheart.se\\\/#website\",\"url\":\"https:\\\/\\\/realheart.se\\\/\",\"name\":\"Realheart\",\"description\":\"\u00c4r ett medicintekniskt f\u00f6retag som utvecklar ett artificiellt hj\u00e4rta som ska r\u00e4dda liv p\u00e5 sv\u00e5rt hj\u00e4rtsjuka personer som st\u00e5r i transplantationsk\u00f6.\",\"potentialAction\":[{\"@type\":\"SearchAction\",\"target\":{\"@type\":\"EntryPoint\",\"urlTemplate\":\"https:\\\/\\\/realheart.se\\\/?s={search_term_string}\"},\"query-input\":{\"@type\":\"PropertyValueSpecification\",\"valueRequired\":true,\"valueName\":\"search_term_string\"}}],\"inLanguage\":\"sv-SE\"}]}<\/script>\n<!-- \/ Yoast SEO plugin. -->","yoast_head_json":{"title":"\u00c5rets Innovat\u00f6r 2023 - Realheart","robots":{"index":"index","follow":"follow","max-snippet":"max-snippet:-1","max-image-preview":"max-image-preview:large","max-video-preview":"max-video-preview:-1"},"canonical":"https:\/\/realheart.se\/sv\/hjalp-oss-att-vinna\/","og_locale":"sv_SE","og_type":"article","og_title":"\u00c5rets Innovat\u00f6r 2023 - Realheart","og_description":"Hj\u00e4rtat sl\u00e5r f\u00f6r V\u00e4ster\u00e5s \u00c5rets Innovat\u00f6r har med beslutsamhet och t\u00e5lamod tagit sig dit de st\u00e5r idag. Med en stark innovationskraft och ett m\u00e5lmedvetet team har de uppm\u00e4rksammats internationellt och hela v\u00e4rlden \u00e4r deras marknad. Man brukar tala om att skapa historia men h\u00e4r v\u00e4xer framtid. Med folkets r\u00f6st i ryggen h\u00e5ller de f\u00f6r trycket....","og_url":"https:\/\/realheart.se\/sv\/hjalp-oss-att-vinna\/","og_site_name":"Realheart","article_modified_time":"2024-03-15T14:11:58+00:00","og_image":[{"url":"https:\/\/realheart.se\/wp-content\/uploads\/2024\/03\/2024-vinnare-rets-innovatr-2023-2-fotograf-henrik-mill-1024x1024.jpg","type":"","width":"","height":""}],"twitter_card":"summary_large_image","twitter_misc":{"Ber\u00e4knad l\u00e4stid":"2 minuter"},"schema":{"@context":"https:\/\/schema.org","@graph":[{"@type":"WebPage","@id":"https:\/\/realheart.se\/sv\/hjalp-oss-att-vinna\/","url":"https:\/\/realheart.se\/sv\/hjalp-oss-att-vinna\/","name":"\u00c5rets Innovat\u00f6r 2023 - Realheart","isPartOf":{"@id":"https:\/\/realheart.se\/#website"},"primaryImageOfPage":{"@id":"https:\/\/realheart.se\/sv\/hjalp-oss-att-vinna\/#primaryimage"},"image":{"@id":"https:\/\/realheart.se\/sv\/hjalp-oss-att-vinna\/#primaryimage"},"thumbnailUrl":"https:\/\/realheart.se\/wp-content\/uploads\/2024\/03\/2024-vinnare-rets-innovatr-2023-2-fotograf-henrik-mill-1024x1024.jpg","datePublished":"2024-02-09T07:37:45+00:00","dateModified":"2024-03-15T14:11:58+00:00","inLanguage":"sv-SE","potentialAction":[{"@type":"ReadAction","target":["https:\/\/realheart.se\/sv\/hjalp-oss-att-vinna\/"]}]},{"@type":"ImageObject","inLanguage":"sv-SE","@id":"https:\/\/realheart.se\/sv\/hjalp-oss-att-vinna\/#primaryimage","url":"https:\/\/realheart.se\/wp-content\/uploads\/2024\/03\/2024-vinnare-rets-innovatr-2023-2-fotograf-henrik-mill-1024x1024.jpg","contentUrl":"https:\/\/realheart.se\/wp-content\/uploads\/2024\/03\/2024-vinnare-rets-innovatr-2023-2-fotograf-henrik-mill-1024x1024.jpg"},{"@type":"WebSite","@id":"https:\/\/realheart.se\/#website","url":"https:\/\/realheart.se\/","name":"Realheart","description":"\u00c4r ett medicintekniskt f\u00f6retag som utvecklar ett artificiellt hj\u00e4rta som ska r\u00e4dda liv p\u00e5 sv\u00e5rt hj\u00e4rtsjuka personer som st\u00e5r i transplantationsk\u00f6.","potentialAction":[{"@type":"SearchAction","target":{"@type":"EntryPoint","urlTemplate":"https:\/\/realheart.se\/?s={search_term_string}"},"query-input":{"@type":"PropertyValueSpecification","valueRequired":true,"valueName":"search_term_string"}}],"inLanguage":"sv-SE"}]}},"_links":{"self":[{"href":"https:\/\/realheart.se\/sv\/wp-json\/wp\/v2\/pages\/6515","targetHints":{"allow":["GET"]}}],"collection":[{"href":"https:\/\/realheart.se\/sv\/wp-json\/wp\/v2\/pages"}],"about":[{"href":"https:\/\/realheart.se\/sv\/wp-json\/wp\/v2\/types\/page"}],"author":[{"embeddable":true,"href":"https:\/\/realheart.se\/sv\/wp-json\/wp\/v2\/users\/8"}],"replies":[{"embeddable":true,"href":"https:\/\/realheart.se\/sv\/wp-json\/wp\/v2\/comments?post=6515"}],"version-history":[{"count":56,"href":"https:\/\/realheart.se\/sv\/wp-json\/wp\/v2\/pages\/6515\/revisions"}],"predecessor-version":[{"id":6737,"href":"https:\/\/realheart.se\/sv\/wp-json\/wp\/v2\/pages\/6515\/revisions\/6737"}],"wp:attachment":[{"href":"https:\/\/realheart.se\/sv\/wp-json\/wp\/v2\/media?parent=6515"}],"curies":[{"name":"wp","href":"https:\/\/api.w.org\/{rel}","templated":true}]}}