




{"id":6610,"date":"2024-02-19T13:35:29","date_gmt":"2024-02-19T13:35:29","guid":{"rendered":"https:\/\/realheart.se\/?page_id=6610"},"modified":"2024-02-19T14:02:34","modified_gmt":"2024-02-19T14:02:34","slug":"agarstruktur","status":"publish","type":"page","link":"https:\/\/realheart.se\/sv\/investerare\/aktien\/agarstruktur\/","title":{"rendered":"\u00c4garstruktur"},"content":{"rendered":"\n<h2 class=\"wp-block-heading\">\u00c4garstruktur<\/h2>\n","protected":false},"excerpt":{"rendered":"<p>\u00c4garstruktur<\/p>\n","protected":false},"author":1,"featured_media":0,"parent":5978,"menu_order":0,"comment_status":"closed","ping_status":"closed","template":"page-templates\/page-owner-list.php","meta":{"_acf_changed":false,"_monsterinsights_skip_tracking":false,"_monsterinsights_sitenote_active":false,"_monsterinsights_sitenote_note":"","_monsterinsights_sitenote_category":0,"footnotes":""},"class_list":["post-6610","page","type-page","status-publish","hentry"],"acf":[],"aioseo_notices":[],"yoast_head":"<!-- This site is optimized with the Yoast SEO plugin v27.3 - https:\/\/yoast.com\/product\/yoast-seo-wordpress\/ -->\n<title>\u00c4garstruktur - Realheart<\/title>\n<meta name=\"robots\" content=\"index, follow, max-snippet:-1, max-image-preview:large, max-video-preview:-1\" \/>\n<link rel=\"canonical\" href=\"https:\/\/realheart.se\/sv\/investerare\/aktien\/agarstruktur\/\" \/>\n<meta property=\"og:locale\" content=\"sv_SE\" \/>\n<meta property=\"og:type\" content=\"article\" \/>\n<meta property=\"og:title\" content=\"\u00c4garstruktur - Realheart\" \/>\n<meta property=\"og:description\" content=\"\u00c4garstruktur\" \/>\n<meta property=\"og:url\" content=\"https:\/\/realheart.se\/sv\/investerare\/aktien\/agarstruktur\/\" \/>\n<meta property=\"og:site_name\" content=\"Realheart\" \/>\n<meta property=\"article:modified_time\" content=\"2024-02-19T14:02:34+00:00\" \/>\n<meta name=\"twitter:card\" content=\"summary_large_image\" \/>\n<meta name=\"twitter:label1\" content=\"Ber\u00e4knad l\u00e4stid\" \/>\n\t<meta name=\"twitter:data1\" content=\"1 minut\" \/>\n<script type=\"application\/ld+json\" class=\"yoast-schema-graph\">{\"@context\":\"https:\\\/\\\/schema.org\",\"@graph\":[{\"@type\":\"WebPage\",\"@id\":\"https:\\\/\\\/realheart.se\\\/sv\\\/investerare\\\/aktien\\\/agarstruktur\\\/\",\"url\":\"https:\\\/\\\/realheart.se\\\/sv\\\/investerare\\\/aktien\\\/agarstruktur\\\/\",\"name\":\"\u00c4garstruktur - Realheart\",\"isPartOf\":{\"@id\":\"https:\\\/\\\/realheart.se\\\/#website\"},\"datePublished\":\"2024-02-19T13:35:29+00:00\",\"dateModified\":\"2024-02-19T14:02:34+00:00\",\"breadcrumb\":{\"@id\":\"https:\\\/\\\/realheart.se\\\/sv\\\/investerare\\\/aktien\\\/agarstruktur\\\/#breadcrumb\"},\"inLanguage\":\"sv-SE\",\"potentialAction\":[{\"@type\":\"ReadAction\",\"target\":[\"https:\\\/\\\/realheart.se\\\/sv\\\/investerare\\\/aktien\\\/agarstruktur\\\/\"]}]},{\"@type\":\"BreadcrumbList\",\"@id\":\"https:\\\/\\\/realheart.se\\\/sv\\\/investerare\\\/aktien\\\/agarstruktur\\\/#breadcrumb\",\"itemListElement\":[{\"@type\":\"ListItem\",\"position\":1,\"name\":\"Investerare\",\"item\":\"https:\\\/\\\/realheart.se\\\/sv\\\/investerare\\\/\"},{\"@type\":\"ListItem\",\"position\":2,\"name\":\"Aktien\",\"item\":\"https:\\\/\\\/realheart.se\\\/sv\\\/investerare\\\/aktien\\\/\"},{\"@type\":\"ListItem\",\"position\":3,\"name\":\"\u00c4garstruktur\"}]},{\"@type\":\"WebSite\",\"@id\":\"https:\\\/\\\/realheart.se\\\/#website\",\"url\":\"https:\\\/\\\/realheart.se\\\/\",\"name\":\"Realheart\",\"description\":\"\u00c4r ett medicintekniskt f\u00f6retag som utvecklar ett artificiellt hj\u00e4rta som ska r\u00e4dda liv p\u00e5 sv\u00e5rt hj\u00e4rtsjuka personer som st\u00e5r i transplantationsk\u00f6.\",\"potentialAction\":[{\"@type\":\"SearchAction\",\"target\":{\"@type\":\"EntryPoint\",\"urlTemplate\":\"https:\\\/\\\/realheart.se\\\/?s={search_term_string}\"},\"query-input\":{\"@type\":\"PropertyValueSpecification\",\"valueRequired\":true,\"valueName\":\"search_term_string\"}}],\"inLanguage\":\"sv-SE\"}]}<\/script>\n<!-- \/ Yoast SEO plugin. -->","yoast_head_json":{"title":"\u00c4garstruktur - Realheart","robots":{"index":"index","follow":"follow","max-snippet":"max-snippet:-1","max-image-preview":"max-image-preview:large","max-video-preview":"max-video-preview:-1"},"canonical":"https:\/\/realheart.se\/sv\/investerare\/aktien\/agarstruktur\/","og_locale":"sv_SE","og_type":"article","og_title":"\u00c4garstruktur - Realheart","og_description":"\u00c4garstruktur","og_url":"https:\/\/realheart.se\/sv\/investerare\/aktien\/agarstruktur\/","og_site_name":"Realheart","article_modified_time":"2024-02-19T14:02:34+00:00","twitter_card":"summary_large_image","twitter_misc":{"Ber\u00e4knad l\u00e4stid":"1 minut"},"schema":{"@context":"https:\/\/schema.org","@graph":[{"@type":"WebPage","@id":"https:\/\/realheart.se\/sv\/investerare\/aktien\/agarstruktur\/","url":"https:\/\/realheart.se\/sv\/investerare\/aktien\/agarstruktur\/","name":"\u00c4garstruktur - Realheart","isPartOf":{"@id":"https:\/\/realheart.se\/#website"},"datePublished":"2024-02-19T13:35:29+00:00","dateModified":"2024-02-19T14:02:34+00:00","breadcrumb":{"@id":"https:\/\/realheart.se\/sv\/investerare\/aktien\/agarstruktur\/#breadcrumb"},"inLanguage":"sv-SE","potentialAction":[{"@type":"ReadAction","target":["https:\/\/realheart.se\/sv\/investerare\/aktien\/agarstruktur\/"]}]},{"@type":"BreadcrumbList","@id":"https:\/\/realheart.se\/sv\/investerare\/aktien\/agarstruktur\/#breadcrumb","itemListElement":[{"@type":"ListItem","position":1,"name":"Investerare","item":"https:\/\/realheart.se\/sv\/investerare\/"},{"@type":"ListItem","position":2,"name":"Aktien","item":"https:\/\/realheart.se\/sv\/investerare\/aktien\/"},{"@type":"ListItem","position":3,"name":"\u00c4garstruktur"}]},{"@type":"WebSite","@id":"https:\/\/realheart.se\/#website","url":"https:\/\/realheart.se\/","name":"Realheart","description":"\u00c4r ett medicintekniskt f\u00f6retag som utvecklar ett artificiellt hj\u00e4rta som ska r\u00e4dda liv p\u00e5 sv\u00e5rt hj\u00e4rtsjuka personer som st\u00e5r i transplantationsk\u00f6.","potentialAction":[{"@type":"SearchAction","target":{"@type":"EntryPoint","urlTemplate":"https:\/\/realheart.se\/?s={search_term_string}"},"query-input":{"@type":"PropertyValueSpecification","valueRequired":true,"valueName":"search_term_string"}}],"inLanguage":"sv-SE"}]}},"_links":{"self":[{"href":"https:\/\/realheart.se\/sv\/wp-json\/wp\/v2\/pages\/6610","targetHints":{"allow":["GET"]}}],"collection":[{"href":"https:\/\/realheart.se\/sv\/wp-json\/wp\/v2\/pages"}],"about":[{"href":"https:\/\/realheart.se\/sv\/wp-json\/wp\/v2\/types\/page"}],"author":[{"embeddable":true,"href":"https:\/\/realheart.se\/sv\/wp-json\/wp\/v2\/users\/1"}],"replies":[{"embeddable":true,"href":"https:\/\/realheart.se\/sv\/wp-json\/wp\/v2\/comments?post=6610"}],"version-history":[{"count":2,"href":"https:\/\/realheart.se\/sv\/wp-json\/wp\/v2\/pages\/6610\/revisions"}],"predecessor-version":[{"id":6636,"href":"https:\/\/realheart.se\/sv\/wp-json\/wp\/v2\/pages\/6610\/revisions\/6636"}],"up":[{"embeddable":true,"href":"https:\/\/realheart.se\/sv\/wp-json\/wp\/v2\/pages\/5978"}],"wp:attachment":[{"href":"https:\/\/realheart.se\/sv\/wp-json\/wp\/v2\/media?parent=6610"}],"curies":[{"name":"wp","href":"https:\/\/api.w.org\/{rel}","templated":true}]}}