




{"id":6933,"date":"2024-06-17T12:39:03","date_gmt":"2024-06-17T12:39:03","guid":{"rendered":"https:\/\/realheart.se\/?page_id=6933"},"modified":"2024-06-17T12:42:04","modified_gmt":"2024-06-17T12:42:04","slug":"bolagsbeskrivning","status":"publish","type":"page","link":"https:\/\/realheart.se\/sv\/investerare\/agarinformation\/bolagsbeskrivning\/","title":{"rendered":"Bolagsbeskrivning (Nasdaq 2021)"},"content":{"rendered":"\n<p><a href=\"https:\/\/realheart.se\/wp-content\/uploads\/2024\/06\/real-heart-bolagsbeskrivning-2021-v32.pdf\" target=\"_blank\" rel=\"noreferrer noopener\">Bolagsbeskrivning (Nasdaq 2021)<\/a><\/p>\n","protected":false},"excerpt":{"rendered":"<p>Bolagsbeskrivning (Nasdaq 2021)<\/p>\n","protected":false},"author":1,"featured_media":0,"parent":38,"menu_order":0,"comment_status":"closed","ping_status":"closed","template":"","meta":{"_acf_changed":false,"_monsterinsights_skip_tracking":false,"_monsterinsights_sitenote_active":false,"_monsterinsights_sitenote_note":"","_monsterinsights_sitenote_category":0,"footnotes":""},"class_list":["post-6933","page","type-page","status-publish","hentry"],"acf":[],"aioseo_notices":[],"yoast_head":"<!-- This site is optimized with the Yoast SEO plugin v27.3 - https:\/\/yoast.com\/product\/yoast-seo-wordpress\/ -->\n<title>Bolagsbeskrivning (Nasdaq 2021) - Realheart<\/title>\n<meta name=\"robots\" content=\"index, follow, max-snippet:-1, max-image-preview:large, max-video-preview:-1\" \/>\n<link rel=\"canonical\" href=\"https:\/\/realheart.se\/sv\/investerare\/agarinformation\/bolagsbeskrivning\/\" \/>\n<meta property=\"og:locale\" content=\"sv_SE\" \/>\n<meta property=\"og:type\" content=\"article\" \/>\n<meta property=\"og:title\" content=\"Bolagsbeskrivning (Nasdaq 2021) - Realheart\" \/>\n<meta property=\"og:description\" content=\"Bolagsbeskrivning (Nasdaq 2021)\" \/>\n<meta property=\"og:url\" content=\"https:\/\/realheart.se\/sv\/investerare\/agarinformation\/bolagsbeskrivning\/\" \/>\n<meta property=\"og:site_name\" content=\"Realheart\" \/>\n<meta property=\"article:modified_time\" content=\"2024-06-17T12:42:04+00:00\" \/>\n<meta name=\"twitter:card\" content=\"summary_large_image\" \/>\n<meta name=\"twitter:label1\" content=\"Ber\u00e4knad l\u00e4stid\" \/>\n\t<meta name=\"twitter:data1\" content=\"1 minut\" \/>\n<script type=\"application\/ld+json\" class=\"yoast-schema-graph\">{\"@context\":\"https:\\\/\\\/schema.org\",\"@graph\":[{\"@type\":\"WebPage\",\"@id\":\"https:\\\/\\\/realheart.se\\\/sv\\\/investerare\\\/agarinformation\\\/bolagsbeskrivning\\\/\",\"url\":\"https:\\\/\\\/realheart.se\\\/sv\\\/investerare\\\/agarinformation\\\/bolagsbeskrivning\\\/\",\"name\":\"Bolagsbeskrivning (Nasdaq 2021) - Realheart\",\"isPartOf\":{\"@id\":\"https:\\\/\\\/realheart.se\\\/#website\"},\"datePublished\":\"2024-06-17T12:39:03+00:00\",\"dateModified\":\"2024-06-17T12:42:04+00:00\",\"breadcrumb\":{\"@id\":\"https:\\\/\\\/realheart.se\\\/sv\\\/investerare\\\/agarinformation\\\/bolagsbeskrivning\\\/#breadcrumb\"},\"inLanguage\":\"sv-SE\",\"potentialAction\":[{\"@type\":\"ReadAction\",\"target\":[\"https:\\\/\\\/realheart.se\\\/sv\\\/investerare\\\/agarinformation\\\/bolagsbeskrivning\\\/\"]}]},{\"@type\":\"BreadcrumbList\",\"@id\":\"https:\\\/\\\/realheart.se\\\/sv\\\/investerare\\\/agarinformation\\\/bolagsbeskrivning\\\/#breadcrumb\",\"itemListElement\":[{\"@type\":\"ListItem\",\"position\":1,\"name\":\"Investerare\",\"item\":\"https:\\\/\\\/realheart.se\\\/sv\\\/investerare\\\/\"},{\"@type\":\"ListItem\",\"position\":2,\"name\":\"Bolagsstyrning\",\"item\":\"https:\\\/\\\/realheart.se\\\/sv\\\/investerare\\\/agarinformation\\\/\"},{\"@type\":\"ListItem\",\"position\":3,\"name\":\"Bolagsbeskrivning (Nasdaq 2021)\"}]},{\"@type\":\"WebSite\",\"@id\":\"https:\\\/\\\/realheart.se\\\/#website\",\"url\":\"https:\\\/\\\/realheart.se\\\/\",\"name\":\"Realheart\",\"description\":\"\u00c4r ett medicintekniskt f\u00f6retag som utvecklar ett artificiellt hj\u00e4rta som ska r\u00e4dda liv p\u00e5 sv\u00e5rt hj\u00e4rtsjuka personer som st\u00e5r i transplantationsk\u00f6.\",\"potentialAction\":[{\"@type\":\"SearchAction\",\"target\":{\"@type\":\"EntryPoint\",\"urlTemplate\":\"https:\\\/\\\/realheart.se\\\/?s={search_term_string}\"},\"query-input\":{\"@type\":\"PropertyValueSpecification\",\"valueRequired\":true,\"valueName\":\"search_term_string\"}}],\"inLanguage\":\"sv-SE\"}]}<\/script>\n<!-- \/ Yoast SEO plugin. -->","yoast_head_json":{"title":"Bolagsbeskrivning (Nasdaq 2021) - Realheart","robots":{"index":"index","follow":"follow","max-snippet":"max-snippet:-1","max-image-preview":"max-image-preview:large","max-video-preview":"max-video-preview:-1"},"canonical":"https:\/\/realheart.se\/sv\/investerare\/agarinformation\/bolagsbeskrivning\/","og_locale":"sv_SE","og_type":"article","og_title":"Bolagsbeskrivning (Nasdaq 2021) - Realheart","og_description":"Bolagsbeskrivning (Nasdaq 2021)","og_url":"https:\/\/realheart.se\/sv\/investerare\/agarinformation\/bolagsbeskrivning\/","og_site_name":"Realheart","article_modified_time":"2024-06-17T12:42:04+00:00","twitter_card":"summary_large_image","twitter_misc":{"Ber\u00e4knad l\u00e4stid":"1 minut"},"schema":{"@context":"https:\/\/schema.org","@graph":[{"@type":"WebPage","@id":"https:\/\/realheart.se\/sv\/investerare\/agarinformation\/bolagsbeskrivning\/","url":"https:\/\/realheart.se\/sv\/investerare\/agarinformation\/bolagsbeskrivning\/","name":"Bolagsbeskrivning (Nasdaq 2021) - Realheart","isPartOf":{"@id":"https:\/\/realheart.se\/#website"},"datePublished":"2024-06-17T12:39:03+00:00","dateModified":"2024-06-17T12:42:04+00:00","breadcrumb":{"@id":"https:\/\/realheart.se\/sv\/investerare\/agarinformation\/bolagsbeskrivning\/#breadcrumb"},"inLanguage":"sv-SE","potentialAction":[{"@type":"ReadAction","target":["https:\/\/realheart.se\/sv\/investerare\/agarinformation\/bolagsbeskrivning\/"]}]},{"@type":"BreadcrumbList","@id":"https:\/\/realheart.se\/sv\/investerare\/agarinformation\/bolagsbeskrivning\/#breadcrumb","itemListElement":[{"@type":"ListItem","position":1,"name":"Investerare","item":"https:\/\/realheart.se\/sv\/investerare\/"},{"@type":"ListItem","position":2,"name":"Bolagsstyrning","item":"https:\/\/realheart.se\/sv\/investerare\/agarinformation\/"},{"@type":"ListItem","position":3,"name":"Bolagsbeskrivning (Nasdaq 2021)"}]},{"@type":"WebSite","@id":"https:\/\/realheart.se\/#website","url":"https:\/\/realheart.se\/","name":"Realheart","description":"\u00c4r ett medicintekniskt f\u00f6retag som utvecklar ett artificiellt hj\u00e4rta som ska r\u00e4dda liv p\u00e5 sv\u00e5rt hj\u00e4rtsjuka personer som st\u00e5r i transplantationsk\u00f6.","potentialAction":[{"@type":"SearchAction","target":{"@type":"EntryPoint","urlTemplate":"https:\/\/realheart.se\/?s={search_term_string}"},"query-input":{"@type":"PropertyValueSpecification","valueRequired":true,"valueName":"search_term_string"}}],"inLanguage":"sv-SE"}]}},"_links":{"self":[{"href":"https:\/\/realheart.se\/sv\/wp-json\/wp\/v2\/pages\/6933","targetHints":{"allow":["GET"]}}],"collection":[{"href":"https:\/\/realheart.se\/sv\/wp-json\/wp\/v2\/pages"}],"about":[{"href":"https:\/\/realheart.se\/sv\/wp-json\/wp\/v2\/types\/page"}],"author":[{"embeddable":true,"href":"https:\/\/realheart.se\/sv\/wp-json\/wp\/v2\/users\/1"}],"replies":[{"embeddable":true,"href":"https:\/\/realheart.se\/sv\/wp-json\/wp\/v2\/comments?post=6933"}],"version-history":[{"count":3,"href":"https:\/\/realheart.se\/sv\/wp-json\/wp\/v2\/pages\/6933\/revisions"}],"predecessor-version":[{"id":6940,"href":"https:\/\/realheart.se\/sv\/wp-json\/wp\/v2\/pages\/6933\/revisions\/6940"}],"up":[{"embeddable":true,"href":"https:\/\/realheart.se\/sv\/wp-json\/wp\/v2\/pages\/38"}],"wp:attachment":[{"href":"https:\/\/realheart.se\/sv\/wp-json\/wp\/v2\/media?parent=6933"}],"curies":[{"name":"wp","href":"https:\/\/api.w.org\/{rel}","templated":true}]}}