




{"id":7089,"date":"2024-09-27T10:49:37","date_gmt":"2024-09-27T10:49:37","guid":{"rendered":"https:\/\/realheart.se\/?page_id=7089"},"modified":"2024-09-27T10:53:39","modified_gmt":"2024-09-27T10:53:39","slug":"faq-sammanlaggning-av-aktier","status":"publish","type":"page","link":"https:\/\/realheart.se\/sv\/faq-sammanlaggning-av-aktier\/","title":{"rendered":"FAQ sammanl\u00e4ggning av aktier"},"content":{"rendered":"\n<h2 class=\"wp-block-heading\"><\/h2>\n\n\n\n<h2 class=\"wp-block-heading\"><strong>Varf\u00f6r f\u00f6resl\u00e5r styrelsen en sammanl\u00e4ggning av aktier?<\/strong><\/h2>\n\n\n\n<p>Eftersom finansieringsmodellen f\u00f6r framv\u00e4xande life science-bolag till stor del bygger p\u00e5 \u00e5terkommande aktieemissioner blir antalet aktier \u00f6ver tid ofta stort och priset per aktie kan d\u00e5 bli s\u00e5 l\u00e5gt att det p\u00e5verkar aktiehandeln negativt. Dels blir de procentuella dagliga fluktuationerna ofta h\u00f6ga och dels riskerar bolaget en negativ st\u00e4mpel f\u00f6rknippad med \u201dfrim\u00e4rksaktier\u201d eller \u201dpennystocks\u201d. Styrelsens bed\u00f6mning, som delas av dess finansiella r\u00e5dgivare, \u00e4r att en sammanl\u00e4ggning skulle vara till f\u00f6rdel f\u00f6r bolaget.<\/p>\n\n\n\n<h2 class=\"wp-block-heading\"><strong>P\u00e5verkas v\u00e4rdet p\u00e5 mitt innehav?<\/strong><\/h2>\n\n\n\n<p>Det faktiska v\u00e4rdet av en enskild aktie\u00e4gares innehav p\u00e5verkas inte av sammanl\u00e4ggningen.<\/p>\n\n\n\n<h2 class=\"wp-block-heading\"><strong>Vad inneb\u00e4r en sammanl\u00e4ggning av aktier?<\/strong><\/h2>\n\n\n\n<p>En sammanl\u00e4ggning av aktier inneb\u00e4r att bolagets aktier l\u00e4ggs samman, och att det totala antalet aktier i bolaget minskas. Utbytesrelationen i den sammanl\u00e4ggning av aktier som f\u00f6resl\u00e5s i Scandinavian Real Heart&nbsp;AB \u00e4r 1:100. F\u00f6r varje hundra (100) aktier du innehar i bolaget innan sammanl\u00e4ggningen kommer du efter sammanl\u00e4ggningen att inneha en (1) aktie i bolaget.<\/p>\n\n\n\n<h2 class=\"wp-block-heading\"><strong>Vad h\u00e4nder om mitt innehav inte \u00e4r j\u00e4mt delbart med 100?<\/strong><\/h2>\n\n\n\n<p>Om ditt aktieinnehav inte \u00e4r j\u00e4mnt delbart med hundra (100) kommer ditt aktieinnehav att avrundas upp\u00e5t, vilket inneb\u00e4r att du utan kostnad kommer att f\u00e5 s\u00e5 m\u00e5nga aktier fr\u00e5n Najar Medical and Invention AB att ditt innehav, efter till\u00e4gg av de kostnadsfria aktierna, blir j\u00e4mnt delbart med hundra (100).<\/p>\n\n\n\n<h2 class=\"wp-block-heading\"><strong>Beh\u00f6ver jag g\u00f6ra n\u00e5got f\u00f6r att mina aktier ska sammanl\u00e4ggas?<\/strong><\/h2>\n\n\n\n<p>Nej, du beh\u00f6ver inte g\u00f6ra n\u00e5gonting.<\/p>\n\n\n\n<h2 class=\"wp-block-heading\"><strong>N\u00e4r kommer sammanl\u00e4ggningen att genomf\u00f6ras?<\/strong><\/h2>\n\n\n\n<p>F\u00f6rutsatt att st\u00e4mman beslutar om den f\u00f6reslagna sammanl\u00e4ggningen bemyndigas styrelsen att fastst\u00e4lla avst\u00e4mningsdag f\u00f6r sammanl\u00e4ggningen. Mer information om avst\u00e4mningsdag kommer att kommuniceras genom pressmeddelande p\u00e5 bolagets hemsida, <a href=\"http:\/\/www.realheart.se\">www.realheart.se<\/a>. S\u00e5dant pressmeddelande kommer att publiceras n\u00e4r styrelsen har fastst\u00e4llt avst\u00e4mningsdag f\u00f6r sammanl\u00e4ggningen.<\/p>\n\n\n\n<h2 class=\"wp-block-heading\"><strong>Hur anm\u00e4ler jag mig till st\u00e4mman?<\/strong><\/h2>\n\n\n\n<p>F\u00f6r att delta vid st\u00e4mman m\u00e5ste du vara inf\u00f6rd i aktieboken senast m\u00e5ndagen den 28 oktober 2024 och ha anm\u00e4lt dig till st\u00e4mman senast onsdagen den 30 oktober 2024. Anm\u00e4lan till st\u00e4mman ska ske per post till Setterwalls Advokatbyr\u00e5 AB, att: Anna af Petersens, Box 1050, 101 39 Stockholm eller per e-post till anna.afpetersens@setterwalls.se. I anm\u00e4lan ska uppges fullst\u00e4ndigt namn, person- eller organisationsnummer, aktieinnehav, adress, telefonnummer dagtid samt, i f\u00f6rekommande fall, uppgift om st\u00e4llf\u00f6retr\u00e4dare eller bitr\u00e4den (h\u00f6gst tv\u00e5).<\/p>\n\n\n\n<h2 class=\"wp-block-heading\"><strong>Hur p\u00e5verkas mina teckningsoptioner i bolaget?<\/strong><\/h2>\n\n\n\n<p>Efter sammanl\u00e4ggningen kommer varje hundra (100) innehavda teckningsoptioner att ge r\u00e4tt till teckning av en (1) ny aktie i bolaget till en teckningskurs som motsvarar hundra (100) g\u00e5nger den teckningskurs som fastst\u00e4lldes innan sammanl\u00e4ggningen.<\/p>\n","protected":false},"excerpt":{"rendered":"<p>Varf\u00f6r f\u00f6resl\u00e5r styrelsen en sammanl\u00e4ggning av aktier? Eftersom finansieringsmodellen f\u00f6r framv\u00e4xande life science-bolag till stor del bygger p\u00e5 \u00e5terkommande aktieemissioner blir antalet aktier \u00f6ver tid ofta stort och priset per aktie kan d\u00e5 bli s\u00e5 l\u00e5gt att det p\u00e5verkar aktiehandeln negativt. Dels blir de procentuella dagliga fluktuationerna ofta h\u00f6ga och dels riskerar bolaget en negativ&#8230;<\/p>\n","protected":false},"author":8,"featured_media":0,"parent":0,"menu_order":0,"comment_status":"closed","ping_status":"closed","template":"","meta":{"_acf_changed":false,"_monsterinsights_skip_tracking":false,"_monsterinsights_sitenote_active":false,"_monsterinsights_sitenote_note":"","_monsterinsights_sitenote_category":0,"footnotes":""},"class_list":["post-7089","page","type-page","status-publish","hentry"],"acf":[],"aioseo_notices":[],"yoast_head":"<!-- This site is optimized with the Yoast SEO plugin v27.3 - https:\/\/yoast.com\/product\/yoast-seo-wordpress\/ -->\n<title>FAQ sammanl\u00e4ggning av aktier - Realheart<\/title>\n<meta name=\"robots\" content=\"index, follow, max-snippet:-1, max-image-preview:large, max-video-preview:-1\" \/>\n<link rel=\"canonical\" href=\"https:\/\/realheart.se\/sv\/faq-sammanlaggning-av-aktier\/\" \/>\n<meta property=\"og:locale\" content=\"sv_SE\" \/>\n<meta property=\"og:type\" content=\"article\" \/>\n<meta property=\"og:title\" content=\"FAQ sammanl\u00e4ggning av aktier - Realheart\" \/>\n<meta property=\"og:description\" content=\"Varf\u00f6r f\u00f6resl\u00e5r styrelsen en sammanl\u00e4ggning av aktier? Eftersom finansieringsmodellen f\u00f6r framv\u00e4xande life science-bolag till stor del bygger p\u00e5 \u00e5terkommande aktieemissioner blir antalet aktier \u00f6ver tid ofta stort och priset per aktie kan d\u00e5 bli s\u00e5 l\u00e5gt att det p\u00e5verkar aktiehandeln negativt. Dels blir de procentuella dagliga fluktuationerna ofta h\u00f6ga och dels riskerar bolaget en negativ...\" \/>\n<meta property=\"og:url\" content=\"https:\/\/realheart.se\/sv\/faq-sammanlaggning-av-aktier\/\" \/>\n<meta property=\"og:site_name\" content=\"Realheart\" \/>\n<meta property=\"article:modified_time\" content=\"2024-09-27T10:53:39+00:00\" \/>\n<meta name=\"twitter:card\" content=\"summary_large_image\" \/>\n<meta name=\"twitter:label1\" content=\"Ber\u00e4knad l\u00e4stid\" \/>\n\t<meta name=\"twitter:data1\" content=\"2 minuter\" \/>\n<script type=\"application\/ld+json\" class=\"yoast-schema-graph\">{\"@context\":\"https:\\\/\\\/schema.org\",\"@graph\":[{\"@type\":\"WebPage\",\"@id\":\"https:\\\/\\\/realheart.se\\\/sv\\\/faq-sammanlaggning-av-aktier\\\/\",\"url\":\"https:\\\/\\\/realheart.se\\\/sv\\\/faq-sammanlaggning-av-aktier\\\/\",\"name\":\"FAQ sammanl\u00e4ggning av aktier - Realheart\",\"isPartOf\":{\"@id\":\"https:\\\/\\\/realheart.se\\\/#website\"},\"datePublished\":\"2024-09-27T10:49:37+00:00\",\"dateModified\":\"2024-09-27T10:53:39+00:00\",\"inLanguage\":\"sv-SE\",\"potentialAction\":[{\"@type\":\"ReadAction\",\"target\":[\"https:\\\/\\\/realheart.se\\\/sv\\\/faq-sammanlaggning-av-aktier\\\/\"]}]},{\"@type\":\"WebSite\",\"@id\":\"https:\\\/\\\/realheart.se\\\/#website\",\"url\":\"https:\\\/\\\/realheart.se\\\/\",\"name\":\"Realheart\",\"description\":\"\u00c4r ett medicintekniskt f\u00f6retag som utvecklar ett artificiellt hj\u00e4rta som ska r\u00e4dda liv p\u00e5 sv\u00e5rt hj\u00e4rtsjuka personer som st\u00e5r i transplantationsk\u00f6.\",\"potentialAction\":[{\"@type\":\"SearchAction\",\"target\":{\"@type\":\"EntryPoint\",\"urlTemplate\":\"https:\\\/\\\/realheart.se\\\/?s={search_term_string}\"},\"query-input\":{\"@type\":\"PropertyValueSpecification\",\"valueRequired\":true,\"valueName\":\"search_term_string\"}}],\"inLanguage\":\"sv-SE\"}]}<\/script>\n<!-- \/ Yoast SEO plugin. -->","yoast_head_json":{"title":"FAQ sammanl\u00e4ggning av aktier - Realheart","robots":{"index":"index","follow":"follow","max-snippet":"max-snippet:-1","max-image-preview":"max-image-preview:large","max-video-preview":"max-video-preview:-1"},"canonical":"https:\/\/realheart.se\/sv\/faq-sammanlaggning-av-aktier\/","og_locale":"sv_SE","og_type":"article","og_title":"FAQ sammanl\u00e4ggning av aktier - Realheart","og_description":"Varf\u00f6r f\u00f6resl\u00e5r styrelsen en sammanl\u00e4ggning av aktier? Eftersom finansieringsmodellen f\u00f6r framv\u00e4xande life science-bolag till stor del bygger p\u00e5 \u00e5terkommande aktieemissioner blir antalet aktier \u00f6ver tid ofta stort och priset per aktie kan d\u00e5 bli s\u00e5 l\u00e5gt att det p\u00e5verkar aktiehandeln negativt. Dels blir de procentuella dagliga fluktuationerna ofta h\u00f6ga och dels riskerar bolaget en negativ...","og_url":"https:\/\/realheart.se\/sv\/faq-sammanlaggning-av-aktier\/","og_site_name":"Realheart","article_modified_time":"2024-09-27T10:53:39+00:00","twitter_card":"summary_large_image","twitter_misc":{"Ber\u00e4knad l\u00e4stid":"2 minuter"},"schema":{"@context":"https:\/\/schema.org","@graph":[{"@type":"WebPage","@id":"https:\/\/realheart.se\/sv\/faq-sammanlaggning-av-aktier\/","url":"https:\/\/realheart.se\/sv\/faq-sammanlaggning-av-aktier\/","name":"FAQ sammanl\u00e4ggning av aktier - Realheart","isPartOf":{"@id":"https:\/\/realheart.se\/#website"},"datePublished":"2024-09-27T10:49:37+00:00","dateModified":"2024-09-27T10:53:39+00:00","inLanguage":"sv-SE","potentialAction":[{"@type":"ReadAction","target":["https:\/\/realheart.se\/sv\/faq-sammanlaggning-av-aktier\/"]}]},{"@type":"WebSite","@id":"https:\/\/realheart.se\/#website","url":"https:\/\/realheart.se\/","name":"Realheart","description":"\u00c4r ett medicintekniskt f\u00f6retag som utvecklar ett artificiellt hj\u00e4rta som ska r\u00e4dda liv p\u00e5 sv\u00e5rt hj\u00e4rtsjuka personer som st\u00e5r i transplantationsk\u00f6.","potentialAction":[{"@type":"SearchAction","target":{"@type":"EntryPoint","urlTemplate":"https:\/\/realheart.se\/?s={search_term_string}"},"query-input":{"@type":"PropertyValueSpecification","valueRequired":true,"valueName":"search_term_string"}}],"inLanguage":"sv-SE"}]}},"_links":{"self":[{"href":"https:\/\/realheart.se\/sv\/wp-json\/wp\/v2\/pages\/7089","targetHints":{"allow":["GET"]}}],"collection":[{"href":"https:\/\/realheart.se\/sv\/wp-json\/wp\/v2\/pages"}],"about":[{"href":"https:\/\/realheart.se\/sv\/wp-json\/wp\/v2\/types\/page"}],"author":[{"embeddable":true,"href":"https:\/\/realheart.se\/sv\/wp-json\/wp\/v2\/users\/8"}],"replies":[{"embeddable":true,"href":"https:\/\/realheart.se\/sv\/wp-json\/wp\/v2\/comments?post=7089"}],"version-history":[{"count":2,"href":"https:\/\/realheart.se\/sv\/wp-json\/wp\/v2\/pages\/7089\/revisions"}],"predecessor-version":[{"id":7093,"href":"https:\/\/realheart.se\/sv\/wp-json\/wp\/v2\/pages\/7089\/revisions\/7093"}],"wp:attachment":[{"href":"https:\/\/realheart.se\/sv\/wp-json\/wp\/v2\/media?parent=7089"}],"curies":[{"name":"wp","href":"https:\/\/api.w.org\/{rel}","templated":true}]}}